{"id":899,"date":"2018-02-23T17:01:39","date_gmt":"2018-02-23T17:01:39","guid":{"rendered":"http:\/\/joibyssusmidur.com\/?page_id=899"},"modified":"2019-09-24T16:08:15","modified_gmt":"2019-09-24T16:08:15","slug":"notadar-skotveidivorur","status":"publish","type":"page","link":"https:\/\/www.joibyssusmidur.com\/index.php\/ymsar-vorur\/notadar-skotveidivorur\/","title":{"rendered":"Nota\u00f0ar skotvei\u00f0iv\u00f6rur"},"content":{"rendered":"<div id=\"attachment_989\" style=\"width: 410px\" class=\"wp-caption alignnone\"><img loading=\"lazy\" decoding=\"async\" aria-describedby=\"caption-attachment-989\" class=\"wp-image-989 size-full\" src=\"https:\/\/www.joibyssusmidur.com\/wp-content\/uploads\/2018\/02\/IMG_0196483.jpg\" alt=\"\" width=\"400\" height=\"318\" srcset=\"https:\/\/www.joibyssusmidur.com\/wp-content\/uploads\/2018\/02\/IMG_0196483.jpg 400w, https:\/\/www.joibyssusmidur.com\/wp-content\/uploads\/2018\/02\/IMG_0196483-300x239.jpg 300w, https:\/\/www.joibyssusmidur.com\/wp-content\/uploads\/2018\/02\/IMG_0196483-377x300.jpg 377w\" sizes=\"auto, (max-width: 400px) 100vw, 400px\" \/><p id=\"caption-attachment-989\" class=\"wp-caption-text\">RCBS 10-10 sk\u00e1lavog. Ver\u00f0 15.000 kr<\/p><\/div>\n<div id=\"attachment_990\" style=\"width: 410px\" class=\"wp-caption alignnone\"><img loading=\"lazy\" decoding=\"async\" aria-describedby=\"caption-attachment-990\" class=\"wp-image-990 size-full\" src=\"https:\/\/www.joibyssusmidur.com\/wp-content\/uploads\/2018\/02\/IMG_0197484.jpg\" alt=\"\" width=\"400\" height=\"239\" srcset=\"https:\/\/www.joibyssusmidur.com\/wp-content\/uploads\/2018\/02\/IMG_0197484.jpg 400w, https:\/\/www.joibyssusmidur.com\/wp-content\/uploads\/2018\/02\/IMG_0197484-300x179.jpg 300w\" sizes=\"auto, (max-width: 400px) 100vw, 400px\" \/><p id=\"caption-attachment-990\" class=\"wp-caption-text\">Lee handhle\u00f0sludiar cal. .243. Ver\u00f0 5.000kr<\/p><\/div>\n<div id=\"attachment_991\" style=\"width: 410px\" class=\"wp-caption alignnone\"><img loading=\"lazy\" decoding=\"async\" aria-describedby=\"caption-attachment-991\" class=\"wp-image-991 size-full\" src=\"https:\/\/www.joibyssusmidur.com\/wp-content\/uploads\/2018\/02\/IMG_0198485.jpg\" alt=\"\" width=\"400\" height=\"230\" srcset=\"https:\/\/www.joibyssusmidur.com\/wp-content\/uploads\/2018\/02\/IMG_0198485.jpg 400w, https:\/\/www.joibyssusmidur.com\/wp-content\/uploads\/2018\/02\/IMG_0198485-300x173.jpg 300w\" sizes=\"auto, (max-width: 400px) 100vw, 400px\" \/><p id=\"caption-attachment-991\" class=\"wp-caption-text\">Lee handhle\u00f0sludiar cal . .303 Ver\u00f0 5.000kr<\/p><\/div>\n<div id=\"attachment_992\" style=\"width: 410px\" class=\"wp-caption alignnone\"><img loading=\"lazy\" decoding=\"async\" aria-describedby=\"caption-attachment-992\" class=\"wp-image-992 size-full\" src=\"https:\/\/www.joibyssusmidur.com\/wp-content\/uploads\/2018\/02\/IMG_0199486.jpg\" alt=\"\" width=\"400\" height=\"207\" srcset=\"https:\/\/www.joibyssusmidur.com\/wp-content\/uploads\/2018\/02\/IMG_0199486.jpg 400w, https:\/\/www.joibyssusmidur.com\/wp-content\/uploads\/2018\/02\/IMG_0199486-300x155.jpg 300w\" sizes=\"auto, (max-width: 400px) 100vw, 400px\" \/><p id=\"caption-attachment-992\" class=\"wp-caption-text\">Lee handhle\u00f0sludiar cal. .243. Ver\u00f0 7.000 kr<\/p><\/div>\n<div id=\"attachment_993\" style=\"width: 410px\" class=\"wp-caption alignnone\"><img loading=\"lazy\" decoding=\"async\" aria-describedby=\"caption-attachment-993\" class=\"wp-image-993 size-full\" src=\"https:\/\/www.joibyssusmidur.com\/wp-content\/uploads\/2018\/02\/IMG_0201487.jpg\" alt=\"\" width=\"400\" height=\"222\" srcset=\"https:\/\/www.joibyssusmidur.com\/wp-content\/uploads\/2018\/02\/IMG_0201487.jpg 400w, https:\/\/www.joibyssusmidur.com\/wp-content\/uploads\/2018\/02\/IMG_0201487-300x167.jpg 300w\" sizes=\"auto, (max-width: 400px) 100vw, 400px\" \/><p id=\"caption-attachment-993\" class=\"wp-caption-text\">Lee handhle\u00f0sludiar cal .223. Ver\u00f0 5.000kr<\/p><\/div>\n<div id=\"attachment_994\" style=\"width: 410px\" class=\"wp-caption alignnone\"><img loading=\"lazy\" decoding=\"async\" aria-describedby=\"caption-attachment-994\" class=\"wp-image-994 size-full\" src=\"https:\/\/www.joibyssusmidur.com\/wp-content\/uploads\/2018\/02\/IMG_0202488.jpg\" alt=\"\" width=\"400\" height=\"405\" srcset=\"https:\/\/www.joibyssusmidur.com\/wp-content\/uploads\/2018\/02\/IMG_0202488.jpg 400w, https:\/\/www.joibyssusmidur.com\/wp-content\/uploads\/2018\/02\/IMG_0202488-296x300.jpg 296w\" sizes=\"auto, (max-width: 400px) 100vw, 400px\" \/><p id=\"caption-attachment-994\" class=\"wp-caption-text\">Wilson FL dia cal .308. Ver\u00f0 3.000kr<\/p><\/div>\n<div id=\"attachment_995\" style=\"width: 410px\" class=\"wp-caption alignnone\"><img loading=\"lazy\" decoding=\"async\" aria-describedby=\"caption-attachment-995\" class=\"wp-image-995 size-full\" src=\"https:\/\/www.joibyssusmidur.com\/wp-content\/uploads\/2018\/02\/IMG_0203489.jpg\" alt=\"\" width=\"400\" height=\"389\" srcset=\"https:\/\/www.joibyssusmidur.com\/wp-content\/uploads\/2018\/02\/IMG_0203489.jpg 400w, https:\/\/www.joibyssusmidur.com\/wp-content\/uploads\/2018\/02\/IMG_0203489-300x292.jpg 300w, https:\/\/www.joibyssusmidur.com\/wp-content\/uploads\/2018\/02\/IMG_0203489-308x300.jpg 308w\" sizes=\"auto, (max-width: 400px) 100vw, 400px\" \/><p id=\"caption-attachment-995\" class=\"wp-caption-text\">Redding FL dias cal. 30-40. Ver\u00f0 5.000kr<\/p><\/div>\n<div id=\"attachment_996\" style=\"width: 410px\" class=\"wp-caption alignnone\"><img loading=\"lazy\" decoding=\"async\" aria-describedby=\"caption-attachment-996\" class=\"wp-image-996 size-full\" src=\"https:\/\/www.joibyssusmidur.com\/wp-content\/uploads\/2018\/02\/IMG_0204490.jpg\" alt=\"\" width=\"400\" height=\"417\" srcset=\"https:\/\/www.joibyssusmidur.com\/wp-content\/uploads\/2018\/02\/IMG_0204490.jpg 400w, https:\/\/www.joibyssusmidur.com\/wp-content\/uploads\/2018\/02\/IMG_0204490-288x300.jpg 288w\" sizes=\"auto, (max-width: 400px) 100vw, 400px\" \/><p id=\"caption-attachment-996\" class=\"wp-caption-text\">Redding Fl dias cal. .30-30. Ver\u00f0 5.000kr<\/p><\/div>\n<div id=\"attachment_997\" style=\"width: 410px\" class=\"wp-caption alignnone\"><img loading=\"lazy\" decoding=\"async\" aria-describedby=\"caption-attachment-997\" class=\"wp-image-997 size-full\" src=\"https:\/\/www.joibyssusmidur.com\/wp-content\/uploads\/2018\/02\/IMG_0205491.jpg\" alt=\"\" width=\"400\" height=\"411\" srcset=\"https:\/\/www.joibyssusmidur.com\/wp-content\/uploads\/2018\/02\/IMG_0205491.jpg 400w, https:\/\/www.joibyssusmidur.com\/wp-content\/uploads\/2018\/02\/IMG_0205491-292x300.jpg 292w\" sizes=\"auto, (max-width: 400px) 100vw, 400px\" \/><p id=\"caption-attachment-997\" class=\"wp-caption-text\">Hornady dias cal 10 mm S&amp;W. Ver\u00f0 6.000kr<\/p><\/div>\n<div id=\"attachment_999\" style=\"width: 410px\" class=\"wp-caption alignnone\"><img loading=\"lazy\" decoding=\"async\" aria-describedby=\"caption-attachment-999\" class=\"wp-image-999 size-full\" src=\"https:\/\/www.joibyssusmidur.com\/wp-content\/uploads\/2018\/02\/IMG_0208493.jpg\" alt=\"\" width=\"400\" height=\"424\" srcset=\"https:\/\/www.joibyssusmidur.com\/wp-content\/uploads\/2018\/02\/IMG_0208493.jpg 400w, https:\/\/www.joibyssusmidur.com\/wp-content\/uploads\/2018\/02\/IMG_0208493-283x300.jpg 283w\" sizes=\"auto, (max-width: 400px) 100vw, 400px\" \/><p id=\"caption-attachment-999\" class=\"wp-caption-text\">Hornady dias cal 7&#215;57. Ver\u00f0 5.000kr<\/p><\/div>\n<div id=\"attachment_1001\" style=\"width: 410px\" class=\"wp-caption alignnone\"><img loading=\"lazy\" decoding=\"async\" aria-describedby=\"caption-attachment-1001\" class=\"wp-image-1001 size-full\" src=\"https:\/\/www.joibyssusmidur.com\/wp-content\/uploads\/2018\/02\/IMG_0210495.jpg\" alt=\"\" width=\"400\" height=\"393\" srcset=\"https:\/\/www.joibyssusmidur.com\/wp-content\/uploads\/2018\/02\/IMG_0210495.jpg 400w, https:\/\/www.joibyssusmidur.com\/wp-content\/uploads\/2018\/02\/IMG_0210495-300x295.jpg 300w, https:\/\/www.joibyssusmidur.com\/wp-content\/uploads\/2018\/02\/IMG_0210495-305x300.jpg 305w\" sizes=\"auto, (max-width: 400px) 100vw, 400px\" \/><p id=\"caption-attachment-1001\" class=\"wp-caption-text\">Hornady dias cal. 30-30. Ver\u00f0 5.000kr<\/p><\/div>\n<p>&nbsp;<\/p>\n","protected":false},"excerpt":{"rendered":"<p>&nbsp; &hellip; <a class=\"more-link\" href=\"https:\/\/www.joibyssusmidur.com\/index.php\/ymsar-vorur\/notadar-skotveidivorur\/\">Continue reading <span class=\"meta-nav\">&rarr;<\/span><\/a><\/p>\n","protected":false},"author":5,"featured_media":0,"parent":22,"menu_order":0,"comment_status":"closed","ping_status":"closed","template":"","meta":{"footnotes":""},"class_list":["post-899","page","type-page","status-publish","hentry"],"yoast_head":"<!-- This site is optimized with the Yoast SEO plugin v27.4 - https:\/\/yoast.com\/product\/yoast-seo-wordpress\/ -->\n<title>Nota\u00f0ar skotvei\u00f0iv\u00f6rur - J\u00f3i byssusmi\u00f0ur<\/title>\n<meta name=\"robots\" content=\"index, follow, max-snippet:-1, max-image-preview:large, max-video-preview:-1\" \/>\n<link rel=\"canonical\" href=\"https:\/\/www.joibyssusmidur.com\/index.php\/ymsar-vorur\/notadar-skotveidivorur\/\" \/>\n<meta property=\"og:locale\" content=\"en_US\" \/>\n<meta property=\"og:type\" content=\"article\" \/>\n<meta property=\"og:title\" content=\"Nota\u00f0ar skotvei\u00f0iv\u00f6rur - J\u00f3i byssusmi\u00f0ur\" \/>\n<meta property=\"og:description\" content=\"&nbsp; &hellip; Continue reading &rarr;\" \/>\n<meta property=\"og:url\" content=\"https:\/\/www.joibyssusmidur.com\/index.php\/ymsar-vorur\/notadar-skotveidivorur\/\" \/>\n<meta property=\"og:site_name\" content=\"J\u00f3i byssusmi\u00f0ur\" \/>\n<meta property=\"article:modified_time\" content=\"2019-09-24T16:08:15+00:00\" \/>\n<meta property=\"og:image\" content=\"https:\/\/www.joibyssusmidur.com\/wp-content\/uploads\/2018\/02\/IMG_0196483.jpg\" \/>\n<meta name=\"twitter:card\" content=\"summary_large_image\" \/>\n<meta name=\"twitter:label1\" content=\"Est. reading time\" \/>\n\t<meta name=\"twitter:data1\" content=\"1 minute\" \/>\n<script type=\"application\/ld+json\" class=\"yoast-schema-graph\">{\"@context\":\"https:\\\/\\\/schema.org\",\"@graph\":[{\"@type\":\"WebPage\",\"@id\":\"https:\\\/\\\/www.joibyssusmidur.com\\\/index.php\\\/ymsar-vorur\\\/notadar-skotveidivorur\\\/\",\"url\":\"https:\\\/\\\/www.joibyssusmidur.com\\\/index.php\\\/ymsar-vorur\\\/notadar-skotveidivorur\\\/\",\"name\":\"Nota\u00f0ar skotvei\u00f0iv\u00f6rur - J\u00f3i byssusmi\u00f0ur\",\"isPartOf\":{\"@id\":\"https:\\\/\\\/www.joibyssusmidur.com\\\/#website\"},\"primaryImageOfPage\":{\"@id\":\"https:\\\/\\\/www.joibyssusmidur.com\\\/index.php\\\/ymsar-vorur\\\/notadar-skotveidivorur\\\/#primaryimage\"},\"image\":{\"@id\":\"https:\\\/\\\/www.joibyssusmidur.com\\\/index.php\\\/ymsar-vorur\\\/notadar-skotveidivorur\\\/#primaryimage\"},\"thumbnailUrl\":\"https:\\\/\\\/www.joibyssusmidur.com\\\/wp-content\\\/uploads\\\/2018\\\/02\\\/IMG_0196483.jpg\",\"datePublished\":\"2018-02-23T17:01:39+00:00\",\"dateModified\":\"2019-09-24T16:08:15+00:00\",\"breadcrumb\":{\"@id\":\"https:\\\/\\\/www.joibyssusmidur.com\\\/index.php\\\/ymsar-vorur\\\/notadar-skotveidivorur\\\/#breadcrumb\"},\"inLanguage\":\"en-US\",\"potentialAction\":[{\"@type\":\"ReadAction\",\"target\":[\"https:\\\/\\\/www.joibyssusmidur.com\\\/index.php\\\/ymsar-vorur\\\/notadar-skotveidivorur\\\/\"]}]},{\"@type\":\"ImageObject\",\"inLanguage\":\"en-US\",\"@id\":\"https:\\\/\\\/www.joibyssusmidur.com\\\/index.php\\\/ymsar-vorur\\\/notadar-skotveidivorur\\\/#primaryimage\",\"url\":\"https:\\\/\\\/www.joibyssusmidur.com\\\/wp-content\\\/uploads\\\/2018\\\/02\\\/IMG_0196483.jpg\",\"contentUrl\":\"https:\\\/\\\/www.joibyssusmidur.com\\\/wp-content\\\/uploads\\\/2018\\\/02\\\/IMG_0196483.jpg\",\"width\":400,\"height\":318},{\"@type\":\"BreadcrumbList\",\"@id\":\"https:\\\/\\\/www.joibyssusmidur.com\\\/index.php\\\/ymsar-vorur\\\/notadar-skotveidivorur\\\/#breadcrumb\",\"itemListElement\":[{\"@type\":\"ListItem\",\"position\":1,\"name\":\"Home\",\"item\":\"https:\\\/\\\/www.joibyssusmidur.com\\\/\"},{\"@type\":\"ListItem\",\"position\":2,\"name\":\"\u00ddmsar v\u00f6rur\",\"item\":\"https:\\\/\\\/www.joibyssusmidur.com\\\/index.php\\\/ymsar-vorur\\\/\"},{\"@type\":\"ListItem\",\"position\":3,\"name\":\"Nota\u00f0ar skotvei\u00f0iv\u00f6rur\"}]},{\"@type\":\"WebSite\",\"@id\":\"https:\\\/\\\/www.joibyssusmidur.com\\\/#website\",\"url\":\"https:\\\/\\\/www.joibyssusmidur.com\\\/\",\"name\":\"J\u00f3i byssusmi\u00f0ur\",\"description\":\"joibyssusmidur\",\"publisher\":{\"@id\":\"https:\\\/\\\/www.joibyssusmidur.com\\\/#\\\/schema\\\/person\\\/8a757fb5de9f249e91d49840047de199\"},\"potentialAction\":[{\"@type\":\"SearchAction\",\"target\":{\"@type\":\"EntryPoint\",\"urlTemplate\":\"https:\\\/\\\/www.joibyssusmidur.com\\\/?s={search_term_string}\"},\"query-input\":{\"@type\":\"PropertyValueSpecification\",\"valueRequired\":true,\"valueName\":\"search_term_string\"}}],\"inLanguage\":\"en-US\"},{\"@type\":[\"Person\",\"Organization\"],\"@id\":\"https:\\\/\\\/www.joibyssusmidur.com\\\/#\\\/schema\\\/person\\\/8a757fb5de9f249e91d49840047de199\",\"name\":\"J\u00f3hann Vilhj\u00e1lmsson\",\"image\":{\"@type\":\"ImageObject\",\"inLanguage\":\"en-US\",\"@id\":\"https:\\\/\\\/secure.gravatar.com\\\/avatar\\\/752ab1088a5ce88b8c12eeb05bafe23c8611b12ccbfc8621c0e4dd63e5e440a1?s=96&d=mm&r=g\",\"url\":\"https:\\\/\\\/secure.gravatar.com\\\/avatar\\\/752ab1088a5ce88b8c12eeb05bafe23c8611b12ccbfc8621c0e4dd63e5e440a1?s=96&d=mm&r=g\",\"contentUrl\":\"https:\\\/\\\/secure.gravatar.com\\\/avatar\\\/752ab1088a5ce88b8c12eeb05bafe23c8611b12ccbfc8621c0e4dd63e5e440a1?s=96&d=mm&r=g\",\"caption\":\"J\u00f3hann Vilhj\u00e1lmsson\"},\"logo\":{\"@id\":\"https:\\\/\\\/secure.gravatar.com\\\/avatar\\\/752ab1088a5ce88b8c12eeb05bafe23c8611b12ccbfc8621c0e4dd63e5e440a1?s=96&d=mm&r=g\"},\"sameAs\":[\"https:\\\/\\\/www.joibyssusmidur.com\"]}]}<\/script>\n<!-- \/ Yoast SEO plugin. -->","yoast_head_json":{"title":"Nota\u00f0ar skotvei\u00f0iv\u00f6rur - J\u00f3i byssusmi\u00f0ur","robots":{"index":"index","follow":"follow","max-snippet":"max-snippet:-1","max-image-preview":"max-image-preview:large","max-video-preview":"max-video-preview:-1"},"canonical":"https:\/\/www.joibyssusmidur.com\/index.php\/ymsar-vorur\/notadar-skotveidivorur\/","og_locale":"en_US","og_type":"article","og_title":"Nota\u00f0ar skotvei\u00f0iv\u00f6rur - J\u00f3i byssusmi\u00f0ur","og_description":"&nbsp; &hellip; Continue reading &rarr;","og_url":"https:\/\/www.joibyssusmidur.com\/index.php\/ymsar-vorur\/notadar-skotveidivorur\/","og_site_name":"J\u00f3i byssusmi\u00f0ur","article_modified_time":"2019-09-24T16:08:15+00:00","og_image":[{"url":"https:\/\/www.joibyssusmidur.com\/wp-content\/uploads\/2018\/02\/IMG_0196483.jpg","type":"","width":"","height":""}],"twitter_card":"summary_large_image","twitter_misc":{"Est. reading time":"1 minute"},"schema":{"@context":"https:\/\/schema.org","@graph":[{"@type":"WebPage","@id":"https:\/\/www.joibyssusmidur.com\/index.php\/ymsar-vorur\/notadar-skotveidivorur\/","url":"https:\/\/www.joibyssusmidur.com\/index.php\/ymsar-vorur\/notadar-skotveidivorur\/","name":"Nota\u00f0ar skotvei\u00f0iv\u00f6rur - J\u00f3i byssusmi\u00f0ur","isPartOf":{"@id":"https:\/\/www.joibyssusmidur.com\/#website"},"primaryImageOfPage":{"@id":"https:\/\/www.joibyssusmidur.com\/index.php\/ymsar-vorur\/notadar-skotveidivorur\/#primaryimage"},"image":{"@id":"https:\/\/www.joibyssusmidur.com\/index.php\/ymsar-vorur\/notadar-skotveidivorur\/#primaryimage"},"thumbnailUrl":"https:\/\/www.joibyssusmidur.com\/wp-content\/uploads\/2018\/02\/IMG_0196483.jpg","datePublished":"2018-02-23T17:01:39+00:00","dateModified":"2019-09-24T16:08:15+00:00","breadcrumb":{"@id":"https:\/\/www.joibyssusmidur.com\/index.php\/ymsar-vorur\/notadar-skotveidivorur\/#breadcrumb"},"inLanguage":"en-US","potentialAction":[{"@type":"ReadAction","target":["https:\/\/www.joibyssusmidur.com\/index.php\/ymsar-vorur\/notadar-skotveidivorur\/"]}]},{"@type":"ImageObject","inLanguage":"en-US","@id":"https:\/\/www.joibyssusmidur.com\/index.php\/ymsar-vorur\/notadar-skotveidivorur\/#primaryimage","url":"https:\/\/www.joibyssusmidur.com\/wp-content\/uploads\/2018\/02\/IMG_0196483.jpg","contentUrl":"https:\/\/www.joibyssusmidur.com\/wp-content\/uploads\/2018\/02\/IMG_0196483.jpg","width":400,"height":318},{"@type":"BreadcrumbList","@id":"https:\/\/www.joibyssusmidur.com\/index.php\/ymsar-vorur\/notadar-skotveidivorur\/#breadcrumb","itemListElement":[{"@type":"ListItem","position":1,"name":"Home","item":"https:\/\/www.joibyssusmidur.com\/"},{"@type":"ListItem","position":2,"name":"\u00ddmsar v\u00f6rur","item":"https:\/\/www.joibyssusmidur.com\/index.php\/ymsar-vorur\/"},{"@type":"ListItem","position":3,"name":"Nota\u00f0ar skotvei\u00f0iv\u00f6rur"}]},{"@type":"WebSite","@id":"https:\/\/www.joibyssusmidur.com\/#website","url":"https:\/\/www.joibyssusmidur.com\/","name":"J\u00f3i byssusmi\u00f0ur","description":"joibyssusmidur","publisher":{"@id":"https:\/\/www.joibyssusmidur.com\/#\/schema\/person\/8a757fb5de9f249e91d49840047de199"},"potentialAction":[{"@type":"SearchAction","target":{"@type":"EntryPoint","urlTemplate":"https:\/\/www.joibyssusmidur.com\/?s={search_term_string}"},"query-input":{"@type":"PropertyValueSpecification","valueRequired":true,"valueName":"search_term_string"}}],"inLanguage":"en-US"},{"@type":["Person","Organization"],"@id":"https:\/\/www.joibyssusmidur.com\/#\/schema\/person\/8a757fb5de9f249e91d49840047de199","name":"J\u00f3hann Vilhj\u00e1lmsson","image":{"@type":"ImageObject","inLanguage":"en-US","@id":"https:\/\/secure.gravatar.com\/avatar\/752ab1088a5ce88b8c12eeb05bafe23c8611b12ccbfc8621c0e4dd63e5e440a1?s=96&d=mm&r=g","url":"https:\/\/secure.gravatar.com\/avatar\/752ab1088a5ce88b8c12eeb05bafe23c8611b12ccbfc8621c0e4dd63e5e440a1?s=96&d=mm&r=g","contentUrl":"https:\/\/secure.gravatar.com\/avatar\/752ab1088a5ce88b8c12eeb05bafe23c8611b12ccbfc8621c0e4dd63e5e440a1?s=96&d=mm&r=g","caption":"J\u00f3hann Vilhj\u00e1lmsson"},"logo":{"@id":"https:\/\/secure.gravatar.com\/avatar\/752ab1088a5ce88b8c12eeb05bafe23c8611b12ccbfc8621c0e4dd63e5e440a1?s=96&d=mm&r=g"},"sameAs":["https:\/\/www.joibyssusmidur.com"]}]}},"_links":{"self":[{"href":"https:\/\/www.joibyssusmidur.com\/index.php\/wp-json\/wp\/v2\/pages\/899","targetHints":{"allow":["GET"]}}],"collection":[{"href":"https:\/\/www.joibyssusmidur.com\/index.php\/wp-json\/wp\/v2\/pages"}],"about":[{"href":"https:\/\/www.joibyssusmidur.com\/index.php\/wp-json\/wp\/v2\/types\/page"}],"author":[{"embeddable":true,"href":"https:\/\/www.joibyssusmidur.com\/index.php\/wp-json\/wp\/v2\/users\/5"}],"replies":[{"embeddable":true,"href":"https:\/\/www.joibyssusmidur.com\/index.php\/wp-json\/wp\/v2\/comments?post=899"}],"version-history":[{"count":14,"href":"https:\/\/www.joibyssusmidur.com\/index.php\/wp-json\/wp\/v2\/pages\/899\/revisions"}],"predecessor-version":[{"id":2180,"href":"https:\/\/www.joibyssusmidur.com\/index.php\/wp-json\/wp\/v2\/pages\/899\/revisions\/2180"}],"up":[{"embeddable":true,"href":"https:\/\/www.joibyssusmidur.com\/index.php\/wp-json\/wp\/v2\/pages\/22"}],"wp:attachment":[{"href":"https:\/\/www.joibyssusmidur.com\/index.php\/wp-json\/wp\/v2\/media?parent=899"}],"curies":[{"name":"wp","href":"https:\/\/api.w.org\/{rel}","templated":true}]}}