{"id":781,"date":"2018-01-10T23:09:13","date_gmt":"2018-01-10T23:09:13","guid":{"rendered":"http:\/\/joibyssusmidur.com\/?page_id=781"},"modified":"2026-03-23T14:28:20","modified_gmt":"2026-03-23T14:28:20","slug":"optima-45","status":"publish","type":"page","link":"https:\/\/www.joibyssusmidur.com\/index.php\/a-tec\/optima-45\/","title":{"rendered":"Optima 45"},"content":{"rendered":"<p>Optima 45 gefur \u00fdmsa m\u00f6guleika. J\u00f3i byssusmi\u00f0ur gefur allar n\u00e1nari uppl\u00fdsingar \u00ed s\u00edma 561-1950. Opi\u00f0 daglega fr\u00e1 14:00 til 18:00.<\/p>\n<p><strong>Ver\u00f0: 75.000 kr<\/strong><\/p>\n<p>Sj\u00e1 n\u00e1nari uppl\u00fdsingar a heimas\u00ed\u00f0u A-TEC <a href=\"http:\/\/www.a-tec.no\/modular-silencers\/optima-45\">http:\/\/www.a-tec.no\/modular-silencers\/optima-45<\/a><\/p>\n<p><img loading=\"lazy\" decoding=\"async\" class=\"alignnone wp-image-463\" src=\"https:\/\/www.joibyssusmidur.com\/wp-content\/uploads\/2018\/01\/23794766_828950577284003_7831118295985597289_n.jpg\" alt=\"\" width=\"800\" height=\"800\" srcset=\"https:\/\/www.joibyssusmidur.com\/wp-content\/uploads\/2018\/01\/23794766_828950577284003_7831118295985597289_n.jpg 960w, https:\/\/www.joibyssusmidur.com\/wp-content\/uploads\/2018\/01\/23794766_828950577284003_7831118295985597289_n-150x150.jpg 150w, https:\/\/www.joibyssusmidur.com\/wp-content\/uploads\/2018\/01\/23794766_828950577284003_7831118295985597289_n-300x300.jpg 300w, https:\/\/www.joibyssusmidur.com\/wp-content\/uploads\/2018\/01\/23794766_828950577284003_7831118295985597289_n-768x768.jpg 768w\" sizes=\"auto, (max-width: 800px) 100vw, 800px\" \/><\/p>\n","protected":false},"excerpt":{"rendered":"<p>Optima 45 gefur \u00fdmsa m\u00f6guleika. J\u00f3i byssusmi\u00f0ur gefur allar n\u00e1nari uppl\u00fdsingar \u00ed s\u00edma 561-1950. Opi\u00f0 daglega fr\u00e1 14:00 til 18:00. Ver\u00f0: 75.000 kr Sj\u00e1 n\u00e1nari uppl\u00fdsingar a heimas\u00ed\u00f0u A-TEC http:\/\/www.a-tec.no\/modular-silencers\/optima-45 &hellip; <a class=\"more-link\" href=\"https:\/\/www.joibyssusmidur.com\/index.php\/a-tec\/optima-45\/\">Continue reading <span class=\"meta-nav\">&rarr;<\/span><\/a><\/p>\n","protected":false},"author":5,"featured_media":0,"parent":320,"menu_order":0,"comment_status":"closed","ping_status":"closed","template":"","meta":{"footnotes":""},"class_list":["post-781","page","type-page","status-publish","hentry"],"yoast_head":"<!-- This site is optimized with the Yoast SEO plugin v27.3 - https:\/\/yoast.com\/product\/yoast-seo-wordpress\/ -->\n<title>Optima 45 - J\u00f3i byssusmi\u00f0ur<\/title>\n<meta name=\"robots\" content=\"index, follow, max-snippet:-1, max-image-preview:large, max-video-preview:-1\" \/>\n<link rel=\"canonical\" href=\"https:\/\/www.joibyssusmidur.com\/index.php\/a-tec\/optima-45\/\" \/>\n<meta property=\"og:locale\" content=\"en_US\" \/>\n<meta property=\"og:type\" content=\"article\" \/>\n<meta property=\"og:title\" content=\"Optima 45 - J\u00f3i byssusmi\u00f0ur\" \/>\n<meta property=\"og:description\" content=\"Optima 45 gefur \u00fdmsa m\u00f6guleika. J\u00f3i byssusmi\u00f0ur gefur allar n\u00e1nari uppl\u00fdsingar \u00ed s\u00edma 561-1950. Opi\u00f0 daglega fr\u00e1 14:00 til 18:00. Ver\u00f0: 75.000 kr Sj\u00e1 n\u00e1nari uppl\u00fdsingar a heimas\u00ed\u00f0u A-TEC http:\/\/www.a-tec.no\/modular-silencers\/optima-45 &hellip; Continue reading &rarr;\" \/>\n<meta property=\"og:url\" content=\"https:\/\/www.joibyssusmidur.com\/index.php\/a-tec\/optima-45\/\" \/>\n<meta property=\"og:site_name\" content=\"J\u00f3i byssusmi\u00f0ur\" \/>\n<meta property=\"article:modified_time\" content=\"2026-03-23T14:28:20+00:00\" \/>\n<meta property=\"og:image\" content=\"https:\/\/www.joibyssusmidur.com\/wp-content\/uploads\/2018\/01\/23794766_828950577284003_7831118295985597289_n.jpg\" \/>\n\t<meta property=\"og:image:width\" content=\"960\" \/>\n\t<meta property=\"og:image:height\" content=\"960\" \/>\n\t<meta property=\"og:image:type\" content=\"image\/jpeg\" \/>\n<meta name=\"twitter:card\" content=\"summary_large_image\" \/>\n<meta name=\"twitter:label1\" content=\"Est. reading time\" \/>\n\t<meta name=\"twitter:data1\" content=\"1 minute\" \/>\n<script type=\"application\/ld+json\" class=\"yoast-schema-graph\">{\"@context\":\"https:\\\/\\\/schema.org\",\"@graph\":[{\"@type\":\"WebPage\",\"@id\":\"https:\\\/\\\/www.joibyssusmidur.com\\\/index.php\\\/a-tec\\\/optima-45\\\/\",\"url\":\"https:\\\/\\\/www.joibyssusmidur.com\\\/index.php\\\/a-tec\\\/optima-45\\\/\",\"name\":\"Optima 45 - J\u00f3i byssusmi\u00f0ur\",\"isPartOf\":{\"@id\":\"https:\\\/\\\/www.joibyssusmidur.com\\\/#website\"},\"primaryImageOfPage\":{\"@id\":\"https:\\\/\\\/www.joibyssusmidur.com\\\/index.php\\\/a-tec\\\/optima-45\\\/#primaryimage\"},\"image\":{\"@id\":\"https:\\\/\\\/www.joibyssusmidur.com\\\/index.php\\\/a-tec\\\/optima-45\\\/#primaryimage\"},\"thumbnailUrl\":\"https:\\\/\\\/www.joibyssusmidur.com\\\/wp-content\\\/uploads\\\/2018\\\/01\\\/23794766_828950577284003_7831118295985597289_n.jpg\",\"datePublished\":\"2018-01-10T23:09:13+00:00\",\"dateModified\":\"2026-03-23T14:28:20+00:00\",\"breadcrumb\":{\"@id\":\"https:\\\/\\\/www.joibyssusmidur.com\\\/index.php\\\/a-tec\\\/optima-45\\\/#breadcrumb\"},\"inLanguage\":\"en-US\",\"potentialAction\":[{\"@type\":\"ReadAction\",\"target\":[\"https:\\\/\\\/www.joibyssusmidur.com\\\/index.php\\\/a-tec\\\/optima-45\\\/\"]}]},{\"@type\":\"ImageObject\",\"inLanguage\":\"en-US\",\"@id\":\"https:\\\/\\\/www.joibyssusmidur.com\\\/index.php\\\/a-tec\\\/optima-45\\\/#primaryimage\",\"url\":\"https:\\\/\\\/www.joibyssusmidur.com\\\/wp-content\\\/uploads\\\/2018\\\/01\\\/23794766_828950577284003_7831118295985597289_n.jpg\",\"contentUrl\":\"https:\\\/\\\/www.joibyssusmidur.com\\\/wp-content\\\/uploads\\\/2018\\\/01\\\/23794766_828950577284003_7831118295985597289_n.jpg\",\"width\":960,\"height\":960},{\"@type\":\"BreadcrumbList\",\"@id\":\"https:\\\/\\\/www.joibyssusmidur.com\\\/index.php\\\/a-tec\\\/optima-45\\\/#breadcrumb\",\"itemListElement\":[{\"@type\":\"ListItem\",\"position\":1,\"name\":\"Home\",\"item\":\"https:\\\/\\\/www.joibyssusmidur.com\\\/\"},{\"@type\":\"ListItem\",\"position\":2,\"name\":\"Hlj\u00f3\u00f0deyfar\",\"item\":\"https:\\\/\\\/www.joibyssusmidur.com\\\/index.php\\\/a-tec\\\/\"},{\"@type\":\"ListItem\",\"position\":3,\"name\":\"Optima 45\"}]},{\"@type\":\"WebSite\",\"@id\":\"https:\\\/\\\/www.joibyssusmidur.com\\\/#website\",\"url\":\"https:\\\/\\\/www.joibyssusmidur.com\\\/\",\"name\":\"J\u00f3i byssusmi\u00f0ur\",\"description\":\"joibyssusmidur\",\"publisher\":{\"@id\":\"https:\\\/\\\/www.joibyssusmidur.com\\\/#\\\/schema\\\/person\\\/8a757fb5de9f249e91d49840047de199\"},\"potentialAction\":[{\"@type\":\"SearchAction\",\"target\":{\"@type\":\"EntryPoint\",\"urlTemplate\":\"https:\\\/\\\/www.joibyssusmidur.com\\\/?s={search_term_string}\"},\"query-input\":{\"@type\":\"PropertyValueSpecification\",\"valueRequired\":true,\"valueName\":\"search_term_string\"}}],\"inLanguage\":\"en-US\"},{\"@type\":[\"Person\",\"Organization\"],\"@id\":\"https:\\\/\\\/www.joibyssusmidur.com\\\/#\\\/schema\\\/person\\\/8a757fb5de9f249e91d49840047de199\",\"name\":\"J\u00f3hann Vilhj\u00e1lmsson\",\"image\":{\"@type\":\"ImageObject\",\"inLanguage\":\"en-US\",\"@id\":\"https:\\\/\\\/secure.gravatar.com\\\/avatar\\\/752ab1088a5ce88b8c12eeb05bafe23c8611b12ccbfc8621c0e4dd63e5e440a1?s=96&d=mm&r=g\",\"url\":\"https:\\\/\\\/secure.gravatar.com\\\/avatar\\\/752ab1088a5ce88b8c12eeb05bafe23c8611b12ccbfc8621c0e4dd63e5e440a1?s=96&d=mm&r=g\",\"contentUrl\":\"https:\\\/\\\/secure.gravatar.com\\\/avatar\\\/752ab1088a5ce88b8c12eeb05bafe23c8611b12ccbfc8621c0e4dd63e5e440a1?s=96&d=mm&r=g\",\"caption\":\"J\u00f3hann Vilhj\u00e1lmsson\"},\"logo\":{\"@id\":\"https:\\\/\\\/secure.gravatar.com\\\/avatar\\\/752ab1088a5ce88b8c12eeb05bafe23c8611b12ccbfc8621c0e4dd63e5e440a1?s=96&d=mm&r=g\"},\"sameAs\":[\"https:\\\/\\\/www.joibyssusmidur.com\"]}]}<\/script>\n<!-- \/ Yoast SEO plugin. -->","yoast_head_json":{"title":"Optima 45 - J\u00f3i byssusmi\u00f0ur","robots":{"index":"index","follow":"follow","max-snippet":"max-snippet:-1","max-image-preview":"max-image-preview:large","max-video-preview":"max-video-preview:-1"},"canonical":"https:\/\/www.joibyssusmidur.com\/index.php\/a-tec\/optima-45\/","og_locale":"en_US","og_type":"article","og_title":"Optima 45 - J\u00f3i byssusmi\u00f0ur","og_description":"Optima 45 gefur \u00fdmsa m\u00f6guleika. J\u00f3i byssusmi\u00f0ur gefur allar n\u00e1nari uppl\u00fdsingar \u00ed s\u00edma 561-1950. Opi\u00f0 daglega fr\u00e1 14:00 til 18:00. Ver\u00f0: 75.000 kr Sj\u00e1 n\u00e1nari uppl\u00fdsingar a heimas\u00ed\u00f0u A-TEC http:\/\/www.a-tec.no\/modular-silencers\/optima-45 &hellip; Continue reading &rarr;","og_url":"https:\/\/www.joibyssusmidur.com\/index.php\/a-tec\/optima-45\/","og_site_name":"J\u00f3i byssusmi\u00f0ur","article_modified_time":"2026-03-23T14:28:20+00:00","og_image":[{"width":960,"height":960,"url":"https:\/\/www.joibyssusmidur.com\/wp-content\/uploads\/2018\/01\/23794766_828950577284003_7831118295985597289_n.jpg","type":"image\/jpeg"}],"twitter_card":"summary_large_image","twitter_misc":{"Est. reading time":"1 minute"},"schema":{"@context":"https:\/\/schema.org","@graph":[{"@type":"WebPage","@id":"https:\/\/www.joibyssusmidur.com\/index.php\/a-tec\/optima-45\/","url":"https:\/\/www.joibyssusmidur.com\/index.php\/a-tec\/optima-45\/","name":"Optima 45 - J\u00f3i byssusmi\u00f0ur","isPartOf":{"@id":"https:\/\/www.joibyssusmidur.com\/#website"},"primaryImageOfPage":{"@id":"https:\/\/www.joibyssusmidur.com\/index.php\/a-tec\/optima-45\/#primaryimage"},"image":{"@id":"https:\/\/www.joibyssusmidur.com\/index.php\/a-tec\/optima-45\/#primaryimage"},"thumbnailUrl":"https:\/\/www.joibyssusmidur.com\/wp-content\/uploads\/2018\/01\/23794766_828950577284003_7831118295985597289_n.jpg","datePublished":"2018-01-10T23:09:13+00:00","dateModified":"2026-03-23T14:28:20+00:00","breadcrumb":{"@id":"https:\/\/www.joibyssusmidur.com\/index.php\/a-tec\/optima-45\/#breadcrumb"},"inLanguage":"en-US","potentialAction":[{"@type":"ReadAction","target":["https:\/\/www.joibyssusmidur.com\/index.php\/a-tec\/optima-45\/"]}]},{"@type":"ImageObject","inLanguage":"en-US","@id":"https:\/\/www.joibyssusmidur.com\/index.php\/a-tec\/optima-45\/#primaryimage","url":"https:\/\/www.joibyssusmidur.com\/wp-content\/uploads\/2018\/01\/23794766_828950577284003_7831118295985597289_n.jpg","contentUrl":"https:\/\/www.joibyssusmidur.com\/wp-content\/uploads\/2018\/01\/23794766_828950577284003_7831118295985597289_n.jpg","width":960,"height":960},{"@type":"BreadcrumbList","@id":"https:\/\/www.joibyssusmidur.com\/index.php\/a-tec\/optima-45\/#breadcrumb","itemListElement":[{"@type":"ListItem","position":1,"name":"Home","item":"https:\/\/www.joibyssusmidur.com\/"},{"@type":"ListItem","position":2,"name":"Hlj\u00f3\u00f0deyfar","item":"https:\/\/www.joibyssusmidur.com\/index.php\/a-tec\/"},{"@type":"ListItem","position":3,"name":"Optima 45"}]},{"@type":"WebSite","@id":"https:\/\/www.joibyssusmidur.com\/#website","url":"https:\/\/www.joibyssusmidur.com\/","name":"J\u00f3i byssusmi\u00f0ur","description":"joibyssusmidur","publisher":{"@id":"https:\/\/www.joibyssusmidur.com\/#\/schema\/person\/8a757fb5de9f249e91d49840047de199"},"potentialAction":[{"@type":"SearchAction","target":{"@type":"EntryPoint","urlTemplate":"https:\/\/www.joibyssusmidur.com\/?s={search_term_string}"},"query-input":{"@type":"PropertyValueSpecification","valueRequired":true,"valueName":"search_term_string"}}],"inLanguage":"en-US"},{"@type":["Person","Organization"],"@id":"https:\/\/www.joibyssusmidur.com\/#\/schema\/person\/8a757fb5de9f249e91d49840047de199","name":"J\u00f3hann Vilhj\u00e1lmsson","image":{"@type":"ImageObject","inLanguage":"en-US","@id":"https:\/\/secure.gravatar.com\/avatar\/752ab1088a5ce88b8c12eeb05bafe23c8611b12ccbfc8621c0e4dd63e5e440a1?s=96&d=mm&r=g","url":"https:\/\/secure.gravatar.com\/avatar\/752ab1088a5ce88b8c12eeb05bafe23c8611b12ccbfc8621c0e4dd63e5e440a1?s=96&d=mm&r=g","contentUrl":"https:\/\/secure.gravatar.com\/avatar\/752ab1088a5ce88b8c12eeb05bafe23c8611b12ccbfc8621c0e4dd63e5e440a1?s=96&d=mm&r=g","caption":"J\u00f3hann Vilhj\u00e1lmsson"},"logo":{"@id":"https:\/\/secure.gravatar.com\/avatar\/752ab1088a5ce88b8c12eeb05bafe23c8611b12ccbfc8621c0e4dd63e5e440a1?s=96&d=mm&r=g"},"sameAs":["https:\/\/www.joibyssusmidur.com"]}]}},"_links":{"self":[{"href":"https:\/\/www.joibyssusmidur.com\/index.php\/wp-json\/wp\/v2\/pages\/781","targetHints":{"allow":["GET"]}}],"collection":[{"href":"https:\/\/www.joibyssusmidur.com\/index.php\/wp-json\/wp\/v2\/pages"}],"about":[{"href":"https:\/\/www.joibyssusmidur.com\/index.php\/wp-json\/wp\/v2\/types\/page"}],"author":[{"embeddable":true,"href":"https:\/\/www.joibyssusmidur.com\/index.php\/wp-json\/wp\/v2\/users\/5"}],"replies":[{"embeddable":true,"href":"https:\/\/www.joibyssusmidur.com\/index.php\/wp-json\/wp\/v2\/comments?post=781"}],"version-history":[{"count":7,"href":"https:\/\/www.joibyssusmidur.com\/index.php\/wp-json\/wp\/v2\/pages\/781\/revisions"}],"predecessor-version":[{"id":3954,"href":"https:\/\/www.joibyssusmidur.com\/index.php\/wp-json\/wp\/v2\/pages\/781\/revisions\/3954"}],"up":[{"embeddable":true,"href":"https:\/\/www.joibyssusmidur.com\/index.php\/wp-json\/wp\/v2\/pages\/320"}],"wp:attachment":[{"href":"https:\/\/www.joibyssusmidur.com\/index.php\/wp-json\/wp\/v2\/media?parent=781"}],"curies":[{"name":"wp","href":"https:\/\/api.w.org\/{rel}","templated":true}]}}