{"id":721,"date":"2018-01-09T21:28:44","date_gmt":"2018-01-09T21:28:44","guid":{"rendered":"http:\/\/joibyssusmidur.com\/?page_id=721"},"modified":"2020-11-27T11:56:30","modified_gmt":"2020-11-27T11:56:30","slug":"m03-trail","status":"publish","type":"page","link":"https:\/\/www.joibyssusmidur.com\/index.php\/byssur-2\/mauser\/mauser-m03\/m03-trail\/","title":{"rendered":"TRAIL M03"},"content":{"rendered":"<p><strong>M03 TRAIL er f\u00e1anlegur \u00ed eftirt\u00f6ldum caliberum:\u00a0<\/strong>.308 Win., .30-06, 8x57IS, 9,3&#215;62<\/p>\n<p>Stuttur sk\u00f3garvei\u00f0iriffil me\u00f0 47 cm hlauplengd. Heildarlengd er 99 cm. 5+1 magas\u00edn.\u00a0<strong>L\u00fdsing framlei\u00f0anda:\u00a0<\/strong>For everyone who carries the M 03 TRAIL bolt action rifle on their backs and give their absolute maximum performance, actions count, not words. With weapons, facts count: The manual cocking system can be operated while wearing gloves, a lockable 5-shot magazine, 360-degree rotatable sling swivel on the muzzle, additional side-mounted sling swivel socket on the stock, muzzle with muzzle-safe contour, non-slip orange stock inlays. In short: 99 cm MAUSER tool instead of too many words.<\/p>\n<p>&nbsp;<\/p>\n<p><img loading=\"lazy\" decoding=\"async\" class=\"alignnone size-full wp-image-728\" src=\"https:\/\/www.joibyssusmidur.com\/wp-content\/uploads\/2018\/01\/csm_Mauser_M03_Trail-re_b66da1206f-2.jpg\" alt=\"\" width=\"1800\" height=\"326\" srcset=\"https:\/\/www.joibyssusmidur.com\/wp-content\/uploads\/2018\/01\/csm_Mauser_M03_Trail-re_b66da1206f-2.jpg 1800w, https:\/\/www.joibyssusmidur.com\/wp-content\/uploads\/2018\/01\/csm_Mauser_M03_Trail-re_b66da1206f-2-300x54.jpg 300w, https:\/\/www.joibyssusmidur.com\/wp-content\/uploads\/2018\/01\/csm_Mauser_M03_Trail-re_b66da1206f-2-768x139.jpg 768w, https:\/\/www.joibyssusmidur.com\/wp-content\/uploads\/2018\/01\/csm_Mauser_M03_Trail-re_b66da1206f-2-1024x185.jpg 1024w, https:\/\/www.joibyssusmidur.com\/wp-content\/uploads\/2018\/01\/csm_Mauser_M03_Trail-re_b66da1206f-2-500x91.jpg 500w\" sizes=\"auto, (max-width: 1800px) 100vw, 1800px\" \/> <img loading=\"lazy\" decoding=\"async\" class=\"alignnone size-full wp-image-729\" src=\"https:\/\/www.joibyssusmidur.com\/wp-content\/uploads\/2018\/01\/csm_M03-Trail_USP-1-Unverwuestlicher-nachtgrauer-Polymer-Schaft-mit-orangenen-Pads_186ddc85e9-2.jpg\" alt=\"\" width=\"1800\" height=\"1800\" srcset=\"https:\/\/www.joibyssusmidur.com\/wp-content\/uploads\/2018\/01\/csm_M03-Trail_USP-1-Unverwuestlicher-nachtgrauer-Polymer-Schaft-mit-orangenen-Pads_186ddc85e9-2.jpg 1800w, https:\/\/www.joibyssusmidur.com\/wp-content\/uploads\/2018\/01\/csm_M03-Trail_USP-1-Unverwuestlicher-nachtgrauer-Polymer-Schaft-mit-orangenen-Pads_186ddc85e9-2-150x150.jpg 150w, https:\/\/www.joibyssusmidur.com\/wp-content\/uploads\/2018\/01\/csm_M03-Trail_USP-1-Unverwuestlicher-nachtgrauer-Polymer-Schaft-mit-orangenen-Pads_186ddc85e9-2-300x300.jpg 300w, https:\/\/www.joibyssusmidur.com\/wp-content\/uploads\/2018\/01\/csm_M03-Trail_USP-1-Unverwuestlicher-nachtgrauer-Polymer-Schaft-mit-orangenen-Pads_186ddc85e9-2-768x768.jpg 768w, https:\/\/www.joibyssusmidur.com\/wp-content\/uploads\/2018\/01\/csm_M03-Trail_USP-1-Unverwuestlicher-nachtgrauer-Polymer-Schaft-mit-orangenen-Pads_186ddc85e9-2-1024x1024.jpg 1024w\" sizes=\"auto, (max-width: 1800px) 100vw, 1800px\" \/> <img loading=\"lazy\" decoding=\"async\" class=\"alignnone size-full wp-image-730\" src=\"https:\/\/www.joibyssusmidur.com\/wp-content\/uploads\/2018\/01\/csm_M03-Trail_USP-3-Stahlmagazin-MagSafe_0ec1497f1b-1.jpg\" alt=\"\" width=\"1800\" height=\"1800\" srcset=\"https:\/\/www.joibyssusmidur.com\/wp-content\/uploads\/2018\/01\/csm_M03-Trail_USP-3-Stahlmagazin-MagSafe_0ec1497f1b-1.jpg 1800w, https:\/\/www.joibyssusmidur.com\/wp-content\/uploads\/2018\/01\/csm_M03-Trail_USP-3-Stahlmagazin-MagSafe_0ec1497f1b-1-150x150.jpg 150w, https:\/\/www.joibyssusmidur.com\/wp-content\/uploads\/2018\/01\/csm_M03-Trail_USP-3-Stahlmagazin-MagSafe_0ec1497f1b-1-300x300.jpg 300w, https:\/\/www.joibyssusmidur.com\/wp-content\/uploads\/2018\/01\/csm_M03-Trail_USP-3-Stahlmagazin-MagSafe_0ec1497f1b-1-768x768.jpg 768w, https:\/\/www.joibyssusmidur.com\/wp-content\/uploads\/2018\/01\/csm_M03-Trail_USP-3-Stahlmagazin-MagSafe_0ec1497f1b-1-1024x1024.jpg 1024w\" sizes=\"auto, (max-width: 1800px) 100vw, 1800px\" \/> <img loading=\"lazy\" decoding=\"async\" class=\"alignnone size-full wp-image-731\" src=\"https:\/\/www.joibyssusmidur.com\/wp-content\/uploads\/2018\/01\/csm_M03-Trail_USP-4-Systemkasten-und-Laufoberflaeche-aus-plasmaniertem-Stahl_75450fef94-1.jpg\" alt=\"\" width=\"1140\" height=\"1140\" srcset=\"https:\/\/www.joibyssusmidur.com\/wp-content\/uploads\/2018\/01\/csm_M03-Trail_USP-4-Systemkasten-und-Laufoberflaeche-aus-plasmaniertem-Stahl_75450fef94-1.jpg 1140w, https:\/\/www.joibyssusmidur.com\/wp-content\/uploads\/2018\/01\/csm_M03-Trail_USP-4-Systemkasten-und-Laufoberflaeche-aus-plasmaniertem-Stahl_75450fef94-1-150x150.jpg 150w, https:\/\/www.joibyssusmidur.com\/wp-content\/uploads\/2018\/01\/csm_M03-Trail_USP-4-Systemkasten-und-Laufoberflaeche-aus-plasmaniertem-Stahl_75450fef94-1-300x300.jpg 300w, https:\/\/www.joibyssusmidur.com\/wp-content\/uploads\/2018\/01\/csm_M03-Trail_USP-4-Systemkasten-und-Laufoberflaeche-aus-plasmaniertem-Stahl_75450fef94-1-768x768.jpg 768w, https:\/\/www.joibyssusmidur.com\/wp-content\/uploads\/2018\/01\/csm_M03-Trail_USP-4-Systemkasten-und-Laufoberflaeche-aus-plasmaniertem-Stahl_75450fef94-1-1024x1024.jpg 1024w\" sizes=\"auto, (max-width: 1140px) 100vw, 1140px\" \/> <img loading=\"lazy\" decoding=\"async\" class=\"alignnone size-full wp-image-732\" src=\"https:\/\/www.joibyssusmidur.com\/wp-content\/uploads\/2018\/01\/csm_M03-Trail_USP-5-3-Dot-Fluchtvisierung_c3d1fbfe37-2.jpg\" alt=\"\" width=\"1800\" height=\"1800\" srcset=\"https:\/\/www.joibyssusmidur.com\/wp-content\/uploads\/2018\/01\/csm_M03-Trail_USP-5-3-Dot-Fluchtvisierung_c3d1fbfe37-2.jpg 1800w, https:\/\/www.joibyssusmidur.com\/wp-content\/uploads\/2018\/01\/csm_M03-Trail_USP-5-3-Dot-Fluchtvisierung_c3d1fbfe37-2-150x150.jpg 150w, https:\/\/www.joibyssusmidur.com\/wp-content\/uploads\/2018\/01\/csm_M03-Trail_USP-5-3-Dot-Fluchtvisierung_c3d1fbfe37-2-300x300.jpg 300w, https:\/\/www.joibyssusmidur.com\/wp-content\/uploads\/2018\/01\/csm_M03-Trail_USP-5-3-Dot-Fluchtvisierung_c3d1fbfe37-2-768x768.jpg 768w, https:\/\/www.joibyssusmidur.com\/wp-content\/uploads\/2018\/01\/csm_M03-Trail_USP-5-3-Dot-Fluchtvisierung_c3d1fbfe37-2-1024x1024.jpg 1024w\" sizes=\"auto, (max-width: 1800px) 100vw, 1800px\" \/> <img loading=\"lazy\" decoding=\"async\" class=\"alignnone size-full wp-image-733\" src=\"https:\/\/www.joibyssusmidur.com\/wp-content\/uploads\/2018\/01\/csm_M03-Trail_USP-6-360-Grad-drehbarer-Riemenbuegel-mit-MuzzleSafe-Aufnahme_a821fe2247-1.jpg\" alt=\"\" width=\"1140\" height=\"1140\" srcset=\"https:\/\/www.joibyssusmidur.com\/wp-content\/uploads\/2018\/01\/csm_M03-Trail_USP-6-360-Grad-drehbarer-Riemenbuegel-mit-MuzzleSafe-Aufnahme_a821fe2247-1.jpg 1140w, https:\/\/www.joibyssusmidur.com\/wp-content\/uploads\/2018\/01\/csm_M03-Trail_USP-6-360-Grad-drehbarer-Riemenbuegel-mit-MuzzleSafe-Aufnahme_a821fe2247-1-150x150.jpg 150w, https:\/\/www.joibyssusmidur.com\/wp-content\/uploads\/2018\/01\/csm_M03-Trail_USP-6-360-Grad-drehbarer-Riemenbuegel-mit-MuzzleSafe-Aufnahme_a821fe2247-1-300x300.jpg 300w, https:\/\/www.joibyssusmidur.com\/wp-content\/uploads\/2018\/01\/csm_M03-Trail_USP-6-360-Grad-drehbarer-Riemenbuegel-mit-MuzzleSafe-Aufnahme_a821fe2247-1-768x768.jpg 768w, https:\/\/www.joibyssusmidur.com\/wp-content\/uploads\/2018\/01\/csm_M03-Trail_USP-6-360-Grad-drehbarer-Riemenbuegel-mit-MuzzleSafe-Aufnahme_a821fe2247-1-1024x1024.jpg 1024w\" sizes=\"auto, (max-width: 1140px) 100vw, 1140px\" \/><\/p>\n","protected":false},"excerpt":{"rendered":"<p>M03 TRAIL er f\u00e1anlegur \u00ed eftirt\u00f6ldum caliberum:\u00a0.308 Win., .30-06, 8x57IS, 9,3&#215;62 Stuttur sk\u00f3garvei\u00f0iriffil me\u00f0 47 cm hlauplengd. Heildarlengd er 99 cm. 5+1 magas\u00edn.\u00a0L\u00fdsing framlei\u00f0anda:\u00a0For everyone who carries the M 03 TRAIL bolt action rifle on their backs and give their &hellip; <a class=\"more-link\" href=\"https:\/\/www.joibyssusmidur.com\/index.php\/byssur-2\/mauser\/mauser-m03\/m03-trail\/\">Continue reading <span class=\"meta-nav\">&rarr;<\/span><\/a><\/p>\n","protected":false},"author":5,"featured_media":0,"parent":125,"menu_order":0,"comment_status":"closed","ping_status":"closed","template":"","meta":{"footnotes":""},"class_list":["post-721","page","type-page","status-publish","hentry"],"yoast_head":"<!-- This site is optimized with the Yoast SEO plugin v27.3 - https:\/\/yoast.com\/product\/yoast-seo-wordpress\/ -->\n<title>TRAIL M03 - J\u00f3i byssusmi\u00f0ur<\/title>\n<meta name=\"robots\" content=\"index, follow, max-snippet:-1, max-image-preview:large, max-video-preview:-1\" \/>\n<link rel=\"canonical\" href=\"https:\/\/www.joibyssusmidur.com\/index.php\/byssur-2\/mauser\/mauser-m03\/m03-trail\/\" \/>\n<meta property=\"og:locale\" content=\"en_US\" \/>\n<meta property=\"og:type\" content=\"article\" \/>\n<meta property=\"og:title\" content=\"TRAIL M03 - J\u00f3i byssusmi\u00f0ur\" \/>\n<meta property=\"og:description\" content=\"M03 TRAIL er f\u00e1anlegur \u00ed eftirt\u00f6ldum caliberum:\u00a0.308 Win., .30-06, 8x57IS, 9,3&#215;62 Stuttur sk\u00f3garvei\u00f0iriffil me\u00f0 47 cm hlauplengd. Heildarlengd er 99 cm. 5+1 magas\u00edn.\u00a0L\u00fdsing framlei\u00f0anda:\u00a0For everyone who carries the M 03 TRAIL bolt action rifle on their backs and give their &hellip; Continue reading &rarr;\" \/>\n<meta property=\"og:url\" content=\"https:\/\/www.joibyssusmidur.com\/index.php\/byssur-2\/mauser\/mauser-m03\/m03-trail\/\" \/>\n<meta property=\"og:site_name\" content=\"J\u00f3i byssusmi\u00f0ur\" \/>\n<meta property=\"article:modified_time\" content=\"2020-11-27T11:56:30+00:00\" \/>\n<meta property=\"og:image\" content=\"https:\/\/www.joibyssusmidur.com\/wp-content\/uploads\/2018\/01\/csm_Mauser_M03_Trail-re_b66da1206f-2.jpg\" \/>\n<meta name=\"twitter:card\" content=\"summary_large_image\" \/>\n<meta name=\"twitter:label1\" content=\"Est. reading time\" \/>\n\t<meta name=\"twitter:data1\" content=\"1 minute\" \/>\n<script type=\"application\/ld+json\" class=\"yoast-schema-graph\">{\"@context\":\"https:\\\/\\\/schema.org\",\"@graph\":[{\"@type\":\"WebPage\",\"@id\":\"https:\\\/\\\/www.joibyssusmidur.com\\\/index.php\\\/byssur-2\\\/mauser\\\/mauser-m03\\\/m03-trail\\\/\",\"url\":\"https:\\\/\\\/www.joibyssusmidur.com\\\/index.php\\\/byssur-2\\\/mauser\\\/mauser-m03\\\/m03-trail\\\/\",\"name\":\"TRAIL M03 - J\u00f3i byssusmi\u00f0ur\",\"isPartOf\":{\"@id\":\"https:\\\/\\\/www.joibyssusmidur.com\\\/#website\"},\"primaryImageOfPage\":{\"@id\":\"https:\\\/\\\/www.joibyssusmidur.com\\\/index.php\\\/byssur-2\\\/mauser\\\/mauser-m03\\\/m03-trail\\\/#primaryimage\"},\"image\":{\"@id\":\"https:\\\/\\\/www.joibyssusmidur.com\\\/index.php\\\/byssur-2\\\/mauser\\\/mauser-m03\\\/m03-trail\\\/#primaryimage\"},\"thumbnailUrl\":\"https:\\\/\\\/www.joibyssusmidur.com\\\/wp-content\\\/uploads\\\/2018\\\/01\\\/csm_Mauser_M03_Trail-re_b66da1206f-2.jpg\",\"datePublished\":\"2018-01-09T21:28:44+00:00\",\"dateModified\":\"2020-11-27T11:56:30+00:00\",\"breadcrumb\":{\"@id\":\"https:\\\/\\\/www.joibyssusmidur.com\\\/index.php\\\/byssur-2\\\/mauser\\\/mauser-m03\\\/m03-trail\\\/#breadcrumb\"},\"inLanguage\":\"en-US\",\"potentialAction\":[{\"@type\":\"ReadAction\",\"target\":[\"https:\\\/\\\/www.joibyssusmidur.com\\\/index.php\\\/byssur-2\\\/mauser\\\/mauser-m03\\\/m03-trail\\\/\"]}]},{\"@type\":\"ImageObject\",\"inLanguage\":\"en-US\",\"@id\":\"https:\\\/\\\/www.joibyssusmidur.com\\\/index.php\\\/byssur-2\\\/mauser\\\/mauser-m03\\\/m03-trail\\\/#primaryimage\",\"url\":\"https:\\\/\\\/www.joibyssusmidur.com\\\/wp-content\\\/uploads\\\/2018\\\/01\\\/csm_Mauser_M03_Trail-re_b66da1206f-2.jpg\",\"contentUrl\":\"https:\\\/\\\/www.joibyssusmidur.com\\\/wp-content\\\/uploads\\\/2018\\\/01\\\/csm_Mauser_M03_Trail-re_b66da1206f-2.jpg\",\"width\":1800,\"height\":326},{\"@type\":\"BreadcrumbList\",\"@id\":\"https:\\\/\\\/www.joibyssusmidur.com\\\/index.php\\\/byssur-2\\\/mauser\\\/mauser-m03\\\/m03-trail\\\/#breadcrumb\",\"itemListElement\":[{\"@type\":\"ListItem\",\"position\":1,\"name\":\"Home\",\"item\":\"https:\\\/\\\/www.joibyssusmidur.com\\\/\"},{\"@type\":\"ListItem\",\"position\":2,\"name\":\"Byssur\",\"item\":\"https:\\\/\\\/www.joibyssusmidur.com\\\/index.php\\\/byssur-2\\\/\"},{\"@type\":\"ListItem\",\"position\":3,\"name\":\"Mauser\",\"item\":\"https:\\\/\\\/www.joibyssusmidur.com\\\/index.php\\\/byssur-2\\\/mauser\\\/\"},{\"@type\":\"ListItem\",\"position\":4,\"name\":\"M03\",\"item\":\"https:\\\/\\\/www.joibyssusmidur.com\\\/index.php\\\/byssur-2\\\/mauser\\\/mauser-m03\\\/\"},{\"@type\":\"ListItem\",\"position\":5,\"name\":\"TRAIL M03\"}]},{\"@type\":\"WebSite\",\"@id\":\"https:\\\/\\\/www.joibyssusmidur.com\\\/#website\",\"url\":\"https:\\\/\\\/www.joibyssusmidur.com\\\/\",\"name\":\"J\u00f3i byssusmi\u00f0ur\",\"description\":\"joibyssusmidur\",\"publisher\":{\"@id\":\"https:\\\/\\\/www.joibyssusmidur.com\\\/#\\\/schema\\\/person\\\/8a757fb5de9f249e91d49840047de199\"},\"potentialAction\":[{\"@type\":\"SearchAction\",\"target\":{\"@type\":\"EntryPoint\",\"urlTemplate\":\"https:\\\/\\\/www.joibyssusmidur.com\\\/?s={search_term_string}\"},\"query-input\":{\"@type\":\"PropertyValueSpecification\",\"valueRequired\":true,\"valueName\":\"search_term_string\"}}],\"inLanguage\":\"en-US\"},{\"@type\":[\"Person\",\"Organization\"],\"@id\":\"https:\\\/\\\/www.joibyssusmidur.com\\\/#\\\/schema\\\/person\\\/8a757fb5de9f249e91d49840047de199\",\"name\":\"J\u00f3hann Vilhj\u00e1lmsson\",\"image\":{\"@type\":\"ImageObject\",\"inLanguage\":\"en-US\",\"@id\":\"https:\\\/\\\/secure.gravatar.com\\\/avatar\\\/752ab1088a5ce88b8c12eeb05bafe23c8611b12ccbfc8621c0e4dd63e5e440a1?s=96&d=mm&r=g\",\"url\":\"https:\\\/\\\/secure.gravatar.com\\\/avatar\\\/752ab1088a5ce88b8c12eeb05bafe23c8611b12ccbfc8621c0e4dd63e5e440a1?s=96&d=mm&r=g\",\"contentUrl\":\"https:\\\/\\\/secure.gravatar.com\\\/avatar\\\/752ab1088a5ce88b8c12eeb05bafe23c8611b12ccbfc8621c0e4dd63e5e440a1?s=96&d=mm&r=g\",\"caption\":\"J\u00f3hann Vilhj\u00e1lmsson\"},\"logo\":{\"@id\":\"https:\\\/\\\/secure.gravatar.com\\\/avatar\\\/752ab1088a5ce88b8c12eeb05bafe23c8611b12ccbfc8621c0e4dd63e5e440a1?s=96&d=mm&r=g\"},\"sameAs\":[\"https:\\\/\\\/www.joibyssusmidur.com\"]}]}<\/script>\n<!-- \/ Yoast SEO plugin. -->","yoast_head_json":{"title":"TRAIL M03 - J\u00f3i byssusmi\u00f0ur","robots":{"index":"index","follow":"follow","max-snippet":"max-snippet:-1","max-image-preview":"max-image-preview:large","max-video-preview":"max-video-preview:-1"},"canonical":"https:\/\/www.joibyssusmidur.com\/index.php\/byssur-2\/mauser\/mauser-m03\/m03-trail\/","og_locale":"en_US","og_type":"article","og_title":"TRAIL M03 - J\u00f3i byssusmi\u00f0ur","og_description":"M03 TRAIL er f\u00e1anlegur \u00ed eftirt\u00f6ldum caliberum:\u00a0.308 Win., .30-06, 8x57IS, 9,3&#215;62 Stuttur sk\u00f3garvei\u00f0iriffil me\u00f0 47 cm hlauplengd. Heildarlengd er 99 cm. 5+1 magas\u00edn.\u00a0L\u00fdsing framlei\u00f0anda:\u00a0For everyone who carries the M 03 TRAIL bolt action rifle on their backs and give their &hellip; Continue reading &rarr;","og_url":"https:\/\/www.joibyssusmidur.com\/index.php\/byssur-2\/mauser\/mauser-m03\/m03-trail\/","og_site_name":"J\u00f3i byssusmi\u00f0ur","article_modified_time":"2020-11-27T11:56:30+00:00","og_image":[{"url":"https:\/\/www.joibyssusmidur.com\/wp-content\/uploads\/2018\/01\/csm_Mauser_M03_Trail-re_b66da1206f-2.jpg","type":"","width":"","height":""}],"twitter_card":"summary_large_image","twitter_misc":{"Est. reading time":"1 minute"},"schema":{"@context":"https:\/\/schema.org","@graph":[{"@type":"WebPage","@id":"https:\/\/www.joibyssusmidur.com\/index.php\/byssur-2\/mauser\/mauser-m03\/m03-trail\/","url":"https:\/\/www.joibyssusmidur.com\/index.php\/byssur-2\/mauser\/mauser-m03\/m03-trail\/","name":"TRAIL M03 - J\u00f3i byssusmi\u00f0ur","isPartOf":{"@id":"https:\/\/www.joibyssusmidur.com\/#website"},"primaryImageOfPage":{"@id":"https:\/\/www.joibyssusmidur.com\/index.php\/byssur-2\/mauser\/mauser-m03\/m03-trail\/#primaryimage"},"image":{"@id":"https:\/\/www.joibyssusmidur.com\/index.php\/byssur-2\/mauser\/mauser-m03\/m03-trail\/#primaryimage"},"thumbnailUrl":"https:\/\/www.joibyssusmidur.com\/wp-content\/uploads\/2018\/01\/csm_Mauser_M03_Trail-re_b66da1206f-2.jpg","datePublished":"2018-01-09T21:28:44+00:00","dateModified":"2020-11-27T11:56:30+00:00","breadcrumb":{"@id":"https:\/\/www.joibyssusmidur.com\/index.php\/byssur-2\/mauser\/mauser-m03\/m03-trail\/#breadcrumb"},"inLanguage":"en-US","potentialAction":[{"@type":"ReadAction","target":["https:\/\/www.joibyssusmidur.com\/index.php\/byssur-2\/mauser\/mauser-m03\/m03-trail\/"]}]},{"@type":"ImageObject","inLanguage":"en-US","@id":"https:\/\/www.joibyssusmidur.com\/index.php\/byssur-2\/mauser\/mauser-m03\/m03-trail\/#primaryimage","url":"https:\/\/www.joibyssusmidur.com\/wp-content\/uploads\/2018\/01\/csm_Mauser_M03_Trail-re_b66da1206f-2.jpg","contentUrl":"https:\/\/www.joibyssusmidur.com\/wp-content\/uploads\/2018\/01\/csm_Mauser_M03_Trail-re_b66da1206f-2.jpg","width":1800,"height":326},{"@type":"BreadcrumbList","@id":"https:\/\/www.joibyssusmidur.com\/index.php\/byssur-2\/mauser\/mauser-m03\/m03-trail\/#breadcrumb","itemListElement":[{"@type":"ListItem","position":1,"name":"Home","item":"https:\/\/www.joibyssusmidur.com\/"},{"@type":"ListItem","position":2,"name":"Byssur","item":"https:\/\/www.joibyssusmidur.com\/index.php\/byssur-2\/"},{"@type":"ListItem","position":3,"name":"Mauser","item":"https:\/\/www.joibyssusmidur.com\/index.php\/byssur-2\/mauser\/"},{"@type":"ListItem","position":4,"name":"M03","item":"https:\/\/www.joibyssusmidur.com\/index.php\/byssur-2\/mauser\/mauser-m03\/"},{"@type":"ListItem","position":5,"name":"TRAIL M03"}]},{"@type":"WebSite","@id":"https:\/\/www.joibyssusmidur.com\/#website","url":"https:\/\/www.joibyssusmidur.com\/","name":"J\u00f3i byssusmi\u00f0ur","description":"joibyssusmidur","publisher":{"@id":"https:\/\/www.joibyssusmidur.com\/#\/schema\/person\/8a757fb5de9f249e91d49840047de199"},"potentialAction":[{"@type":"SearchAction","target":{"@type":"EntryPoint","urlTemplate":"https:\/\/www.joibyssusmidur.com\/?s={search_term_string}"},"query-input":{"@type":"PropertyValueSpecification","valueRequired":true,"valueName":"search_term_string"}}],"inLanguage":"en-US"},{"@type":["Person","Organization"],"@id":"https:\/\/www.joibyssusmidur.com\/#\/schema\/person\/8a757fb5de9f249e91d49840047de199","name":"J\u00f3hann Vilhj\u00e1lmsson","image":{"@type":"ImageObject","inLanguage":"en-US","@id":"https:\/\/secure.gravatar.com\/avatar\/752ab1088a5ce88b8c12eeb05bafe23c8611b12ccbfc8621c0e4dd63e5e440a1?s=96&d=mm&r=g","url":"https:\/\/secure.gravatar.com\/avatar\/752ab1088a5ce88b8c12eeb05bafe23c8611b12ccbfc8621c0e4dd63e5e440a1?s=96&d=mm&r=g","contentUrl":"https:\/\/secure.gravatar.com\/avatar\/752ab1088a5ce88b8c12eeb05bafe23c8611b12ccbfc8621c0e4dd63e5e440a1?s=96&d=mm&r=g","caption":"J\u00f3hann Vilhj\u00e1lmsson"},"logo":{"@id":"https:\/\/secure.gravatar.com\/avatar\/752ab1088a5ce88b8c12eeb05bafe23c8611b12ccbfc8621c0e4dd63e5e440a1?s=96&d=mm&r=g"},"sameAs":["https:\/\/www.joibyssusmidur.com"]}]}},"_links":{"self":[{"href":"https:\/\/www.joibyssusmidur.com\/index.php\/wp-json\/wp\/v2\/pages\/721","targetHints":{"allow":["GET"]}}],"collection":[{"href":"https:\/\/www.joibyssusmidur.com\/index.php\/wp-json\/wp\/v2\/pages"}],"about":[{"href":"https:\/\/www.joibyssusmidur.com\/index.php\/wp-json\/wp\/v2\/types\/page"}],"author":[{"embeddable":true,"href":"https:\/\/www.joibyssusmidur.com\/index.php\/wp-json\/wp\/v2\/users\/5"}],"replies":[{"embeddable":true,"href":"https:\/\/www.joibyssusmidur.com\/index.php\/wp-json\/wp\/v2\/comments?post=721"}],"version-history":[{"count":2,"href":"https:\/\/www.joibyssusmidur.com\/index.php\/wp-json\/wp\/v2\/pages\/721\/revisions"}],"predecessor-version":[{"id":2879,"href":"https:\/\/www.joibyssusmidur.com\/index.php\/wp-json\/wp\/v2\/pages\/721\/revisions\/2879"}],"up":[{"embeddable":true,"href":"https:\/\/www.joibyssusmidur.com\/index.php\/wp-json\/wp\/v2\/pages\/125"}],"wp:attachment":[{"href":"https:\/\/www.joibyssusmidur.com\/index.php\/wp-json\/wp\/v2\/media?parent=721"}],"curies":[{"name":"wp","href":"https:\/\/api.w.org\/{rel}","templated":true}]}}