{"id":713,"date":"2018-01-09T21:15:13","date_gmt":"2018-01-09T21:15:13","guid":{"rendered":"http:\/\/joibyssusmidur.com\/?page_id=713"},"modified":"2020-11-27T11:54:48","modified_gmt":"2020-11-27T11:54:48","slug":"m03-extreme","status":"publish","type":"page","link":"https:\/\/www.joibyssusmidur.com\/index.php\/byssur-2\/mauser\/mauser-m03\/m03-extreme\/","title":{"rendered":"EXTREME M03"},"content":{"rendered":"<p><strong>M03 EXTREME er\u00a0 f\u00e1nalegur \u00ed eftirt\u00f6ldum caliberum:\u00a0<\/strong>243 Win., .270 Win., .308 Win., .30-06, 7 mm Rem. Mag., .300 Win. Mag., .375 H&amp;H Mag., 6,5x55SE, 7&#215;64, 8x57IS, 9,3&#215;62, 8x68S<\/p>\n<p><strong>Ver\u00f0: 590.000 kr.\u00a0<\/strong>Til \u00e1 lager \u00ed cal 6,5&#215;55<\/p>\n<p>M03 EXTREME er har\u00f0ger\u00f0ur vei\u00f0iriffil og til \u00ed hva\u00f0 sem er.\u00a0<strong>L\u00fdsing framlei\u00f0anda:<\/strong>\u00a0When the going gets tough, the M 03 bolt action rifle with its practically indestructible polymer stock is the thing to choose. Even the brutal effects of drops, falls or other ill-treatment which might scar the stock, do not bring it to its knees. Thus, the EXTREME was created for hunting off the beaten path. It is the weapon for hunters who count on a rifle which can cope with everything during the hunt.<\/p>\n<p><img loading=\"lazy\" decoding=\"async\" class=\"alignnone size-full wp-image-714\" src=\"https:\/\/www.joibyssusmidur.com\/wp-content\/uploads\/2018\/01\/csm_Mauser_M03_Extreme_re_46a142f258-1.jpg\" alt=\"\" width=\"1800\" height=\"294\" srcset=\"https:\/\/www.joibyssusmidur.com\/wp-content\/uploads\/2018\/01\/csm_Mauser_M03_Extreme_re_46a142f258-1.jpg 1800w, https:\/\/www.joibyssusmidur.com\/wp-content\/uploads\/2018\/01\/csm_Mauser_M03_Extreme_re_46a142f258-1-300x49.jpg 300w, https:\/\/www.joibyssusmidur.com\/wp-content\/uploads\/2018\/01\/csm_Mauser_M03_Extreme_re_46a142f258-1-768x125.jpg 768w, https:\/\/www.joibyssusmidur.com\/wp-content\/uploads\/2018\/01\/csm_Mauser_M03_Extreme_re_46a142f258-1-1024x167.jpg 1024w, https:\/\/www.joibyssusmidur.com\/wp-content\/uploads\/2018\/01\/csm_Mauser_M03_Extreme_re_46a142f258-1-500x82.jpg 500w\" sizes=\"auto, (max-width: 1800px) 100vw, 1800px\" \/> <img loading=\"lazy\" decoding=\"async\" class=\"alignnone size-full wp-image-715\" src=\"https:\/\/www.joibyssusmidur.com\/wp-content\/uploads\/2018\/01\/csm_M03-Extreme_USP-3-Stahlmagazin-MagSafe_1702e6da9a.jpg\" alt=\"\" width=\"1800\" height=\"1800\" srcset=\"https:\/\/www.joibyssusmidur.com\/wp-content\/uploads\/2018\/01\/csm_M03-Extreme_USP-3-Stahlmagazin-MagSafe_1702e6da9a.jpg 1800w, https:\/\/www.joibyssusmidur.com\/wp-content\/uploads\/2018\/01\/csm_M03-Extreme_USP-3-Stahlmagazin-MagSafe_1702e6da9a-150x150.jpg 150w, https:\/\/www.joibyssusmidur.com\/wp-content\/uploads\/2018\/01\/csm_M03-Extreme_USP-3-Stahlmagazin-MagSafe_1702e6da9a-300x300.jpg 300w, https:\/\/www.joibyssusmidur.com\/wp-content\/uploads\/2018\/01\/csm_M03-Extreme_USP-3-Stahlmagazin-MagSafe_1702e6da9a-768x768.jpg 768w, https:\/\/www.joibyssusmidur.com\/wp-content\/uploads\/2018\/01\/csm_M03-Extreme_USP-3-Stahlmagazin-MagSafe_1702e6da9a-1024x1024.jpg 1024w\" sizes=\"auto, (max-width: 1800px) 100vw, 1800px\" \/> <img loading=\"lazy\" decoding=\"async\" class=\"alignnone size-full wp-image-716\" src=\"https:\/\/www.joibyssusmidur.com\/wp-content\/uploads\/2018\/01\/csm_M03-Extreme_USP-4-Systemkasten-und-Laufoberflaeche-aus-plasmaniertem-Stahl_cf18c9e879-1.jpg\" alt=\"\" width=\"1800\" height=\"1800\" srcset=\"https:\/\/www.joibyssusmidur.com\/wp-content\/uploads\/2018\/01\/csm_M03-Extreme_USP-4-Systemkasten-und-Laufoberflaeche-aus-plasmaniertem-Stahl_cf18c9e879-1.jpg 1800w, https:\/\/www.joibyssusmidur.com\/wp-content\/uploads\/2018\/01\/csm_M03-Extreme_USP-4-Systemkasten-und-Laufoberflaeche-aus-plasmaniertem-Stahl_cf18c9e879-1-150x150.jpg 150w, https:\/\/www.joibyssusmidur.com\/wp-content\/uploads\/2018\/01\/csm_M03-Extreme_USP-4-Systemkasten-und-Laufoberflaeche-aus-plasmaniertem-Stahl_cf18c9e879-1-300x300.jpg 300w, https:\/\/www.joibyssusmidur.com\/wp-content\/uploads\/2018\/01\/csm_M03-Extreme_USP-4-Systemkasten-und-Laufoberflaeche-aus-plasmaniertem-Stahl_cf18c9e879-1-768x768.jpg 768w, https:\/\/www.joibyssusmidur.com\/wp-content\/uploads\/2018\/01\/csm_M03-Extreme_USP-4-Systemkasten-und-Laufoberflaeche-aus-plasmaniertem-Stahl_cf18c9e879-1-1024x1024.jpg 1024w\" sizes=\"auto, (max-width: 1800px) 100vw, 1800px\" \/> <img loading=\"lazy\" decoding=\"async\" class=\"alignnone size-full wp-image-717\" src=\"https:\/\/www.joibyssusmidur.com\/wp-content\/uploads\/2018\/01\/csm_M03-Extreme-Modulares-System-fuer-Kaliber-und-Lauflaenge_52828e6f29-1.jpg\" alt=\"\" width=\"1800\" height=\"1800\" srcset=\"https:\/\/www.joibyssusmidur.com\/wp-content\/uploads\/2018\/01\/csm_M03-Extreme-Modulares-System-fuer-Kaliber-und-Lauflaenge_52828e6f29-1.jpg 1800w, https:\/\/www.joibyssusmidur.com\/wp-content\/uploads\/2018\/01\/csm_M03-Extreme-Modulares-System-fuer-Kaliber-und-Lauflaenge_52828e6f29-1-150x150.jpg 150w, https:\/\/www.joibyssusmidur.com\/wp-content\/uploads\/2018\/01\/csm_M03-Extreme-Modulares-System-fuer-Kaliber-und-Lauflaenge_52828e6f29-1-300x300.jpg 300w, https:\/\/www.joibyssusmidur.com\/wp-content\/uploads\/2018\/01\/csm_M03-Extreme-Modulares-System-fuer-Kaliber-und-Lauflaenge_52828e6f29-1-768x768.jpg 768w, https:\/\/www.joibyssusmidur.com\/wp-content\/uploads\/2018\/01\/csm_M03-Extreme-Modulares-System-fuer-Kaliber-und-Lauflaenge_52828e6f29-1-1024x1024.jpg 1024w\" sizes=\"auto, (max-width: 1800px) 100vw, 1800px\" \/> <img loading=\"lazy\" decoding=\"async\" class=\"alignnone size-full wp-image-718\" src=\"https:\/\/www.joibyssusmidur.com\/wp-content\/uploads\/2018\/01\/polymer-skefti..jpg\" alt=\"\" width=\"1140\" height=\"1140\" srcset=\"https:\/\/www.joibyssusmidur.com\/wp-content\/uploads\/2018\/01\/polymer-skefti..jpg 1140w, https:\/\/www.joibyssusmidur.com\/wp-content\/uploads\/2018\/01\/polymer-skefti.-150x150.jpg 150w, https:\/\/www.joibyssusmidur.com\/wp-content\/uploads\/2018\/01\/polymer-skefti.-300x300.jpg 300w, https:\/\/www.joibyssusmidur.com\/wp-content\/uploads\/2018\/01\/polymer-skefti.-768x768.jpg 768w, https:\/\/www.joibyssusmidur.com\/wp-content\/uploads\/2018\/01\/polymer-skefti.-1024x1024.jpg 1024w\" sizes=\"auto, (max-width: 1140px) 100vw, 1140px\" \/><\/p>\n<p>&nbsp;<\/p>\n<p>&nbsp;<\/p>\n","protected":false},"excerpt":{"rendered":"<p>M03 EXTREME er\u00a0 f\u00e1nalegur \u00ed eftirt\u00f6ldum caliberum:\u00a0243 Win., .270 Win., .308 Win., .30-06, 7 mm Rem. Mag., .300 Win. Mag., .375 H&amp;H Mag., 6,5x55SE, 7&#215;64, 8x57IS, 9,3&#215;62, 8x68S Ver\u00f0: 590.000 kr.\u00a0Til \u00e1 lager \u00ed cal 6,5&#215;55 M03 EXTREME er har\u00f0ger\u00f0ur &hellip; <a class=\"more-link\" href=\"https:\/\/www.joibyssusmidur.com\/index.php\/byssur-2\/mauser\/mauser-m03\/m03-extreme\/\">Continue reading <span class=\"meta-nav\">&rarr;<\/span><\/a><\/p>\n","protected":false},"author":5,"featured_media":0,"parent":125,"menu_order":0,"comment_status":"closed","ping_status":"closed","template":"","meta":{"footnotes":""},"class_list":["post-713","page","type-page","status-publish","hentry"],"yoast_head":"<!-- This site is optimized with the Yoast SEO plugin v27.3 - https:\/\/yoast.com\/product\/yoast-seo-wordpress\/ -->\n<title>EXTREME M03 - J\u00f3i byssusmi\u00f0ur<\/title>\n<meta name=\"robots\" content=\"index, follow, max-snippet:-1, max-image-preview:large, max-video-preview:-1\" \/>\n<link rel=\"canonical\" href=\"https:\/\/www.joibyssusmidur.com\/index.php\/byssur-2\/mauser\/mauser-m03\/m03-extreme\/\" \/>\n<meta property=\"og:locale\" content=\"en_US\" \/>\n<meta property=\"og:type\" content=\"article\" \/>\n<meta property=\"og:title\" content=\"EXTREME M03 - J\u00f3i byssusmi\u00f0ur\" \/>\n<meta property=\"og:description\" content=\"M03 EXTREME er\u00a0 f\u00e1nalegur \u00ed eftirt\u00f6ldum caliberum:\u00a0243 Win., .270 Win., .308 Win., .30-06, 7 mm Rem. Mag., .300 Win. Mag., .375 H&amp;H Mag., 6,5x55SE, 7&#215;64, 8x57IS, 9,3&#215;62, 8x68S Ver\u00f0: 590.000 kr.\u00a0Til \u00e1 lager \u00ed cal 6,5&#215;55 M03 EXTREME er har\u00f0ger\u00f0ur &hellip; Continue reading &rarr;\" \/>\n<meta property=\"og:url\" content=\"https:\/\/www.joibyssusmidur.com\/index.php\/byssur-2\/mauser\/mauser-m03\/m03-extreme\/\" \/>\n<meta property=\"og:site_name\" content=\"J\u00f3i byssusmi\u00f0ur\" \/>\n<meta property=\"article:modified_time\" content=\"2020-11-27T11:54:48+00:00\" \/>\n<meta property=\"og:image\" content=\"https:\/\/www.joibyssusmidur.com\/wp-content\/uploads\/2018\/01\/csm_Mauser_M03_Extreme_re_46a142f258-1.jpg\" \/>\n<meta name=\"twitter:card\" content=\"summary_large_image\" \/>\n<meta name=\"twitter:label1\" content=\"Est. reading time\" \/>\n\t<meta name=\"twitter:data1\" content=\"1 minute\" \/>\n<script type=\"application\/ld+json\" class=\"yoast-schema-graph\">{\"@context\":\"https:\\\/\\\/schema.org\",\"@graph\":[{\"@type\":\"WebPage\",\"@id\":\"https:\\\/\\\/www.joibyssusmidur.com\\\/index.php\\\/byssur-2\\\/mauser\\\/mauser-m03\\\/m03-extreme\\\/\",\"url\":\"https:\\\/\\\/www.joibyssusmidur.com\\\/index.php\\\/byssur-2\\\/mauser\\\/mauser-m03\\\/m03-extreme\\\/\",\"name\":\"EXTREME M03 - J\u00f3i byssusmi\u00f0ur\",\"isPartOf\":{\"@id\":\"https:\\\/\\\/www.joibyssusmidur.com\\\/#website\"},\"primaryImageOfPage\":{\"@id\":\"https:\\\/\\\/www.joibyssusmidur.com\\\/index.php\\\/byssur-2\\\/mauser\\\/mauser-m03\\\/m03-extreme\\\/#primaryimage\"},\"image\":{\"@id\":\"https:\\\/\\\/www.joibyssusmidur.com\\\/index.php\\\/byssur-2\\\/mauser\\\/mauser-m03\\\/m03-extreme\\\/#primaryimage\"},\"thumbnailUrl\":\"https:\\\/\\\/www.joibyssusmidur.com\\\/wp-content\\\/uploads\\\/2018\\\/01\\\/csm_Mauser_M03_Extreme_re_46a142f258-1.jpg\",\"datePublished\":\"2018-01-09T21:15:13+00:00\",\"dateModified\":\"2020-11-27T11:54:48+00:00\",\"breadcrumb\":{\"@id\":\"https:\\\/\\\/www.joibyssusmidur.com\\\/index.php\\\/byssur-2\\\/mauser\\\/mauser-m03\\\/m03-extreme\\\/#breadcrumb\"},\"inLanguage\":\"en-US\",\"potentialAction\":[{\"@type\":\"ReadAction\",\"target\":[\"https:\\\/\\\/www.joibyssusmidur.com\\\/index.php\\\/byssur-2\\\/mauser\\\/mauser-m03\\\/m03-extreme\\\/\"]}]},{\"@type\":\"ImageObject\",\"inLanguage\":\"en-US\",\"@id\":\"https:\\\/\\\/www.joibyssusmidur.com\\\/index.php\\\/byssur-2\\\/mauser\\\/mauser-m03\\\/m03-extreme\\\/#primaryimage\",\"url\":\"https:\\\/\\\/www.joibyssusmidur.com\\\/wp-content\\\/uploads\\\/2018\\\/01\\\/csm_Mauser_M03_Extreme_re_46a142f258-1.jpg\",\"contentUrl\":\"https:\\\/\\\/www.joibyssusmidur.com\\\/wp-content\\\/uploads\\\/2018\\\/01\\\/csm_Mauser_M03_Extreme_re_46a142f258-1.jpg\",\"width\":1800,\"height\":294},{\"@type\":\"BreadcrumbList\",\"@id\":\"https:\\\/\\\/www.joibyssusmidur.com\\\/index.php\\\/byssur-2\\\/mauser\\\/mauser-m03\\\/m03-extreme\\\/#breadcrumb\",\"itemListElement\":[{\"@type\":\"ListItem\",\"position\":1,\"name\":\"Home\",\"item\":\"https:\\\/\\\/www.joibyssusmidur.com\\\/\"},{\"@type\":\"ListItem\",\"position\":2,\"name\":\"Byssur\",\"item\":\"https:\\\/\\\/www.joibyssusmidur.com\\\/index.php\\\/byssur-2\\\/\"},{\"@type\":\"ListItem\",\"position\":3,\"name\":\"Mauser\",\"item\":\"https:\\\/\\\/www.joibyssusmidur.com\\\/index.php\\\/byssur-2\\\/mauser\\\/\"},{\"@type\":\"ListItem\",\"position\":4,\"name\":\"M03\",\"item\":\"https:\\\/\\\/www.joibyssusmidur.com\\\/index.php\\\/byssur-2\\\/mauser\\\/mauser-m03\\\/\"},{\"@type\":\"ListItem\",\"position\":5,\"name\":\"EXTREME M03\"}]},{\"@type\":\"WebSite\",\"@id\":\"https:\\\/\\\/www.joibyssusmidur.com\\\/#website\",\"url\":\"https:\\\/\\\/www.joibyssusmidur.com\\\/\",\"name\":\"J\u00f3i byssusmi\u00f0ur\",\"description\":\"joibyssusmidur\",\"publisher\":{\"@id\":\"https:\\\/\\\/www.joibyssusmidur.com\\\/#\\\/schema\\\/person\\\/8a757fb5de9f249e91d49840047de199\"},\"potentialAction\":[{\"@type\":\"SearchAction\",\"target\":{\"@type\":\"EntryPoint\",\"urlTemplate\":\"https:\\\/\\\/www.joibyssusmidur.com\\\/?s={search_term_string}\"},\"query-input\":{\"@type\":\"PropertyValueSpecification\",\"valueRequired\":true,\"valueName\":\"search_term_string\"}}],\"inLanguage\":\"en-US\"},{\"@type\":[\"Person\",\"Organization\"],\"@id\":\"https:\\\/\\\/www.joibyssusmidur.com\\\/#\\\/schema\\\/person\\\/8a757fb5de9f249e91d49840047de199\",\"name\":\"J\u00f3hann Vilhj\u00e1lmsson\",\"image\":{\"@type\":\"ImageObject\",\"inLanguage\":\"en-US\",\"@id\":\"https:\\\/\\\/secure.gravatar.com\\\/avatar\\\/752ab1088a5ce88b8c12eeb05bafe23c8611b12ccbfc8621c0e4dd63e5e440a1?s=96&d=mm&r=g\",\"url\":\"https:\\\/\\\/secure.gravatar.com\\\/avatar\\\/752ab1088a5ce88b8c12eeb05bafe23c8611b12ccbfc8621c0e4dd63e5e440a1?s=96&d=mm&r=g\",\"contentUrl\":\"https:\\\/\\\/secure.gravatar.com\\\/avatar\\\/752ab1088a5ce88b8c12eeb05bafe23c8611b12ccbfc8621c0e4dd63e5e440a1?s=96&d=mm&r=g\",\"caption\":\"J\u00f3hann Vilhj\u00e1lmsson\"},\"logo\":{\"@id\":\"https:\\\/\\\/secure.gravatar.com\\\/avatar\\\/752ab1088a5ce88b8c12eeb05bafe23c8611b12ccbfc8621c0e4dd63e5e440a1?s=96&d=mm&r=g\"},\"sameAs\":[\"https:\\\/\\\/www.joibyssusmidur.com\"]}]}<\/script>\n<!-- \/ Yoast SEO plugin. -->","yoast_head_json":{"title":"EXTREME M03 - J\u00f3i byssusmi\u00f0ur","robots":{"index":"index","follow":"follow","max-snippet":"max-snippet:-1","max-image-preview":"max-image-preview:large","max-video-preview":"max-video-preview:-1"},"canonical":"https:\/\/www.joibyssusmidur.com\/index.php\/byssur-2\/mauser\/mauser-m03\/m03-extreme\/","og_locale":"en_US","og_type":"article","og_title":"EXTREME M03 - J\u00f3i byssusmi\u00f0ur","og_description":"M03 EXTREME er\u00a0 f\u00e1nalegur \u00ed eftirt\u00f6ldum caliberum:\u00a0243 Win., .270 Win., .308 Win., .30-06, 7 mm Rem. Mag., .300 Win. Mag., .375 H&amp;H Mag., 6,5x55SE, 7&#215;64, 8x57IS, 9,3&#215;62, 8x68S Ver\u00f0: 590.000 kr.\u00a0Til \u00e1 lager \u00ed cal 6,5&#215;55 M03 EXTREME er har\u00f0ger\u00f0ur &hellip; Continue reading &rarr;","og_url":"https:\/\/www.joibyssusmidur.com\/index.php\/byssur-2\/mauser\/mauser-m03\/m03-extreme\/","og_site_name":"J\u00f3i byssusmi\u00f0ur","article_modified_time":"2020-11-27T11:54:48+00:00","og_image":[{"url":"https:\/\/www.joibyssusmidur.com\/wp-content\/uploads\/2018\/01\/csm_Mauser_M03_Extreme_re_46a142f258-1.jpg","type":"","width":"","height":""}],"twitter_card":"summary_large_image","twitter_misc":{"Est. reading time":"1 minute"},"schema":{"@context":"https:\/\/schema.org","@graph":[{"@type":"WebPage","@id":"https:\/\/www.joibyssusmidur.com\/index.php\/byssur-2\/mauser\/mauser-m03\/m03-extreme\/","url":"https:\/\/www.joibyssusmidur.com\/index.php\/byssur-2\/mauser\/mauser-m03\/m03-extreme\/","name":"EXTREME M03 - J\u00f3i byssusmi\u00f0ur","isPartOf":{"@id":"https:\/\/www.joibyssusmidur.com\/#website"},"primaryImageOfPage":{"@id":"https:\/\/www.joibyssusmidur.com\/index.php\/byssur-2\/mauser\/mauser-m03\/m03-extreme\/#primaryimage"},"image":{"@id":"https:\/\/www.joibyssusmidur.com\/index.php\/byssur-2\/mauser\/mauser-m03\/m03-extreme\/#primaryimage"},"thumbnailUrl":"https:\/\/www.joibyssusmidur.com\/wp-content\/uploads\/2018\/01\/csm_Mauser_M03_Extreme_re_46a142f258-1.jpg","datePublished":"2018-01-09T21:15:13+00:00","dateModified":"2020-11-27T11:54:48+00:00","breadcrumb":{"@id":"https:\/\/www.joibyssusmidur.com\/index.php\/byssur-2\/mauser\/mauser-m03\/m03-extreme\/#breadcrumb"},"inLanguage":"en-US","potentialAction":[{"@type":"ReadAction","target":["https:\/\/www.joibyssusmidur.com\/index.php\/byssur-2\/mauser\/mauser-m03\/m03-extreme\/"]}]},{"@type":"ImageObject","inLanguage":"en-US","@id":"https:\/\/www.joibyssusmidur.com\/index.php\/byssur-2\/mauser\/mauser-m03\/m03-extreme\/#primaryimage","url":"https:\/\/www.joibyssusmidur.com\/wp-content\/uploads\/2018\/01\/csm_Mauser_M03_Extreme_re_46a142f258-1.jpg","contentUrl":"https:\/\/www.joibyssusmidur.com\/wp-content\/uploads\/2018\/01\/csm_Mauser_M03_Extreme_re_46a142f258-1.jpg","width":1800,"height":294},{"@type":"BreadcrumbList","@id":"https:\/\/www.joibyssusmidur.com\/index.php\/byssur-2\/mauser\/mauser-m03\/m03-extreme\/#breadcrumb","itemListElement":[{"@type":"ListItem","position":1,"name":"Home","item":"https:\/\/www.joibyssusmidur.com\/"},{"@type":"ListItem","position":2,"name":"Byssur","item":"https:\/\/www.joibyssusmidur.com\/index.php\/byssur-2\/"},{"@type":"ListItem","position":3,"name":"Mauser","item":"https:\/\/www.joibyssusmidur.com\/index.php\/byssur-2\/mauser\/"},{"@type":"ListItem","position":4,"name":"M03","item":"https:\/\/www.joibyssusmidur.com\/index.php\/byssur-2\/mauser\/mauser-m03\/"},{"@type":"ListItem","position":5,"name":"EXTREME M03"}]},{"@type":"WebSite","@id":"https:\/\/www.joibyssusmidur.com\/#website","url":"https:\/\/www.joibyssusmidur.com\/","name":"J\u00f3i byssusmi\u00f0ur","description":"joibyssusmidur","publisher":{"@id":"https:\/\/www.joibyssusmidur.com\/#\/schema\/person\/8a757fb5de9f249e91d49840047de199"},"potentialAction":[{"@type":"SearchAction","target":{"@type":"EntryPoint","urlTemplate":"https:\/\/www.joibyssusmidur.com\/?s={search_term_string}"},"query-input":{"@type":"PropertyValueSpecification","valueRequired":true,"valueName":"search_term_string"}}],"inLanguage":"en-US"},{"@type":["Person","Organization"],"@id":"https:\/\/www.joibyssusmidur.com\/#\/schema\/person\/8a757fb5de9f249e91d49840047de199","name":"J\u00f3hann Vilhj\u00e1lmsson","image":{"@type":"ImageObject","inLanguage":"en-US","@id":"https:\/\/secure.gravatar.com\/avatar\/752ab1088a5ce88b8c12eeb05bafe23c8611b12ccbfc8621c0e4dd63e5e440a1?s=96&d=mm&r=g","url":"https:\/\/secure.gravatar.com\/avatar\/752ab1088a5ce88b8c12eeb05bafe23c8611b12ccbfc8621c0e4dd63e5e440a1?s=96&d=mm&r=g","contentUrl":"https:\/\/secure.gravatar.com\/avatar\/752ab1088a5ce88b8c12eeb05bafe23c8611b12ccbfc8621c0e4dd63e5e440a1?s=96&d=mm&r=g","caption":"J\u00f3hann Vilhj\u00e1lmsson"},"logo":{"@id":"https:\/\/secure.gravatar.com\/avatar\/752ab1088a5ce88b8c12eeb05bafe23c8611b12ccbfc8621c0e4dd63e5e440a1?s=96&d=mm&r=g"},"sameAs":["https:\/\/www.joibyssusmidur.com"]}]}},"_links":{"self":[{"href":"https:\/\/www.joibyssusmidur.com\/index.php\/wp-json\/wp\/v2\/pages\/713","targetHints":{"allow":["GET"]}}],"collection":[{"href":"https:\/\/www.joibyssusmidur.com\/index.php\/wp-json\/wp\/v2\/pages"}],"about":[{"href":"https:\/\/www.joibyssusmidur.com\/index.php\/wp-json\/wp\/v2\/types\/page"}],"author":[{"embeddable":true,"href":"https:\/\/www.joibyssusmidur.com\/index.php\/wp-json\/wp\/v2\/users\/5"}],"replies":[{"embeddable":true,"href":"https:\/\/www.joibyssusmidur.com\/index.php\/wp-json\/wp\/v2\/comments?post=713"}],"version-history":[{"count":3,"href":"https:\/\/www.joibyssusmidur.com\/index.php\/wp-json\/wp\/v2\/pages\/713\/revisions"}],"predecessor-version":[{"id":2877,"href":"https:\/\/www.joibyssusmidur.com\/index.php\/wp-json\/wp\/v2\/pages\/713\/revisions\/2877"}],"up":[{"embeddable":true,"href":"https:\/\/www.joibyssusmidur.com\/index.php\/wp-json\/wp\/v2\/pages\/125"}],"wp:attachment":[{"href":"https:\/\/www.joibyssusmidur.com\/index.php\/wp-json\/wp\/v2\/media?parent=713"}],"curies":[{"name":"wp","href":"https:\/\/api.w.org\/{rel}","templated":true}]}}