{"id":687,"date":"2018-01-09T20:32:54","date_gmt":"2018-01-09T20:32:54","guid":{"rendered":"http:\/\/joibyssusmidur.com\/?page_id=687"},"modified":"2020-11-27T11:55:42","modified_gmt":"2020-11-27T11:55:42","slug":"m03-pure","status":"publish","type":"page","link":"https:\/\/www.joibyssusmidur.com\/index.php\/byssur-2\/mauser\/mauser-m03\/m03-pure\/","title":{"rendered":"PURE M03"},"content":{"rendered":"<p><strong>Mauser M03 rifflar koma \u00ed eftirfarandi caliberum:<\/strong><br \/>\n.243 Win., .270 Win., .308 Win., .30-06, 7 mm Rem. Mag., .300 Win. Mag., .375 H&amp;H Mag., 6,5x55SE, 7&#215;64, 8x57IS, 9,3&#215;62, 8x68S<\/p>\n<p><strong>Ver\u00f0: 650.000 kr\u00a0<\/strong>Til \u00e1 lager \u00ed 6,5&#215;55<\/p>\n<p><strong>L\u00fdsing framlei\u00f0anda:\u00a0<\/strong>Technically, the MAUSER M 03 PURE scores with its standard equipment including set trigger and &#8220;MagSafe&#8221; magazine lock. Optically, the ground-breaking new stock consistently continues the unmistakable look for MAUSER hunting weapons. The fitted German cheek with hinge, the striking bead around the magazine frame as well as the progressive lines to the forearm tip give it the unique dynamic of a real &#8220;MAUSER Sporting Rifle&#8221;<\/p>\n<p><img loading=\"lazy\" decoding=\"async\" class=\"wp-image-688 size-full\" src=\"https:\/\/www.joibyssusmidur.com\/wp-content\/uploads\/2018\/01\/Mauser_M03_Pure-re_66d2d3989d.png\" alt=\"\" width=\"1800\" height=\"301\" srcset=\"https:\/\/www.joibyssusmidur.com\/wp-content\/uploads\/2018\/01\/Mauser_M03_Pure-re_66d2d3989d.png 1800w, https:\/\/www.joibyssusmidur.com\/wp-content\/uploads\/2018\/01\/Mauser_M03_Pure-re_66d2d3989d-300x50.png 300w, https:\/\/www.joibyssusmidur.com\/wp-content\/uploads\/2018\/01\/Mauser_M03_Pure-re_66d2d3989d-768x128.png 768w, https:\/\/www.joibyssusmidur.com\/wp-content\/uploads\/2018\/01\/Mauser_M03_Pure-re_66d2d3989d-1024x171.png 1024w, https:\/\/www.joibyssusmidur.com\/wp-content\/uploads\/2018\/01\/Mauser_M03_Pure-re_66d2d3989d-500x84.png 500w\" sizes=\"auto, (max-width: 1800px) 100vw, 1800px\" \/><\/p>\n<div id=\"attachment_689\" style=\"width: 1810px\" class=\"wp-caption alignnone\"><img loading=\"lazy\" decoding=\"async\" aria-describedby=\"caption-attachment-689\" class=\"wp-image-689 size-full\" src=\"https:\/\/www.joibyssusmidur.com\/wp-content\/uploads\/2018\/01\/csm_M03-Pure_USP-2_-Modulares-System-fuer-Kaliber-und-Lauflaenge_598fb27f6d-1.jpg\" alt=\"\" width=\"1800\" height=\"1800\" srcset=\"https:\/\/www.joibyssusmidur.com\/wp-content\/uploads\/2018\/01\/csm_M03-Pure_USP-2_-Modulares-System-fuer-Kaliber-und-Lauflaenge_598fb27f6d-1.jpg 1800w, https:\/\/www.joibyssusmidur.com\/wp-content\/uploads\/2018\/01\/csm_M03-Pure_USP-2_-Modulares-System-fuer-Kaliber-und-Lauflaenge_598fb27f6d-1-150x150.jpg 150w, https:\/\/www.joibyssusmidur.com\/wp-content\/uploads\/2018\/01\/csm_M03-Pure_USP-2_-Modulares-System-fuer-Kaliber-und-Lauflaenge_598fb27f6d-1-300x300.jpg 300w, https:\/\/www.joibyssusmidur.com\/wp-content\/uploads\/2018\/01\/csm_M03-Pure_USP-2_-Modulares-System-fuer-Kaliber-und-Lauflaenge_598fb27f6d-1-768x768.jpg 768w, https:\/\/www.joibyssusmidur.com\/wp-content\/uploads\/2018\/01\/csm_M03-Pure_USP-2_-Modulares-System-fuer-Kaliber-und-Lauflaenge_598fb27f6d-1-1024x1024.jpg 1024w\" sizes=\"auto, (max-width: 1800px) 100vw, 1800px\" \/><p id=\"caption-attachment-689\" class=\"wp-caption-text\">Uppl\u00fdsingar framlei\u00f0anda: Modular system in terms of calibre and barrel length<\/p><\/div>\n<div id=\"attachment_690\" style=\"width: 1150px\" class=\"wp-caption alignnone\"><img loading=\"lazy\" decoding=\"async\" aria-describedby=\"caption-attachment-690\" class=\"wp-image-690 size-full\" src=\"https:\/\/www.joibyssusmidur.com\/wp-content\/uploads\/2018\/01\/csm_M03-Pure_USP-4-Systemkasten-und-Laufoberflaeche-aus-plasmaniertem-Stahl_4e4b50eacc.jpg\" alt=\"\" width=\"1140\" height=\"1140\" srcset=\"https:\/\/www.joibyssusmidur.com\/wp-content\/uploads\/2018\/01\/csm_M03-Pure_USP-4-Systemkasten-und-Laufoberflaeche-aus-plasmaniertem-Stahl_4e4b50eacc.jpg 1140w, https:\/\/www.joibyssusmidur.com\/wp-content\/uploads\/2018\/01\/csm_M03-Pure_USP-4-Systemkasten-und-Laufoberflaeche-aus-plasmaniertem-Stahl_4e4b50eacc-150x150.jpg 150w, https:\/\/www.joibyssusmidur.com\/wp-content\/uploads\/2018\/01\/csm_M03-Pure_USP-4-Systemkasten-und-Laufoberflaeche-aus-plasmaniertem-Stahl_4e4b50eacc-300x300.jpg 300w, https:\/\/www.joibyssusmidur.com\/wp-content\/uploads\/2018\/01\/csm_M03-Pure_USP-4-Systemkasten-und-Laufoberflaeche-aus-plasmaniertem-Stahl_4e4b50eacc-768x768.jpg 768w, https:\/\/www.joibyssusmidur.com\/wp-content\/uploads\/2018\/01\/csm_M03-Pure_USP-4-Systemkasten-und-Laufoberflaeche-aus-plasmaniertem-Stahl_4e4b50eacc-1024x1024.jpg 1024w\" sizes=\"auto, (max-width: 1140px) 100vw, 1140px\" \/><p id=\"caption-attachment-690\" class=\"wp-caption-text\">Uppl\u00fdsingar framlei\u00f0anda: Receiver and barrel surface made of plasma-nitrided steel<\/p><\/div>\n<div id=\"attachment_691\" style=\"width: 1810px\" class=\"wp-caption alignnone\"><img loading=\"lazy\" decoding=\"async\" aria-describedby=\"caption-attachment-691\" class=\"wp-image-691 size-full\" src=\"https:\/\/www.joibyssusmidur.com\/wp-content\/uploads\/2018\/01\/csm_M03-Verriegelung_56bd03f1f2.jpg\" alt=\"\" width=\"1800\" height=\"1800\" srcset=\"https:\/\/www.joibyssusmidur.com\/wp-content\/uploads\/2018\/01\/csm_M03-Verriegelung_56bd03f1f2.jpg 1800w, https:\/\/www.joibyssusmidur.com\/wp-content\/uploads\/2018\/01\/csm_M03-Verriegelung_56bd03f1f2-150x150.jpg 150w, https:\/\/www.joibyssusmidur.com\/wp-content\/uploads\/2018\/01\/csm_M03-Verriegelung_56bd03f1f2-300x300.jpg 300w, https:\/\/www.joibyssusmidur.com\/wp-content\/uploads\/2018\/01\/csm_M03-Verriegelung_56bd03f1f2-768x768.jpg 768w, https:\/\/www.joibyssusmidur.com\/wp-content\/uploads\/2018\/01\/csm_M03-Verriegelung_56bd03f1f2-1024x1024.jpg 1024w\" sizes=\"auto, (max-width: 1800px) 100vw, 1800px\" \/><p id=\"caption-attachment-691\" class=\"wp-caption-text\">Au\u00f0velt er a\u00f0 skipta um boltahaus og eru \u00feeir mismunandi eftir \u00fev\u00ed hvort um s\u00e9 a\u00f0 r\u00e6\u00f0a Standar e\u00f0a Magnum skothylki. Uppl\u00fdsingar framlei\u00f0anda: Locking system integrated directly into the barrel<\/p><\/div>\n<p><img loading=\"lazy\" decoding=\"async\" class=\"alignnone size-full wp-image-692\" src=\"https:\/\/www.joibyssusmidur.com\/wp-content\/uploads\/2018\/01\/M03-Pure_USP-1-Classic-Sporter-Schaft-Holzklasse2.jpg\" alt=\"\" width=\"1140\" height=\"1140\" srcset=\"https:\/\/www.joibyssusmidur.com\/wp-content\/uploads\/2018\/01\/M03-Pure_USP-1-Classic-Sporter-Schaft-Holzklasse2.jpg 1140w, https:\/\/www.joibyssusmidur.com\/wp-content\/uploads\/2018\/01\/M03-Pure_USP-1-Classic-Sporter-Schaft-Holzklasse2-150x150.jpg 150w, https:\/\/www.joibyssusmidur.com\/wp-content\/uploads\/2018\/01\/M03-Pure_USP-1-Classic-Sporter-Schaft-Holzklasse2-300x300.jpg 300w, https:\/\/www.joibyssusmidur.com\/wp-content\/uploads\/2018\/01\/M03-Pure_USP-1-Classic-Sporter-Schaft-Holzklasse2-768x768.jpg 768w, https:\/\/www.joibyssusmidur.com\/wp-content\/uploads\/2018\/01\/M03-Pure_USP-1-Classic-Sporter-Schaft-Holzklasse2-1024x1024.jpg 1024w\" sizes=\"auto, (max-width: 1140px) 100vw, 1140px\" \/><\/p>\n","protected":false},"excerpt":{"rendered":"<p>Mauser M03 rifflar koma \u00ed eftirfarandi caliberum: .243 Win., .270 Win., .308 Win., .30-06, 7 mm Rem. Mag., .300 Win. Mag., .375 H&amp;H Mag., 6,5x55SE, 7&#215;64, 8x57IS, 9,3&#215;62, 8x68S Ver\u00f0: 650.000 kr\u00a0Til \u00e1 lager \u00ed 6,5&#215;55 L\u00fdsing framlei\u00f0anda:\u00a0Technically, the MAUSER &hellip; <a class=\"more-link\" href=\"https:\/\/www.joibyssusmidur.com\/index.php\/byssur-2\/mauser\/mauser-m03\/m03-pure\/\">Continue reading <span class=\"meta-nav\">&rarr;<\/span><\/a><\/p>\n","protected":false},"author":5,"featured_media":0,"parent":125,"menu_order":0,"comment_status":"closed","ping_status":"closed","template":"","meta":{"footnotes":""},"class_list":["post-687","page","type-page","status-publish","hentry"],"yoast_head":"<!-- This site is optimized with the Yoast SEO plugin v27.3 - https:\/\/yoast.com\/product\/yoast-seo-wordpress\/ -->\n<title>PURE M03 - J\u00f3i byssusmi\u00f0ur<\/title>\n<meta name=\"robots\" content=\"index, follow, max-snippet:-1, max-image-preview:large, max-video-preview:-1\" \/>\n<link rel=\"canonical\" href=\"https:\/\/www.joibyssusmidur.com\/index.php\/byssur-2\/mauser\/mauser-m03\/m03-pure\/\" \/>\n<meta property=\"og:locale\" content=\"en_US\" \/>\n<meta property=\"og:type\" content=\"article\" \/>\n<meta property=\"og:title\" content=\"PURE M03 - J\u00f3i byssusmi\u00f0ur\" \/>\n<meta property=\"og:description\" content=\"Mauser M03 rifflar koma \u00ed eftirfarandi caliberum: .243 Win., .270 Win., .308 Win., .30-06, 7 mm Rem. Mag., .300 Win. Mag., .375 H&amp;H Mag., 6,5x55SE, 7&#215;64, 8x57IS, 9,3&#215;62, 8x68S Ver\u00f0: 650.000 kr\u00a0Til \u00e1 lager \u00ed 6,5&#215;55 L\u00fdsing framlei\u00f0anda:\u00a0Technically, the MAUSER &hellip; Continue reading &rarr;\" \/>\n<meta property=\"og:url\" content=\"https:\/\/www.joibyssusmidur.com\/index.php\/byssur-2\/mauser\/mauser-m03\/m03-pure\/\" \/>\n<meta property=\"og:site_name\" content=\"J\u00f3i byssusmi\u00f0ur\" \/>\n<meta property=\"article:modified_time\" content=\"2020-11-27T11:55:42+00:00\" \/>\n<meta property=\"og:image\" content=\"https:\/\/www.joibyssusmidur.com\/wp-content\/uploads\/2018\/01\/Mauser_M03_Pure-re_66d2d3989d.png\" \/>\n<meta name=\"twitter:card\" content=\"summary_large_image\" \/>\n<meta name=\"twitter:label1\" content=\"Est. reading time\" \/>\n\t<meta name=\"twitter:data1\" content=\"1 minute\" \/>\n<script type=\"application\/ld+json\" class=\"yoast-schema-graph\">{\"@context\":\"https:\\\/\\\/schema.org\",\"@graph\":[{\"@type\":\"WebPage\",\"@id\":\"https:\\\/\\\/www.joibyssusmidur.com\\\/index.php\\\/byssur-2\\\/mauser\\\/mauser-m03\\\/m03-pure\\\/\",\"url\":\"https:\\\/\\\/www.joibyssusmidur.com\\\/index.php\\\/byssur-2\\\/mauser\\\/mauser-m03\\\/m03-pure\\\/\",\"name\":\"PURE M03 - J\u00f3i byssusmi\u00f0ur\",\"isPartOf\":{\"@id\":\"https:\\\/\\\/www.joibyssusmidur.com\\\/#website\"},\"primaryImageOfPage\":{\"@id\":\"https:\\\/\\\/www.joibyssusmidur.com\\\/index.php\\\/byssur-2\\\/mauser\\\/mauser-m03\\\/m03-pure\\\/#primaryimage\"},\"image\":{\"@id\":\"https:\\\/\\\/www.joibyssusmidur.com\\\/index.php\\\/byssur-2\\\/mauser\\\/mauser-m03\\\/m03-pure\\\/#primaryimage\"},\"thumbnailUrl\":\"https:\\\/\\\/www.joibyssusmidur.com\\\/wp-content\\\/uploads\\\/2018\\\/01\\\/Mauser_M03_Pure-re_66d2d3989d.png\",\"datePublished\":\"2018-01-09T20:32:54+00:00\",\"dateModified\":\"2020-11-27T11:55:42+00:00\",\"breadcrumb\":{\"@id\":\"https:\\\/\\\/www.joibyssusmidur.com\\\/index.php\\\/byssur-2\\\/mauser\\\/mauser-m03\\\/m03-pure\\\/#breadcrumb\"},\"inLanguage\":\"en-US\",\"potentialAction\":[{\"@type\":\"ReadAction\",\"target\":[\"https:\\\/\\\/www.joibyssusmidur.com\\\/index.php\\\/byssur-2\\\/mauser\\\/mauser-m03\\\/m03-pure\\\/\"]}]},{\"@type\":\"ImageObject\",\"inLanguage\":\"en-US\",\"@id\":\"https:\\\/\\\/www.joibyssusmidur.com\\\/index.php\\\/byssur-2\\\/mauser\\\/mauser-m03\\\/m03-pure\\\/#primaryimage\",\"url\":\"https:\\\/\\\/www.joibyssusmidur.com\\\/wp-content\\\/uploads\\\/2018\\\/01\\\/Mauser_M03_Pure-re_66d2d3989d.png\",\"contentUrl\":\"https:\\\/\\\/www.joibyssusmidur.com\\\/wp-content\\\/uploads\\\/2018\\\/01\\\/Mauser_M03_Pure-re_66d2d3989d.png\",\"width\":1800,\"height\":301},{\"@type\":\"BreadcrumbList\",\"@id\":\"https:\\\/\\\/www.joibyssusmidur.com\\\/index.php\\\/byssur-2\\\/mauser\\\/mauser-m03\\\/m03-pure\\\/#breadcrumb\",\"itemListElement\":[{\"@type\":\"ListItem\",\"position\":1,\"name\":\"Home\",\"item\":\"https:\\\/\\\/www.joibyssusmidur.com\\\/\"},{\"@type\":\"ListItem\",\"position\":2,\"name\":\"Byssur\",\"item\":\"https:\\\/\\\/www.joibyssusmidur.com\\\/index.php\\\/byssur-2\\\/\"},{\"@type\":\"ListItem\",\"position\":3,\"name\":\"Mauser\",\"item\":\"https:\\\/\\\/www.joibyssusmidur.com\\\/index.php\\\/byssur-2\\\/mauser\\\/\"},{\"@type\":\"ListItem\",\"position\":4,\"name\":\"M03\",\"item\":\"https:\\\/\\\/www.joibyssusmidur.com\\\/index.php\\\/byssur-2\\\/mauser\\\/mauser-m03\\\/\"},{\"@type\":\"ListItem\",\"position\":5,\"name\":\"PURE M03\"}]},{\"@type\":\"WebSite\",\"@id\":\"https:\\\/\\\/www.joibyssusmidur.com\\\/#website\",\"url\":\"https:\\\/\\\/www.joibyssusmidur.com\\\/\",\"name\":\"J\u00f3i byssusmi\u00f0ur\",\"description\":\"joibyssusmidur\",\"publisher\":{\"@id\":\"https:\\\/\\\/www.joibyssusmidur.com\\\/#\\\/schema\\\/person\\\/8a757fb5de9f249e91d49840047de199\"},\"potentialAction\":[{\"@type\":\"SearchAction\",\"target\":{\"@type\":\"EntryPoint\",\"urlTemplate\":\"https:\\\/\\\/www.joibyssusmidur.com\\\/?s={search_term_string}\"},\"query-input\":{\"@type\":\"PropertyValueSpecification\",\"valueRequired\":true,\"valueName\":\"search_term_string\"}}],\"inLanguage\":\"en-US\"},{\"@type\":[\"Person\",\"Organization\"],\"@id\":\"https:\\\/\\\/www.joibyssusmidur.com\\\/#\\\/schema\\\/person\\\/8a757fb5de9f249e91d49840047de199\",\"name\":\"J\u00f3hann Vilhj\u00e1lmsson\",\"image\":{\"@type\":\"ImageObject\",\"inLanguage\":\"en-US\",\"@id\":\"https:\\\/\\\/secure.gravatar.com\\\/avatar\\\/752ab1088a5ce88b8c12eeb05bafe23c8611b12ccbfc8621c0e4dd63e5e440a1?s=96&d=mm&r=g\",\"url\":\"https:\\\/\\\/secure.gravatar.com\\\/avatar\\\/752ab1088a5ce88b8c12eeb05bafe23c8611b12ccbfc8621c0e4dd63e5e440a1?s=96&d=mm&r=g\",\"contentUrl\":\"https:\\\/\\\/secure.gravatar.com\\\/avatar\\\/752ab1088a5ce88b8c12eeb05bafe23c8611b12ccbfc8621c0e4dd63e5e440a1?s=96&d=mm&r=g\",\"caption\":\"J\u00f3hann Vilhj\u00e1lmsson\"},\"logo\":{\"@id\":\"https:\\\/\\\/secure.gravatar.com\\\/avatar\\\/752ab1088a5ce88b8c12eeb05bafe23c8611b12ccbfc8621c0e4dd63e5e440a1?s=96&d=mm&r=g\"},\"sameAs\":[\"https:\\\/\\\/www.joibyssusmidur.com\"]}]}<\/script>\n<!-- \/ Yoast SEO plugin. -->","yoast_head_json":{"title":"PURE M03 - J\u00f3i byssusmi\u00f0ur","robots":{"index":"index","follow":"follow","max-snippet":"max-snippet:-1","max-image-preview":"max-image-preview:large","max-video-preview":"max-video-preview:-1"},"canonical":"https:\/\/www.joibyssusmidur.com\/index.php\/byssur-2\/mauser\/mauser-m03\/m03-pure\/","og_locale":"en_US","og_type":"article","og_title":"PURE M03 - J\u00f3i byssusmi\u00f0ur","og_description":"Mauser M03 rifflar koma \u00ed eftirfarandi caliberum: .243 Win., .270 Win., .308 Win., .30-06, 7 mm Rem. Mag., .300 Win. Mag., .375 H&amp;H Mag., 6,5x55SE, 7&#215;64, 8x57IS, 9,3&#215;62, 8x68S Ver\u00f0: 650.000 kr\u00a0Til \u00e1 lager \u00ed 6,5&#215;55 L\u00fdsing framlei\u00f0anda:\u00a0Technically, the MAUSER &hellip; Continue reading &rarr;","og_url":"https:\/\/www.joibyssusmidur.com\/index.php\/byssur-2\/mauser\/mauser-m03\/m03-pure\/","og_site_name":"J\u00f3i byssusmi\u00f0ur","article_modified_time":"2020-11-27T11:55:42+00:00","og_image":[{"url":"https:\/\/www.joibyssusmidur.com\/wp-content\/uploads\/2018\/01\/Mauser_M03_Pure-re_66d2d3989d.png","type":"","width":"","height":""}],"twitter_card":"summary_large_image","twitter_misc":{"Est. reading time":"1 minute"},"schema":{"@context":"https:\/\/schema.org","@graph":[{"@type":"WebPage","@id":"https:\/\/www.joibyssusmidur.com\/index.php\/byssur-2\/mauser\/mauser-m03\/m03-pure\/","url":"https:\/\/www.joibyssusmidur.com\/index.php\/byssur-2\/mauser\/mauser-m03\/m03-pure\/","name":"PURE M03 - J\u00f3i byssusmi\u00f0ur","isPartOf":{"@id":"https:\/\/www.joibyssusmidur.com\/#website"},"primaryImageOfPage":{"@id":"https:\/\/www.joibyssusmidur.com\/index.php\/byssur-2\/mauser\/mauser-m03\/m03-pure\/#primaryimage"},"image":{"@id":"https:\/\/www.joibyssusmidur.com\/index.php\/byssur-2\/mauser\/mauser-m03\/m03-pure\/#primaryimage"},"thumbnailUrl":"https:\/\/www.joibyssusmidur.com\/wp-content\/uploads\/2018\/01\/Mauser_M03_Pure-re_66d2d3989d.png","datePublished":"2018-01-09T20:32:54+00:00","dateModified":"2020-11-27T11:55:42+00:00","breadcrumb":{"@id":"https:\/\/www.joibyssusmidur.com\/index.php\/byssur-2\/mauser\/mauser-m03\/m03-pure\/#breadcrumb"},"inLanguage":"en-US","potentialAction":[{"@type":"ReadAction","target":["https:\/\/www.joibyssusmidur.com\/index.php\/byssur-2\/mauser\/mauser-m03\/m03-pure\/"]}]},{"@type":"ImageObject","inLanguage":"en-US","@id":"https:\/\/www.joibyssusmidur.com\/index.php\/byssur-2\/mauser\/mauser-m03\/m03-pure\/#primaryimage","url":"https:\/\/www.joibyssusmidur.com\/wp-content\/uploads\/2018\/01\/Mauser_M03_Pure-re_66d2d3989d.png","contentUrl":"https:\/\/www.joibyssusmidur.com\/wp-content\/uploads\/2018\/01\/Mauser_M03_Pure-re_66d2d3989d.png","width":1800,"height":301},{"@type":"BreadcrumbList","@id":"https:\/\/www.joibyssusmidur.com\/index.php\/byssur-2\/mauser\/mauser-m03\/m03-pure\/#breadcrumb","itemListElement":[{"@type":"ListItem","position":1,"name":"Home","item":"https:\/\/www.joibyssusmidur.com\/"},{"@type":"ListItem","position":2,"name":"Byssur","item":"https:\/\/www.joibyssusmidur.com\/index.php\/byssur-2\/"},{"@type":"ListItem","position":3,"name":"Mauser","item":"https:\/\/www.joibyssusmidur.com\/index.php\/byssur-2\/mauser\/"},{"@type":"ListItem","position":4,"name":"M03","item":"https:\/\/www.joibyssusmidur.com\/index.php\/byssur-2\/mauser\/mauser-m03\/"},{"@type":"ListItem","position":5,"name":"PURE M03"}]},{"@type":"WebSite","@id":"https:\/\/www.joibyssusmidur.com\/#website","url":"https:\/\/www.joibyssusmidur.com\/","name":"J\u00f3i byssusmi\u00f0ur","description":"joibyssusmidur","publisher":{"@id":"https:\/\/www.joibyssusmidur.com\/#\/schema\/person\/8a757fb5de9f249e91d49840047de199"},"potentialAction":[{"@type":"SearchAction","target":{"@type":"EntryPoint","urlTemplate":"https:\/\/www.joibyssusmidur.com\/?s={search_term_string}"},"query-input":{"@type":"PropertyValueSpecification","valueRequired":true,"valueName":"search_term_string"}}],"inLanguage":"en-US"},{"@type":["Person","Organization"],"@id":"https:\/\/www.joibyssusmidur.com\/#\/schema\/person\/8a757fb5de9f249e91d49840047de199","name":"J\u00f3hann Vilhj\u00e1lmsson","image":{"@type":"ImageObject","inLanguage":"en-US","@id":"https:\/\/secure.gravatar.com\/avatar\/752ab1088a5ce88b8c12eeb05bafe23c8611b12ccbfc8621c0e4dd63e5e440a1?s=96&d=mm&r=g","url":"https:\/\/secure.gravatar.com\/avatar\/752ab1088a5ce88b8c12eeb05bafe23c8611b12ccbfc8621c0e4dd63e5e440a1?s=96&d=mm&r=g","contentUrl":"https:\/\/secure.gravatar.com\/avatar\/752ab1088a5ce88b8c12eeb05bafe23c8611b12ccbfc8621c0e4dd63e5e440a1?s=96&d=mm&r=g","caption":"J\u00f3hann Vilhj\u00e1lmsson"},"logo":{"@id":"https:\/\/secure.gravatar.com\/avatar\/752ab1088a5ce88b8c12eeb05bafe23c8611b12ccbfc8621c0e4dd63e5e440a1?s=96&d=mm&r=g"},"sameAs":["https:\/\/www.joibyssusmidur.com"]}]}},"_links":{"self":[{"href":"https:\/\/www.joibyssusmidur.com\/index.php\/wp-json\/wp\/v2\/pages\/687","targetHints":{"allow":["GET"]}}],"collection":[{"href":"https:\/\/www.joibyssusmidur.com\/index.php\/wp-json\/wp\/v2\/pages"}],"about":[{"href":"https:\/\/www.joibyssusmidur.com\/index.php\/wp-json\/wp\/v2\/types\/page"}],"author":[{"embeddable":true,"href":"https:\/\/www.joibyssusmidur.com\/index.php\/wp-json\/wp\/v2\/users\/5"}],"replies":[{"embeddable":true,"href":"https:\/\/www.joibyssusmidur.com\/index.php\/wp-json\/wp\/v2\/comments?post=687"}],"version-history":[{"count":6,"href":"https:\/\/www.joibyssusmidur.com\/index.php\/wp-json\/wp\/v2\/pages\/687\/revisions"}],"predecessor-version":[{"id":2878,"href":"https:\/\/www.joibyssusmidur.com\/index.php\/wp-json\/wp\/v2\/pages\/687\/revisions\/2878"}],"up":[{"embeddable":true,"href":"https:\/\/www.joibyssusmidur.com\/index.php\/wp-json\/wp\/v2\/pages\/125"}],"wp:attachment":[{"href":"https:\/\/www.joibyssusmidur.com\/index.php\/wp-json\/wp\/v2\/media?parent=687"}],"curies":[{"name":"wp","href":"https:\/\/api.w.org\/{rel}","templated":true}]}}