{"id":3775,"date":"2025-06-18T13:45:51","date_gmt":"2025-06-18T13:45:51","guid":{"rendered":"https:\/\/www.joibyssusmidur.com\/?page_id=3775"},"modified":"2025-06-18T14:48:43","modified_gmt":"2025-06-18T14:48:43","slug":"alpen-apex-xp-1-6-x-24","status":"publish","type":"page","link":"https:\/\/www.joibyssusmidur.com\/index.php\/alpen-optics\/alpen-apex-xp-1-6-x-24\/","title":{"rendered":"Alpen Apex  XP 1-6 x 24"},"content":{"rendered":"<p>Alpen Apex XP 1-6 x 24 \u00deetta er upplag\u00f0ur sj\u00f3nauki fyrir rekstrarvei\u00f0i jap\u00f6nsk g\u00e6\u00f0a framlei\u00f0sla. Alpen XP\u00a0 riffilsj\u00f3naukarnir eru frammleiddir \u00ed Japan\u00a0 s\u00f6mu verksmi\u00f0ju og Vixen sj\u00f3naukarnir sem eru ekki lengur f\u00e1nlegir, flestir japanskir sj\u00f3naukar og ihlutir eru framleiddir \u00fearna, J\u00f3i byssusmi\u00f0ur hefur fengi\u00f0 umbo\u00f0 fyrir \u00feessum sj\u00f3naukum, Vixen sj\u00f3naukarnir hafa sta\u00f0i\u00f0 sig fr\u00e1b\u00e6rlega vel og h\u00f6fum vi\u00f0 g\u00f3\u00f0ar v\u00e6ntingar me\u00f0 \u00feessum<\/p>\n<p>Ver\u00f0.: 168.000 kr<\/p>\n<p><img loading=\"lazy\" decoding=\"async\" class=\"aligncenter size-full wp-image-3776\" src=\"https:\/\/www.joibyssusmidur.com\/wp-content\/uploads\/2025\/06\/Alpen-1-6x24-1.webp\" alt=\"\" width=\"1775\" height=\"1181\" srcset=\"https:\/\/www.joibyssusmidur.com\/wp-content\/uploads\/2025\/06\/Alpen-1-6x24-1.webp 1775w, https:\/\/www.joibyssusmidur.com\/wp-content\/uploads\/2025\/06\/Alpen-1-6x24-1-300x200.webp 300w, https:\/\/www.joibyssusmidur.com\/wp-content\/uploads\/2025\/06\/Alpen-1-6x24-1-1024x681.webp 1024w, https:\/\/www.joibyssusmidur.com\/wp-content\/uploads\/2025\/06\/Alpen-1-6x24-1-768x511.webp 768w, https:\/\/www.joibyssusmidur.com\/wp-content\/uploads\/2025\/06\/Alpen-1-6x24-1-1536x1022.webp 1536w, https:\/\/www.joibyssusmidur.com\/wp-content\/uploads\/2025\/06\/Alpen-1-6x24-1-451x300.webp 451w\" sizes=\"auto, (max-width: 1775px) 100vw, 1775px\" \/><\/p>\n<p>The\u00a0<b>ALPEN OPTICS Apex XP 1-6&#215;24<\/b>\u00a0is a typical drive hunt riflescope with a tube diameter of 30 mm. It features a duplex illuminated reticle designed for daylight conditions and a sensational field of view of approximately 38 m at 100 m. In addition, the reticle is located in the second focal plane and does not increase in size when you zoom in. The reticle can be easily adjusted with MRAD &#8211; i.e. 1 click = 1 cm at 100 metres. This means that you don&#8217;t need to do any calculations using the MOA (minute of angle) system. The robust\u00a0<b>ALPEN OPTICS Apex XP 1-6&#215;24<\/b>\u00a0riflescope is also completely waterproof and recoil-proof.<\/p>\n","protected":false},"excerpt":{"rendered":"<p>Alpen Apex XP 1-6 x 24 \u00deetta er upplag\u00f0ur sj\u00f3nauki fyrir rekstrarvei\u00f0i jap\u00f6nsk g\u00e6\u00f0a framlei\u00f0sla. Alpen XP\u00a0 riffilsj\u00f3naukarnir eru frammleiddir \u00ed Japan\u00a0 s\u00f6mu verksmi\u00f0ju og Vixen sj\u00f3naukarnir sem eru ekki lengur f\u00e1nlegir, flestir japanskir sj\u00f3naukar og ihlutir eru framleiddir \u00fearna, &hellip; <a class=\"more-link\" href=\"https:\/\/www.joibyssusmidur.com\/index.php\/alpen-optics\/alpen-apex-xp-1-6-x-24\/\">Continue reading <span class=\"meta-nav\">&rarr;<\/span><\/a><\/p>\n","protected":false},"author":5,"featured_media":0,"parent":3667,"menu_order":0,"comment_status":"closed","ping_status":"closed","template":"","meta":{"footnotes":""},"class_list":["post-3775","page","type-page","status-publish","hentry"],"yoast_head":"<!-- This site is optimized with the Yoast SEO plugin v27.3 - https:\/\/yoast.com\/product\/yoast-seo-wordpress\/ -->\n<title>Alpen Apex XP 1-6 x 24 - J\u00f3i byssusmi\u00f0ur<\/title>\n<meta name=\"robots\" content=\"index, follow, max-snippet:-1, max-image-preview:large, max-video-preview:-1\" \/>\n<link rel=\"canonical\" href=\"https:\/\/www.joibyssusmidur.com\/index.php\/alpen-optics\/alpen-apex-xp-1-6-x-24\/\" \/>\n<meta property=\"og:locale\" content=\"en_US\" \/>\n<meta property=\"og:type\" content=\"article\" \/>\n<meta property=\"og:title\" content=\"Alpen Apex XP 1-6 x 24 - J\u00f3i byssusmi\u00f0ur\" \/>\n<meta property=\"og:description\" content=\"Alpen Apex XP 1-6 x 24 \u00deetta er upplag\u00f0ur sj\u00f3nauki fyrir rekstrarvei\u00f0i jap\u00f6nsk g\u00e6\u00f0a framlei\u00f0sla. Alpen XP\u00a0 riffilsj\u00f3naukarnir eru frammleiddir \u00ed Japan\u00a0 s\u00f6mu verksmi\u00f0ju og Vixen sj\u00f3naukarnir sem eru ekki lengur f\u00e1nlegir, flestir japanskir sj\u00f3naukar og ihlutir eru framleiddir \u00fearna, &hellip; Continue reading &rarr;\" \/>\n<meta property=\"og:url\" content=\"https:\/\/www.joibyssusmidur.com\/index.php\/alpen-optics\/alpen-apex-xp-1-6-x-24\/\" \/>\n<meta property=\"og:site_name\" content=\"J\u00f3i byssusmi\u00f0ur\" \/>\n<meta property=\"article:modified_time\" content=\"2025-06-18T14:48:43+00:00\" \/>\n<meta property=\"og:image\" content=\"https:\/\/www.joibyssusmidur.com\/wp-content\/uploads\/2025\/06\/Alpen-1-6x24-1.webp\" \/>\n<meta name=\"twitter:card\" content=\"summary_large_image\" \/>\n<meta name=\"twitter:label1\" content=\"Est. reading time\" \/>\n\t<meta name=\"twitter:data1\" content=\"1 minute\" \/>\n<script type=\"application\/ld+json\" class=\"yoast-schema-graph\">{\"@context\":\"https:\\\/\\\/schema.org\",\"@graph\":[{\"@type\":\"WebPage\",\"@id\":\"https:\\\/\\\/www.joibyssusmidur.com\\\/index.php\\\/alpen-optics\\\/alpen-apex-xp-1-6-x-24\\\/\",\"url\":\"https:\\\/\\\/www.joibyssusmidur.com\\\/index.php\\\/alpen-optics\\\/alpen-apex-xp-1-6-x-24\\\/\",\"name\":\"Alpen Apex XP 1-6 x 24 - J\u00f3i byssusmi\u00f0ur\",\"isPartOf\":{\"@id\":\"https:\\\/\\\/www.joibyssusmidur.com\\\/#website\"},\"primaryImageOfPage\":{\"@id\":\"https:\\\/\\\/www.joibyssusmidur.com\\\/index.php\\\/alpen-optics\\\/alpen-apex-xp-1-6-x-24\\\/#primaryimage\"},\"image\":{\"@id\":\"https:\\\/\\\/www.joibyssusmidur.com\\\/index.php\\\/alpen-optics\\\/alpen-apex-xp-1-6-x-24\\\/#primaryimage\"},\"thumbnailUrl\":\"https:\\\/\\\/www.joibyssusmidur.com\\\/wp-content\\\/uploads\\\/2025\\\/06\\\/Alpen-1-6x24-1.webp\",\"datePublished\":\"2025-06-18T13:45:51+00:00\",\"dateModified\":\"2025-06-18T14:48:43+00:00\",\"breadcrumb\":{\"@id\":\"https:\\\/\\\/www.joibyssusmidur.com\\\/index.php\\\/alpen-optics\\\/alpen-apex-xp-1-6-x-24\\\/#breadcrumb\"},\"inLanguage\":\"en-US\",\"potentialAction\":[{\"@type\":\"ReadAction\",\"target\":[\"https:\\\/\\\/www.joibyssusmidur.com\\\/index.php\\\/alpen-optics\\\/alpen-apex-xp-1-6-x-24\\\/\"]}]},{\"@type\":\"ImageObject\",\"inLanguage\":\"en-US\",\"@id\":\"https:\\\/\\\/www.joibyssusmidur.com\\\/index.php\\\/alpen-optics\\\/alpen-apex-xp-1-6-x-24\\\/#primaryimage\",\"url\":\"https:\\\/\\\/www.joibyssusmidur.com\\\/wp-content\\\/uploads\\\/2025\\\/06\\\/Alpen-1-6x24-1.webp\",\"contentUrl\":\"https:\\\/\\\/www.joibyssusmidur.com\\\/wp-content\\\/uploads\\\/2025\\\/06\\\/Alpen-1-6x24-1.webp\",\"width\":1775,\"height\":1181},{\"@type\":\"BreadcrumbList\",\"@id\":\"https:\\\/\\\/www.joibyssusmidur.com\\\/index.php\\\/alpen-optics\\\/alpen-apex-xp-1-6-x-24\\\/#breadcrumb\",\"itemListElement\":[{\"@type\":\"ListItem\",\"position\":1,\"name\":\"Home\",\"item\":\"https:\\\/\\\/www.joibyssusmidur.com\\\/\"},{\"@type\":\"ListItem\",\"position\":2,\"name\":\"Alpen Optics\",\"item\":\"https:\\\/\\\/www.joibyssusmidur.com\\\/index.php\\\/alpen-optics\\\/\"},{\"@type\":\"ListItem\",\"position\":3,\"name\":\"Alpen Apex XP 1-6 x 24\"}]},{\"@type\":\"WebSite\",\"@id\":\"https:\\\/\\\/www.joibyssusmidur.com\\\/#website\",\"url\":\"https:\\\/\\\/www.joibyssusmidur.com\\\/\",\"name\":\"J\u00f3i byssusmi\u00f0ur\",\"description\":\"joibyssusmidur\",\"publisher\":{\"@id\":\"https:\\\/\\\/www.joibyssusmidur.com\\\/#\\\/schema\\\/person\\\/8a757fb5de9f249e91d49840047de199\"},\"potentialAction\":[{\"@type\":\"SearchAction\",\"target\":{\"@type\":\"EntryPoint\",\"urlTemplate\":\"https:\\\/\\\/www.joibyssusmidur.com\\\/?s={search_term_string}\"},\"query-input\":{\"@type\":\"PropertyValueSpecification\",\"valueRequired\":true,\"valueName\":\"search_term_string\"}}],\"inLanguage\":\"en-US\"},{\"@type\":[\"Person\",\"Organization\"],\"@id\":\"https:\\\/\\\/www.joibyssusmidur.com\\\/#\\\/schema\\\/person\\\/8a757fb5de9f249e91d49840047de199\",\"name\":\"J\u00f3hann Vilhj\u00e1lmsson\",\"image\":{\"@type\":\"ImageObject\",\"inLanguage\":\"en-US\",\"@id\":\"https:\\\/\\\/secure.gravatar.com\\\/avatar\\\/752ab1088a5ce88b8c12eeb05bafe23c8611b12ccbfc8621c0e4dd63e5e440a1?s=96&d=mm&r=g\",\"url\":\"https:\\\/\\\/secure.gravatar.com\\\/avatar\\\/752ab1088a5ce88b8c12eeb05bafe23c8611b12ccbfc8621c0e4dd63e5e440a1?s=96&d=mm&r=g\",\"contentUrl\":\"https:\\\/\\\/secure.gravatar.com\\\/avatar\\\/752ab1088a5ce88b8c12eeb05bafe23c8611b12ccbfc8621c0e4dd63e5e440a1?s=96&d=mm&r=g\",\"caption\":\"J\u00f3hann Vilhj\u00e1lmsson\"},\"logo\":{\"@id\":\"https:\\\/\\\/secure.gravatar.com\\\/avatar\\\/752ab1088a5ce88b8c12eeb05bafe23c8611b12ccbfc8621c0e4dd63e5e440a1?s=96&d=mm&r=g\"},\"sameAs\":[\"https:\\\/\\\/www.joibyssusmidur.com\"]}]}<\/script>\n<!-- \/ Yoast SEO plugin. -->","yoast_head_json":{"title":"Alpen Apex XP 1-6 x 24 - J\u00f3i byssusmi\u00f0ur","robots":{"index":"index","follow":"follow","max-snippet":"max-snippet:-1","max-image-preview":"max-image-preview:large","max-video-preview":"max-video-preview:-1"},"canonical":"https:\/\/www.joibyssusmidur.com\/index.php\/alpen-optics\/alpen-apex-xp-1-6-x-24\/","og_locale":"en_US","og_type":"article","og_title":"Alpen Apex XP 1-6 x 24 - J\u00f3i byssusmi\u00f0ur","og_description":"Alpen Apex XP 1-6 x 24 \u00deetta er upplag\u00f0ur sj\u00f3nauki fyrir rekstrarvei\u00f0i jap\u00f6nsk g\u00e6\u00f0a framlei\u00f0sla. Alpen XP\u00a0 riffilsj\u00f3naukarnir eru frammleiddir \u00ed Japan\u00a0 s\u00f6mu verksmi\u00f0ju og Vixen sj\u00f3naukarnir sem eru ekki lengur f\u00e1nlegir, flestir japanskir sj\u00f3naukar og ihlutir eru framleiddir \u00fearna, &hellip; Continue reading &rarr;","og_url":"https:\/\/www.joibyssusmidur.com\/index.php\/alpen-optics\/alpen-apex-xp-1-6-x-24\/","og_site_name":"J\u00f3i byssusmi\u00f0ur","article_modified_time":"2025-06-18T14:48:43+00:00","og_image":[{"url":"https:\/\/www.joibyssusmidur.com\/wp-content\/uploads\/2025\/06\/Alpen-1-6x24-1.webp","type":"","width":"","height":""}],"twitter_card":"summary_large_image","twitter_misc":{"Est. reading time":"1 minute"},"schema":{"@context":"https:\/\/schema.org","@graph":[{"@type":"WebPage","@id":"https:\/\/www.joibyssusmidur.com\/index.php\/alpen-optics\/alpen-apex-xp-1-6-x-24\/","url":"https:\/\/www.joibyssusmidur.com\/index.php\/alpen-optics\/alpen-apex-xp-1-6-x-24\/","name":"Alpen Apex XP 1-6 x 24 - J\u00f3i byssusmi\u00f0ur","isPartOf":{"@id":"https:\/\/www.joibyssusmidur.com\/#website"},"primaryImageOfPage":{"@id":"https:\/\/www.joibyssusmidur.com\/index.php\/alpen-optics\/alpen-apex-xp-1-6-x-24\/#primaryimage"},"image":{"@id":"https:\/\/www.joibyssusmidur.com\/index.php\/alpen-optics\/alpen-apex-xp-1-6-x-24\/#primaryimage"},"thumbnailUrl":"https:\/\/www.joibyssusmidur.com\/wp-content\/uploads\/2025\/06\/Alpen-1-6x24-1.webp","datePublished":"2025-06-18T13:45:51+00:00","dateModified":"2025-06-18T14:48:43+00:00","breadcrumb":{"@id":"https:\/\/www.joibyssusmidur.com\/index.php\/alpen-optics\/alpen-apex-xp-1-6-x-24\/#breadcrumb"},"inLanguage":"en-US","potentialAction":[{"@type":"ReadAction","target":["https:\/\/www.joibyssusmidur.com\/index.php\/alpen-optics\/alpen-apex-xp-1-6-x-24\/"]}]},{"@type":"ImageObject","inLanguage":"en-US","@id":"https:\/\/www.joibyssusmidur.com\/index.php\/alpen-optics\/alpen-apex-xp-1-6-x-24\/#primaryimage","url":"https:\/\/www.joibyssusmidur.com\/wp-content\/uploads\/2025\/06\/Alpen-1-6x24-1.webp","contentUrl":"https:\/\/www.joibyssusmidur.com\/wp-content\/uploads\/2025\/06\/Alpen-1-6x24-1.webp","width":1775,"height":1181},{"@type":"BreadcrumbList","@id":"https:\/\/www.joibyssusmidur.com\/index.php\/alpen-optics\/alpen-apex-xp-1-6-x-24\/#breadcrumb","itemListElement":[{"@type":"ListItem","position":1,"name":"Home","item":"https:\/\/www.joibyssusmidur.com\/"},{"@type":"ListItem","position":2,"name":"Alpen Optics","item":"https:\/\/www.joibyssusmidur.com\/index.php\/alpen-optics\/"},{"@type":"ListItem","position":3,"name":"Alpen Apex XP 1-6 x 24"}]},{"@type":"WebSite","@id":"https:\/\/www.joibyssusmidur.com\/#website","url":"https:\/\/www.joibyssusmidur.com\/","name":"J\u00f3i byssusmi\u00f0ur","description":"joibyssusmidur","publisher":{"@id":"https:\/\/www.joibyssusmidur.com\/#\/schema\/person\/8a757fb5de9f249e91d49840047de199"},"potentialAction":[{"@type":"SearchAction","target":{"@type":"EntryPoint","urlTemplate":"https:\/\/www.joibyssusmidur.com\/?s={search_term_string}"},"query-input":{"@type":"PropertyValueSpecification","valueRequired":true,"valueName":"search_term_string"}}],"inLanguage":"en-US"},{"@type":["Person","Organization"],"@id":"https:\/\/www.joibyssusmidur.com\/#\/schema\/person\/8a757fb5de9f249e91d49840047de199","name":"J\u00f3hann Vilhj\u00e1lmsson","image":{"@type":"ImageObject","inLanguage":"en-US","@id":"https:\/\/secure.gravatar.com\/avatar\/752ab1088a5ce88b8c12eeb05bafe23c8611b12ccbfc8621c0e4dd63e5e440a1?s=96&d=mm&r=g","url":"https:\/\/secure.gravatar.com\/avatar\/752ab1088a5ce88b8c12eeb05bafe23c8611b12ccbfc8621c0e4dd63e5e440a1?s=96&d=mm&r=g","contentUrl":"https:\/\/secure.gravatar.com\/avatar\/752ab1088a5ce88b8c12eeb05bafe23c8611b12ccbfc8621c0e4dd63e5e440a1?s=96&d=mm&r=g","caption":"J\u00f3hann Vilhj\u00e1lmsson"},"logo":{"@id":"https:\/\/secure.gravatar.com\/avatar\/752ab1088a5ce88b8c12eeb05bafe23c8611b12ccbfc8621c0e4dd63e5e440a1?s=96&d=mm&r=g"},"sameAs":["https:\/\/www.joibyssusmidur.com"]}]}},"_links":{"self":[{"href":"https:\/\/www.joibyssusmidur.com\/index.php\/wp-json\/wp\/v2\/pages\/3775","targetHints":{"allow":["GET"]}}],"collection":[{"href":"https:\/\/www.joibyssusmidur.com\/index.php\/wp-json\/wp\/v2\/pages"}],"about":[{"href":"https:\/\/www.joibyssusmidur.com\/index.php\/wp-json\/wp\/v2\/types\/page"}],"author":[{"embeddable":true,"href":"https:\/\/www.joibyssusmidur.com\/index.php\/wp-json\/wp\/v2\/users\/5"}],"replies":[{"embeddable":true,"href":"https:\/\/www.joibyssusmidur.com\/index.php\/wp-json\/wp\/v2\/comments?post=3775"}],"version-history":[{"count":1,"href":"https:\/\/www.joibyssusmidur.com\/index.php\/wp-json\/wp\/v2\/pages\/3775\/revisions"}],"predecessor-version":[{"id":3777,"href":"https:\/\/www.joibyssusmidur.com\/index.php\/wp-json\/wp\/v2\/pages\/3775\/revisions\/3777"}],"up":[{"embeddable":true,"href":"https:\/\/www.joibyssusmidur.com\/index.php\/wp-json\/wp\/v2\/pages\/3667"}],"wp:attachment":[{"href":"https:\/\/www.joibyssusmidur.com\/index.php\/wp-json\/wp\/v2\/media?parent=3775"}],"curies":[{"name":"wp","href":"https:\/\/api.w.org\/{rel}","templated":true}]}}