{"id":3751,"date":"2025-03-24T11:00:30","date_gmt":"2025-03-24T11:00:30","guid":{"rendered":"https:\/\/www.joibyssusmidur.com\/?page_id=3751"},"modified":"2025-03-24T11:00:30","modified_gmt":"2025-03-24T11:00:30","slug":"husqvarna-harpo-gun","status":"publish","type":"page","link":"https:\/\/www.joibyssusmidur.com\/index.php\/notadar-byssur\/notadir-rifflar\/husqvarna-harpo-gun\/","title":{"rendered":"Husqvarna Harpo gun"},"content":{"rendered":"<p>Til s\u00f6lu Skutulbyssa fr\u00e1 Husqvarna, \u00fe\u00e6r eru sjaldg\u00e6far \u00feessar, \u00fea\u00f0 fylgir ekki me\u00f0 skutull og skotf\u00e6ri, en byssan er \u00ed f\u00ednu standi<\/p>\n<p>Ver\u00f0 90.000 kr<\/p>\n<p><img loading=\"lazy\" decoding=\"async\" class=\"aligncenter size-full wp-image-3752\" src=\"https:\/\/www.joibyssusmidur.com\/wp-content\/uploads\/2025\/03\/Til-Solu-Husquvarna-Harpo-gun-1.jpg\" alt=\"\" width=\"2000\" height=\"1500\" srcset=\"https:\/\/www.joibyssusmidur.com\/wp-content\/uploads\/2025\/03\/Til-Solu-Husquvarna-Harpo-gun-1.jpg 2000w, https:\/\/www.joibyssusmidur.com\/wp-content\/uploads\/2025\/03\/Til-Solu-Husquvarna-Harpo-gun-1-300x225.jpg 300w, https:\/\/www.joibyssusmidur.com\/wp-content\/uploads\/2025\/03\/Til-Solu-Husquvarna-Harpo-gun-1-1024x768.jpg 1024w, https:\/\/www.joibyssusmidur.com\/wp-content\/uploads\/2025\/03\/Til-Solu-Husquvarna-Harpo-gun-1-768x576.jpg 768w, https:\/\/www.joibyssusmidur.com\/wp-content\/uploads\/2025\/03\/Til-Solu-Husquvarna-Harpo-gun-1-1536x1152.jpg 1536w, https:\/\/www.joibyssusmidur.com\/wp-content\/uploads\/2025\/03\/Til-Solu-Husquvarna-Harpo-gun-1-400x300.jpg 400w\" sizes=\"auto, (max-width: 2000px) 100vw, 2000px\" \/><\/p>\n<p><img loading=\"lazy\" decoding=\"async\" class=\"aligncenter size-full wp-image-3753\" src=\"https:\/\/www.joibyssusmidur.com\/wp-content\/uploads\/2025\/03\/Til-Solu-Husquvarna-Harpo-gun-2.jpg\" alt=\"\" width=\"2000\" height=\"1500\" srcset=\"https:\/\/www.joibyssusmidur.com\/wp-content\/uploads\/2025\/03\/Til-Solu-Husquvarna-Harpo-gun-2.jpg 2000w, https:\/\/www.joibyssusmidur.com\/wp-content\/uploads\/2025\/03\/Til-Solu-Husquvarna-Harpo-gun-2-300x225.jpg 300w, https:\/\/www.joibyssusmidur.com\/wp-content\/uploads\/2025\/03\/Til-Solu-Husquvarna-Harpo-gun-2-1024x768.jpg 1024w, https:\/\/www.joibyssusmidur.com\/wp-content\/uploads\/2025\/03\/Til-Solu-Husquvarna-Harpo-gun-2-768x576.jpg 768w, https:\/\/www.joibyssusmidur.com\/wp-content\/uploads\/2025\/03\/Til-Solu-Husquvarna-Harpo-gun-2-1536x1152.jpg 1536w, https:\/\/www.joibyssusmidur.com\/wp-content\/uploads\/2025\/03\/Til-Solu-Husquvarna-Harpo-gun-2-400x300.jpg 400w\" sizes=\"auto, (max-width: 2000px) 100vw, 2000px\" \/><\/p>\n","protected":false},"excerpt":{"rendered":"<p>Til s\u00f6lu Skutulbyssa fr\u00e1 Husqvarna, \u00fe\u00e6r eru sjaldg\u00e6far \u00feessar, \u00fea\u00f0 fylgir ekki me\u00f0 skutull og skotf\u00e6ri, en byssan er \u00ed f\u00ednu standi Ver\u00f0 90.000 kr &hellip; <a class=\"more-link\" href=\"https:\/\/www.joibyssusmidur.com\/index.php\/notadar-byssur\/notadir-rifflar\/husqvarna-harpo-gun\/\">Continue reading <span class=\"meta-nav\">&rarr;<\/span><\/a><\/p>\n","protected":false},"author":5,"featured_media":0,"parent":3257,"menu_order":0,"comment_status":"closed","ping_status":"closed","template":"","meta":{"footnotes":""},"class_list":["post-3751","page","type-page","status-publish","hentry"],"yoast_head":"<!-- This site is optimized with the Yoast SEO plugin v27.3 - https:\/\/yoast.com\/product\/yoast-seo-wordpress\/ -->\n<title>Husqvarna Harpo gun - J\u00f3i byssusmi\u00f0ur<\/title>\n<meta name=\"robots\" content=\"index, follow, max-snippet:-1, max-image-preview:large, max-video-preview:-1\" \/>\n<link rel=\"canonical\" href=\"https:\/\/www.joibyssusmidur.com\/index.php\/notadar-byssur\/notadir-rifflar\/husqvarna-harpo-gun\/\" \/>\n<meta property=\"og:locale\" content=\"en_US\" \/>\n<meta property=\"og:type\" content=\"article\" \/>\n<meta property=\"og:title\" content=\"Husqvarna Harpo gun - J\u00f3i byssusmi\u00f0ur\" \/>\n<meta property=\"og:description\" content=\"Til s\u00f6lu Skutulbyssa fr\u00e1 Husqvarna, \u00fe\u00e6r eru sjaldg\u00e6far \u00feessar, \u00fea\u00f0 fylgir ekki me\u00f0 skutull og skotf\u00e6ri, en byssan er \u00ed f\u00ednu standi Ver\u00f0 90.000 kr &hellip; Continue reading &rarr;\" \/>\n<meta property=\"og:url\" content=\"https:\/\/www.joibyssusmidur.com\/index.php\/notadar-byssur\/notadir-rifflar\/husqvarna-harpo-gun\/\" \/>\n<meta property=\"og:site_name\" content=\"J\u00f3i byssusmi\u00f0ur\" \/>\n<meta property=\"og:image\" content=\"https:\/\/www.joibyssusmidur.com\/wp-content\/uploads\/2025\/03\/Til-Solu-Husquvarna-Harpo-gun-1.jpg\" \/>\n<meta name=\"twitter:card\" content=\"summary_large_image\" \/>\n<meta name=\"twitter:label1\" content=\"Est. reading time\" \/>\n\t<meta name=\"twitter:data1\" content=\"1 minute\" \/>\n<script type=\"application\/ld+json\" class=\"yoast-schema-graph\">{\"@context\":\"https:\\\/\\\/schema.org\",\"@graph\":[{\"@type\":\"WebPage\",\"@id\":\"https:\\\/\\\/www.joibyssusmidur.com\\\/index.php\\\/notadar-byssur\\\/notadir-rifflar\\\/husqvarna-harpo-gun\\\/\",\"url\":\"https:\\\/\\\/www.joibyssusmidur.com\\\/index.php\\\/notadar-byssur\\\/notadir-rifflar\\\/husqvarna-harpo-gun\\\/\",\"name\":\"Husqvarna Harpo gun - J\u00f3i byssusmi\u00f0ur\",\"isPartOf\":{\"@id\":\"https:\\\/\\\/www.joibyssusmidur.com\\\/#website\"},\"primaryImageOfPage\":{\"@id\":\"https:\\\/\\\/www.joibyssusmidur.com\\\/index.php\\\/notadar-byssur\\\/notadir-rifflar\\\/husqvarna-harpo-gun\\\/#primaryimage\"},\"image\":{\"@id\":\"https:\\\/\\\/www.joibyssusmidur.com\\\/index.php\\\/notadar-byssur\\\/notadir-rifflar\\\/husqvarna-harpo-gun\\\/#primaryimage\"},\"thumbnailUrl\":\"https:\\\/\\\/www.joibyssusmidur.com\\\/wp-content\\\/uploads\\\/2025\\\/03\\\/Til-Solu-Husquvarna-Harpo-gun-1.jpg\",\"datePublished\":\"2025-03-24T11:00:30+00:00\",\"breadcrumb\":{\"@id\":\"https:\\\/\\\/www.joibyssusmidur.com\\\/index.php\\\/notadar-byssur\\\/notadir-rifflar\\\/husqvarna-harpo-gun\\\/#breadcrumb\"},\"inLanguage\":\"en-US\",\"potentialAction\":[{\"@type\":\"ReadAction\",\"target\":[\"https:\\\/\\\/www.joibyssusmidur.com\\\/index.php\\\/notadar-byssur\\\/notadir-rifflar\\\/husqvarna-harpo-gun\\\/\"]}]},{\"@type\":\"ImageObject\",\"inLanguage\":\"en-US\",\"@id\":\"https:\\\/\\\/www.joibyssusmidur.com\\\/index.php\\\/notadar-byssur\\\/notadir-rifflar\\\/husqvarna-harpo-gun\\\/#primaryimage\",\"url\":\"https:\\\/\\\/www.joibyssusmidur.com\\\/wp-content\\\/uploads\\\/2025\\\/03\\\/Til-Solu-Husquvarna-Harpo-gun-1.jpg\",\"contentUrl\":\"https:\\\/\\\/www.joibyssusmidur.com\\\/wp-content\\\/uploads\\\/2025\\\/03\\\/Til-Solu-Husquvarna-Harpo-gun-1.jpg\",\"width\":2000,\"height\":1500},{\"@type\":\"BreadcrumbList\",\"@id\":\"https:\\\/\\\/www.joibyssusmidur.com\\\/index.php\\\/notadar-byssur\\\/notadir-rifflar\\\/husqvarna-harpo-gun\\\/#breadcrumb\",\"itemListElement\":[{\"@type\":\"ListItem\",\"position\":1,\"name\":\"Home\",\"item\":\"https:\\\/\\\/www.joibyssusmidur.com\\\/\"},{\"@type\":\"ListItem\",\"position\":2,\"name\":\"Nota\u00f0ar byssur\",\"item\":\"https:\\\/\\\/www.joibyssusmidur.com\\\/index.php\\\/notadar-byssur\\\/\"},{\"@type\":\"ListItem\",\"position\":3,\"name\":\"Nota\u00f0ir rifflar\",\"item\":\"https:\\\/\\\/www.joibyssusmidur.com\\\/index.php\\\/notadar-byssur\\\/notadir-rifflar\\\/\"},{\"@type\":\"ListItem\",\"position\":4,\"name\":\"Husqvarna Harpo gun\"}]},{\"@type\":\"WebSite\",\"@id\":\"https:\\\/\\\/www.joibyssusmidur.com\\\/#website\",\"url\":\"https:\\\/\\\/www.joibyssusmidur.com\\\/\",\"name\":\"J\u00f3i byssusmi\u00f0ur\",\"description\":\"joibyssusmidur\",\"publisher\":{\"@id\":\"https:\\\/\\\/www.joibyssusmidur.com\\\/#\\\/schema\\\/person\\\/8a757fb5de9f249e91d49840047de199\"},\"potentialAction\":[{\"@type\":\"SearchAction\",\"target\":{\"@type\":\"EntryPoint\",\"urlTemplate\":\"https:\\\/\\\/www.joibyssusmidur.com\\\/?s={search_term_string}\"},\"query-input\":{\"@type\":\"PropertyValueSpecification\",\"valueRequired\":true,\"valueName\":\"search_term_string\"}}],\"inLanguage\":\"en-US\"},{\"@type\":[\"Person\",\"Organization\"],\"@id\":\"https:\\\/\\\/www.joibyssusmidur.com\\\/#\\\/schema\\\/person\\\/8a757fb5de9f249e91d49840047de199\",\"name\":\"J\u00f3hann Vilhj\u00e1lmsson\",\"image\":{\"@type\":\"ImageObject\",\"inLanguage\":\"en-US\",\"@id\":\"https:\\\/\\\/secure.gravatar.com\\\/avatar\\\/752ab1088a5ce88b8c12eeb05bafe23c8611b12ccbfc8621c0e4dd63e5e440a1?s=96&d=mm&r=g\",\"url\":\"https:\\\/\\\/secure.gravatar.com\\\/avatar\\\/752ab1088a5ce88b8c12eeb05bafe23c8611b12ccbfc8621c0e4dd63e5e440a1?s=96&d=mm&r=g\",\"contentUrl\":\"https:\\\/\\\/secure.gravatar.com\\\/avatar\\\/752ab1088a5ce88b8c12eeb05bafe23c8611b12ccbfc8621c0e4dd63e5e440a1?s=96&d=mm&r=g\",\"caption\":\"J\u00f3hann Vilhj\u00e1lmsson\"},\"logo\":{\"@id\":\"https:\\\/\\\/secure.gravatar.com\\\/avatar\\\/752ab1088a5ce88b8c12eeb05bafe23c8611b12ccbfc8621c0e4dd63e5e440a1?s=96&d=mm&r=g\"},\"sameAs\":[\"https:\\\/\\\/www.joibyssusmidur.com\"]}]}<\/script>\n<!-- \/ Yoast SEO plugin. -->","yoast_head_json":{"title":"Husqvarna Harpo gun - J\u00f3i byssusmi\u00f0ur","robots":{"index":"index","follow":"follow","max-snippet":"max-snippet:-1","max-image-preview":"max-image-preview:large","max-video-preview":"max-video-preview:-1"},"canonical":"https:\/\/www.joibyssusmidur.com\/index.php\/notadar-byssur\/notadir-rifflar\/husqvarna-harpo-gun\/","og_locale":"en_US","og_type":"article","og_title":"Husqvarna Harpo gun - J\u00f3i byssusmi\u00f0ur","og_description":"Til s\u00f6lu Skutulbyssa fr\u00e1 Husqvarna, \u00fe\u00e6r eru sjaldg\u00e6far \u00feessar, \u00fea\u00f0 fylgir ekki me\u00f0 skutull og skotf\u00e6ri, en byssan er \u00ed f\u00ednu standi Ver\u00f0 90.000 kr &hellip; Continue reading &rarr;","og_url":"https:\/\/www.joibyssusmidur.com\/index.php\/notadar-byssur\/notadir-rifflar\/husqvarna-harpo-gun\/","og_site_name":"J\u00f3i byssusmi\u00f0ur","og_image":[{"url":"https:\/\/www.joibyssusmidur.com\/wp-content\/uploads\/2025\/03\/Til-Solu-Husquvarna-Harpo-gun-1.jpg","type":"","width":"","height":""}],"twitter_card":"summary_large_image","twitter_misc":{"Est. reading time":"1 minute"},"schema":{"@context":"https:\/\/schema.org","@graph":[{"@type":"WebPage","@id":"https:\/\/www.joibyssusmidur.com\/index.php\/notadar-byssur\/notadir-rifflar\/husqvarna-harpo-gun\/","url":"https:\/\/www.joibyssusmidur.com\/index.php\/notadar-byssur\/notadir-rifflar\/husqvarna-harpo-gun\/","name":"Husqvarna Harpo gun - J\u00f3i byssusmi\u00f0ur","isPartOf":{"@id":"https:\/\/www.joibyssusmidur.com\/#website"},"primaryImageOfPage":{"@id":"https:\/\/www.joibyssusmidur.com\/index.php\/notadar-byssur\/notadir-rifflar\/husqvarna-harpo-gun\/#primaryimage"},"image":{"@id":"https:\/\/www.joibyssusmidur.com\/index.php\/notadar-byssur\/notadir-rifflar\/husqvarna-harpo-gun\/#primaryimage"},"thumbnailUrl":"https:\/\/www.joibyssusmidur.com\/wp-content\/uploads\/2025\/03\/Til-Solu-Husquvarna-Harpo-gun-1.jpg","datePublished":"2025-03-24T11:00:30+00:00","breadcrumb":{"@id":"https:\/\/www.joibyssusmidur.com\/index.php\/notadar-byssur\/notadir-rifflar\/husqvarna-harpo-gun\/#breadcrumb"},"inLanguage":"en-US","potentialAction":[{"@type":"ReadAction","target":["https:\/\/www.joibyssusmidur.com\/index.php\/notadar-byssur\/notadir-rifflar\/husqvarna-harpo-gun\/"]}]},{"@type":"ImageObject","inLanguage":"en-US","@id":"https:\/\/www.joibyssusmidur.com\/index.php\/notadar-byssur\/notadir-rifflar\/husqvarna-harpo-gun\/#primaryimage","url":"https:\/\/www.joibyssusmidur.com\/wp-content\/uploads\/2025\/03\/Til-Solu-Husquvarna-Harpo-gun-1.jpg","contentUrl":"https:\/\/www.joibyssusmidur.com\/wp-content\/uploads\/2025\/03\/Til-Solu-Husquvarna-Harpo-gun-1.jpg","width":2000,"height":1500},{"@type":"BreadcrumbList","@id":"https:\/\/www.joibyssusmidur.com\/index.php\/notadar-byssur\/notadir-rifflar\/husqvarna-harpo-gun\/#breadcrumb","itemListElement":[{"@type":"ListItem","position":1,"name":"Home","item":"https:\/\/www.joibyssusmidur.com\/"},{"@type":"ListItem","position":2,"name":"Nota\u00f0ar byssur","item":"https:\/\/www.joibyssusmidur.com\/index.php\/notadar-byssur\/"},{"@type":"ListItem","position":3,"name":"Nota\u00f0ir rifflar","item":"https:\/\/www.joibyssusmidur.com\/index.php\/notadar-byssur\/notadir-rifflar\/"},{"@type":"ListItem","position":4,"name":"Husqvarna Harpo gun"}]},{"@type":"WebSite","@id":"https:\/\/www.joibyssusmidur.com\/#website","url":"https:\/\/www.joibyssusmidur.com\/","name":"J\u00f3i byssusmi\u00f0ur","description":"joibyssusmidur","publisher":{"@id":"https:\/\/www.joibyssusmidur.com\/#\/schema\/person\/8a757fb5de9f249e91d49840047de199"},"potentialAction":[{"@type":"SearchAction","target":{"@type":"EntryPoint","urlTemplate":"https:\/\/www.joibyssusmidur.com\/?s={search_term_string}"},"query-input":{"@type":"PropertyValueSpecification","valueRequired":true,"valueName":"search_term_string"}}],"inLanguage":"en-US"},{"@type":["Person","Organization"],"@id":"https:\/\/www.joibyssusmidur.com\/#\/schema\/person\/8a757fb5de9f249e91d49840047de199","name":"J\u00f3hann Vilhj\u00e1lmsson","image":{"@type":"ImageObject","inLanguage":"en-US","@id":"https:\/\/secure.gravatar.com\/avatar\/752ab1088a5ce88b8c12eeb05bafe23c8611b12ccbfc8621c0e4dd63e5e440a1?s=96&d=mm&r=g","url":"https:\/\/secure.gravatar.com\/avatar\/752ab1088a5ce88b8c12eeb05bafe23c8611b12ccbfc8621c0e4dd63e5e440a1?s=96&d=mm&r=g","contentUrl":"https:\/\/secure.gravatar.com\/avatar\/752ab1088a5ce88b8c12eeb05bafe23c8611b12ccbfc8621c0e4dd63e5e440a1?s=96&d=mm&r=g","caption":"J\u00f3hann Vilhj\u00e1lmsson"},"logo":{"@id":"https:\/\/secure.gravatar.com\/avatar\/752ab1088a5ce88b8c12eeb05bafe23c8611b12ccbfc8621c0e4dd63e5e440a1?s=96&d=mm&r=g"},"sameAs":["https:\/\/www.joibyssusmidur.com"]}]}},"_links":{"self":[{"href":"https:\/\/www.joibyssusmidur.com\/index.php\/wp-json\/wp\/v2\/pages\/3751","targetHints":{"allow":["GET"]}}],"collection":[{"href":"https:\/\/www.joibyssusmidur.com\/index.php\/wp-json\/wp\/v2\/pages"}],"about":[{"href":"https:\/\/www.joibyssusmidur.com\/index.php\/wp-json\/wp\/v2\/types\/page"}],"author":[{"embeddable":true,"href":"https:\/\/www.joibyssusmidur.com\/index.php\/wp-json\/wp\/v2\/users\/5"}],"replies":[{"embeddable":true,"href":"https:\/\/www.joibyssusmidur.com\/index.php\/wp-json\/wp\/v2\/comments?post=3751"}],"version-history":[{"count":1,"href":"https:\/\/www.joibyssusmidur.com\/index.php\/wp-json\/wp\/v2\/pages\/3751\/revisions"}],"predecessor-version":[{"id":3754,"href":"https:\/\/www.joibyssusmidur.com\/index.php\/wp-json\/wp\/v2\/pages\/3751\/revisions\/3754"}],"up":[{"embeddable":true,"href":"https:\/\/www.joibyssusmidur.com\/index.php\/wp-json\/wp\/v2\/pages\/3257"}],"wp:attachment":[{"href":"https:\/\/www.joibyssusmidur.com\/index.php\/wp-json\/wp\/v2\/media?parent=3751"}],"curies":[{"name":"wp","href":"https:\/\/api.w.org\/{rel}","templated":true}]}}