{"id":315,"date":"2018-01-05T13:54:57","date_gmt":"2018-01-05T13:54:57","guid":{"rendered":"http:\/\/joibyssusmidur.com.w8.x.is\/?page_id=315"},"modified":"2018-01-06T04:47:24","modified_gmt":"2018-01-06T04:47:24","slug":"kkc","status":"publish","type":"page","link":"https:\/\/www.joibyssusmidur.com\/index.php\/ymsar-vorur\/skefti\/kkc\/","title":{"rendered":"KKC"},"content":{"rendered":"<p>Hj\u00e1 J\u00f3a byssusmi\u00f0 f\u00e6r\u00f0u skefti fr\u00e1 KKC. Vinsamlega leiti\u00f0 n\u00e1nari uppl\u00fdsinga var\u00f0andi beddun og \u00e1setningu.<\/p>\n<p>\u00cd flestum tilfellum er \u00e1 lager skefti fyrir Tikka, Remington og Mauser. Ver\u00f0 88,000 kr<\/p>\n<p>&nbsp;<\/p>\n<p>&nbsp;<\/p>\n<div id=\"attachment_431\" style=\"width: 950px\" class=\"wp-caption alignnone\"><img loading=\"lazy\" decoding=\"async\" aria-describedby=\"caption-attachment-431\" class=\"wp-image-431 size-large\" src=\"https:\/\/www.joibyssusmidur.com.w8.x.is\/wp-content\/uploads\/2018\/01\/13055813_450429688487627_4051375491721043471_o-1024x497.jpg\" alt=\"\" width=\"940\" height=\"456\" srcset=\"https:\/\/www.joibyssusmidur.com\/wp-content\/uploads\/2018\/01\/13055813_450429688487627_4051375491721043471_o-1024x497.jpg 1024w, https:\/\/www.joibyssusmidur.com\/wp-content\/uploads\/2018\/01\/13055813_450429688487627_4051375491721043471_o-300x146.jpg 300w, https:\/\/www.joibyssusmidur.com\/wp-content\/uploads\/2018\/01\/13055813_450429688487627_4051375491721043471_o-768x372.jpg 768w, https:\/\/www.joibyssusmidur.com\/wp-content\/uploads\/2018\/01\/13055813_450429688487627_4051375491721043471_o-500x243.jpg 500w, https:\/\/www.joibyssusmidur.com\/wp-content\/uploads\/2018\/01\/13055813_450429688487627_4051375491721043471_o.jpg 1200w\" sizes=\"auto, (max-width: 940px) 100vw, 940px\" \/><p id=\"caption-attachment-431\" class=\"wp-caption-text\">Au\u00f0velt er a\u00f0 stilla lengd og h\u00e6\u00f0 \u00e1 kambi.<\/p><\/div>\n<div id=\"attachment_432\" style=\"width: 950px\" class=\"wp-caption alignnone\"><img loading=\"lazy\" decoding=\"async\" aria-describedby=\"caption-attachment-432\" class=\"wp-image-432 size-large\" src=\"https:\/\/www.joibyssusmidur.com.w8.x.is\/wp-content\/uploads\/2018\/01\/KKC-Sauer-1024x386.jpg\" alt=\"\" width=\"940\" height=\"354\" srcset=\"https:\/\/www.joibyssusmidur.com\/wp-content\/uploads\/2018\/01\/KKC-Sauer-1024x386.jpg 1024w, https:\/\/www.joibyssusmidur.com\/wp-content\/uploads\/2018\/01\/KKC-Sauer-300x113.jpg 300w, https:\/\/www.joibyssusmidur.com\/wp-content\/uploads\/2018\/01\/KKC-Sauer-768x289.jpg 768w, https:\/\/www.joibyssusmidur.com\/wp-content\/uploads\/2018\/01\/KKC-Sauer-500x188.jpg 500w, https:\/\/www.joibyssusmidur.com\/wp-content\/uploads\/2018\/01\/KKC-Sauer.jpg 1054w\" sizes=\"auto, (max-width: 940px) 100vw, 940px\" \/><p id=\"caption-attachment-432\" class=\"wp-caption-text\">Skefti fyrir Sauer 202. \u00deetta skefti \u00fearf a\u00f0 s\u00e9rpanta \u00e1samt \u00fev\u00ed a\u00f0 tilgreina hvort a\u00f0 hlaup s\u00e9 16mm e\u00f0a 19mm.<\/p><\/div>\n<p><img loading=\"lazy\" decoding=\"async\" class=\"alignnone wp-image-317 size-full\" src=\"https:\/\/www.joibyssusmidur.com.w8.x.is\/wp-content\/uploads\/2018\/01\/kkc-laminatkolv-color-nej-2c3.jpg\" alt=\"\" width=\"773\" height=\"275\" srcset=\"https:\/\/www.joibyssusmidur.com\/wp-content\/uploads\/2018\/01\/kkc-laminatkolv-color-nej-2c3.jpg 773w, https:\/\/www.joibyssusmidur.com\/wp-content\/uploads\/2018\/01\/kkc-laminatkolv-color-nej-2c3-300x107.jpg 300w, https:\/\/www.joibyssusmidur.com\/wp-content\/uploads\/2018\/01\/kkc-laminatkolv-color-nej-2c3-768x273.jpg 768w, https:\/\/www.joibyssusmidur.com\/wp-content\/uploads\/2018\/01\/kkc-laminatkolv-color-nej-2c3-500x178.jpg 500w\" sizes=\"auto, (max-width: 773px) 100vw, 773px\" \/> <img loading=\"lazy\" decoding=\"async\" class=\"alignnone wp-image-318 size-full\" src=\"https:\/\/www.joibyssusmidur.com.w8.x.is\/wp-content\/uploads\/2018\/01\/kkc-rifle-stock-170.jpg\" alt=\"\" width=\"774\" height=\"245\" srcset=\"https:\/\/www.joibyssusmidur.com\/wp-content\/uploads\/2018\/01\/kkc-rifle-stock-170.jpg 774w, https:\/\/www.joibyssusmidur.com\/wp-content\/uploads\/2018\/01\/kkc-rifle-stock-170-300x95.jpg 300w, https:\/\/www.joibyssusmidur.com\/wp-content\/uploads\/2018\/01\/kkc-rifle-stock-170-768x243.jpg 768w, https:\/\/www.joibyssusmidur.com\/wp-content\/uploads\/2018\/01\/kkc-rifle-stock-170-500x158.jpg 500w\" sizes=\"auto, (max-width: 774px) 100vw, 774px\" \/><\/p>\n<div id=\"attachment_434\" style=\"width: 950px\" class=\"wp-caption alignnone\"><img loading=\"lazy\" decoding=\"async\" aria-describedby=\"caption-attachment-434\" class=\"wp-image-434 size-large\" src=\"https:\/\/www.joibyssusmidur.com.w8.x.is\/wp-content\/uploads\/2018\/01\/23333979_1728912607119099_1899754364805120659_o-2-1024x479.jpg\" alt=\"\" width=\"940\" height=\"440\" srcset=\"https:\/\/www.joibyssusmidur.com\/wp-content\/uploads\/2018\/01\/23333979_1728912607119099_1899754364805120659_o-2-1024x479.jpg 1024w, https:\/\/www.joibyssusmidur.com\/wp-content\/uploads\/2018\/01\/23333979_1728912607119099_1899754364805120659_o-2-300x140.jpg 300w, https:\/\/www.joibyssusmidur.com\/wp-content\/uploads\/2018\/01\/23333979_1728912607119099_1899754364805120659_o-2-768x359.jpg 768w, https:\/\/www.joibyssusmidur.com\/wp-content\/uploads\/2018\/01\/23333979_1728912607119099_1899754364805120659_o-2-500x234.jpg 500w, https:\/\/www.joibyssusmidur.com\/wp-content\/uploads\/2018\/01\/23333979_1728912607119099_1899754364805120659_o-2.jpg 1099w\" sizes=\"auto, (max-width: 940px) 100vw, 940px\" \/><p id=\"caption-attachment-434\" class=\"wp-caption-text\">Dumoulin Mauser 98 sm\u00ed\u00f0a\u00f0ur af J\u00f3a byssusmi\u00f0.<\/p><\/div>\n<div id=\"attachment_436\" style=\"width: 733px\" class=\"wp-caption alignnone\"><img loading=\"lazy\" decoding=\"async\" aria-describedby=\"caption-attachment-436\" class=\"wp-image-436 size-full\" src=\"https:\/\/www.joibyssusmidur.com.w8.x.is\/wp-content\/uploads\/2018\/01\/Rem-700-1.jpg\" alt=\"\" width=\"723\" height=\"416\" srcset=\"https:\/\/www.joibyssusmidur.com\/wp-content\/uploads\/2018\/01\/Rem-700-1.jpg 723w, https:\/\/www.joibyssusmidur.com\/wp-content\/uploads\/2018\/01\/Rem-700-1-300x173.jpg 300w, https:\/\/www.joibyssusmidur.com\/wp-content\/uploads\/2018\/01\/Rem-700-1-500x288.jpg 500w\" sizes=\"auto, (max-width: 723px) 100vw, 723px\" \/><p id=\"caption-attachment-436\" class=\"wp-caption-text\">Remington 700 cal 270 eftir uppf\u00e6rslu.<\/p><\/div>\n<div id=\"attachment_438\" style=\"width: 754px\" class=\"wp-caption alignnone\"><img loading=\"lazy\" decoding=\"async\" aria-describedby=\"caption-attachment-438\" class=\"wp-image-438 size-full\" src=\"https:\/\/www.joibyssusmidur.com.w8.x.is\/wp-content\/uploads\/2018\/01\/Rem-700-3.jpg\" alt=\"\" width=\"744\" height=\"380\" srcset=\"https:\/\/www.joibyssusmidur.com\/wp-content\/uploads\/2018\/01\/Rem-700-3.jpg 744w, https:\/\/www.joibyssusmidur.com\/wp-content\/uploads\/2018\/01\/Rem-700-3-300x153.jpg 300w, https:\/\/www.joibyssusmidur.com\/wp-content\/uploads\/2018\/01\/Rem-700-3-500x255.jpg 500w\" sizes=\"auto, (max-width: 744px) 100vw, 744px\" \/><p id=\"caption-attachment-438\" class=\"wp-caption-text\">\u00de\u00fdskir sj\u00f3naukabasar tryggja g\u00f3\u00f0a undirst\u00f6\u00f0u fyrir mi\u00f0unarb\u00fana\u00f0.<\/p><\/div>\n<div id=\"attachment_440\" style=\"width: 810px\" class=\"wp-caption alignnone\"><img loading=\"lazy\" decoding=\"async\" aria-describedby=\"caption-attachment-440\" class=\"wp-image-440 size-full\" src=\"https:\/\/www.joibyssusmidur.com.w8.x.is\/wp-content\/uploads\/2018\/01\/Rem-700-5.jpg\" alt=\"\" width=\"800\" height=\"534\" srcset=\"https:\/\/www.joibyssusmidur.com\/wp-content\/uploads\/2018\/01\/Rem-700-5.jpg 800w, https:\/\/www.joibyssusmidur.com\/wp-content\/uploads\/2018\/01\/Rem-700-5-300x200.jpg 300w, https:\/\/www.joibyssusmidur.com\/wp-content\/uploads\/2018\/01\/Rem-700-5-768x513.jpg 768w, https:\/\/www.joibyssusmidur.com\/wp-content\/uploads\/2018\/01\/Rem-700-5-449x300.jpg 449w\" sizes=\"auto, (max-width: 800px) 100vw, 800px\" \/><p id=\"caption-attachment-440\" class=\"wp-caption-text\">\u00dea\u00f0 m\u00e1 alltaf gera g\u00f3\u00f0a vei\u00f0ibyssu betri me\u00f0 uppf\u00e6rslu fr\u00e1 J\u00f3a byssusmi\u00f0.<\/p><\/div>\n<div id=\"attachment_441\" style=\"width: 804px\" class=\"wp-caption alignnone\"><img loading=\"lazy\" decoding=\"async\" aria-describedby=\"caption-attachment-441\" class=\"wp-image-441 size-full\" src=\"https:\/\/www.joibyssusmidur.com.w8.x.is\/wp-content\/uploads\/2018\/01\/Rem-700-6.jpg\" alt=\"\" width=\"794\" height=\"388\" srcset=\"https:\/\/www.joibyssusmidur.com\/wp-content\/uploads\/2018\/01\/Rem-700-6.jpg 794w, https:\/\/www.joibyssusmidur.com\/wp-content\/uploads\/2018\/01\/Rem-700-6-300x147.jpg 300w, https:\/\/www.joibyssusmidur.com\/wp-content\/uploads\/2018\/01\/Rem-700-6-768x375.jpg 768w, https:\/\/www.joibyssusmidur.com\/wp-content\/uploads\/2018\/01\/Rem-700-6-500x244.jpg 500w\" sizes=\"auto, (max-width: 794px) 100vw, 794px\" \/><p id=\"caption-attachment-441\" class=\"wp-caption-text\">Fagma\u00f0ur tryggir \u00f6rugari samsetningu og vinna me\u00f0 tveggja\u00fe\u00e1tta efni getur reynst erfi\u00f0 \u00ed fyrstu tilraun.<\/p><\/div>\n<p><img loading=\"lazy\" decoding=\"async\" class=\"alignnone wp-image-437 size-full\" src=\"https:\/\/www.joibyssusmidur.com.w8.x.is\/wp-content\/uploads\/2018\/01\/Rem-700-2.jpg\" alt=\"\" width=\"738\" height=\"306\" srcset=\"https:\/\/www.joibyssusmidur.com\/wp-content\/uploads\/2018\/01\/Rem-700-2.jpg 738w, https:\/\/www.joibyssusmidur.com\/wp-content\/uploads\/2018\/01\/Rem-700-2-300x124.jpg 300w, https:\/\/www.joibyssusmidur.com\/wp-content\/uploads\/2018\/01\/Rem-700-2-500x207.jpg 500w\" sizes=\"auto, (max-width: 738px) 100vw, 738px\" \/> <img loading=\"lazy\" decoding=\"async\" class=\"alignnone wp-image-439 size-full\" src=\"https:\/\/www.joibyssusmidur.com.w8.x.is\/wp-content\/uploads\/2018\/01\/Rem-700-4.jpg\" alt=\"\" width=\"771\" height=\"415\" srcset=\"https:\/\/www.joibyssusmidur.com\/wp-content\/uploads\/2018\/01\/Rem-700-4.jpg 771w, https:\/\/www.joibyssusmidur.com\/wp-content\/uploads\/2018\/01\/Rem-700-4-300x161.jpg 300w, https:\/\/www.joibyssusmidur.com\/wp-content\/uploads\/2018\/01\/Rem-700-4-768x413.jpg 768w, https:\/\/www.joibyssusmidur.com\/wp-content\/uploads\/2018\/01\/Rem-700-4-500x269.jpg 500w\" sizes=\"auto, (max-width: 771px) 100vw, 771px\" \/><\/p>\n","protected":false},"excerpt":{"rendered":"<p>Hj\u00e1 J\u00f3a byssusmi\u00f0 f\u00e6r\u00f0u skefti fr\u00e1 KKC. Vinsamlega leiti\u00f0 n\u00e1nari uppl\u00fdsinga var\u00f0andi beddun og \u00e1setningu. \u00cd flestum tilfellum er \u00e1 lager skefti fyrir Tikka, Remington og Mauser. Ver\u00f0 88,000 kr &nbsp; &nbsp; &hellip; <a class=\"more-link\" href=\"https:\/\/www.joibyssusmidur.com\/index.php\/ymsar-vorur\/skefti\/kkc\/\">Continue reading <span class=\"meta-nav\">&rarr;<\/span><\/a><\/p>\n","protected":false},"author":5,"featured_media":0,"parent":13,"menu_order":0,"comment_status":"closed","ping_status":"closed","template":"","meta":{"footnotes":""},"class_list":["post-315","page","type-page","status-publish","hentry"],"yoast_head":"<!-- This site is optimized with the Yoast SEO plugin v27.3 - https:\/\/yoast.com\/product\/yoast-seo-wordpress\/ -->\n<title>KKC - J\u00f3i byssusmi\u00f0ur<\/title>\n<meta name=\"robots\" content=\"index, follow, max-snippet:-1, max-image-preview:large, max-video-preview:-1\" \/>\n<link rel=\"canonical\" href=\"https:\/\/www.joibyssusmidur.com\/index.php\/ymsar-vorur\/skefti\/kkc\/\" \/>\n<meta property=\"og:locale\" content=\"en_US\" \/>\n<meta property=\"og:type\" content=\"article\" \/>\n<meta property=\"og:title\" content=\"KKC - J\u00f3i byssusmi\u00f0ur\" \/>\n<meta property=\"og:description\" content=\"Hj\u00e1 J\u00f3a byssusmi\u00f0 f\u00e6r\u00f0u skefti fr\u00e1 KKC. Vinsamlega leiti\u00f0 n\u00e1nari uppl\u00fdsinga var\u00f0andi beddun og \u00e1setningu. \u00cd flestum tilfellum er \u00e1 lager skefti fyrir Tikka, Remington og Mauser. Ver\u00f0 88,000 kr &nbsp; &nbsp; &hellip; Continue reading &rarr;\" \/>\n<meta property=\"og:url\" content=\"https:\/\/www.joibyssusmidur.com\/index.php\/ymsar-vorur\/skefti\/kkc\/\" \/>\n<meta property=\"og:site_name\" content=\"J\u00f3i byssusmi\u00f0ur\" \/>\n<meta property=\"article:modified_time\" content=\"2018-01-06T04:47:24+00:00\" \/>\n<meta property=\"og:image\" content=\"https:\/\/www.joibyssusmidur.com.w8.x.is\/wp-content\/uploads\/2018\/01\/13055813_450429688487627_4051375491721043471_o-1024x497.jpg\" \/>\n<meta name=\"twitter:card\" content=\"summary_large_image\" \/>\n<meta name=\"twitter:label1\" content=\"Est. reading time\" \/>\n\t<meta name=\"twitter:data1\" content=\"1 minute\" \/>\n<script type=\"application\/ld+json\" class=\"yoast-schema-graph\">{\"@context\":\"https:\\\/\\\/schema.org\",\"@graph\":[{\"@type\":\"WebPage\",\"@id\":\"https:\\\/\\\/www.joibyssusmidur.com\\\/index.php\\\/ymsar-vorur\\\/skefti\\\/kkc\\\/\",\"url\":\"https:\\\/\\\/www.joibyssusmidur.com\\\/index.php\\\/ymsar-vorur\\\/skefti\\\/kkc\\\/\",\"name\":\"KKC - J\u00f3i byssusmi\u00f0ur\",\"isPartOf\":{\"@id\":\"https:\\\/\\\/www.joibyssusmidur.com\\\/#website\"},\"primaryImageOfPage\":{\"@id\":\"https:\\\/\\\/www.joibyssusmidur.com\\\/index.php\\\/ymsar-vorur\\\/skefti\\\/kkc\\\/#primaryimage\"},\"image\":{\"@id\":\"https:\\\/\\\/www.joibyssusmidur.com\\\/index.php\\\/ymsar-vorur\\\/skefti\\\/kkc\\\/#primaryimage\"},\"thumbnailUrl\":\"https:\\\/\\\/www.joibyssusmidur.com.w8.x.is\\\/wp-content\\\/uploads\\\/2018\\\/01\\\/13055813_450429688487627_4051375491721043471_o-1024x497.jpg\",\"datePublished\":\"2018-01-05T13:54:57+00:00\",\"dateModified\":\"2018-01-06T04:47:24+00:00\",\"breadcrumb\":{\"@id\":\"https:\\\/\\\/www.joibyssusmidur.com\\\/index.php\\\/ymsar-vorur\\\/skefti\\\/kkc\\\/#breadcrumb\"},\"inLanguage\":\"en-US\",\"potentialAction\":[{\"@type\":\"ReadAction\",\"target\":[\"https:\\\/\\\/www.joibyssusmidur.com\\\/index.php\\\/ymsar-vorur\\\/skefti\\\/kkc\\\/\"]}]},{\"@type\":\"ImageObject\",\"inLanguage\":\"en-US\",\"@id\":\"https:\\\/\\\/www.joibyssusmidur.com\\\/index.php\\\/ymsar-vorur\\\/skefti\\\/kkc\\\/#primaryimage\",\"url\":\"https:\\\/\\\/www.joibyssusmidur.com.w8.x.is\\\/wp-content\\\/uploads\\\/2018\\\/01\\\/13055813_450429688487627_4051375491721043471_o-1024x497.jpg\",\"contentUrl\":\"https:\\\/\\\/www.joibyssusmidur.com.w8.x.is\\\/wp-content\\\/uploads\\\/2018\\\/01\\\/13055813_450429688487627_4051375491721043471_o-1024x497.jpg\"},{\"@type\":\"BreadcrumbList\",\"@id\":\"https:\\\/\\\/www.joibyssusmidur.com\\\/index.php\\\/ymsar-vorur\\\/skefti\\\/kkc\\\/#breadcrumb\",\"itemListElement\":[{\"@type\":\"ListItem\",\"position\":1,\"name\":\"Home\",\"item\":\"https:\\\/\\\/www.joibyssusmidur.com\\\/\"},{\"@type\":\"ListItem\",\"position\":2,\"name\":\"\u00ddmsar v\u00f6rur\",\"item\":\"https:\\\/\\\/www.joibyssusmidur.com\\\/index.php\\\/ymsar-vorur\\\/\"},{\"@type\":\"ListItem\",\"position\":3,\"name\":\"Skefti\",\"item\":\"https:\\\/\\\/www.joibyssusmidur.com\\\/index.php\\\/ymsar-vorur\\\/skefti\\\/\"},{\"@type\":\"ListItem\",\"position\":4,\"name\":\"KKC\"}]},{\"@type\":\"WebSite\",\"@id\":\"https:\\\/\\\/www.joibyssusmidur.com\\\/#website\",\"url\":\"https:\\\/\\\/www.joibyssusmidur.com\\\/\",\"name\":\"J\u00f3i byssusmi\u00f0ur\",\"description\":\"joibyssusmidur\",\"publisher\":{\"@id\":\"https:\\\/\\\/www.joibyssusmidur.com\\\/#\\\/schema\\\/person\\\/8a757fb5de9f249e91d49840047de199\"},\"potentialAction\":[{\"@type\":\"SearchAction\",\"target\":{\"@type\":\"EntryPoint\",\"urlTemplate\":\"https:\\\/\\\/www.joibyssusmidur.com\\\/?s={search_term_string}\"},\"query-input\":{\"@type\":\"PropertyValueSpecification\",\"valueRequired\":true,\"valueName\":\"search_term_string\"}}],\"inLanguage\":\"en-US\"},{\"@type\":[\"Person\",\"Organization\"],\"@id\":\"https:\\\/\\\/www.joibyssusmidur.com\\\/#\\\/schema\\\/person\\\/8a757fb5de9f249e91d49840047de199\",\"name\":\"J\u00f3hann Vilhj\u00e1lmsson\",\"image\":{\"@type\":\"ImageObject\",\"inLanguage\":\"en-US\",\"@id\":\"https:\\\/\\\/secure.gravatar.com\\\/avatar\\\/752ab1088a5ce88b8c12eeb05bafe23c8611b12ccbfc8621c0e4dd63e5e440a1?s=96&d=mm&r=g\",\"url\":\"https:\\\/\\\/secure.gravatar.com\\\/avatar\\\/752ab1088a5ce88b8c12eeb05bafe23c8611b12ccbfc8621c0e4dd63e5e440a1?s=96&d=mm&r=g\",\"contentUrl\":\"https:\\\/\\\/secure.gravatar.com\\\/avatar\\\/752ab1088a5ce88b8c12eeb05bafe23c8611b12ccbfc8621c0e4dd63e5e440a1?s=96&d=mm&r=g\",\"caption\":\"J\u00f3hann Vilhj\u00e1lmsson\"},\"logo\":{\"@id\":\"https:\\\/\\\/secure.gravatar.com\\\/avatar\\\/752ab1088a5ce88b8c12eeb05bafe23c8611b12ccbfc8621c0e4dd63e5e440a1?s=96&d=mm&r=g\"},\"sameAs\":[\"https:\\\/\\\/www.joibyssusmidur.com\"]}]}<\/script>\n<!-- \/ Yoast SEO plugin. -->","yoast_head_json":{"title":"KKC - J\u00f3i byssusmi\u00f0ur","robots":{"index":"index","follow":"follow","max-snippet":"max-snippet:-1","max-image-preview":"max-image-preview:large","max-video-preview":"max-video-preview:-1"},"canonical":"https:\/\/www.joibyssusmidur.com\/index.php\/ymsar-vorur\/skefti\/kkc\/","og_locale":"en_US","og_type":"article","og_title":"KKC - J\u00f3i byssusmi\u00f0ur","og_description":"Hj\u00e1 J\u00f3a byssusmi\u00f0 f\u00e6r\u00f0u skefti fr\u00e1 KKC. Vinsamlega leiti\u00f0 n\u00e1nari uppl\u00fdsinga var\u00f0andi beddun og \u00e1setningu. \u00cd flestum tilfellum er \u00e1 lager skefti fyrir Tikka, Remington og Mauser. Ver\u00f0 88,000 kr &nbsp; &nbsp; &hellip; Continue reading &rarr;","og_url":"https:\/\/www.joibyssusmidur.com\/index.php\/ymsar-vorur\/skefti\/kkc\/","og_site_name":"J\u00f3i byssusmi\u00f0ur","article_modified_time":"2018-01-06T04:47:24+00:00","og_image":[{"url":"https:\/\/www.joibyssusmidur.com.w8.x.is\/wp-content\/uploads\/2018\/01\/13055813_450429688487627_4051375491721043471_o-1024x497.jpg","type":"","width":"","height":""}],"twitter_card":"summary_large_image","twitter_misc":{"Est. reading time":"1 minute"},"schema":{"@context":"https:\/\/schema.org","@graph":[{"@type":"WebPage","@id":"https:\/\/www.joibyssusmidur.com\/index.php\/ymsar-vorur\/skefti\/kkc\/","url":"https:\/\/www.joibyssusmidur.com\/index.php\/ymsar-vorur\/skefti\/kkc\/","name":"KKC - J\u00f3i byssusmi\u00f0ur","isPartOf":{"@id":"https:\/\/www.joibyssusmidur.com\/#website"},"primaryImageOfPage":{"@id":"https:\/\/www.joibyssusmidur.com\/index.php\/ymsar-vorur\/skefti\/kkc\/#primaryimage"},"image":{"@id":"https:\/\/www.joibyssusmidur.com\/index.php\/ymsar-vorur\/skefti\/kkc\/#primaryimage"},"thumbnailUrl":"https:\/\/www.joibyssusmidur.com.w8.x.is\/wp-content\/uploads\/2018\/01\/13055813_450429688487627_4051375491721043471_o-1024x497.jpg","datePublished":"2018-01-05T13:54:57+00:00","dateModified":"2018-01-06T04:47:24+00:00","breadcrumb":{"@id":"https:\/\/www.joibyssusmidur.com\/index.php\/ymsar-vorur\/skefti\/kkc\/#breadcrumb"},"inLanguage":"en-US","potentialAction":[{"@type":"ReadAction","target":["https:\/\/www.joibyssusmidur.com\/index.php\/ymsar-vorur\/skefti\/kkc\/"]}]},{"@type":"ImageObject","inLanguage":"en-US","@id":"https:\/\/www.joibyssusmidur.com\/index.php\/ymsar-vorur\/skefti\/kkc\/#primaryimage","url":"https:\/\/www.joibyssusmidur.com.w8.x.is\/wp-content\/uploads\/2018\/01\/13055813_450429688487627_4051375491721043471_o-1024x497.jpg","contentUrl":"https:\/\/www.joibyssusmidur.com.w8.x.is\/wp-content\/uploads\/2018\/01\/13055813_450429688487627_4051375491721043471_o-1024x497.jpg"},{"@type":"BreadcrumbList","@id":"https:\/\/www.joibyssusmidur.com\/index.php\/ymsar-vorur\/skefti\/kkc\/#breadcrumb","itemListElement":[{"@type":"ListItem","position":1,"name":"Home","item":"https:\/\/www.joibyssusmidur.com\/"},{"@type":"ListItem","position":2,"name":"\u00ddmsar v\u00f6rur","item":"https:\/\/www.joibyssusmidur.com\/index.php\/ymsar-vorur\/"},{"@type":"ListItem","position":3,"name":"Skefti","item":"https:\/\/www.joibyssusmidur.com\/index.php\/ymsar-vorur\/skefti\/"},{"@type":"ListItem","position":4,"name":"KKC"}]},{"@type":"WebSite","@id":"https:\/\/www.joibyssusmidur.com\/#website","url":"https:\/\/www.joibyssusmidur.com\/","name":"J\u00f3i byssusmi\u00f0ur","description":"joibyssusmidur","publisher":{"@id":"https:\/\/www.joibyssusmidur.com\/#\/schema\/person\/8a757fb5de9f249e91d49840047de199"},"potentialAction":[{"@type":"SearchAction","target":{"@type":"EntryPoint","urlTemplate":"https:\/\/www.joibyssusmidur.com\/?s={search_term_string}"},"query-input":{"@type":"PropertyValueSpecification","valueRequired":true,"valueName":"search_term_string"}}],"inLanguage":"en-US"},{"@type":["Person","Organization"],"@id":"https:\/\/www.joibyssusmidur.com\/#\/schema\/person\/8a757fb5de9f249e91d49840047de199","name":"J\u00f3hann Vilhj\u00e1lmsson","image":{"@type":"ImageObject","inLanguage":"en-US","@id":"https:\/\/secure.gravatar.com\/avatar\/752ab1088a5ce88b8c12eeb05bafe23c8611b12ccbfc8621c0e4dd63e5e440a1?s=96&d=mm&r=g","url":"https:\/\/secure.gravatar.com\/avatar\/752ab1088a5ce88b8c12eeb05bafe23c8611b12ccbfc8621c0e4dd63e5e440a1?s=96&d=mm&r=g","contentUrl":"https:\/\/secure.gravatar.com\/avatar\/752ab1088a5ce88b8c12eeb05bafe23c8611b12ccbfc8621c0e4dd63e5e440a1?s=96&d=mm&r=g","caption":"J\u00f3hann Vilhj\u00e1lmsson"},"logo":{"@id":"https:\/\/secure.gravatar.com\/avatar\/752ab1088a5ce88b8c12eeb05bafe23c8611b12ccbfc8621c0e4dd63e5e440a1?s=96&d=mm&r=g"},"sameAs":["https:\/\/www.joibyssusmidur.com"]}]}},"_links":{"self":[{"href":"https:\/\/www.joibyssusmidur.com\/index.php\/wp-json\/wp\/v2\/pages\/315","targetHints":{"allow":["GET"]}}],"collection":[{"href":"https:\/\/www.joibyssusmidur.com\/index.php\/wp-json\/wp\/v2\/pages"}],"about":[{"href":"https:\/\/www.joibyssusmidur.com\/index.php\/wp-json\/wp\/v2\/types\/page"}],"author":[{"embeddable":true,"href":"https:\/\/www.joibyssusmidur.com\/index.php\/wp-json\/wp\/v2\/users\/5"}],"replies":[{"embeddable":true,"href":"https:\/\/www.joibyssusmidur.com\/index.php\/wp-json\/wp\/v2\/comments?post=315"}],"version-history":[{"count":5,"href":"https:\/\/www.joibyssusmidur.com\/index.php\/wp-json\/wp\/v2\/pages\/315\/revisions"}],"predecessor-version":[{"id":442,"href":"https:\/\/www.joibyssusmidur.com\/index.php\/wp-json\/wp\/v2\/pages\/315\/revisions\/442"}],"up":[{"embeddable":true,"href":"https:\/\/www.joibyssusmidur.com\/index.php\/wp-json\/wp\/v2\/pages\/13"}],"wp:attachment":[{"href":"https:\/\/www.joibyssusmidur.com\/index.php\/wp-json\/wp\/v2\/media?parent=315"}],"curies":[{"name":"wp","href":"https:\/\/api.w.org\/{rel}","templated":true}]}}