{"id":2990,"date":"2021-12-22T15:20:34","date_gmt":"2021-12-22T15:20:34","guid":{"rendered":"https:\/\/www.joibyssusmidur.com\/?page_id=2990"},"modified":"2021-12-22T15:20:34","modified_gmt":"2021-12-22T15:20:34","slug":"aselkon-redstone-max5","status":"publish","type":"page","link":"https:\/\/www.joibyssusmidur.com\/index.php\/byssur-2\/aselkon\/aselkon-redstone-max5\/","title":{"rendered":"Aselkon Redstone MAX5"},"content":{"rendered":"<p><img loading=\"lazy\" decoding=\"async\" class=\"aligncenter size-full wp-image-2991\" src=\"https:\/\/www.joibyssusmidur.com\/wp-content\/uploads\/2021\/12\/Aselkon-red-stone-max5.png\" alt=\"\" width=\"3888\" height=\"962\" srcset=\"https:\/\/www.joibyssusmidur.com\/wp-content\/uploads\/2021\/12\/Aselkon-red-stone-max5.png 3888w, https:\/\/www.joibyssusmidur.com\/wp-content\/uploads\/2021\/12\/Aselkon-red-stone-max5-300x74.png 300w, https:\/\/www.joibyssusmidur.com\/wp-content\/uploads\/2021\/12\/Aselkon-red-stone-max5-1024x253.png 1024w, https:\/\/www.joibyssusmidur.com\/wp-content\/uploads\/2021\/12\/Aselkon-red-stone-max5-768x190.png 768w, https:\/\/www.joibyssusmidur.com\/wp-content\/uploads\/2021\/12\/Aselkon-red-stone-max5-1536x380.png 1536w, https:\/\/www.joibyssusmidur.com\/wp-content\/uploads\/2021\/12\/Aselkon-red-stone-max5-2048x507.png 2048w, https:\/\/www.joibyssusmidur.com\/wp-content\/uploads\/2021\/12\/Aselkon-red-stone-max5-500x124.png 500w\" sizes=\"auto, (max-width: 3888px) 100vw, 3888px\" \/><\/p>\n<p>Cal. 12<\/p>\n<p>3\u2033 skotst\u00e6\u00f0i, \u00fer\u00fdstipr\u00f3fu\u00f0 \u00ed verksmi\u00f0ju fyrir 1500 bar.<\/p>\n<p>Hlauplengd 66 og 71cm<\/p>\n<p>Interia Technology\u00a0 skiftib\u00fana\u00f0ur<\/p>\n<p>Aukahlutir\u00a0 4\u00a0 auka \u00ferengingar,taska,stillipl\u00f6tur fyrir skefti og \u00f3larfestingar<\/p>\n<p>Ver\u00f0 120.000 kr<\/p>\n","protected":false},"excerpt":{"rendered":"<p>Cal. 12 3\u2033 skotst\u00e6\u00f0i, \u00fer\u00fdstipr\u00f3fu\u00f0 \u00ed verksmi\u00f0ju fyrir 1500 bar. Hlauplengd 66 og 71cm Interia Technology\u00a0 skiftib\u00fana\u00f0ur Aukahlutir\u00a0 4\u00a0 auka \u00ferengingar,taska,stillipl\u00f6tur fyrir skefti og \u00f3larfestingar Ver\u00f0 120.000 kr &hellip; <a class=\"more-link\" href=\"https:\/\/www.joibyssusmidur.com\/index.php\/byssur-2\/aselkon\/aselkon-redstone-max5\/\">Continue reading <span class=\"meta-nav\">&rarr;<\/span><\/a><\/p>\n","protected":false},"author":5,"featured_media":0,"parent":2954,"menu_order":0,"comment_status":"closed","ping_status":"closed","template":"","meta":{"footnotes":""},"class_list":["post-2990","page","type-page","status-publish","hentry"],"yoast_head":"<!-- This site is optimized with the Yoast SEO plugin v27.3 - https:\/\/yoast.com\/product\/yoast-seo-wordpress\/ -->\n<title>Aselkon Redstone MAX5 - J\u00f3i byssusmi\u00f0ur<\/title>\n<meta name=\"robots\" content=\"index, follow, max-snippet:-1, max-image-preview:large, max-video-preview:-1\" \/>\n<link rel=\"canonical\" href=\"https:\/\/www.joibyssusmidur.com\/index.php\/byssur-2\/aselkon\/aselkon-redstone-max5\/\" \/>\n<meta property=\"og:locale\" content=\"en_US\" \/>\n<meta property=\"og:type\" content=\"article\" \/>\n<meta property=\"og:title\" content=\"Aselkon Redstone MAX5 - J\u00f3i byssusmi\u00f0ur\" \/>\n<meta property=\"og:description\" content=\"Cal. 12 3\u2033 skotst\u00e6\u00f0i, \u00fer\u00fdstipr\u00f3fu\u00f0 \u00ed verksmi\u00f0ju fyrir 1500 bar. Hlauplengd 66 og 71cm Interia Technology\u00a0 skiftib\u00fana\u00f0ur Aukahlutir\u00a0 4\u00a0 auka \u00ferengingar,taska,stillipl\u00f6tur fyrir skefti og \u00f3larfestingar Ver\u00f0 120.000 kr &hellip; Continue reading &rarr;\" \/>\n<meta property=\"og:url\" content=\"https:\/\/www.joibyssusmidur.com\/index.php\/byssur-2\/aselkon\/aselkon-redstone-max5\/\" \/>\n<meta property=\"og:site_name\" content=\"J\u00f3i byssusmi\u00f0ur\" \/>\n<meta property=\"og:image\" content=\"https:\/\/www.joibyssusmidur.com\/wp-content\/uploads\/2021\/12\/Aselkon-red-stone-max5.png\" \/>\n<meta name=\"twitter:card\" content=\"summary_large_image\" \/>\n<script type=\"application\/ld+json\" class=\"yoast-schema-graph\">{\"@context\":\"https:\\\/\\\/schema.org\",\"@graph\":[{\"@type\":\"WebPage\",\"@id\":\"https:\\\/\\\/www.joibyssusmidur.com\\\/index.php\\\/byssur-2\\\/aselkon\\\/aselkon-redstone-max5\\\/\",\"url\":\"https:\\\/\\\/www.joibyssusmidur.com\\\/index.php\\\/byssur-2\\\/aselkon\\\/aselkon-redstone-max5\\\/\",\"name\":\"Aselkon Redstone MAX5 - J\u00f3i byssusmi\u00f0ur\",\"isPartOf\":{\"@id\":\"https:\\\/\\\/www.joibyssusmidur.com\\\/#website\"},\"primaryImageOfPage\":{\"@id\":\"https:\\\/\\\/www.joibyssusmidur.com\\\/index.php\\\/byssur-2\\\/aselkon\\\/aselkon-redstone-max5\\\/#primaryimage\"},\"image\":{\"@id\":\"https:\\\/\\\/www.joibyssusmidur.com\\\/index.php\\\/byssur-2\\\/aselkon\\\/aselkon-redstone-max5\\\/#primaryimage\"},\"thumbnailUrl\":\"https:\\\/\\\/www.joibyssusmidur.com\\\/wp-content\\\/uploads\\\/2021\\\/12\\\/Aselkon-red-stone-max5.png\",\"datePublished\":\"2021-12-22T15:20:34+00:00\",\"breadcrumb\":{\"@id\":\"https:\\\/\\\/www.joibyssusmidur.com\\\/index.php\\\/byssur-2\\\/aselkon\\\/aselkon-redstone-max5\\\/#breadcrumb\"},\"inLanguage\":\"en-US\",\"potentialAction\":[{\"@type\":\"ReadAction\",\"target\":[\"https:\\\/\\\/www.joibyssusmidur.com\\\/index.php\\\/byssur-2\\\/aselkon\\\/aselkon-redstone-max5\\\/\"]}]},{\"@type\":\"ImageObject\",\"inLanguage\":\"en-US\",\"@id\":\"https:\\\/\\\/www.joibyssusmidur.com\\\/index.php\\\/byssur-2\\\/aselkon\\\/aselkon-redstone-max5\\\/#primaryimage\",\"url\":\"https:\\\/\\\/www.joibyssusmidur.com\\\/wp-content\\\/uploads\\\/2021\\\/12\\\/Aselkon-red-stone-max5.png\",\"contentUrl\":\"https:\\\/\\\/www.joibyssusmidur.com\\\/wp-content\\\/uploads\\\/2021\\\/12\\\/Aselkon-red-stone-max5.png\",\"width\":3888,\"height\":962},{\"@type\":\"BreadcrumbList\",\"@id\":\"https:\\\/\\\/www.joibyssusmidur.com\\\/index.php\\\/byssur-2\\\/aselkon\\\/aselkon-redstone-max5\\\/#breadcrumb\",\"itemListElement\":[{\"@type\":\"ListItem\",\"position\":1,\"name\":\"Home\",\"item\":\"https:\\\/\\\/www.joibyssusmidur.com\\\/\"},{\"@type\":\"ListItem\",\"position\":2,\"name\":\"Byssur\",\"item\":\"https:\\\/\\\/www.joibyssusmidur.com\\\/index.php\\\/byssur-2\\\/\"},{\"@type\":\"ListItem\",\"position\":3,\"name\":\"Aselkon\",\"item\":\"https:\\\/\\\/www.joibyssusmidur.com\\\/index.php\\\/byssur-2\\\/aselkon\\\/\"},{\"@type\":\"ListItem\",\"position\":4,\"name\":\"Aselkon Redstone MAX5\"}]},{\"@type\":\"WebSite\",\"@id\":\"https:\\\/\\\/www.joibyssusmidur.com\\\/#website\",\"url\":\"https:\\\/\\\/www.joibyssusmidur.com\\\/\",\"name\":\"J\u00f3i byssusmi\u00f0ur\",\"description\":\"joibyssusmidur\",\"publisher\":{\"@id\":\"https:\\\/\\\/www.joibyssusmidur.com\\\/#\\\/schema\\\/person\\\/8a757fb5de9f249e91d49840047de199\"},\"potentialAction\":[{\"@type\":\"SearchAction\",\"target\":{\"@type\":\"EntryPoint\",\"urlTemplate\":\"https:\\\/\\\/www.joibyssusmidur.com\\\/?s={search_term_string}\"},\"query-input\":{\"@type\":\"PropertyValueSpecification\",\"valueRequired\":true,\"valueName\":\"search_term_string\"}}],\"inLanguage\":\"en-US\"},{\"@type\":[\"Person\",\"Organization\"],\"@id\":\"https:\\\/\\\/www.joibyssusmidur.com\\\/#\\\/schema\\\/person\\\/8a757fb5de9f249e91d49840047de199\",\"name\":\"J\u00f3hann Vilhj\u00e1lmsson\",\"image\":{\"@type\":\"ImageObject\",\"inLanguage\":\"en-US\",\"@id\":\"https:\\\/\\\/secure.gravatar.com\\\/avatar\\\/752ab1088a5ce88b8c12eeb05bafe23c8611b12ccbfc8621c0e4dd63e5e440a1?s=96&d=mm&r=g\",\"url\":\"https:\\\/\\\/secure.gravatar.com\\\/avatar\\\/752ab1088a5ce88b8c12eeb05bafe23c8611b12ccbfc8621c0e4dd63e5e440a1?s=96&d=mm&r=g\",\"contentUrl\":\"https:\\\/\\\/secure.gravatar.com\\\/avatar\\\/752ab1088a5ce88b8c12eeb05bafe23c8611b12ccbfc8621c0e4dd63e5e440a1?s=96&d=mm&r=g\",\"caption\":\"J\u00f3hann Vilhj\u00e1lmsson\"},\"logo\":{\"@id\":\"https:\\\/\\\/secure.gravatar.com\\\/avatar\\\/752ab1088a5ce88b8c12eeb05bafe23c8611b12ccbfc8621c0e4dd63e5e440a1?s=96&d=mm&r=g\"},\"sameAs\":[\"https:\\\/\\\/www.joibyssusmidur.com\"]}]}<\/script>\n<!-- \/ Yoast SEO plugin. -->","yoast_head_json":{"title":"Aselkon Redstone MAX5 - J\u00f3i byssusmi\u00f0ur","robots":{"index":"index","follow":"follow","max-snippet":"max-snippet:-1","max-image-preview":"max-image-preview:large","max-video-preview":"max-video-preview:-1"},"canonical":"https:\/\/www.joibyssusmidur.com\/index.php\/byssur-2\/aselkon\/aselkon-redstone-max5\/","og_locale":"en_US","og_type":"article","og_title":"Aselkon Redstone MAX5 - J\u00f3i byssusmi\u00f0ur","og_description":"Cal. 12 3\u2033 skotst\u00e6\u00f0i, \u00fer\u00fdstipr\u00f3fu\u00f0 \u00ed verksmi\u00f0ju fyrir 1500 bar. Hlauplengd 66 og 71cm Interia Technology\u00a0 skiftib\u00fana\u00f0ur Aukahlutir\u00a0 4\u00a0 auka \u00ferengingar,taska,stillipl\u00f6tur fyrir skefti og \u00f3larfestingar Ver\u00f0 120.000 kr &hellip; Continue reading &rarr;","og_url":"https:\/\/www.joibyssusmidur.com\/index.php\/byssur-2\/aselkon\/aselkon-redstone-max5\/","og_site_name":"J\u00f3i byssusmi\u00f0ur","og_image":[{"url":"https:\/\/www.joibyssusmidur.com\/wp-content\/uploads\/2021\/12\/Aselkon-red-stone-max5.png","type":"","width":"","height":""}],"twitter_card":"summary_large_image","schema":{"@context":"https:\/\/schema.org","@graph":[{"@type":"WebPage","@id":"https:\/\/www.joibyssusmidur.com\/index.php\/byssur-2\/aselkon\/aselkon-redstone-max5\/","url":"https:\/\/www.joibyssusmidur.com\/index.php\/byssur-2\/aselkon\/aselkon-redstone-max5\/","name":"Aselkon Redstone MAX5 - J\u00f3i byssusmi\u00f0ur","isPartOf":{"@id":"https:\/\/www.joibyssusmidur.com\/#website"},"primaryImageOfPage":{"@id":"https:\/\/www.joibyssusmidur.com\/index.php\/byssur-2\/aselkon\/aselkon-redstone-max5\/#primaryimage"},"image":{"@id":"https:\/\/www.joibyssusmidur.com\/index.php\/byssur-2\/aselkon\/aselkon-redstone-max5\/#primaryimage"},"thumbnailUrl":"https:\/\/www.joibyssusmidur.com\/wp-content\/uploads\/2021\/12\/Aselkon-red-stone-max5.png","datePublished":"2021-12-22T15:20:34+00:00","breadcrumb":{"@id":"https:\/\/www.joibyssusmidur.com\/index.php\/byssur-2\/aselkon\/aselkon-redstone-max5\/#breadcrumb"},"inLanguage":"en-US","potentialAction":[{"@type":"ReadAction","target":["https:\/\/www.joibyssusmidur.com\/index.php\/byssur-2\/aselkon\/aselkon-redstone-max5\/"]}]},{"@type":"ImageObject","inLanguage":"en-US","@id":"https:\/\/www.joibyssusmidur.com\/index.php\/byssur-2\/aselkon\/aselkon-redstone-max5\/#primaryimage","url":"https:\/\/www.joibyssusmidur.com\/wp-content\/uploads\/2021\/12\/Aselkon-red-stone-max5.png","contentUrl":"https:\/\/www.joibyssusmidur.com\/wp-content\/uploads\/2021\/12\/Aselkon-red-stone-max5.png","width":3888,"height":962},{"@type":"BreadcrumbList","@id":"https:\/\/www.joibyssusmidur.com\/index.php\/byssur-2\/aselkon\/aselkon-redstone-max5\/#breadcrumb","itemListElement":[{"@type":"ListItem","position":1,"name":"Home","item":"https:\/\/www.joibyssusmidur.com\/"},{"@type":"ListItem","position":2,"name":"Byssur","item":"https:\/\/www.joibyssusmidur.com\/index.php\/byssur-2\/"},{"@type":"ListItem","position":3,"name":"Aselkon","item":"https:\/\/www.joibyssusmidur.com\/index.php\/byssur-2\/aselkon\/"},{"@type":"ListItem","position":4,"name":"Aselkon Redstone MAX5"}]},{"@type":"WebSite","@id":"https:\/\/www.joibyssusmidur.com\/#website","url":"https:\/\/www.joibyssusmidur.com\/","name":"J\u00f3i byssusmi\u00f0ur","description":"joibyssusmidur","publisher":{"@id":"https:\/\/www.joibyssusmidur.com\/#\/schema\/person\/8a757fb5de9f249e91d49840047de199"},"potentialAction":[{"@type":"SearchAction","target":{"@type":"EntryPoint","urlTemplate":"https:\/\/www.joibyssusmidur.com\/?s={search_term_string}"},"query-input":{"@type":"PropertyValueSpecification","valueRequired":true,"valueName":"search_term_string"}}],"inLanguage":"en-US"},{"@type":["Person","Organization"],"@id":"https:\/\/www.joibyssusmidur.com\/#\/schema\/person\/8a757fb5de9f249e91d49840047de199","name":"J\u00f3hann Vilhj\u00e1lmsson","image":{"@type":"ImageObject","inLanguage":"en-US","@id":"https:\/\/secure.gravatar.com\/avatar\/752ab1088a5ce88b8c12eeb05bafe23c8611b12ccbfc8621c0e4dd63e5e440a1?s=96&d=mm&r=g","url":"https:\/\/secure.gravatar.com\/avatar\/752ab1088a5ce88b8c12eeb05bafe23c8611b12ccbfc8621c0e4dd63e5e440a1?s=96&d=mm&r=g","contentUrl":"https:\/\/secure.gravatar.com\/avatar\/752ab1088a5ce88b8c12eeb05bafe23c8611b12ccbfc8621c0e4dd63e5e440a1?s=96&d=mm&r=g","caption":"J\u00f3hann Vilhj\u00e1lmsson"},"logo":{"@id":"https:\/\/secure.gravatar.com\/avatar\/752ab1088a5ce88b8c12eeb05bafe23c8611b12ccbfc8621c0e4dd63e5e440a1?s=96&d=mm&r=g"},"sameAs":["https:\/\/www.joibyssusmidur.com"]}]}},"_links":{"self":[{"href":"https:\/\/www.joibyssusmidur.com\/index.php\/wp-json\/wp\/v2\/pages\/2990","targetHints":{"allow":["GET"]}}],"collection":[{"href":"https:\/\/www.joibyssusmidur.com\/index.php\/wp-json\/wp\/v2\/pages"}],"about":[{"href":"https:\/\/www.joibyssusmidur.com\/index.php\/wp-json\/wp\/v2\/types\/page"}],"author":[{"embeddable":true,"href":"https:\/\/www.joibyssusmidur.com\/index.php\/wp-json\/wp\/v2\/users\/5"}],"replies":[{"embeddable":true,"href":"https:\/\/www.joibyssusmidur.com\/index.php\/wp-json\/wp\/v2\/comments?post=2990"}],"version-history":[{"count":1,"href":"https:\/\/www.joibyssusmidur.com\/index.php\/wp-json\/wp\/v2\/pages\/2990\/revisions"}],"predecessor-version":[{"id":2992,"href":"https:\/\/www.joibyssusmidur.com\/index.php\/wp-json\/wp\/v2\/pages\/2990\/revisions\/2992"}],"up":[{"embeddable":true,"href":"https:\/\/www.joibyssusmidur.com\/index.php\/wp-json\/wp\/v2\/pages\/2954"}],"wp:attachment":[{"href":"https:\/\/www.joibyssusmidur.com\/index.php\/wp-json\/wp\/v2\/media?parent=2990"}],"curies":[{"name":"wp","href":"https:\/\/api.w.org\/{rel}","templated":true}]}}