{"id":2843,"date":"2020-11-27T09:40:01","date_gmt":"2020-11-27T09:40:01","guid":{"rendered":"http:\/\/joibyssusmidur.com\/?page_id=2843"},"modified":"2021-12-25T18:03:32","modified_gmt":"2021-12-25T18:03:32","slug":"mauser-m18-lr","status":"publish","type":"page","link":"https:\/\/www.joibyssusmidur.com\/index.php\/byssur-2\/mauser\/mauser-m18-2\/mauser-m18-lr\/","title":{"rendered":"LR M18"},"content":{"rendered":"<p>Mauser M18 LR. \u00cd bo\u00f0i er cal 308 Win og 6,5 Creedmore. Sm\u00ed\u00f0a\u00f0ur \u00ed \u00de\u00fdskalandi \u00far \u00farvals efnum.\u00a0<strong>Ver\u00f0 350.000 kr<\/strong><\/p>\n<table class=\"ce-table ce-table-table-bordered\">\n<tbody>\n<tr>\n<th>Caliber:<\/th>\n<td>.308 Win., .243 Win., 6,5 Creedmoor, 6XC<\/td>\n<\/tr>\n<tr>\n<th>Barrel finish:<\/th>\n<td>Blued<\/td>\n<\/tr>\n<tr>\n<th>Barrel length:<\/th>\n<td>62 cm<\/td>\n<\/tr>\n<tr>\n<th>Muzzle diameter:<\/th>\n<td>22 mm<\/td>\n<\/tr>\n<tr>\n<th>Muzzle thread:<\/th>\n<td>M18x1<\/td>\n<\/tr>\n<tr>\n<th>Total length:<\/th>\n<td>110 cm<\/td>\n<\/tr>\n<tr>\n<th>Weight:<\/th>\n<td>ca. 4.5 kg<\/td>\n<\/tr>\n<\/tbody>\n<\/table>\n<div id=\"attachment_2844\" style=\"width: 1810px\" class=\"wp-caption alignleft\"><img loading=\"lazy\" decoding=\"async\" aria-describedby=\"caption-attachment-2844\" class=\"wp-image-2844 size-full\" src=\"https:\/\/www.joibyssusmidur.com\/wp-content\/uploads\/2020\/11\/csm_Mauser_18_LR_Chassis_1970x390px_links_6f5908c0da-1.jpg\" alt=\"\" width=\"1800\" height=\"357\" srcset=\"https:\/\/www.joibyssusmidur.com\/wp-content\/uploads\/2020\/11\/csm_Mauser_18_LR_Chassis_1970x390px_links_6f5908c0da-1.jpg 1800w, https:\/\/www.joibyssusmidur.com\/wp-content\/uploads\/2020\/11\/csm_Mauser_18_LR_Chassis_1970x390px_links_6f5908c0da-1-300x60.jpg 300w, https:\/\/www.joibyssusmidur.com\/wp-content\/uploads\/2020\/11\/csm_Mauser_18_LR_Chassis_1970x390px_links_6f5908c0da-1-1024x203.jpg 1024w, https:\/\/www.joibyssusmidur.com\/wp-content\/uploads\/2020\/11\/csm_Mauser_18_LR_Chassis_1970x390px_links_6f5908c0da-1-768x152.jpg 768w, https:\/\/www.joibyssusmidur.com\/wp-content\/uploads\/2020\/11\/csm_Mauser_18_LR_Chassis_1970x390px_links_6f5908c0da-1-1536x305.jpg 1536w, https:\/\/www.joibyssusmidur.com\/wp-content\/uploads\/2020\/11\/csm_Mauser_18_LR_Chassis_1970x390px_links_6f5908c0da-1-500x99.jpg 500w\" sizes=\"auto, (max-width: 1800px) 100vw, 1800px\" \/><p id=\"caption-attachment-2844\" class=\"wp-caption-text\">ATH tv\u00edf\u00f3tur \u00e1 mynd fylgir ekki<\/p><\/div>\n<p><img loading=\"lazy\" decoding=\"async\" class=\"alignleft size-full wp-image-2845\" src=\"https:\/\/www.joibyssusmidur.com\/wp-content\/uploads\/2020\/11\/csm_Mauser_18_LR_Chassis_1970x390px_rechts_7a8b2eea98-1.jpg\" alt=\"\" width=\"1800\" height=\"357\" srcset=\"https:\/\/www.joibyssusmidur.com\/wp-content\/uploads\/2020\/11\/csm_Mauser_18_LR_Chassis_1970x390px_rechts_7a8b2eea98-1.jpg 1800w, https:\/\/www.joibyssusmidur.com\/wp-content\/uploads\/2020\/11\/csm_Mauser_18_LR_Chassis_1970x390px_rechts_7a8b2eea98-1-300x60.jpg 300w, https:\/\/www.joibyssusmidur.com\/wp-content\/uploads\/2020\/11\/csm_Mauser_18_LR_Chassis_1970x390px_rechts_7a8b2eea98-1-1024x203.jpg 1024w, https:\/\/www.joibyssusmidur.com\/wp-content\/uploads\/2020\/11\/csm_Mauser_18_LR_Chassis_1970x390px_rechts_7a8b2eea98-1-768x152.jpg 768w, https:\/\/www.joibyssusmidur.com\/wp-content\/uploads\/2020\/11\/csm_Mauser_18_LR_Chassis_1970x390px_rechts_7a8b2eea98-1-1536x305.jpg 1536w, https:\/\/www.joibyssusmidur.com\/wp-content\/uploads\/2020\/11\/csm_Mauser_18_LR_Chassis_1970x390px_rechts_7a8b2eea98-1-500x99.jpg 500w\" sizes=\"auto, (max-width: 1800px) 100vw, 1800px\" \/> <img loading=\"lazy\" decoding=\"async\" class=\"alignleft size-full wp-image-2846\" src=\"https:\/\/www.joibyssusmidur.com\/wp-content\/uploads\/2020\/11\/csm_Mauser_18_LR_Chassis_USPs_Dreistellungssicherung_37905df83b.jpg\" alt=\"\" width=\"1140\" height=\"1140\" srcset=\"https:\/\/www.joibyssusmidur.com\/wp-content\/uploads\/2020\/11\/csm_Mauser_18_LR_Chassis_USPs_Dreistellungssicherung_37905df83b.jpg 1140w, https:\/\/www.joibyssusmidur.com\/wp-content\/uploads\/2020\/11\/csm_Mauser_18_LR_Chassis_USPs_Dreistellungssicherung_37905df83b-300x300.jpg 300w, https:\/\/www.joibyssusmidur.com\/wp-content\/uploads\/2020\/11\/csm_Mauser_18_LR_Chassis_USPs_Dreistellungssicherung_37905df83b-1024x1024.jpg 1024w, https:\/\/www.joibyssusmidur.com\/wp-content\/uploads\/2020\/11\/csm_Mauser_18_LR_Chassis_USPs_Dreistellungssicherung_37905df83b-150x150.jpg 150w, https:\/\/www.joibyssusmidur.com\/wp-content\/uploads\/2020\/11\/csm_Mauser_18_LR_Chassis_USPs_Dreistellungssicherung_37905df83b-768x768.jpg 768w, https:\/\/www.joibyssusmidur.com\/wp-content\/uploads\/2020\/11\/csm_Mauser_18_LR_Chassis_USPs_Dreistellungssicherung_37905df83b-144x144.jpg 144w\" sizes=\"auto, (max-width: 1140px) 100vw, 1140px\" \/> <img loading=\"lazy\" decoding=\"async\" class=\"alignleft size-full wp-image-2847\" src=\"https:\/\/www.joibyssusmidur.com\/wp-content\/uploads\/2020\/11\/csm_Mauser_18_LR_Chassis_USPs_Kegelkammergrill_f5b7f2db85.jpg\" alt=\"\" width=\"1140\" height=\"1140\" srcset=\"https:\/\/www.joibyssusmidur.com\/wp-content\/uploads\/2020\/11\/csm_Mauser_18_LR_Chassis_USPs_Kegelkammergrill_f5b7f2db85.jpg 1140w, https:\/\/www.joibyssusmidur.com\/wp-content\/uploads\/2020\/11\/csm_Mauser_18_LR_Chassis_USPs_Kegelkammergrill_f5b7f2db85-300x300.jpg 300w, https:\/\/www.joibyssusmidur.com\/wp-content\/uploads\/2020\/11\/csm_Mauser_18_LR_Chassis_USPs_Kegelkammergrill_f5b7f2db85-1024x1024.jpg 1024w, https:\/\/www.joibyssusmidur.com\/wp-content\/uploads\/2020\/11\/csm_Mauser_18_LR_Chassis_USPs_Kegelkammergrill_f5b7f2db85-150x150.jpg 150w, https:\/\/www.joibyssusmidur.com\/wp-content\/uploads\/2020\/11\/csm_Mauser_18_LR_Chassis_USPs_Kegelkammergrill_f5b7f2db85-768x768.jpg 768w, https:\/\/www.joibyssusmidur.com\/wp-content\/uploads\/2020\/11\/csm_Mauser_18_LR_Chassis_USPs_Kegelkammergrill_f5b7f2db85-144x144.jpg 144w\" sizes=\"auto, (max-width: 1140px) 100vw, 1140px\" \/> <img loading=\"lazy\" decoding=\"async\" class=\"alignleft size-full wp-image-2848\" src=\"https:\/\/www.joibyssusmidur.com\/wp-content\/uploads\/2020\/11\/csm_Mauser_18_LR_Chassis_USPs_Lauf_2510a6d5ef.jpg\" alt=\"\" width=\"1140\" height=\"1140\" srcset=\"https:\/\/www.joibyssusmidur.com\/wp-content\/uploads\/2020\/11\/csm_Mauser_18_LR_Chassis_USPs_Lauf_2510a6d5ef.jpg 1140w, https:\/\/www.joibyssusmidur.com\/wp-content\/uploads\/2020\/11\/csm_Mauser_18_LR_Chassis_USPs_Lauf_2510a6d5ef-300x300.jpg 300w, https:\/\/www.joibyssusmidur.com\/wp-content\/uploads\/2020\/11\/csm_Mauser_18_LR_Chassis_USPs_Lauf_2510a6d5ef-1024x1024.jpg 1024w, https:\/\/www.joibyssusmidur.com\/wp-content\/uploads\/2020\/11\/csm_Mauser_18_LR_Chassis_USPs_Lauf_2510a6d5ef-150x150.jpg 150w, https:\/\/www.joibyssusmidur.com\/wp-content\/uploads\/2020\/11\/csm_Mauser_18_LR_Chassis_USPs_Lauf_2510a6d5ef-768x768.jpg 768w, https:\/\/www.joibyssusmidur.com\/wp-content\/uploads\/2020\/11\/csm_Mauser_18_LR_Chassis_USPs_Lauf_2510a6d5ef-144x144.jpg 144w\" sizes=\"auto, (max-width: 1140px) 100vw, 1140px\" \/> <img loading=\"lazy\" decoding=\"async\" class=\"alignleft size-full wp-image-2849\" src=\"https:\/\/www.joibyssusmidur.com\/wp-content\/uploads\/2020\/11\/csm_Mauser_18_LR_Chassis_USPs_Magazin_6c043cf8e7.jpg\" alt=\"\" width=\"1140\" height=\"1140\" srcset=\"https:\/\/www.joibyssusmidur.com\/wp-content\/uploads\/2020\/11\/csm_Mauser_18_LR_Chassis_USPs_Magazin_6c043cf8e7.jpg 1140w, https:\/\/www.joibyssusmidur.com\/wp-content\/uploads\/2020\/11\/csm_Mauser_18_LR_Chassis_USPs_Magazin_6c043cf8e7-300x300.jpg 300w, https:\/\/www.joibyssusmidur.com\/wp-content\/uploads\/2020\/11\/csm_Mauser_18_LR_Chassis_USPs_Magazin_6c043cf8e7-1024x1024.jpg 1024w, https:\/\/www.joibyssusmidur.com\/wp-content\/uploads\/2020\/11\/csm_Mauser_18_LR_Chassis_USPs_Magazin_6c043cf8e7-150x150.jpg 150w, https:\/\/www.joibyssusmidur.com\/wp-content\/uploads\/2020\/11\/csm_Mauser_18_LR_Chassis_USPs_Magazin_6c043cf8e7-768x768.jpg 768w, https:\/\/www.joibyssusmidur.com\/wp-content\/uploads\/2020\/11\/csm_Mauser_18_LR_Chassis_USPs_Magazin_6c043cf8e7-144x144.jpg 144w\" sizes=\"auto, (max-width: 1140px) 100vw, 1140px\" \/> <img loading=\"lazy\" decoding=\"async\" class=\"alignleft size-full wp-image-2850\" src=\"https:\/\/www.joibyssusmidur.com\/wp-content\/uploads\/2020\/11\/csm_Mauser_18_LR_Chassis_USPs_M-Lock_6bde060dc1.jpg\" alt=\"\" width=\"1140\" height=\"1140\" srcset=\"https:\/\/www.joibyssusmidur.com\/wp-content\/uploads\/2020\/11\/csm_Mauser_18_LR_Chassis_USPs_M-Lock_6bde060dc1.jpg 1140w, https:\/\/www.joibyssusmidur.com\/wp-content\/uploads\/2020\/11\/csm_Mauser_18_LR_Chassis_USPs_M-Lock_6bde060dc1-300x300.jpg 300w, https:\/\/www.joibyssusmidur.com\/wp-content\/uploads\/2020\/11\/csm_Mauser_18_LR_Chassis_USPs_M-Lock_6bde060dc1-1024x1024.jpg 1024w, https:\/\/www.joibyssusmidur.com\/wp-content\/uploads\/2020\/11\/csm_Mauser_18_LR_Chassis_USPs_M-Lock_6bde060dc1-150x150.jpg 150w, https:\/\/www.joibyssusmidur.com\/wp-content\/uploads\/2020\/11\/csm_Mauser_18_LR_Chassis_USPs_M-Lock_6bde060dc1-768x768.jpg 768w, https:\/\/www.joibyssusmidur.com\/wp-content\/uploads\/2020\/11\/csm_Mauser_18_LR_Chassis_USPs_M-Lock_6bde060dc1-144x144.jpg 144w\" sizes=\"auto, (max-width: 1140px) 100vw, 1140px\" \/> <img loading=\"lazy\" decoding=\"async\" class=\"alignleft size-full wp-image-2851\" src=\"https:\/\/www.joibyssusmidur.com\/wp-content\/uploads\/2020\/11\/csm_Mauser_18_LR_Chassis_USPs_Picatinyschiene_a95d58b463.jpg\" alt=\"\" width=\"1140\" height=\"1140\" srcset=\"https:\/\/www.joibyssusmidur.com\/wp-content\/uploads\/2020\/11\/csm_Mauser_18_LR_Chassis_USPs_Picatinyschiene_a95d58b463.jpg 1140w, https:\/\/www.joibyssusmidur.com\/wp-content\/uploads\/2020\/11\/csm_Mauser_18_LR_Chassis_USPs_Picatinyschiene_a95d58b463-300x300.jpg 300w, https:\/\/www.joibyssusmidur.com\/wp-content\/uploads\/2020\/11\/csm_Mauser_18_LR_Chassis_USPs_Picatinyschiene_a95d58b463-1024x1024.jpg 1024w, https:\/\/www.joibyssusmidur.com\/wp-content\/uploads\/2020\/11\/csm_Mauser_18_LR_Chassis_USPs_Picatinyschiene_a95d58b463-150x150.jpg 150w, https:\/\/www.joibyssusmidur.com\/wp-content\/uploads\/2020\/11\/csm_Mauser_18_LR_Chassis_USPs_Picatinyschiene_a95d58b463-768x768.jpg 768w, https:\/\/www.joibyssusmidur.com\/wp-content\/uploads\/2020\/11\/csm_Mauser_18_LR_Chassis_USPs_Picatinyschiene_a95d58b463-144x144.jpg 144w\" sizes=\"auto, (max-width: 1140px) 100vw, 1140px\" \/> <img loading=\"lazy\" decoding=\"async\" class=\"alignleft size-full wp-image-2852\" src=\"https:\/\/www.joibyssusmidur.com\/wp-content\/uploads\/2020\/11\/csm_Mauser_18_LR_Chassis_USPs_Pistolengriff_033ce89a42.jpg\" alt=\"\" width=\"1140\" height=\"1140\" srcset=\"https:\/\/www.joibyssusmidur.com\/wp-content\/uploads\/2020\/11\/csm_Mauser_18_LR_Chassis_USPs_Pistolengriff_033ce89a42.jpg 1140w, https:\/\/www.joibyssusmidur.com\/wp-content\/uploads\/2020\/11\/csm_Mauser_18_LR_Chassis_USPs_Pistolengriff_033ce89a42-300x300.jpg 300w, https:\/\/www.joibyssusmidur.com\/wp-content\/uploads\/2020\/11\/csm_Mauser_18_LR_Chassis_USPs_Pistolengriff_033ce89a42-1024x1024.jpg 1024w, https:\/\/www.joibyssusmidur.com\/wp-content\/uploads\/2020\/11\/csm_Mauser_18_LR_Chassis_USPs_Pistolengriff_033ce89a42-150x150.jpg 150w, https:\/\/www.joibyssusmidur.com\/wp-content\/uploads\/2020\/11\/csm_Mauser_18_LR_Chassis_USPs_Pistolengriff_033ce89a42-768x768.jpg 768w, https:\/\/www.joibyssusmidur.com\/wp-content\/uploads\/2020\/11\/csm_Mauser_18_LR_Chassis_USPs_Pistolengriff_033ce89a42-144x144.jpg 144w\" sizes=\"auto, (max-width: 1140px) 100vw, 1140px\" \/> <img loading=\"lazy\" decoding=\"async\" class=\"alignleft size-full wp-image-2853\" src=\"https:\/\/www.joibyssusmidur.com\/wp-content\/uploads\/2020\/11\/csm_Mauser_18_LR_Chassis_USPs_Riemenbu\u0308gel_8e6b8fce25.jpg\" alt=\"\" width=\"1140\" height=\"1140\" srcset=\"https:\/\/www.joibyssusmidur.com\/wp-content\/uploads\/2020\/11\/csm_Mauser_18_LR_Chassis_USPs_Riemenbu\u0308gel_8e6b8fce25.jpg 1140w, https:\/\/www.joibyssusmidur.com\/wp-content\/uploads\/2020\/11\/csm_Mauser_18_LR_Chassis_USPs_Riemenbu\u0308gel_8e6b8fce25-300x300.jpg 300w, https:\/\/www.joibyssusmidur.com\/wp-content\/uploads\/2020\/11\/csm_Mauser_18_LR_Chassis_USPs_Riemenbu\u0308gel_8e6b8fce25-1024x1024.jpg 1024w, https:\/\/www.joibyssusmidur.com\/wp-content\/uploads\/2020\/11\/csm_Mauser_18_LR_Chassis_USPs_Riemenbu\u0308gel_8e6b8fce25-150x150.jpg 150w, https:\/\/www.joibyssusmidur.com\/wp-content\/uploads\/2020\/11\/csm_Mauser_18_LR_Chassis_USPs_Riemenbu\u0308gel_8e6b8fce25-768x768.jpg 768w, https:\/\/www.joibyssusmidur.com\/wp-content\/uploads\/2020\/11\/csm_Mauser_18_LR_Chassis_USPs_Riemenbu\u0308gel_8e6b8fce25-144x144.jpg 144w\" sizes=\"auto, (max-width: 1140px) 100vw, 1140px\" \/> <img loading=\"lazy\" decoding=\"async\" class=\"alignleft size-full wp-image-2854\" src=\"https:\/\/www.joibyssusmidur.com\/wp-content\/uploads\/2020\/11\/csm_Mauser_18_LR_Chassis_USPs_Schaftkappe_dbd87b7d93.jpg\" alt=\"\" width=\"1800\" height=\"1800\" srcset=\"https:\/\/www.joibyssusmidur.com\/wp-content\/uploads\/2020\/11\/csm_Mauser_18_LR_Chassis_USPs_Schaftkappe_dbd87b7d93.jpg 1800w, https:\/\/www.joibyssusmidur.com\/wp-content\/uploads\/2020\/11\/csm_Mauser_18_LR_Chassis_USPs_Schaftkappe_dbd87b7d93-300x300.jpg 300w, https:\/\/www.joibyssusmidur.com\/wp-content\/uploads\/2020\/11\/csm_Mauser_18_LR_Chassis_USPs_Schaftkappe_dbd87b7d93-1024x1024.jpg 1024w, https:\/\/www.joibyssusmidur.com\/wp-content\/uploads\/2020\/11\/csm_Mauser_18_LR_Chassis_USPs_Schaftkappe_dbd87b7d93-150x150.jpg 150w, https:\/\/www.joibyssusmidur.com\/wp-content\/uploads\/2020\/11\/csm_Mauser_18_LR_Chassis_USPs_Schaftkappe_dbd87b7d93-768x768.jpg 768w, https:\/\/www.joibyssusmidur.com\/wp-content\/uploads\/2020\/11\/csm_Mauser_18_LR_Chassis_USPs_Schaftkappe_dbd87b7d93-1536x1536.jpg 1536w, https:\/\/www.joibyssusmidur.com\/wp-content\/uploads\/2020\/11\/csm_Mauser_18_LR_Chassis_USPs_Schaftkappe_dbd87b7d93-144x144.jpg 144w\" sizes=\"auto, (max-width: 1800px) 100vw, 1800px\" \/> <img loading=\"lazy\" decoding=\"async\" class=\"alignleft size-full wp-image-2855\" src=\"https:\/\/www.joibyssusmidur.com\/wp-content\/uploads\/2020\/11\/csm_Mauser_18_LR_Chassis_USPs_Schaftruecken_37ea5c1dc8.jpg\" alt=\"\" width=\"1140\" height=\"1140\" srcset=\"https:\/\/www.joibyssusmidur.com\/wp-content\/uploads\/2020\/11\/csm_Mauser_18_LR_Chassis_USPs_Schaftruecken_37ea5c1dc8.jpg 1140w, https:\/\/www.joibyssusmidur.com\/wp-content\/uploads\/2020\/11\/csm_Mauser_18_LR_Chassis_USPs_Schaftruecken_37ea5c1dc8-300x300.jpg 300w, https:\/\/www.joibyssusmidur.com\/wp-content\/uploads\/2020\/11\/csm_Mauser_18_LR_Chassis_USPs_Schaftruecken_37ea5c1dc8-1024x1024.jpg 1024w, https:\/\/www.joibyssusmidur.com\/wp-content\/uploads\/2020\/11\/csm_Mauser_18_LR_Chassis_USPs_Schaftruecken_37ea5c1dc8-150x150.jpg 150w, https:\/\/www.joibyssusmidur.com\/wp-content\/uploads\/2020\/11\/csm_Mauser_18_LR_Chassis_USPs_Schaftruecken_37ea5c1dc8-768x768.jpg 768w, https:\/\/www.joibyssusmidur.com\/wp-content\/uploads\/2020\/11\/csm_Mauser_18_LR_Chassis_USPs_Schaftruecken_37ea5c1dc8-144x144.jpg 144w\" sizes=\"auto, (max-width: 1140px) 100vw, 1140px\" \/><\/p>\n","protected":false},"excerpt":{"rendered":"<p>Mauser M18 LR. \u00cd bo\u00f0i er cal 308 Win og 6,5 Creedmore. Sm\u00ed\u00f0a\u00f0ur \u00ed \u00de\u00fdskalandi \u00far \u00farvals efnum.\u00a0Ver\u00f0 350.000 kr Caliber: .308 Win., .243 Win., 6,5 Creedmoor, 6XC Barrel finish: Blued Barrel length: 62 cm Muzzle diameter: 22 mm Muzzle &hellip; <a class=\"more-link\" href=\"https:\/\/www.joibyssusmidur.com\/index.php\/byssur-2\/mauser\/mauser-m18-2\/mauser-m18-lr\/\">Continue reading <span class=\"meta-nav\">&rarr;<\/span><\/a><\/p>\n","protected":false},"author":5,"featured_media":0,"parent":838,"menu_order":0,"comment_status":"closed","ping_status":"closed","template":"","meta":{"footnotes":""},"class_list":["post-2843","page","type-page","status-publish","hentry"],"yoast_head":"<!-- This site is optimized with the Yoast SEO plugin v27.4 - https:\/\/yoast.com\/product\/yoast-seo-wordpress\/ -->\n<title>LR M18 - J\u00f3i byssusmi\u00f0ur<\/title>\n<meta name=\"robots\" content=\"index, follow, max-snippet:-1, max-image-preview:large, max-video-preview:-1\" \/>\n<link rel=\"canonical\" href=\"https:\/\/www.joibyssusmidur.com\/index.php\/byssur-2\/mauser\/mauser-m18-2\/mauser-m18-lr\/\" \/>\n<meta property=\"og:locale\" content=\"en_US\" \/>\n<meta property=\"og:type\" content=\"article\" \/>\n<meta property=\"og:title\" content=\"LR M18 - J\u00f3i byssusmi\u00f0ur\" \/>\n<meta property=\"og:description\" content=\"Mauser M18 LR. \u00cd bo\u00f0i er cal 308 Win og 6,5 Creedmore. Sm\u00ed\u00f0a\u00f0ur \u00ed \u00de\u00fdskalandi \u00far \u00farvals efnum.\u00a0Ver\u00f0 350.000 kr Caliber: .308 Win., .243 Win., 6,5 Creedmoor, 6XC Barrel finish: Blued Barrel length: 62 cm Muzzle diameter: 22 mm Muzzle &hellip; Continue reading &rarr;\" \/>\n<meta property=\"og:url\" content=\"https:\/\/www.joibyssusmidur.com\/index.php\/byssur-2\/mauser\/mauser-m18-2\/mauser-m18-lr\/\" \/>\n<meta property=\"og:site_name\" content=\"J\u00f3i byssusmi\u00f0ur\" \/>\n<meta property=\"article:modified_time\" content=\"2021-12-25T18:03:32+00:00\" \/>\n<meta property=\"og:image\" content=\"https:\/\/www.joibyssusmidur.com\/wp-content\/uploads\/2020\/11\/csm_Mauser_18_LR_Chassis_1970x390px_links_6f5908c0da-1.jpg\" \/>\n<meta name=\"twitter:card\" content=\"summary_large_image\" \/>\n<script type=\"application\/ld+json\" class=\"yoast-schema-graph\">{\"@context\":\"https:\\\/\\\/schema.org\",\"@graph\":[{\"@type\":\"WebPage\",\"@id\":\"https:\\\/\\\/www.joibyssusmidur.com\\\/index.php\\\/byssur-2\\\/mauser\\\/mauser-m18-2\\\/mauser-m18-lr\\\/\",\"url\":\"https:\\\/\\\/www.joibyssusmidur.com\\\/index.php\\\/byssur-2\\\/mauser\\\/mauser-m18-2\\\/mauser-m18-lr\\\/\",\"name\":\"LR M18 - J\u00f3i byssusmi\u00f0ur\",\"isPartOf\":{\"@id\":\"https:\\\/\\\/www.joibyssusmidur.com\\\/#website\"},\"primaryImageOfPage\":{\"@id\":\"https:\\\/\\\/www.joibyssusmidur.com\\\/index.php\\\/byssur-2\\\/mauser\\\/mauser-m18-2\\\/mauser-m18-lr\\\/#primaryimage\"},\"image\":{\"@id\":\"https:\\\/\\\/www.joibyssusmidur.com\\\/index.php\\\/byssur-2\\\/mauser\\\/mauser-m18-2\\\/mauser-m18-lr\\\/#primaryimage\"},\"thumbnailUrl\":\"https:\\\/\\\/www.joibyssusmidur.com\\\/wp-content\\\/uploads\\\/2020\\\/11\\\/csm_Mauser_18_LR_Chassis_1970x390px_links_6f5908c0da-1.jpg\",\"datePublished\":\"2020-11-27T09:40:01+00:00\",\"dateModified\":\"2021-12-25T18:03:32+00:00\",\"breadcrumb\":{\"@id\":\"https:\\\/\\\/www.joibyssusmidur.com\\\/index.php\\\/byssur-2\\\/mauser\\\/mauser-m18-2\\\/mauser-m18-lr\\\/#breadcrumb\"},\"inLanguage\":\"en-US\",\"potentialAction\":[{\"@type\":\"ReadAction\",\"target\":[\"https:\\\/\\\/www.joibyssusmidur.com\\\/index.php\\\/byssur-2\\\/mauser\\\/mauser-m18-2\\\/mauser-m18-lr\\\/\"]}]},{\"@type\":\"ImageObject\",\"inLanguage\":\"en-US\",\"@id\":\"https:\\\/\\\/www.joibyssusmidur.com\\\/index.php\\\/byssur-2\\\/mauser\\\/mauser-m18-2\\\/mauser-m18-lr\\\/#primaryimage\",\"url\":\"https:\\\/\\\/www.joibyssusmidur.com\\\/wp-content\\\/uploads\\\/2020\\\/11\\\/csm_Mauser_18_LR_Chassis_1970x390px_links_6f5908c0da-1.jpg\",\"contentUrl\":\"https:\\\/\\\/www.joibyssusmidur.com\\\/wp-content\\\/uploads\\\/2020\\\/11\\\/csm_Mauser_18_LR_Chassis_1970x390px_links_6f5908c0da-1.jpg\",\"width\":1800,\"height\":357},{\"@type\":\"BreadcrumbList\",\"@id\":\"https:\\\/\\\/www.joibyssusmidur.com\\\/index.php\\\/byssur-2\\\/mauser\\\/mauser-m18-2\\\/mauser-m18-lr\\\/#breadcrumb\",\"itemListElement\":[{\"@type\":\"ListItem\",\"position\":1,\"name\":\"Home\",\"item\":\"https:\\\/\\\/www.joibyssusmidur.com\\\/\"},{\"@type\":\"ListItem\",\"position\":2,\"name\":\"Byssur\",\"item\":\"https:\\\/\\\/www.joibyssusmidur.com\\\/index.php\\\/byssur-2\\\/\"},{\"@type\":\"ListItem\",\"position\":3,\"name\":\"Mauser\",\"item\":\"https:\\\/\\\/www.joibyssusmidur.com\\\/index.php\\\/byssur-2\\\/mauser\\\/\"},{\"@type\":\"ListItem\",\"position\":4,\"name\":\"M18\",\"item\":\"https:\\\/\\\/www.joibyssusmidur.com\\\/index.php\\\/byssur-2\\\/mauser\\\/mauser-m18-2\\\/\"},{\"@type\":\"ListItem\",\"position\":5,\"name\":\"LR M18\"}]},{\"@type\":\"WebSite\",\"@id\":\"https:\\\/\\\/www.joibyssusmidur.com\\\/#website\",\"url\":\"https:\\\/\\\/www.joibyssusmidur.com\\\/\",\"name\":\"J\u00f3i byssusmi\u00f0ur\",\"description\":\"joibyssusmidur\",\"publisher\":{\"@id\":\"https:\\\/\\\/www.joibyssusmidur.com\\\/#\\\/schema\\\/person\\\/8a757fb5de9f249e91d49840047de199\"},\"potentialAction\":[{\"@type\":\"SearchAction\",\"target\":{\"@type\":\"EntryPoint\",\"urlTemplate\":\"https:\\\/\\\/www.joibyssusmidur.com\\\/?s={search_term_string}\"},\"query-input\":{\"@type\":\"PropertyValueSpecification\",\"valueRequired\":true,\"valueName\":\"search_term_string\"}}],\"inLanguage\":\"en-US\"},{\"@type\":[\"Person\",\"Organization\"],\"@id\":\"https:\\\/\\\/www.joibyssusmidur.com\\\/#\\\/schema\\\/person\\\/8a757fb5de9f249e91d49840047de199\",\"name\":\"J\u00f3hann Vilhj\u00e1lmsson\",\"image\":{\"@type\":\"ImageObject\",\"inLanguage\":\"en-US\",\"@id\":\"https:\\\/\\\/secure.gravatar.com\\\/avatar\\\/752ab1088a5ce88b8c12eeb05bafe23c8611b12ccbfc8621c0e4dd63e5e440a1?s=96&d=mm&r=g\",\"url\":\"https:\\\/\\\/secure.gravatar.com\\\/avatar\\\/752ab1088a5ce88b8c12eeb05bafe23c8611b12ccbfc8621c0e4dd63e5e440a1?s=96&d=mm&r=g\",\"contentUrl\":\"https:\\\/\\\/secure.gravatar.com\\\/avatar\\\/752ab1088a5ce88b8c12eeb05bafe23c8611b12ccbfc8621c0e4dd63e5e440a1?s=96&d=mm&r=g\",\"caption\":\"J\u00f3hann Vilhj\u00e1lmsson\"},\"logo\":{\"@id\":\"https:\\\/\\\/secure.gravatar.com\\\/avatar\\\/752ab1088a5ce88b8c12eeb05bafe23c8611b12ccbfc8621c0e4dd63e5e440a1?s=96&d=mm&r=g\"},\"sameAs\":[\"https:\\\/\\\/www.joibyssusmidur.com\"]}]}<\/script>\n<!-- \/ Yoast SEO plugin. -->","yoast_head_json":{"title":"LR M18 - J\u00f3i byssusmi\u00f0ur","robots":{"index":"index","follow":"follow","max-snippet":"max-snippet:-1","max-image-preview":"max-image-preview:large","max-video-preview":"max-video-preview:-1"},"canonical":"https:\/\/www.joibyssusmidur.com\/index.php\/byssur-2\/mauser\/mauser-m18-2\/mauser-m18-lr\/","og_locale":"en_US","og_type":"article","og_title":"LR M18 - J\u00f3i byssusmi\u00f0ur","og_description":"Mauser M18 LR. \u00cd bo\u00f0i er cal 308 Win og 6,5 Creedmore. Sm\u00ed\u00f0a\u00f0ur \u00ed \u00de\u00fdskalandi \u00far \u00farvals efnum.\u00a0Ver\u00f0 350.000 kr Caliber: .308 Win., .243 Win., 6,5 Creedmoor, 6XC Barrel finish: Blued Barrel length: 62 cm Muzzle diameter: 22 mm Muzzle &hellip; Continue reading &rarr;","og_url":"https:\/\/www.joibyssusmidur.com\/index.php\/byssur-2\/mauser\/mauser-m18-2\/mauser-m18-lr\/","og_site_name":"J\u00f3i byssusmi\u00f0ur","article_modified_time":"2021-12-25T18:03:32+00:00","og_image":[{"url":"https:\/\/www.joibyssusmidur.com\/wp-content\/uploads\/2020\/11\/csm_Mauser_18_LR_Chassis_1970x390px_links_6f5908c0da-1.jpg","type":"","width":"","height":""}],"twitter_card":"summary_large_image","schema":{"@context":"https:\/\/schema.org","@graph":[{"@type":"WebPage","@id":"https:\/\/www.joibyssusmidur.com\/index.php\/byssur-2\/mauser\/mauser-m18-2\/mauser-m18-lr\/","url":"https:\/\/www.joibyssusmidur.com\/index.php\/byssur-2\/mauser\/mauser-m18-2\/mauser-m18-lr\/","name":"LR M18 - J\u00f3i byssusmi\u00f0ur","isPartOf":{"@id":"https:\/\/www.joibyssusmidur.com\/#website"},"primaryImageOfPage":{"@id":"https:\/\/www.joibyssusmidur.com\/index.php\/byssur-2\/mauser\/mauser-m18-2\/mauser-m18-lr\/#primaryimage"},"image":{"@id":"https:\/\/www.joibyssusmidur.com\/index.php\/byssur-2\/mauser\/mauser-m18-2\/mauser-m18-lr\/#primaryimage"},"thumbnailUrl":"https:\/\/www.joibyssusmidur.com\/wp-content\/uploads\/2020\/11\/csm_Mauser_18_LR_Chassis_1970x390px_links_6f5908c0da-1.jpg","datePublished":"2020-11-27T09:40:01+00:00","dateModified":"2021-12-25T18:03:32+00:00","breadcrumb":{"@id":"https:\/\/www.joibyssusmidur.com\/index.php\/byssur-2\/mauser\/mauser-m18-2\/mauser-m18-lr\/#breadcrumb"},"inLanguage":"en-US","potentialAction":[{"@type":"ReadAction","target":["https:\/\/www.joibyssusmidur.com\/index.php\/byssur-2\/mauser\/mauser-m18-2\/mauser-m18-lr\/"]}]},{"@type":"ImageObject","inLanguage":"en-US","@id":"https:\/\/www.joibyssusmidur.com\/index.php\/byssur-2\/mauser\/mauser-m18-2\/mauser-m18-lr\/#primaryimage","url":"https:\/\/www.joibyssusmidur.com\/wp-content\/uploads\/2020\/11\/csm_Mauser_18_LR_Chassis_1970x390px_links_6f5908c0da-1.jpg","contentUrl":"https:\/\/www.joibyssusmidur.com\/wp-content\/uploads\/2020\/11\/csm_Mauser_18_LR_Chassis_1970x390px_links_6f5908c0da-1.jpg","width":1800,"height":357},{"@type":"BreadcrumbList","@id":"https:\/\/www.joibyssusmidur.com\/index.php\/byssur-2\/mauser\/mauser-m18-2\/mauser-m18-lr\/#breadcrumb","itemListElement":[{"@type":"ListItem","position":1,"name":"Home","item":"https:\/\/www.joibyssusmidur.com\/"},{"@type":"ListItem","position":2,"name":"Byssur","item":"https:\/\/www.joibyssusmidur.com\/index.php\/byssur-2\/"},{"@type":"ListItem","position":3,"name":"Mauser","item":"https:\/\/www.joibyssusmidur.com\/index.php\/byssur-2\/mauser\/"},{"@type":"ListItem","position":4,"name":"M18","item":"https:\/\/www.joibyssusmidur.com\/index.php\/byssur-2\/mauser\/mauser-m18-2\/"},{"@type":"ListItem","position":5,"name":"LR M18"}]},{"@type":"WebSite","@id":"https:\/\/www.joibyssusmidur.com\/#website","url":"https:\/\/www.joibyssusmidur.com\/","name":"J\u00f3i byssusmi\u00f0ur","description":"joibyssusmidur","publisher":{"@id":"https:\/\/www.joibyssusmidur.com\/#\/schema\/person\/8a757fb5de9f249e91d49840047de199"},"potentialAction":[{"@type":"SearchAction","target":{"@type":"EntryPoint","urlTemplate":"https:\/\/www.joibyssusmidur.com\/?s={search_term_string}"},"query-input":{"@type":"PropertyValueSpecification","valueRequired":true,"valueName":"search_term_string"}}],"inLanguage":"en-US"},{"@type":["Person","Organization"],"@id":"https:\/\/www.joibyssusmidur.com\/#\/schema\/person\/8a757fb5de9f249e91d49840047de199","name":"J\u00f3hann Vilhj\u00e1lmsson","image":{"@type":"ImageObject","inLanguage":"en-US","@id":"https:\/\/secure.gravatar.com\/avatar\/752ab1088a5ce88b8c12eeb05bafe23c8611b12ccbfc8621c0e4dd63e5e440a1?s=96&d=mm&r=g","url":"https:\/\/secure.gravatar.com\/avatar\/752ab1088a5ce88b8c12eeb05bafe23c8611b12ccbfc8621c0e4dd63e5e440a1?s=96&d=mm&r=g","contentUrl":"https:\/\/secure.gravatar.com\/avatar\/752ab1088a5ce88b8c12eeb05bafe23c8611b12ccbfc8621c0e4dd63e5e440a1?s=96&d=mm&r=g","caption":"J\u00f3hann Vilhj\u00e1lmsson"},"logo":{"@id":"https:\/\/secure.gravatar.com\/avatar\/752ab1088a5ce88b8c12eeb05bafe23c8611b12ccbfc8621c0e4dd63e5e440a1?s=96&d=mm&r=g"},"sameAs":["https:\/\/www.joibyssusmidur.com"]}]}},"_links":{"self":[{"href":"https:\/\/www.joibyssusmidur.com\/index.php\/wp-json\/wp\/v2\/pages\/2843","targetHints":{"allow":["GET"]}}],"collection":[{"href":"https:\/\/www.joibyssusmidur.com\/index.php\/wp-json\/wp\/v2\/pages"}],"about":[{"href":"https:\/\/www.joibyssusmidur.com\/index.php\/wp-json\/wp\/v2\/types\/page"}],"author":[{"embeddable":true,"href":"https:\/\/www.joibyssusmidur.com\/index.php\/wp-json\/wp\/v2\/users\/5"}],"replies":[{"embeddable":true,"href":"https:\/\/www.joibyssusmidur.com\/index.php\/wp-json\/wp\/v2\/comments?post=2843"}],"version-history":[{"count":4,"href":"https:\/\/www.joibyssusmidur.com\/index.php\/wp-json\/wp\/v2\/pages\/2843\/revisions"}],"predecessor-version":[{"id":3094,"href":"https:\/\/www.joibyssusmidur.com\/index.php\/wp-json\/wp\/v2\/pages\/2843\/revisions\/3094"}],"up":[{"embeddable":true,"href":"https:\/\/www.joibyssusmidur.com\/index.php\/wp-json\/wp\/v2\/pages\/838"}],"wp:attachment":[{"href":"https:\/\/www.joibyssusmidur.com\/index.php\/wp-json\/wp\/v2\/media?parent=2843"}],"curies":[{"name":"wp","href":"https:\/\/api.w.org\/{rel}","templated":true}]}}