{"id":2432,"date":"2020-04-22T17:42:24","date_gmt":"2020-04-22T17:42:24","guid":{"rendered":"http:\/\/joibyssusmidur.com\/?page_id=2432"},"modified":"2023-05-03T14:00:17","modified_gmt":"2023-05-03T14:00:17","slug":"vantage-4-12x50-mil-dot-ir","status":"publish","type":"page","link":"https:\/\/www.joibyssusmidur.com\/index.php\/sjonaukar\/hawke\/vantage-4-12x50-mil-dot-ir\/","title":{"rendered":"VANTAGE 4-12\u00d750 MIL DOT IR"},"content":{"rendered":"<p>VANTAGE 4-12\u00d750 MIL DOT IR. Tommu t\u00fapa, uppl\u00fdstur Mil Dot kross.<\/p>\n<p><strong>Ver\u00f0: 32.000 kr<\/strong><\/p>\n<p><img loading=\"lazy\" decoding=\"async\" class=\"alignnone wp-image-2433 size-full\" src=\"https:\/\/www.joibyssusmidur.com\/wp-content\/uploads\/2020\/04\/Hawke_Riflescope_Vantage_4-12x50.jpg\" alt=\"\" width=\"683\" height=\"135\" srcset=\"https:\/\/www.joibyssusmidur.com\/wp-content\/uploads\/2020\/04\/Hawke_Riflescope_Vantage_4-12x50.jpg 683w, https:\/\/www.joibyssusmidur.com\/wp-content\/uploads\/2020\/04\/Hawke_Riflescope_Vantage_4-12x50-300x59.jpg 300w, https:\/\/www.joibyssusmidur.com\/wp-content\/uploads\/2020\/04\/Hawke_Riflescope_Vantage_4-12x50-500x99.jpg 500w\" sizes=\"auto, (max-width: 683px) 100vw, 683px\" \/><\/p>\n","protected":false},"excerpt":{"rendered":"<p>VANTAGE 4-12\u00d750 MIL DOT IR. Tommu t\u00fapa, uppl\u00fdstur Mil Dot kross. Ver\u00f0: 32.000 kr &hellip; <a class=\"more-link\" href=\"https:\/\/www.joibyssusmidur.com\/index.php\/sjonaukar\/hawke\/vantage-4-12x50-mil-dot-ir\/\">Continue reading <span class=\"meta-nav\">&rarr;<\/span><\/a><\/p>\n","protected":false},"author":5,"featured_media":0,"parent":2425,"menu_order":0,"comment_status":"closed","ping_status":"closed","template":"","meta":{"footnotes":""},"class_list":["post-2432","page","type-page","status-publish","hentry"],"yoast_head":"<!-- This site is optimized with the Yoast SEO plugin v27.3 - https:\/\/yoast.com\/product\/yoast-seo-wordpress\/ -->\n<title>VANTAGE 4-12\u00d750 MIL DOT IR - J\u00f3i byssusmi\u00f0ur<\/title>\n<meta name=\"robots\" content=\"index, follow, max-snippet:-1, max-image-preview:large, max-video-preview:-1\" \/>\n<link rel=\"canonical\" href=\"https:\/\/www.joibyssusmidur.com\/index.php\/sjonaukar\/hawke\/vantage-4-12x50-mil-dot-ir\/\" \/>\n<meta property=\"og:locale\" content=\"en_US\" \/>\n<meta property=\"og:type\" content=\"article\" \/>\n<meta property=\"og:title\" content=\"VANTAGE 4-12\u00d750 MIL DOT IR - J\u00f3i byssusmi\u00f0ur\" \/>\n<meta property=\"og:description\" content=\"VANTAGE 4-12\u00d750 MIL DOT IR. Tommu t\u00fapa, uppl\u00fdstur Mil Dot kross. Ver\u00f0: 32.000 kr &hellip; Continue reading &rarr;\" \/>\n<meta property=\"og:url\" content=\"https:\/\/www.joibyssusmidur.com\/index.php\/sjonaukar\/hawke\/vantage-4-12x50-mil-dot-ir\/\" \/>\n<meta property=\"og:site_name\" content=\"J\u00f3i byssusmi\u00f0ur\" \/>\n<meta property=\"article:modified_time\" content=\"2023-05-03T14:00:17+00:00\" \/>\n<meta property=\"og:image\" content=\"https:\/\/www.joibyssusmidur.com\/wp-content\/uploads\/2020\/04\/Hawke_Riflescope_Vantage_4-12x50.jpg\" \/>\n<meta name=\"twitter:card\" content=\"summary_large_image\" \/>\n<meta name=\"twitter:label1\" content=\"Est. reading time\" \/>\n\t<meta name=\"twitter:data1\" content=\"1 minute\" \/>\n<script type=\"application\/ld+json\" class=\"yoast-schema-graph\">{\"@context\":\"https:\\\/\\\/schema.org\",\"@graph\":[{\"@type\":\"WebPage\",\"@id\":\"https:\\\/\\\/www.joibyssusmidur.com\\\/index.php\\\/sjonaukar\\\/hawke\\\/vantage-4-12x50-mil-dot-ir\\\/\",\"url\":\"https:\\\/\\\/www.joibyssusmidur.com\\\/index.php\\\/sjonaukar\\\/hawke\\\/vantage-4-12x50-mil-dot-ir\\\/\",\"name\":\"VANTAGE 4-12\u00d750 MIL DOT IR - J\u00f3i byssusmi\u00f0ur\",\"isPartOf\":{\"@id\":\"https:\\\/\\\/www.joibyssusmidur.com\\\/#website\"},\"primaryImageOfPage\":{\"@id\":\"https:\\\/\\\/www.joibyssusmidur.com\\\/index.php\\\/sjonaukar\\\/hawke\\\/vantage-4-12x50-mil-dot-ir\\\/#primaryimage\"},\"image\":{\"@id\":\"https:\\\/\\\/www.joibyssusmidur.com\\\/index.php\\\/sjonaukar\\\/hawke\\\/vantage-4-12x50-mil-dot-ir\\\/#primaryimage\"},\"thumbnailUrl\":\"https:\\\/\\\/www.joibyssusmidur.com\\\/wp-content\\\/uploads\\\/2020\\\/04\\\/Hawke_Riflescope_Vantage_4-12x50.jpg\",\"datePublished\":\"2020-04-22T17:42:24+00:00\",\"dateModified\":\"2023-05-03T14:00:17+00:00\",\"breadcrumb\":{\"@id\":\"https:\\\/\\\/www.joibyssusmidur.com\\\/index.php\\\/sjonaukar\\\/hawke\\\/vantage-4-12x50-mil-dot-ir\\\/#breadcrumb\"},\"inLanguage\":\"en-US\",\"potentialAction\":[{\"@type\":\"ReadAction\",\"target\":[\"https:\\\/\\\/www.joibyssusmidur.com\\\/index.php\\\/sjonaukar\\\/hawke\\\/vantage-4-12x50-mil-dot-ir\\\/\"]}]},{\"@type\":\"ImageObject\",\"inLanguage\":\"en-US\",\"@id\":\"https:\\\/\\\/www.joibyssusmidur.com\\\/index.php\\\/sjonaukar\\\/hawke\\\/vantage-4-12x50-mil-dot-ir\\\/#primaryimage\",\"url\":\"https:\\\/\\\/www.joibyssusmidur.com\\\/wp-content\\\/uploads\\\/2020\\\/04\\\/Hawke_Riflescope_Vantage_4-12x50.jpg\",\"contentUrl\":\"https:\\\/\\\/www.joibyssusmidur.com\\\/wp-content\\\/uploads\\\/2020\\\/04\\\/Hawke_Riflescope_Vantage_4-12x50.jpg\",\"width\":683,\"height\":135},{\"@type\":\"BreadcrumbList\",\"@id\":\"https:\\\/\\\/www.joibyssusmidur.com\\\/index.php\\\/sjonaukar\\\/hawke\\\/vantage-4-12x50-mil-dot-ir\\\/#breadcrumb\",\"itemListElement\":[{\"@type\":\"ListItem\",\"position\":1,\"name\":\"Home\",\"item\":\"https:\\\/\\\/www.joibyssusmidur.com\\\/\"},{\"@type\":\"ListItem\",\"position\":2,\"name\":\"Sj\u00f3naukar\",\"item\":\"https:\\\/\\\/www.joibyssusmidur.com\\\/index.php\\\/sjonaukar\\\/\"},{\"@type\":\"ListItem\",\"position\":3,\"name\":\"Hawke\",\"item\":\"https:\\\/\\\/www.joibyssusmidur.com\\\/index.php\\\/sjonaukar\\\/hawke\\\/\"},{\"@type\":\"ListItem\",\"position\":4,\"name\":\"VANTAGE 4-12\u00d750 MIL DOT IR\"}]},{\"@type\":\"WebSite\",\"@id\":\"https:\\\/\\\/www.joibyssusmidur.com\\\/#website\",\"url\":\"https:\\\/\\\/www.joibyssusmidur.com\\\/\",\"name\":\"J\u00f3i byssusmi\u00f0ur\",\"description\":\"joibyssusmidur\",\"publisher\":{\"@id\":\"https:\\\/\\\/www.joibyssusmidur.com\\\/#\\\/schema\\\/person\\\/8a757fb5de9f249e91d49840047de199\"},\"potentialAction\":[{\"@type\":\"SearchAction\",\"target\":{\"@type\":\"EntryPoint\",\"urlTemplate\":\"https:\\\/\\\/www.joibyssusmidur.com\\\/?s={search_term_string}\"},\"query-input\":{\"@type\":\"PropertyValueSpecification\",\"valueRequired\":true,\"valueName\":\"search_term_string\"}}],\"inLanguage\":\"en-US\"},{\"@type\":[\"Person\",\"Organization\"],\"@id\":\"https:\\\/\\\/www.joibyssusmidur.com\\\/#\\\/schema\\\/person\\\/8a757fb5de9f249e91d49840047de199\",\"name\":\"J\u00f3hann Vilhj\u00e1lmsson\",\"image\":{\"@type\":\"ImageObject\",\"inLanguage\":\"en-US\",\"@id\":\"https:\\\/\\\/secure.gravatar.com\\\/avatar\\\/752ab1088a5ce88b8c12eeb05bafe23c8611b12ccbfc8621c0e4dd63e5e440a1?s=96&d=mm&r=g\",\"url\":\"https:\\\/\\\/secure.gravatar.com\\\/avatar\\\/752ab1088a5ce88b8c12eeb05bafe23c8611b12ccbfc8621c0e4dd63e5e440a1?s=96&d=mm&r=g\",\"contentUrl\":\"https:\\\/\\\/secure.gravatar.com\\\/avatar\\\/752ab1088a5ce88b8c12eeb05bafe23c8611b12ccbfc8621c0e4dd63e5e440a1?s=96&d=mm&r=g\",\"caption\":\"J\u00f3hann Vilhj\u00e1lmsson\"},\"logo\":{\"@id\":\"https:\\\/\\\/secure.gravatar.com\\\/avatar\\\/752ab1088a5ce88b8c12eeb05bafe23c8611b12ccbfc8621c0e4dd63e5e440a1?s=96&d=mm&r=g\"},\"sameAs\":[\"https:\\\/\\\/www.joibyssusmidur.com\"]}]}<\/script>\n<!-- \/ Yoast SEO plugin. -->","yoast_head_json":{"title":"VANTAGE 4-12\u00d750 MIL DOT IR - J\u00f3i byssusmi\u00f0ur","robots":{"index":"index","follow":"follow","max-snippet":"max-snippet:-1","max-image-preview":"max-image-preview:large","max-video-preview":"max-video-preview:-1"},"canonical":"https:\/\/www.joibyssusmidur.com\/index.php\/sjonaukar\/hawke\/vantage-4-12x50-mil-dot-ir\/","og_locale":"en_US","og_type":"article","og_title":"VANTAGE 4-12\u00d750 MIL DOT IR - J\u00f3i byssusmi\u00f0ur","og_description":"VANTAGE 4-12\u00d750 MIL DOT IR. Tommu t\u00fapa, uppl\u00fdstur Mil Dot kross. Ver\u00f0: 32.000 kr &hellip; Continue reading &rarr;","og_url":"https:\/\/www.joibyssusmidur.com\/index.php\/sjonaukar\/hawke\/vantage-4-12x50-mil-dot-ir\/","og_site_name":"J\u00f3i byssusmi\u00f0ur","article_modified_time":"2023-05-03T14:00:17+00:00","og_image":[{"url":"https:\/\/www.joibyssusmidur.com\/wp-content\/uploads\/2020\/04\/Hawke_Riflescope_Vantage_4-12x50.jpg","type":"","width":"","height":""}],"twitter_card":"summary_large_image","twitter_misc":{"Est. reading time":"1 minute"},"schema":{"@context":"https:\/\/schema.org","@graph":[{"@type":"WebPage","@id":"https:\/\/www.joibyssusmidur.com\/index.php\/sjonaukar\/hawke\/vantage-4-12x50-mil-dot-ir\/","url":"https:\/\/www.joibyssusmidur.com\/index.php\/sjonaukar\/hawke\/vantage-4-12x50-mil-dot-ir\/","name":"VANTAGE 4-12\u00d750 MIL DOT IR - J\u00f3i byssusmi\u00f0ur","isPartOf":{"@id":"https:\/\/www.joibyssusmidur.com\/#website"},"primaryImageOfPage":{"@id":"https:\/\/www.joibyssusmidur.com\/index.php\/sjonaukar\/hawke\/vantage-4-12x50-mil-dot-ir\/#primaryimage"},"image":{"@id":"https:\/\/www.joibyssusmidur.com\/index.php\/sjonaukar\/hawke\/vantage-4-12x50-mil-dot-ir\/#primaryimage"},"thumbnailUrl":"https:\/\/www.joibyssusmidur.com\/wp-content\/uploads\/2020\/04\/Hawke_Riflescope_Vantage_4-12x50.jpg","datePublished":"2020-04-22T17:42:24+00:00","dateModified":"2023-05-03T14:00:17+00:00","breadcrumb":{"@id":"https:\/\/www.joibyssusmidur.com\/index.php\/sjonaukar\/hawke\/vantage-4-12x50-mil-dot-ir\/#breadcrumb"},"inLanguage":"en-US","potentialAction":[{"@type":"ReadAction","target":["https:\/\/www.joibyssusmidur.com\/index.php\/sjonaukar\/hawke\/vantage-4-12x50-mil-dot-ir\/"]}]},{"@type":"ImageObject","inLanguage":"en-US","@id":"https:\/\/www.joibyssusmidur.com\/index.php\/sjonaukar\/hawke\/vantage-4-12x50-mil-dot-ir\/#primaryimage","url":"https:\/\/www.joibyssusmidur.com\/wp-content\/uploads\/2020\/04\/Hawke_Riflescope_Vantage_4-12x50.jpg","contentUrl":"https:\/\/www.joibyssusmidur.com\/wp-content\/uploads\/2020\/04\/Hawke_Riflescope_Vantage_4-12x50.jpg","width":683,"height":135},{"@type":"BreadcrumbList","@id":"https:\/\/www.joibyssusmidur.com\/index.php\/sjonaukar\/hawke\/vantage-4-12x50-mil-dot-ir\/#breadcrumb","itemListElement":[{"@type":"ListItem","position":1,"name":"Home","item":"https:\/\/www.joibyssusmidur.com\/"},{"@type":"ListItem","position":2,"name":"Sj\u00f3naukar","item":"https:\/\/www.joibyssusmidur.com\/index.php\/sjonaukar\/"},{"@type":"ListItem","position":3,"name":"Hawke","item":"https:\/\/www.joibyssusmidur.com\/index.php\/sjonaukar\/hawke\/"},{"@type":"ListItem","position":4,"name":"VANTAGE 4-12\u00d750 MIL DOT IR"}]},{"@type":"WebSite","@id":"https:\/\/www.joibyssusmidur.com\/#website","url":"https:\/\/www.joibyssusmidur.com\/","name":"J\u00f3i byssusmi\u00f0ur","description":"joibyssusmidur","publisher":{"@id":"https:\/\/www.joibyssusmidur.com\/#\/schema\/person\/8a757fb5de9f249e91d49840047de199"},"potentialAction":[{"@type":"SearchAction","target":{"@type":"EntryPoint","urlTemplate":"https:\/\/www.joibyssusmidur.com\/?s={search_term_string}"},"query-input":{"@type":"PropertyValueSpecification","valueRequired":true,"valueName":"search_term_string"}}],"inLanguage":"en-US"},{"@type":["Person","Organization"],"@id":"https:\/\/www.joibyssusmidur.com\/#\/schema\/person\/8a757fb5de9f249e91d49840047de199","name":"J\u00f3hann Vilhj\u00e1lmsson","image":{"@type":"ImageObject","inLanguage":"en-US","@id":"https:\/\/secure.gravatar.com\/avatar\/752ab1088a5ce88b8c12eeb05bafe23c8611b12ccbfc8621c0e4dd63e5e440a1?s=96&d=mm&r=g","url":"https:\/\/secure.gravatar.com\/avatar\/752ab1088a5ce88b8c12eeb05bafe23c8611b12ccbfc8621c0e4dd63e5e440a1?s=96&d=mm&r=g","contentUrl":"https:\/\/secure.gravatar.com\/avatar\/752ab1088a5ce88b8c12eeb05bafe23c8611b12ccbfc8621c0e4dd63e5e440a1?s=96&d=mm&r=g","caption":"J\u00f3hann Vilhj\u00e1lmsson"},"logo":{"@id":"https:\/\/secure.gravatar.com\/avatar\/752ab1088a5ce88b8c12eeb05bafe23c8611b12ccbfc8621c0e4dd63e5e440a1?s=96&d=mm&r=g"},"sameAs":["https:\/\/www.joibyssusmidur.com"]}]}},"_links":{"self":[{"href":"https:\/\/www.joibyssusmidur.com\/index.php\/wp-json\/wp\/v2\/pages\/2432","targetHints":{"allow":["GET"]}}],"collection":[{"href":"https:\/\/www.joibyssusmidur.com\/index.php\/wp-json\/wp\/v2\/pages"}],"about":[{"href":"https:\/\/www.joibyssusmidur.com\/index.php\/wp-json\/wp\/v2\/types\/page"}],"author":[{"embeddable":true,"href":"https:\/\/www.joibyssusmidur.com\/index.php\/wp-json\/wp\/v2\/users\/5"}],"replies":[{"embeddable":true,"href":"https:\/\/www.joibyssusmidur.com\/index.php\/wp-json\/wp\/v2\/comments?post=2432"}],"version-history":[{"count":3,"href":"https:\/\/www.joibyssusmidur.com\/index.php\/wp-json\/wp\/v2\/pages\/2432\/revisions"}],"predecessor-version":[{"id":3371,"href":"https:\/\/www.joibyssusmidur.com\/index.php\/wp-json\/wp\/v2\/pages\/2432\/revisions\/3371"}],"up":[{"embeddable":true,"href":"https:\/\/www.joibyssusmidur.com\/index.php\/wp-json\/wp\/v2\/pages\/2425"}],"wp:attachment":[{"href":"https:\/\/www.joibyssusmidur.com\/index.php\/wp-json\/wp\/v2\/media?parent=2432"}],"curies":[{"name":"wp","href":"https:\/\/api.w.org\/{rel}","templated":true}]}}