{"id":2418,"date":"2020-04-22T17:16:07","date_gmt":"2020-04-22T17:16:07","guid":{"rendered":"http:\/\/joibyssusmidur.com\/?page_id=2418"},"modified":"2024-07-16T16:51:04","modified_gmt":"2024-07-16T16:51:04","slug":"tvifaetur","status":"publish","type":"page","link":"https:\/\/www.joibyssusmidur.com\/index.php\/ymsar-vorur\/tvifaetur\/","title":{"rendered":"Tv\u00edf\u00e6tur  Hawke"},"content":{"rendered":"<p>Tv\u00edf\u00e6tur fr\u00e1 Hawke\u00a0 \u00a06-9&#8243;\u00a0 og 9&#8243;-13&#8243; , festast \u00ed hef\u00f0bundna \u00f3larfestingu , \u00feeir eru b\u00e6\u00f0i me\u00f0 velting og sn\u00fan\u00edng, sneril til a\u00f0 stilla st\u00edfleikan, vi\u00f0 m\u00e6lum me\u00f0 styttri ger\u00f0ini \u00ed bor\u00f0skotfimi og lengri \u00ed vei\u00f0ina gott a\u00f0 eiga b\u00e1\u00f0ar ger\u00f0inar<\/p>\n<p>Ver\u00f0 23.000 kr<\/p>\n<p><img loading=\"lazy\" decoding=\"async\" class=\"aligncenter size-full wp-image-3385\" src=\"https:\/\/www.joibyssusmidur.com\/wp-content\/uploads\/2023\/05\/Hawke-tvifaetur.jpg\" alt=\"\" width=\"2048\" height=\"1536\" srcset=\"https:\/\/www.joibyssusmidur.com\/wp-content\/uploads\/2023\/05\/Hawke-tvifaetur.jpg 2048w, https:\/\/www.joibyssusmidur.com\/wp-content\/uploads\/2023\/05\/Hawke-tvifaetur-300x225.jpg 300w, https:\/\/www.joibyssusmidur.com\/wp-content\/uploads\/2023\/05\/Hawke-tvifaetur-1024x768.jpg 1024w, https:\/\/www.joibyssusmidur.com\/wp-content\/uploads\/2023\/05\/Hawke-tvifaetur-768x576.jpg 768w, https:\/\/www.joibyssusmidur.com\/wp-content\/uploads\/2023\/05\/Hawke-tvifaetur-1536x1152.jpg 1536w, https:\/\/www.joibyssusmidur.com\/wp-content\/uploads\/2023\/05\/Hawke-tvifaetur-400x300.jpg 400w\" sizes=\"auto, (max-width: 2048px) 100vw, 2048px\" \/><\/p>\n<p>&nbsp;<\/p>\n<p><img loading=\"lazy\" decoding=\"async\" class=\"alignnone size-medium wp-image-2422\" src=\"https:\/\/www.joibyssusmidur.com\/wp-content\/uploads\/2020\/04\/Hawke_Bipod_70006-1-219x300.jpg\" alt=\"\" width=\"219\" height=\"300\" srcset=\"https:\/\/www.joibyssusmidur.com\/wp-content\/uploads\/2020\/04\/Hawke_Bipod_70006-1-219x300.jpg 219w, https:\/\/www.joibyssusmidur.com\/wp-content\/uploads\/2020\/04\/Hawke_Bipod_70006-1.jpg 579w\" sizes=\"auto, (max-width: 219px) 100vw, 219px\" \/> <img loading=\"lazy\" decoding=\"async\" class=\"alignnone size-medium wp-image-2423\" src=\"https:\/\/www.joibyssusmidur.com\/wp-content\/uploads\/2020\/04\/Tv\u00edf\u00f3tur-9-13-1-1-146x300.jpg\" alt=\"\" width=\"146\" height=\"300\" srcset=\"https:\/\/www.joibyssusmidur.com\/wp-content\/uploads\/2020\/04\/Tv\u00edf\u00f3tur-9-13-1-1-146x300.jpg 146w, https:\/\/www.joibyssusmidur.com\/wp-content\/uploads\/2020\/04\/Tv\u00edf\u00f3tur-9-13-1-1.jpg 244w\" sizes=\"auto, (max-width: 146px) 100vw, 146px\" \/><\/p>\n<p>&nbsp;<\/p>\n","protected":false},"excerpt":{"rendered":"<p>Tv\u00edf\u00e6tur fr\u00e1 Hawke\u00a0 \u00a06-9&#8243;\u00a0 og 9&#8243;-13&#8243; , festast \u00ed hef\u00f0bundna \u00f3larfestingu , \u00feeir eru b\u00e6\u00f0i me\u00f0 velting og sn\u00fan\u00edng, sneril til a\u00f0 stilla st\u00edfleikan, vi\u00f0 m\u00e6lum me\u00f0 styttri ger\u00f0ini \u00ed bor\u00f0skotfimi og lengri \u00ed vei\u00f0ina gott a\u00f0 eiga b\u00e1\u00f0ar ger\u00f0inar &hellip; <a class=\"more-link\" href=\"https:\/\/www.joibyssusmidur.com\/index.php\/ymsar-vorur\/tvifaetur\/\">Continue reading <span class=\"meta-nav\">&rarr;<\/span><\/a><\/p>\n","protected":false},"author":5,"featured_media":0,"parent":22,"menu_order":0,"comment_status":"closed","ping_status":"closed","template":"","meta":{"footnotes":""},"class_list":["post-2418","page","type-page","status-publish","hentry"],"yoast_head":"<!-- This site is optimized with the Yoast SEO plugin v27.4 - https:\/\/yoast.com\/product\/yoast-seo-wordpress\/ -->\n<title>Tv\u00edf\u00e6tur Hawke - J\u00f3i byssusmi\u00f0ur<\/title>\n<meta name=\"robots\" content=\"index, follow, max-snippet:-1, max-image-preview:large, max-video-preview:-1\" \/>\n<link rel=\"canonical\" href=\"https:\/\/www.joibyssusmidur.com\/index.php\/ymsar-vorur\/tvifaetur\/\" \/>\n<meta property=\"og:locale\" content=\"en_US\" \/>\n<meta property=\"og:type\" content=\"article\" \/>\n<meta property=\"og:title\" content=\"Tv\u00edf\u00e6tur Hawke - J\u00f3i byssusmi\u00f0ur\" \/>\n<meta property=\"og:description\" content=\"Tv\u00edf\u00e6tur fr\u00e1 Hawke\u00a0 \u00a06-9&#8243;\u00a0 og 9&#8243;-13&#8243; , festast \u00ed hef\u00f0bundna \u00f3larfestingu , \u00feeir eru b\u00e6\u00f0i me\u00f0 velting og sn\u00fan\u00edng, sneril til a\u00f0 stilla st\u00edfleikan, vi\u00f0 m\u00e6lum me\u00f0 styttri ger\u00f0ini \u00ed bor\u00f0skotfimi og lengri \u00ed vei\u00f0ina gott a\u00f0 eiga b\u00e1\u00f0ar ger\u00f0inar &hellip; Continue reading &rarr;\" \/>\n<meta property=\"og:url\" content=\"https:\/\/www.joibyssusmidur.com\/index.php\/ymsar-vorur\/tvifaetur\/\" \/>\n<meta property=\"og:site_name\" content=\"J\u00f3i byssusmi\u00f0ur\" \/>\n<meta property=\"article:modified_time\" content=\"2024-07-16T16:51:04+00:00\" \/>\n<meta property=\"og:image\" content=\"https:\/\/www.joibyssusmidur.com\/wp-content\/uploads\/2023\/05\/Hawke-tvifaetur.jpg\" \/>\n<meta name=\"twitter:card\" content=\"summary_large_image\" \/>\n<meta name=\"twitter:label1\" content=\"Est. reading time\" \/>\n\t<meta name=\"twitter:data1\" content=\"1 minute\" \/>\n<script type=\"application\/ld+json\" class=\"yoast-schema-graph\">{\"@context\":\"https:\\\/\\\/schema.org\",\"@graph\":[{\"@type\":\"WebPage\",\"@id\":\"https:\\\/\\\/www.joibyssusmidur.com\\\/index.php\\\/ymsar-vorur\\\/tvifaetur\\\/\",\"url\":\"https:\\\/\\\/www.joibyssusmidur.com\\\/index.php\\\/ymsar-vorur\\\/tvifaetur\\\/\",\"name\":\"Tv\u00edf\u00e6tur Hawke - J\u00f3i byssusmi\u00f0ur\",\"isPartOf\":{\"@id\":\"https:\\\/\\\/www.joibyssusmidur.com\\\/#website\"},\"primaryImageOfPage\":{\"@id\":\"https:\\\/\\\/www.joibyssusmidur.com\\\/index.php\\\/ymsar-vorur\\\/tvifaetur\\\/#primaryimage\"},\"image\":{\"@id\":\"https:\\\/\\\/www.joibyssusmidur.com\\\/index.php\\\/ymsar-vorur\\\/tvifaetur\\\/#primaryimage\"},\"thumbnailUrl\":\"https:\\\/\\\/www.joibyssusmidur.com\\\/wp-content\\\/uploads\\\/2023\\\/05\\\/Hawke-tvifaetur.jpg\",\"datePublished\":\"2020-04-22T17:16:07+00:00\",\"dateModified\":\"2024-07-16T16:51:04+00:00\",\"breadcrumb\":{\"@id\":\"https:\\\/\\\/www.joibyssusmidur.com\\\/index.php\\\/ymsar-vorur\\\/tvifaetur\\\/#breadcrumb\"},\"inLanguage\":\"en-US\",\"potentialAction\":[{\"@type\":\"ReadAction\",\"target\":[\"https:\\\/\\\/www.joibyssusmidur.com\\\/index.php\\\/ymsar-vorur\\\/tvifaetur\\\/\"]}]},{\"@type\":\"ImageObject\",\"inLanguage\":\"en-US\",\"@id\":\"https:\\\/\\\/www.joibyssusmidur.com\\\/index.php\\\/ymsar-vorur\\\/tvifaetur\\\/#primaryimage\",\"url\":\"https:\\\/\\\/www.joibyssusmidur.com\\\/wp-content\\\/uploads\\\/2023\\\/05\\\/Hawke-tvifaetur.jpg\",\"contentUrl\":\"https:\\\/\\\/www.joibyssusmidur.com\\\/wp-content\\\/uploads\\\/2023\\\/05\\\/Hawke-tvifaetur.jpg\",\"width\":2048,\"height\":1536},{\"@type\":\"BreadcrumbList\",\"@id\":\"https:\\\/\\\/www.joibyssusmidur.com\\\/index.php\\\/ymsar-vorur\\\/tvifaetur\\\/#breadcrumb\",\"itemListElement\":[{\"@type\":\"ListItem\",\"position\":1,\"name\":\"Home\",\"item\":\"https:\\\/\\\/www.joibyssusmidur.com\\\/\"},{\"@type\":\"ListItem\",\"position\":2,\"name\":\"\u00ddmsar v\u00f6rur\",\"item\":\"https:\\\/\\\/www.joibyssusmidur.com\\\/index.php\\\/ymsar-vorur\\\/\"},{\"@type\":\"ListItem\",\"position\":3,\"name\":\"Tv\u00edf\u00e6tur Hawke\"}]},{\"@type\":\"WebSite\",\"@id\":\"https:\\\/\\\/www.joibyssusmidur.com\\\/#website\",\"url\":\"https:\\\/\\\/www.joibyssusmidur.com\\\/\",\"name\":\"J\u00f3i byssusmi\u00f0ur\",\"description\":\"joibyssusmidur\",\"publisher\":{\"@id\":\"https:\\\/\\\/www.joibyssusmidur.com\\\/#\\\/schema\\\/person\\\/8a757fb5de9f249e91d49840047de199\"},\"potentialAction\":[{\"@type\":\"SearchAction\",\"target\":{\"@type\":\"EntryPoint\",\"urlTemplate\":\"https:\\\/\\\/www.joibyssusmidur.com\\\/?s={search_term_string}\"},\"query-input\":{\"@type\":\"PropertyValueSpecification\",\"valueRequired\":true,\"valueName\":\"search_term_string\"}}],\"inLanguage\":\"en-US\"},{\"@type\":[\"Person\",\"Organization\"],\"@id\":\"https:\\\/\\\/www.joibyssusmidur.com\\\/#\\\/schema\\\/person\\\/8a757fb5de9f249e91d49840047de199\",\"name\":\"J\u00f3hann Vilhj\u00e1lmsson\",\"image\":{\"@type\":\"ImageObject\",\"inLanguage\":\"en-US\",\"@id\":\"https:\\\/\\\/secure.gravatar.com\\\/avatar\\\/752ab1088a5ce88b8c12eeb05bafe23c8611b12ccbfc8621c0e4dd63e5e440a1?s=96&d=mm&r=g\",\"url\":\"https:\\\/\\\/secure.gravatar.com\\\/avatar\\\/752ab1088a5ce88b8c12eeb05bafe23c8611b12ccbfc8621c0e4dd63e5e440a1?s=96&d=mm&r=g\",\"contentUrl\":\"https:\\\/\\\/secure.gravatar.com\\\/avatar\\\/752ab1088a5ce88b8c12eeb05bafe23c8611b12ccbfc8621c0e4dd63e5e440a1?s=96&d=mm&r=g\",\"caption\":\"J\u00f3hann Vilhj\u00e1lmsson\"},\"logo\":{\"@id\":\"https:\\\/\\\/secure.gravatar.com\\\/avatar\\\/752ab1088a5ce88b8c12eeb05bafe23c8611b12ccbfc8621c0e4dd63e5e440a1?s=96&d=mm&r=g\"},\"sameAs\":[\"https:\\\/\\\/www.joibyssusmidur.com\"]}]}<\/script>\n<!-- \/ Yoast SEO plugin. -->","yoast_head_json":{"title":"Tv\u00edf\u00e6tur Hawke - J\u00f3i byssusmi\u00f0ur","robots":{"index":"index","follow":"follow","max-snippet":"max-snippet:-1","max-image-preview":"max-image-preview:large","max-video-preview":"max-video-preview:-1"},"canonical":"https:\/\/www.joibyssusmidur.com\/index.php\/ymsar-vorur\/tvifaetur\/","og_locale":"en_US","og_type":"article","og_title":"Tv\u00edf\u00e6tur Hawke - J\u00f3i byssusmi\u00f0ur","og_description":"Tv\u00edf\u00e6tur fr\u00e1 Hawke\u00a0 \u00a06-9&#8243;\u00a0 og 9&#8243;-13&#8243; , festast \u00ed hef\u00f0bundna \u00f3larfestingu , \u00feeir eru b\u00e6\u00f0i me\u00f0 velting og sn\u00fan\u00edng, sneril til a\u00f0 stilla st\u00edfleikan, vi\u00f0 m\u00e6lum me\u00f0 styttri ger\u00f0ini \u00ed bor\u00f0skotfimi og lengri \u00ed vei\u00f0ina gott a\u00f0 eiga b\u00e1\u00f0ar ger\u00f0inar &hellip; Continue reading &rarr;","og_url":"https:\/\/www.joibyssusmidur.com\/index.php\/ymsar-vorur\/tvifaetur\/","og_site_name":"J\u00f3i byssusmi\u00f0ur","article_modified_time":"2024-07-16T16:51:04+00:00","og_image":[{"url":"https:\/\/www.joibyssusmidur.com\/wp-content\/uploads\/2023\/05\/Hawke-tvifaetur.jpg","type":"","width":"","height":""}],"twitter_card":"summary_large_image","twitter_misc":{"Est. reading time":"1 minute"},"schema":{"@context":"https:\/\/schema.org","@graph":[{"@type":"WebPage","@id":"https:\/\/www.joibyssusmidur.com\/index.php\/ymsar-vorur\/tvifaetur\/","url":"https:\/\/www.joibyssusmidur.com\/index.php\/ymsar-vorur\/tvifaetur\/","name":"Tv\u00edf\u00e6tur Hawke - J\u00f3i byssusmi\u00f0ur","isPartOf":{"@id":"https:\/\/www.joibyssusmidur.com\/#website"},"primaryImageOfPage":{"@id":"https:\/\/www.joibyssusmidur.com\/index.php\/ymsar-vorur\/tvifaetur\/#primaryimage"},"image":{"@id":"https:\/\/www.joibyssusmidur.com\/index.php\/ymsar-vorur\/tvifaetur\/#primaryimage"},"thumbnailUrl":"https:\/\/www.joibyssusmidur.com\/wp-content\/uploads\/2023\/05\/Hawke-tvifaetur.jpg","datePublished":"2020-04-22T17:16:07+00:00","dateModified":"2024-07-16T16:51:04+00:00","breadcrumb":{"@id":"https:\/\/www.joibyssusmidur.com\/index.php\/ymsar-vorur\/tvifaetur\/#breadcrumb"},"inLanguage":"en-US","potentialAction":[{"@type":"ReadAction","target":["https:\/\/www.joibyssusmidur.com\/index.php\/ymsar-vorur\/tvifaetur\/"]}]},{"@type":"ImageObject","inLanguage":"en-US","@id":"https:\/\/www.joibyssusmidur.com\/index.php\/ymsar-vorur\/tvifaetur\/#primaryimage","url":"https:\/\/www.joibyssusmidur.com\/wp-content\/uploads\/2023\/05\/Hawke-tvifaetur.jpg","contentUrl":"https:\/\/www.joibyssusmidur.com\/wp-content\/uploads\/2023\/05\/Hawke-tvifaetur.jpg","width":2048,"height":1536},{"@type":"BreadcrumbList","@id":"https:\/\/www.joibyssusmidur.com\/index.php\/ymsar-vorur\/tvifaetur\/#breadcrumb","itemListElement":[{"@type":"ListItem","position":1,"name":"Home","item":"https:\/\/www.joibyssusmidur.com\/"},{"@type":"ListItem","position":2,"name":"\u00ddmsar v\u00f6rur","item":"https:\/\/www.joibyssusmidur.com\/index.php\/ymsar-vorur\/"},{"@type":"ListItem","position":3,"name":"Tv\u00edf\u00e6tur Hawke"}]},{"@type":"WebSite","@id":"https:\/\/www.joibyssusmidur.com\/#website","url":"https:\/\/www.joibyssusmidur.com\/","name":"J\u00f3i byssusmi\u00f0ur","description":"joibyssusmidur","publisher":{"@id":"https:\/\/www.joibyssusmidur.com\/#\/schema\/person\/8a757fb5de9f249e91d49840047de199"},"potentialAction":[{"@type":"SearchAction","target":{"@type":"EntryPoint","urlTemplate":"https:\/\/www.joibyssusmidur.com\/?s={search_term_string}"},"query-input":{"@type":"PropertyValueSpecification","valueRequired":true,"valueName":"search_term_string"}}],"inLanguage":"en-US"},{"@type":["Person","Organization"],"@id":"https:\/\/www.joibyssusmidur.com\/#\/schema\/person\/8a757fb5de9f249e91d49840047de199","name":"J\u00f3hann Vilhj\u00e1lmsson","image":{"@type":"ImageObject","inLanguage":"en-US","@id":"https:\/\/secure.gravatar.com\/avatar\/752ab1088a5ce88b8c12eeb05bafe23c8611b12ccbfc8621c0e4dd63e5e440a1?s=96&d=mm&r=g","url":"https:\/\/secure.gravatar.com\/avatar\/752ab1088a5ce88b8c12eeb05bafe23c8611b12ccbfc8621c0e4dd63e5e440a1?s=96&d=mm&r=g","contentUrl":"https:\/\/secure.gravatar.com\/avatar\/752ab1088a5ce88b8c12eeb05bafe23c8611b12ccbfc8621c0e4dd63e5e440a1?s=96&d=mm&r=g","caption":"J\u00f3hann Vilhj\u00e1lmsson"},"logo":{"@id":"https:\/\/secure.gravatar.com\/avatar\/752ab1088a5ce88b8c12eeb05bafe23c8611b12ccbfc8621c0e4dd63e5e440a1?s=96&d=mm&r=g"},"sameAs":["https:\/\/www.joibyssusmidur.com"]}]}},"_links":{"self":[{"href":"https:\/\/www.joibyssusmidur.com\/index.php\/wp-json\/wp\/v2\/pages\/2418","targetHints":{"allow":["GET"]}}],"collection":[{"href":"https:\/\/www.joibyssusmidur.com\/index.php\/wp-json\/wp\/v2\/pages"}],"about":[{"href":"https:\/\/www.joibyssusmidur.com\/index.php\/wp-json\/wp\/v2\/types\/page"}],"author":[{"embeddable":true,"href":"https:\/\/www.joibyssusmidur.com\/index.php\/wp-json\/wp\/v2\/users\/5"}],"replies":[{"embeddable":true,"href":"https:\/\/www.joibyssusmidur.com\/index.php\/wp-json\/wp\/v2\/comments?post=2418"}],"version-history":[{"count":5,"href":"https:\/\/www.joibyssusmidur.com\/index.php\/wp-json\/wp\/v2\/pages\/2418\/revisions"}],"predecessor-version":[{"id":3596,"href":"https:\/\/www.joibyssusmidur.com\/index.php\/wp-json\/wp\/v2\/pages\/2418\/revisions\/3596"}],"up":[{"embeddable":true,"href":"https:\/\/www.joibyssusmidur.com\/index.php\/wp-json\/wp\/v2\/pages\/22"}],"wp:attachment":[{"href":"https:\/\/www.joibyssusmidur.com\/index.php\/wp-json\/wp\/v2\/media?parent=2418"}],"curies":[{"name":"wp","href":"https:\/\/api.w.org\/{rel}","templated":true}]}}