{"id":2049,"date":"2019-08-19T16:48:52","date_gmt":"2019-08-19T16:48:52","guid":{"rendered":"http:\/\/joibyssusmidur.com\/?page_id=2049"},"modified":"2023-03-31T15:31:32","modified_gmt":"2023-03-31T15:31:32","slug":"fortis-6-25-15x56i","status":"publish","type":"page","link":"https:\/\/www.joibyssusmidur.com\/index.php\/sjonaukar\/leica\/fortis-6-25-15x56i\/","title":{"rendered":"Fortis 6 2,5-15x56i"},"content":{"rendered":"<p>Leica Fortis 6 2,5-15x56i. L-4a\u00a0 \u00a0<strong>Ver\u00f0: 390.000 kr<\/strong><\/p>\n<p>Leica Fortis 6 2,5-15x56i BDC\u00a0 <strong>Ver\u00f0: 460.000 kr<\/strong><\/p>\n<p>N\u00e1nari uppl\u00fdsingar m\u00e1 sj\u00e1 \u00e1 heimas\u00ed\u00f0i Leica <a href=\"https:\/\/uk.leica-camera.com\/Sport-Optics\/Hunting\/Riflescopes\/Leica-Fortis-6\/Range\" target=\"_blank\" rel=\"noopener noreferrer\">https:\/\/uk.leica-camera.com\/Sport-Optics\/Hunting\/Riflescopes\/Leica-Fortis-6\/Range<\/a><\/p>\n<p>&nbsp;<\/p>\n<p>&nbsp;<\/p>\n<p><img loading=\"lazy\" decoding=\"async\" class=\"alignnone size-full wp-image-2316\" src=\"https:\/\/www.joibyssusmidur.com\/wp-content\/uploads\/2019\/12\/Leica-Fortis-6-2.5-15-x-56i_Landscape_Teaser_960x640_1_teaser-960x640.png\" alt=\"\" width=\"960\" height=\"640\" srcset=\"https:\/\/www.joibyssusmidur.com\/wp-content\/uploads\/2019\/12\/Leica-Fortis-6-2.5-15-x-56i_Landscape_Teaser_960x640_1_teaser-960x640.png 960w, https:\/\/www.joibyssusmidur.com\/wp-content\/uploads\/2019\/12\/Leica-Fortis-6-2.5-15-x-56i_Landscape_Teaser_960x640_1_teaser-960x640-300x200.png 300w, https:\/\/www.joibyssusmidur.com\/wp-content\/uploads\/2019\/12\/Leica-Fortis-6-2.5-15-x-56i_Landscape_Teaser_960x640_1_teaser-960x640-768x512.png 768w, https:\/\/www.joibyssusmidur.com\/wp-content\/uploads\/2019\/12\/Leica-Fortis-6-2.5-15-x-56i_Landscape_Teaser_960x640_1_teaser-960x640-450x300.png 450w\" sizes=\"auto, (max-width: 960px) 100vw, 960px\" \/><\/p>\n<table class=\"table data-table rwd\">\n<tbody>\n<tr>\n<td class=\"highlight\">Package includes<\/td>\n<td>riflescope caps for front lens and eyepiece, cleaning tissue, battery<\/td>\n<\/tr>\n<tr>\n<td class=\"highlight\">Front lens diameter<\/td>\n<td>56 mm<\/td>\n<\/tr>\n<tr>\n<td class=\"highlight\">Magnification<\/td>\n<td>2.5 \u2013 15 x<\/td>\n<\/tr>\n<tr>\n<td class=\"highlight\">Zoom<\/td>\n<td>6 x<\/td>\n<\/tr>\n<tr>\n<td class=\"highlight\">Field of view at 100 m (min. up to max. magnification)<\/td>\n<td>17 m to 2.7 m<\/td>\n<\/tr>\n<tr>\n<td class=\"highlight\">Eye relief<\/td>\n<td>&gt; 90 mm<\/td>\n<\/tr>\n<tr data-target=\"toggle\">\n<td class=\"highlight\">Exit pupil<\/td>\n<td>11.4 up to 3.7 mm<\/td>\n<\/tr>\n<tr data-target=\"toggle\">\n<td class=\"highlight\">Parallax free<\/td>\n<td>adjustable, 50 m to infinite<\/td>\n<\/tr>\n<tr data-target=\"toggle\">\n<td class=\"highlight\">Diopter compensation<\/td>\n<td>\u20134\/+3 dpt<\/td>\n<\/tr>\n<tr data-target=\"toggle\">\n<td class=\"highlight\">Coating<\/td>\n<td>AquaDura\u00ae<\/td>\n<\/tr>\n<tr data-target=\"toggle\">\n<td class=\"highlight\">Transmission<\/td>\n<td>92 %<\/td>\n<\/tr>\n<tr data-target=\"toggle\">\n<td class=\"highlight\">Mounting option<\/td>\n<td>30 mm rings \/ Zeiss internal-rail<\/td>\n<\/tr>\n<tr data-target=\"toggle\">\n<td class=\"highlight\">Impact point correction<\/td>\n<td>1 click = 1 cm\/100 m (~~1\u20443 MOA),<br \/>\n200 200 cm<\/td>\n<\/tr>\n<tr data-target=\"toggle\">\n<td class=\"highlight\">Front lens filter thread<\/td>\n<td>M 58 x 0.75 mm<\/td>\n<\/tr>\n<tr data-target=\"toggle\">\n<td class=\"highlight\">Main tube diameter<\/td>\n<td>30 mm<\/td>\n<\/tr>\n<tr data-target=\"toggle\">\n<td class=\"highlight\">Length<\/td>\n<td>360 mm<\/td>\n<\/tr>\n<tr data-target=\"toggle\">\n<td class=\"highlight\">Weight without \/ with rail<\/td>\n<td>780 g \/ 815 g<\/td>\n<\/tr>\n<tr data-target=\"toggle\">\n<td class=\"highlight\">Waterproof<\/td>\n<td>down to 13.1 ft \/ 4 m;<br \/>\nnitrogen-filled<\/td>\n<\/tr>\n<tr data-target=\"toggle\">\n<td class=\"highlight\">Reticles<\/td>\n<td>L-4a<\/td>\n<\/tr>\n<tr data-target=\"toggle\">\n<td class=\"highlight\">Retical focal Plane<\/td>\n<td>2nd focal plane<\/td>\n<\/tr>\n<tr data-target=\"toggle\">\n<td class=\"highlight\">Red-dot size at 10 x magnificationg<\/td>\n<td>1,5 cm\/100 m<\/td>\n<\/tr>\n<tr data-target=\"toggle\">\n<td class=\"highlight\">Reticle illumination<\/td>\n<td>Dot, 9 brightness levels<\/td>\n<\/tr>\n<tr data-target=\"toggle\">\n<td class=\"highlight\">Automatic switch-off<\/td>\n<td>3 min, 75\u00b0 down,<br \/>\n60\u00b0 upwards, 40\u00b0 laterally<\/td>\n<\/tr>\n<tr data-target=\"toggle\">\n<td class=\"highlight\">Automatic switch-on<\/td>\n<td>activation by position<br \/>\nand\/or movement<\/td>\n<\/tr>\n<tr data-target=\"toggle\">\n<td class=\"highlight\">Battery<\/td>\n<td>1 x CR2032<\/td>\n<\/tr>\n<tr data-target=\"toggle\">\n<td class=\"highlight\">Order No. (Reticle)<\/td>\n<td><\/td>\n<\/tr>\n<tr data-target=\"toggle\">\n<td class=\"highlight\">L-4a<\/td>\n<td>50080<\/td>\n<\/tr>\n<tr data-target=\"toggle\">\n<td class=\"highlight\">L-4a with Rail<\/td>\n<td>50081<\/td>\n<\/tr>\n<tr data-target=\"toggle\">\n<td class=\"highlight\">L-4a with BDC<\/td>\n<td>50090<\/td>\n<\/tr>\n<tr data-target=\"toggle\">\n<td class=\"highlight\">L-4a with BDC and Rail<\/td>\n<td>50091<\/td>\n<\/tr>\n<\/tbody>\n<\/table>\n","protected":false},"excerpt":{"rendered":"<p>Leica Fortis 6 2,5-15x56i. L-4a\u00a0 \u00a0Ver\u00f0: 390.000 kr Leica Fortis 6 2,5-15x56i BDC\u00a0 Ver\u00f0: 460.000 kr N\u00e1nari uppl\u00fdsingar m\u00e1 sj\u00e1 \u00e1 heimas\u00ed\u00f0i Leica https:\/\/uk.leica-camera.com\/Sport-Optics\/Hunting\/Riflescopes\/Leica-Fortis-6\/Range &nbsp; &nbsp; Package includes riflescope caps for front lens and eyepiece, cleaning tissue, battery Front lens &hellip; <a class=\"more-link\" href=\"https:\/\/www.joibyssusmidur.com\/index.php\/sjonaukar\/leica\/fortis-6-25-15x56i\/\">Continue reading <span class=\"meta-nav\">&rarr;<\/span><\/a><\/p>\n","protected":false},"author":5,"featured_media":0,"parent":1924,"menu_order":0,"comment_status":"closed","ping_status":"closed","template":"","meta":{"footnotes":""},"class_list":["post-2049","page","type-page","status-publish","hentry"],"yoast_head":"<!-- This site is optimized with the Yoast SEO plugin v27.3 - https:\/\/yoast.com\/product\/yoast-seo-wordpress\/ -->\n<title>Fortis 6 2,5-15x56i - J\u00f3i byssusmi\u00f0ur<\/title>\n<meta name=\"robots\" content=\"index, follow, max-snippet:-1, max-image-preview:large, max-video-preview:-1\" \/>\n<link rel=\"canonical\" href=\"https:\/\/www.joibyssusmidur.com\/index.php\/sjonaukar\/leica\/fortis-6-25-15x56i\/\" \/>\n<meta property=\"og:locale\" content=\"en_US\" \/>\n<meta property=\"og:type\" content=\"article\" \/>\n<meta property=\"og:title\" content=\"Fortis 6 2,5-15x56i - J\u00f3i byssusmi\u00f0ur\" \/>\n<meta property=\"og:description\" content=\"Leica Fortis 6 2,5-15x56i. L-4a\u00a0 \u00a0Ver\u00f0: 390.000 kr Leica Fortis 6 2,5-15x56i BDC\u00a0 Ver\u00f0: 460.000 kr N\u00e1nari uppl\u00fdsingar m\u00e1 sj\u00e1 \u00e1 heimas\u00ed\u00f0i Leica https:\/\/uk.leica-camera.com\/Sport-Optics\/Hunting\/Riflescopes\/Leica-Fortis-6\/Range &nbsp; &nbsp; Package includes riflescope caps for front lens and eyepiece, cleaning tissue, battery Front lens &hellip; Continue reading &rarr;\" \/>\n<meta property=\"og:url\" content=\"https:\/\/www.joibyssusmidur.com\/index.php\/sjonaukar\/leica\/fortis-6-25-15x56i\/\" \/>\n<meta property=\"og:site_name\" content=\"J\u00f3i byssusmi\u00f0ur\" \/>\n<meta property=\"article:modified_time\" content=\"2023-03-31T15:31:32+00:00\" \/>\n<meta property=\"og:image\" content=\"https:\/\/www.joibyssusmidur.com\/wp-content\/uploads\/2019\/12\/Leica-Fortis-6-2.5-15-x-56i_Landscape_Teaser_960x640_1_teaser-960x640.png\" \/>\n<meta name=\"twitter:card\" content=\"summary_large_image\" \/>\n<meta name=\"twitter:label1\" content=\"Est. reading time\" \/>\n\t<meta name=\"twitter:data1\" content=\"2 minutes\" \/>\n<script type=\"application\/ld+json\" class=\"yoast-schema-graph\">{\"@context\":\"https:\\\/\\\/schema.org\",\"@graph\":[{\"@type\":\"WebPage\",\"@id\":\"https:\\\/\\\/www.joibyssusmidur.com\\\/index.php\\\/sjonaukar\\\/leica\\\/fortis-6-25-15x56i\\\/\",\"url\":\"https:\\\/\\\/www.joibyssusmidur.com\\\/index.php\\\/sjonaukar\\\/leica\\\/fortis-6-25-15x56i\\\/\",\"name\":\"Fortis 6 2,5-15x56i - J\u00f3i byssusmi\u00f0ur\",\"isPartOf\":{\"@id\":\"https:\\\/\\\/www.joibyssusmidur.com\\\/#website\"},\"primaryImageOfPage\":{\"@id\":\"https:\\\/\\\/www.joibyssusmidur.com\\\/index.php\\\/sjonaukar\\\/leica\\\/fortis-6-25-15x56i\\\/#primaryimage\"},\"image\":{\"@id\":\"https:\\\/\\\/www.joibyssusmidur.com\\\/index.php\\\/sjonaukar\\\/leica\\\/fortis-6-25-15x56i\\\/#primaryimage\"},\"thumbnailUrl\":\"https:\\\/\\\/www.joibyssusmidur.com\\\/wp-content\\\/uploads\\\/2019\\\/12\\\/Leica-Fortis-6-2.5-15-x-56i_Landscape_Teaser_960x640_1_teaser-960x640.png\",\"datePublished\":\"2019-08-19T16:48:52+00:00\",\"dateModified\":\"2023-03-31T15:31:32+00:00\",\"breadcrumb\":{\"@id\":\"https:\\\/\\\/www.joibyssusmidur.com\\\/index.php\\\/sjonaukar\\\/leica\\\/fortis-6-25-15x56i\\\/#breadcrumb\"},\"inLanguage\":\"en-US\",\"potentialAction\":[{\"@type\":\"ReadAction\",\"target\":[\"https:\\\/\\\/www.joibyssusmidur.com\\\/index.php\\\/sjonaukar\\\/leica\\\/fortis-6-25-15x56i\\\/\"]}]},{\"@type\":\"ImageObject\",\"inLanguage\":\"en-US\",\"@id\":\"https:\\\/\\\/www.joibyssusmidur.com\\\/index.php\\\/sjonaukar\\\/leica\\\/fortis-6-25-15x56i\\\/#primaryimage\",\"url\":\"https:\\\/\\\/www.joibyssusmidur.com\\\/wp-content\\\/uploads\\\/2019\\\/12\\\/Leica-Fortis-6-2.5-15-x-56i_Landscape_Teaser_960x640_1_teaser-960x640.png\",\"contentUrl\":\"https:\\\/\\\/www.joibyssusmidur.com\\\/wp-content\\\/uploads\\\/2019\\\/12\\\/Leica-Fortis-6-2.5-15-x-56i_Landscape_Teaser_960x640_1_teaser-960x640.png\",\"width\":960,\"height\":640},{\"@type\":\"BreadcrumbList\",\"@id\":\"https:\\\/\\\/www.joibyssusmidur.com\\\/index.php\\\/sjonaukar\\\/leica\\\/fortis-6-25-15x56i\\\/#breadcrumb\",\"itemListElement\":[{\"@type\":\"ListItem\",\"position\":1,\"name\":\"Home\",\"item\":\"https:\\\/\\\/www.joibyssusmidur.com\\\/\"},{\"@type\":\"ListItem\",\"position\":2,\"name\":\"Sj\u00f3naukar\",\"item\":\"https:\\\/\\\/www.joibyssusmidur.com\\\/index.php\\\/sjonaukar\\\/\"},{\"@type\":\"ListItem\",\"position\":3,\"name\":\"Leica\",\"item\":\"https:\\\/\\\/www.joibyssusmidur.com\\\/index.php\\\/sjonaukar\\\/leica\\\/\"},{\"@type\":\"ListItem\",\"position\":4,\"name\":\"Fortis 6 2,5-15x56i\"}]},{\"@type\":\"WebSite\",\"@id\":\"https:\\\/\\\/www.joibyssusmidur.com\\\/#website\",\"url\":\"https:\\\/\\\/www.joibyssusmidur.com\\\/\",\"name\":\"J\u00f3i byssusmi\u00f0ur\",\"description\":\"joibyssusmidur\",\"publisher\":{\"@id\":\"https:\\\/\\\/www.joibyssusmidur.com\\\/#\\\/schema\\\/person\\\/8a757fb5de9f249e91d49840047de199\"},\"potentialAction\":[{\"@type\":\"SearchAction\",\"target\":{\"@type\":\"EntryPoint\",\"urlTemplate\":\"https:\\\/\\\/www.joibyssusmidur.com\\\/?s={search_term_string}\"},\"query-input\":{\"@type\":\"PropertyValueSpecification\",\"valueRequired\":true,\"valueName\":\"search_term_string\"}}],\"inLanguage\":\"en-US\"},{\"@type\":[\"Person\",\"Organization\"],\"@id\":\"https:\\\/\\\/www.joibyssusmidur.com\\\/#\\\/schema\\\/person\\\/8a757fb5de9f249e91d49840047de199\",\"name\":\"J\u00f3hann Vilhj\u00e1lmsson\",\"image\":{\"@type\":\"ImageObject\",\"inLanguage\":\"en-US\",\"@id\":\"https:\\\/\\\/secure.gravatar.com\\\/avatar\\\/752ab1088a5ce88b8c12eeb05bafe23c8611b12ccbfc8621c0e4dd63e5e440a1?s=96&d=mm&r=g\",\"url\":\"https:\\\/\\\/secure.gravatar.com\\\/avatar\\\/752ab1088a5ce88b8c12eeb05bafe23c8611b12ccbfc8621c0e4dd63e5e440a1?s=96&d=mm&r=g\",\"contentUrl\":\"https:\\\/\\\/secure.gravatar.com\\\/avatar\\\/752ab1088a5ce88b8c12eeb05bafe23c8611b12ccbfc8621c0e4dd63e5e440a1?s=96&d=mm&r=g\",\"caption\":\"J\u00f3hann Vilhj\u00e1lmsson\"},\"logo\":{\"@id\":\"https:\\\/\\\/secure.gravatar.com\\\/avatar\\\/752ab1088a5ce88b8c12eeb05bafe23c8611b12ccbfc8621c0e4dd63e5e440a1?s=96&d=mm&r=g\"},\"sameAs\":[\"https:\\\/\\\/www.joibyssusmidur.com\"]}]}<\/script>\n<!-- \/ Yoast SEO plugin. -->","yoast_head_json":{"title":"Fortis 6 2,5-15x56i - J\u00f3i byssusmi\u00f0ur","robots":{"index":"index","follow":"follow","max-snippet":"max-snippet:-1","max-image-preview":"max-image-preview:large","max-video-preview":"max-video-preview:-1"},"canonical":"https:\/\/www.joibyssusmidur.com\/index.php\/sjonaukar\/leica\/fortis-6-25-15x56i\/","og_locale":"en_US","og_type":"article","og_title":"Fortis 6 2,5-15x56i - J\u00f3i byssusmi\u00f0ur","og_description":"Leica Fortis 6 2,5-15x56i. L-4a\u00a0 \u00a0Ver\u00f0: 390.000 kr Leica Fortis 6 2,5-15x56i BDC\u00a0 Ver\u00f0: 460.000 kr N\u00e1nari uppl\u00fdsingar m\u00e1 sj\u00e1 \u00e1 heimas\u00ed\u00f0i Leica https:\/\/uk.leica-camera.com\/Sport-Optics\/Hunting\/Riflescopes\/Leica-Fortis-6\/Range &nbsp; &nbsp; Package includes riflescope caps for front lens and eyepiece, cleaning tissue, battery Front lens &hellip; Continue reading &rarr;","og_url":"https:\/\/www.joibyssusmidur.com\/index.php\/sjonaukar\/leica\/fortis-6-25-15x56i\/","og_site_name":"J\u00f3i byssusmi\u00f0ur","article_modified_time":"2023-03-31T15:31:32+00:00","og_image":[{"url":"https:\/\/www.joibyssusmidur.com\/wp-content\/uploads\/2019\/12\/Leica-Fortis-6-2.5-15-x-56i_Landscape_Teaser_960x640_1_teaser-960x640.png","type":"","width":"","height":""}],"twitter_card":"summary_large_image","twitter_misc":{"Est. reading time":"2 minutes"},"schema":{"@context":"https:\/\/schema.org","@graph":[{"@type":"WebPage","@id":"https:\/\/www.joibyssusmidur.com\/index.php\/sjonaukar\/leica\/fortis-6-25-15x56i\/","url":"https:\/\/www.joibyssusmidur.com\/index.php\/sjonaukar\/leica\/fortis-6-25-15x56i\/","name":"Fortis 6 2,5-15x56i - J\u00f3i byssusmi\u00f0ur","isPartOf":{"@id":"https:\/\/www.joibyssusmidur.com\/#website"},"primaryImageOfPage":{"@id":"https:\/\/www.joibyssusmidur.com\/index.php\/sjonaukar\/leica\/fortis-6-25-15x56i\/#primaryimage"},"image":{"@id":"https:\/\/www.joibyssusmidur.com\/index.php\/sjonaukar\/leica\/fortis-6-25-15x56i\/#primaryimage"},"thumbnailUrl":"https:\/\/www.joibyssusmidur.com\/wp-content\/uploads\/2019\/12\/Leica-Fortis-6-2.5-15-x-56i_Landscape_Teaser_960x640_1_teaser-960x640.png","datePublished":"2019-08-19T16:48:52+00:00","dateModified":"2023-03-31T15:31:32+00:00","breadcrumb":{"@id":"https:\/\/www.joibyssusmidur.com\/index.php\/sjonaukar\/leica\/fortis-6-25-15x56i\/#breadcrumb"},"inLanguage":"en-US","potentialAction":[{"@type":"ReadAction","target":["https:\/\/www.joibyssusmidur.com\/index.php\/sjonaukar\/leica\/fortis-6-25-15x56i\/"]}]},{"@type":"ImageObject","inLanguage":"en-US","@id":"https:\/\/www.joibyssusmidur.com\/index.php\/sjonaukar\/leica\/fortis-6-25-15x56i\/#primaryimage","url":"https:\/\/www.joibyssusmidur.com\/wp-content\/uploads\/2019\/12\/Leica-Fortis-6-2.5-15-x-56i_Landscape_Teaser_960x640_1_teaser-960x640.png","contentUrl":"https:\/\/www.joibyssusmidur.com\/wp-content\/uploads\/2019\/12\/Leica-Fortis-6-2.5-15-x-56i_Landscape_Teaser_960x640_1_teaser-960x640.png","width":960,"height":640},{"@type":"BreadcrumbList","@id":"https:\/\/www.joibyssusmidur.com\/index.php\/sjonaukar\/leica\/fortis-6-25-15x56i\/#breadcrumb","itemListElement":[{"@type":"ListItem","position":1,"name":"Home","item":"https:\/\/www.joibyssusmidur.com\/"},{"@type":"ListItem","position":2,"name":"Sj\u00f3naukar","item":"https:\/\/www.joibyssusmidur.com\/index.php\/sjonaukar\/"},{"@type":"ListItem","position":3,"name":"Leica","item":"https:\/\/www.joibyssusmidur.com\/index.php\/sjonaukar\/leica\/"},{"@type":"ListItem","position":4,"name":"Fortis 6 2,5-15x56i"}]},{"@type":"WebSite","@id":"https:\/\/www.joibyssusmidur.com\/#website","url":"https:\/\/www.joibyssusmidur.com\/","name":"J\u00f3i byssusmi\u00f0ur","description":"joibyssusmidur","publisher":{"@id":"https:\/\/www.joibyssusmidur.com\/#\/schema\/person\/8a757fb5de9f249e91d49840047de199"},"potentialAction":[{"@type":"SearchAction","target":{"@type":"EntryPoint","urlTemplate":"https:\/\/www.joibyssusmidur.com\/?s={search_term_string}"},"query-input":{"@type":"PropertyValueSpecification","valueRequired":true,"valueName":"search_term_string"}}],"inLanguage":"en-US"},{"@type":["Person","Organization"],"@id":"https:\/\/www.joibyssusmidur.com\/#\/schema\/person\/8a757fb5de9f249e91d49840047de199","name":"J\u00f3hann Vilhj\u00e1lmsson","image":{"@type":"ImageObject","inLanguage":"en-US","@id":"https:\/\/secure.gravatar.com\/avatar\/752ab1088a5ce88b8c12eeb05bafe23c8611b12ccbfc8621c0e4dd63e5e440a1?s=96&d=mm&r=g","url":"https:\/\/secure.gravatar.com\/avatar\/752ab1088a5ce88b8c12eeb05bafe23c8611b12ccbfc8621c0e4dd63e5e440a1?s=96&d=mm&r=g","contentUrl":"https:\/\/secure.gravatar.com\/avatar\/752ab1088a5ce88b8c12eeb05bafe23c8611b12ccbfc8621c0e4dd63e5e440a1?s=96&d=mm&r=g","caption":"J\u00f3hann Vilhj\u00e1lmsson"},"logo":{"@id":"https:\/\/secure.gravatar.com\/avatar\/752ab1088a5ce88b8c12eeb05bafe23c8611b12ccbfc8621c0e4dd63e5e440a1?s=96&d=mm&r=g"},"sameAs":["https:\/\/www.joibyssusmidur.com"]}]}},"_links":{"self":[{"href":"https:\/\/www.joibyssusmidur.com\/index.php\/wp-json\/wp\/v2\/pages\/2049","targetHints":{"allow":["GET"]}}],"collection":[{"href":"https:\/\/www.joibyssusmidur.com\/index.php\/wp-json\/wp\/v2\/pages"}],"about":[{"href":"https:\/\/www.joibyssusmidur.com\/index.php\/wp-json\/wp\/v2\/types\/page"}],"author":[{"embeddable":true,"href":"https:\/\/www.joibyssusmidur.com\/index.php\/wp-json\/wp\/v2\/users\/5"}],"replies":[{"embeddable":true,"href":"https:\/\/www.joibyssusmidur.com\/index.php\/wp-json\/wp\/v2\/comments?post=2049"}],"version-history":[{"count":13,"href":"https:\/\/www.joibyssusmidur.com\/index.php\/wp-json\/wp\/v2\/pages\/2049\/revisions"}],"predecessor-version":[{"id":3313,"href":"https:\/\/www.joibyssusmidur.com\/index.php\/wp-json\/wp\/v2\/pages\/2049\/revisions\/3313"}],"up":[{"embeddable":true,"href":"https:\/\/www.joibyssusmidur.com\/index.php\/wp-json\/wp\/v2\/pages\/1924"}],"wp:attachment":[{"href":"https:\/\/www.joibyssusmidur.com\/index.php\/wp-json\/wp\/v2\/media?parent=2049"}],"curies":[{"name":"wp","href":"https:\/\/api.w.org\/{rel}","templated":true}]}}