{"id":1958,"date":"2019-05-09T17:39:02","date_gmt":"2019-05-09T17:39:02","guid":{"rendered":"http:\/\/joibyssusmidur.com\/?page_id=1958"},"modified":"2020-05-14T16:31:33","modified_gmt":"2020-05-14T16:31:33","slug":"leica-er-6-5-26x56-lrs","status":"publish","type":"page","link":"https:\/\/www.joibyssusmidur.com\/index.php\/sjonaukar\/leica\/leica-er-6-5-26x56-lrs\/","title":{"rendered":"Leica ER 6.5-26&#215;56 LRS"},"content":{"rendered":"<p>Leica ER 6.5-26&#215;56 LRS. \u00deessi sj\u00f3nauki er hanna\u00f0ur til \u00feess a\u00f0 nota \u00e1 l\u00f6ngum f\u00e6rum.<\/p>\n<p><strong>Ver\u00f0:\u00a0<\/strong><\/p>\n<p>\u00deessi vara er f\u00e1anleg \u00ed s\u00e9rp\u00f6ntun og eru \u00ferj\u00e1r ger\u00f0ir af krossum \u00ed bo\u00f0i. Vi\u00f0 viljum gjarnan f\u00e1 50% af ver\u00f0i \u00ed sta\u00f0festingargjald. \u00c1 m\u00f3ti kemur 20% afsl\u00e1ttur af hilluver\u00f0i \u00feegar vara er s\u00f3tt.<\/p>\n<p>H\u00e9r m\u00e1 sj\u00e1 n\u00e1nari uppl\u00fdsingar af heimas\u00ed\u00f0u Leica:\u00a0<a href=\"http:\/\/en.leica-camera.com\/Sport-Optics\/Leica-Hunting\/Riflescopes\/Leica-ER-LRS\/Range\" target=\"_blank\" rel=\"noopener noreferrer\">http:\/\/en.leica-camera.com\/Sport-Optics\/Leica-Hunting\/Riflescopes\/Leica-ER-LRS\/Range<\/a><\/p>\n<p><img loading=\"lazy\" decoding=\"async\" class=\"alignnone size-full wp-image-1959\" src=\"https:\/\/www.joibyssusmidur.com\/wp-content\/uploads\/2019\/05\/Teaser-Leica-ER-LRS-Cinemascope_teaser-1200x470.jpg\" alt=\"\" width=\"960\" height=\"376\" srcset=\"https:\/\/www.joibyssusmidur.com\/wp-content\/uploads\/2019\/05\/Teaser-Leica-ER-LRS-Cinemascope_teaser-1200x470.jpg 960w, https:\/\/www.joibyssusmidur.com\/wp-content\/uploads\/2019\/05\/Teaser-Leica-ER-LRS-Cinemascope_teaser-1200x470-300x118.jpg 300w, https:\/\/www.joibyssusmidur.com\/wp-content\/uploads\/2019\/05\/Teaser-Leica-ER-LRS-Cinemascope_teaser-1200x470-768x301.jpg 768w, https:\/\/www.joibyssusmidur.com\/wp-content\/uploads\/2019\/05\/Teaser-Leica-ER-LRS-Cinemascope_teaser-1200x470-500x196.jpg 500w\" sizes=\"auto, (max-width: 960px) 100vw, 960px\" \/><\/p>\n<p><img loading=\"lazy\" decoding=\"async\" class=\"alignnone size-full wp-image-1960\" src=\"https:\/\/www.joibyssusmidur.com\/wp-content\/uploads\/2019\/05\/ER-1-RIFLESCOPES-LEICA_ER_65-26X56_.png\" alt=\"\" width=\"960\" height=\"376\" srcset=\"https:\/\/www.joibyssusmidur.com\/wp-content\/uploads\/2019\/05\/ER-1-RIFLESCOPES-LEICA_ER_65-26X56_.png 960w, https:\/\/www.joibyssusmidur.com\/wp-content\/uploads\/2019\/05\/ER-1-RIFLESCOPES-LEICA_ER_65-26X56_-300x118.png 300w, https:\/\/www.joibyssusmidur.com\/wp-content\/uploads\/2019\/05\/ER-1-RIFLESCOPES-LEICA_ER_65-26X56_-768x301.png 768w, https:\/\/www.joibyssusmidur.com\/wp-content\/uploads\/2019\/05\/ER-1-RIFLESCOPES-LEICA_ER_65-26X56_-500x196.png 500w\" sizes=\"auto, (max-width: 960px) 100vw, 960px\" \/><\/p>\n<p>H\u00e9r er texti af heimas\u00ed\u00f0u Leica.<\/p>\n<p>Designed specifically for long range shooting, the new ER 6.5\u201326 x 56 LRS gives you exceptionally high levels of magnification, light transmission and contrast. In particular, minimal colour-fringing ensures that images seen through the scope are of the best optical quality, even at distance. Thanks to its finely tuned elevation tracking, users can achieve absolute precision when sighting in and setting the planned point of impact. What\u2019s more, the ER 6.5\u201326 x 56 LRS has a large eye relief, making it safer for use with calibres required for longer-range shots.<\/p>\n<table class=\"table data-table rwd\">\n<tbody>\n<tr>\n<td class=\"highlight\">Front lens diameter<\/td>\n<td>56 mm<\/td>\n<\/tr>\n<tr>\n<td class=\"highlight\">Magnification<\/td>\n<td>6,5x \/ 26x<\/td>\n<\/tr>\n<tr>\n<td class=\"highlight\">Zoom<\/td>\n<td>4x<\/td>\n<\/tr>\n<tr>\n<td class=\"highlight\">Field of view at max. magnification (m\/100 m)<\/td>\n<td>4 ft\/1.45 m<\/td>\n<\/tr>\n<tr>\n<td class=\"highlight\">Field of view at min. magnification (m\/100 m)<\/td>\n<td>18 ft\/5.5 m<\/td>\n<\/tr>\n<tr data-target=\"toggle\">\n<td class=\"highlight\">Eye relief<\/td>\n<td>3.9 in\/100 mm<\/td>\n<\/tr>\n<tr data-target=\"toggle\">\n<td class=\"highlight\">Exit pupil<\/td>\n<td>0.08 \u2013 0.34 in \/ 2.15\u2013 8.55 mm<\/td>\n<\/tr>\n<tr data-target=\"toggle\">\n<td class=\"highlight\">Parallax<\/td>\n<td>adjustable, 50 m to infinity<\/td>\n<\/tr>\n<tr data-target=\"toggle\">\n<td class=\"highlight\">Diopter compensation<\/td>\n<td>\u20134\/+3 dpt<\/td>\n<\/tr>\n<tr data-target=\"toggle\">\n<td class=\"highlight\">Coating<\/td>\n<td>AquaDura\u00ae lens coating<\/td>\n<\/tr>\n<tr data-target=\"toggle\">\n<td class=\"highlight\">Transmission<\/td>\n<td>&gt;90%<\/td>\n<\/tr>\n<tr data-target=\"toggle\">\n<td class=\"highlight\">Central tube diameter<\/td>\n<td>30 mm<\/td>\n<\/tr>\n<tr data-target=\"toggle\">\n<td class=\"highlight\">Impact point correction<\/td>\n<td>1 click = 0.5 cm \/100 m<br \/>\n120 x 70 cm<\/td>\n<\/tr>\n<tr data-target=\"toggle\">\n<td class=\"highlight\">Front lens filter thread<\/td>\n<td><\/td>\n<\/tr>\n<tr data-target=\"toggle\">\n<td class=\"highlight\">Length<\/td>\n<td>14.8 in \/ 375mm<\/td>\n<\/tr>\n<tr data-target=\"toggle\">\n<td class=\"highlight\">Weight<\/td>\n<td>21.5 oz \/ 610g<\/td>\n<\/tr>\n<tr data-target=\"toggle\">\n<td class=\"highlight\">Waterproof<\/td>\n<td>9.8 ft \/ 3m<\/td>\n<\/tr>\n<tr data-target=\"toggle\">\n<td class=\"highlight\">Available reticles<\/td>\n<td>4a, Ballistic, LRS<\/td>\n<\/tr>\n<tr data-target=\"toggle\">\n<td class=\"highlight\">Reticle illumination<\/td>\n<td><\/td>\n<\/tr>\n<tr data-target=\"toggle\">\n<td class=\"highlight\">Automatic switch-off<\/td>\n<td>3 min, \u00b1 70\u00b0<\/td>\n<\/tr>\n<tr data-target=\"toggle\">\n<td class=\"highlight\">Automatic switch-on<\/td>\n<td>yes, activated by position<br \/>\nand \/ or movement<\/td>\n<\/tr>\n<\/tbody>\n<\/table>\n","protected":false},"excerpt":{"rendered":"<p>Leica ER 6.5-26&#215;56 LRS. \u00deessi sj\u00f3nauki er hanna\u00f0ur til \u00feess a\u00f0 nota \u00e1 l\u00f6ngum f\u00e6rum. Ver\u00f0:\u00a0 \u00deessi vara er f\u00e1anleg \u00ed s\u00e9rp\u00f6ntun og eru \u00ferj\u00e1r ger\u00f0ir af krossum \u00ed bo\u00f0i. Vi\u00f0 viljum gjarnan f\u00e1 50% af ver\u00f0i \u00ed sta\u00f0festingargjald. \u00c1 &hellip; <a class=\"more-link\" href=\"https:\/\/www.joibyssusmidur.com\/index.php\/sjonaukar\/leica\/leica-er-6-5-26x56-lrs\/\">Continue reading <span class=\"meta-nav\">&rarr;<\/span><\/a><\/p>\n","protected":false},"author":5,"featured_media":0,"parent":1924,"menu_order":0,"comment_status":"closed","ping_status":"closed","template":"","meta":{"footnotes":""},"class_list":["post-1958","page","type-page","status-publish","hentry"],"yoast_head":"<!-- This site is optimized with the Yoast SEO plugin v27.3 - https:\/\/yoast.com\/product\/yoast-seo-wordpress\/ -->\n<title>Leica ER 6.5-26x56 LRS - J\u00f3i byssusmi\u00f0ur<\/title>\n<meta name=\"robots\" content=\"index, follow, max-snippet:-1, max-image-preview:large, max-video-preview:-1\" \/>\n<link rel=\"canonical\" href=\"https:\/\/www.joibyssusmidur.com\/index.php\/sjonaukar\/leica\/leica-er-6-5-26x56-lrs\/\" \/>\n<meta property=\"og:locale\" content=\"en_US\" \/>\n<meta property=\"og:type\" content=\"article\" \/>\n<meta property=\"og:title\" content=\"Leica ER 6.5-26x56 LRS - J\u00f3i byssusmi\u00f0ur\" \/>\n<meta property=\"og:description\" content=\"Leica ER 6.5-26&#215;56 LRS. \u00deessi sj\u00f3nauki er hanna\u00f0ur til \u00feess a\u00f0 nota \u00e1 l\u00f6ngum f\u00e6rum. Ver\u00f0:\u00a0 \u00deessi vara er f\u00e1anleg \u00ed s\u00e9rp\u00f6ntun og eru \u00ferj\u00e1r ger\u00f0ir af krossum \u00ed bo\u00f0i. Vi\u00f0 viljum gjarnan f\u00e1 50% af ver\u00f0i \u00ed sta\u00f0festingargjald. \u00c1 &hellip; Continue reading &rarr;\" \/>\n<meta property=\"og:url\" content=\"https:\/\/www.joibyssusmidur.com\/index.php\/sjonaukar\/leica\/leica-er-6-5-26x56-lrs\/\" \/>\n<meta property=\"og:site_name\" content=\"J\u00f3i byssusmi\u00f0ur\" \/>\n<meta property=\"article:modified_time\" content=\"2020-05-14T16:31:33+00:00\" \/>\n<meta property=\"og:image\" content=\"https:\/\/www.joibyssusmidur.com\/wp-content\/uploads\/2019\/05\/Teaser-Leica-ER-LRS-Cinemascope_teaser-1200x470.jpg\" \/>\n<meta name=\"twitter:card\" content=\"summary_large_image\" \/>\n<meta name=\"twitter:label1\" content=\"Est. reading time\" \/>\n\t<meta name=\"twitter:data1\" content=\"1 minute\" \/>\n<script type=\"application\/ld+json\" class=\"yoast-schema-graph\">{\"@context\":\"https:\\\/\\\/schema.org\",\"@graph\":[{\"@type\":\"WebPage\",\"@id\":\"https:\\\/\\\/www.joibyssusmidur.com\\\/index.php\\\/sjonaukar\\\/leica\\\/leica-er-6-5-26x56-lrs\\\/\",\"url\":\"https:\\\/\\\/www.joibyssusmidur.com\\\/index.php\\\/sjonaukar\\\/leica\\\/leica-er-6-5-26x56-lrs\\\/\",\"name\":\"Leica ER 6.5-26x56 LRS - J\u00f3i byssusmi\u00f0ur\",\"isPartOf\":{\"@id\":\"https:\\\/\\\/www.joibyssusmidur.com\\\/#website\"},\"primaryImageOfPage\":{\"@id\":\"https:\\\/\\\/www.joibyssusmidur.com\\\/index.php\\\/sjonaukar\\\/leica\\\/leica-er-6-5-26x56-lrs\\\/#primaryimage\"},\"image\":{\"@id\":\"https:\\\/\\\/www.joibyssusmidur.com\\\/index.php\\\/sjonaukar\\\/leica\\\/leica-er-6-5-26x56-lrs\\\/#primaryimage\"},\"thumbnailUrl\":\"https:\\\/\\\/www.joibyssusmidur.com\\\/wp-content\\\/uploads\\\/2019\\\/05\\\/Teaser-Leica-ER-LRS-Cinemascope_teaser-1200x470.jpg\",\"datePublished\":\"2019-05-09T17:39:02+00:00\",\"dateModified\":\"2020-05-14T16:31:33+00:00\",\"breadcrumb\":{\"@id\":\"https:\\\/\\\/www.joibyssusmidur.com\\\/index.php\\\/sjonaukar\\\/leica\\\/leica-er-6-5-26x56-lrs\\\/#breadcrumb\"},\"inLanguage\":\"en-US\",\"potentialAction\":[{\"@type\":\"ReadAction\",\"target\":[\"https:\\\/\\\/www.joibyssusmidur.com\\\/index.php\\\/sjonaukar\\\/leica\\\/leica-er-6-5-26x56-lrs\\\/\"]}]},{\"@type\":\"ImageObject\",\"inLanguage\":\"en-US\",\"@id\":\"https:\\\/\\\/www.joibyssusmidur.com\\\/index.php\\\/sjonaukar\\\/leica\\\/leica-er-6-5-26x56-lrs\\\/#primaryimage\",\"url\":\"https:\\\/\\\/www.joibyssusmidur.com\\\/wp-content\\\/uploads\\\/2019\\\/05\\\/Teaser-Leica-ER-LRS-Cinemascope_teaser-1200x470.jpg\",\"contentUrl\":\"https:\\\/\\\/www.joibyssusmidur.com\\\/wp-content\\\/uploads\\\/2019\\\/05\\\/Teaser-Leica-ER-LRS-Cinemascope_teaser-1200x470.jpg\",\"width\":960,\"height\":376},{\"@type\":\"BreadcrumbList\",\"@id\":\"https:\\\/\\\/www.joibyssusmidur.com\\\/index.php\\\/sjonaukar\\\/leica\\\/leica-er-6-5-26x56-lrs\\\/#breadcrumb\",\"itemListElement\":[{\"@type\":\"ListItem\",\"position\":1,\"name\":\"Home\",\"item\":\"https:\\\/\\\/www.joibyssusmidur.com\\\/\"},{\"@type\":\"ListItem\",\"position\":2,\"name\":\"Sj\u00f3naukar\",\"item\":\"https:\\\/\\\/www.joibyssusmidur.com\\\/index.php\\\/sjonaukar\\\/\"},{\"@type\":\"ListItem\",\"position\":3,\"name\":\"Leica\",\"item\":\"https:\\\/\\\/www.joibyssusmidur.com\\\/index.php\\\/sjonaukar\\\/leica\\\/\"},{\"@type\":\"ListItem\",\"position\":4,\"name\":\"Leica ER 6.5-26&#215;56 LRS\"}]},{\"@type\":\"WebSite\",\"@id\":\"https:\\\/\\\/www.joibyssusmidur.com\\\/#website\",\"url\":\"https:\\\/\\\/www.joibyssusmidur.com\\\/\",\"name\":\"J\u00f3i byssusmi\u00f0ur\",\"description\":\"joibyssusmidur\",\"publisher\":{\"@id\":\"https:\\\/\\\/www.joibyssusmidur.com\\\/#\\\/schema\\\/person\\\/8a757fb5de9f249e91d49840047de199\"},\"potentialAction\":[{\"@type\":\"SearchAction\",\"target\":{\"@type\":\"EntryPoint\",\"urlTemplate\":\"https:\\\/\\\/www.joibyssusmidur.com\\\/?s={search_term_string}\"},\"query-input\":{\"@type\":\"PropertyValueSpecification\",\"valueRequired\":true,\"valueName\":\"search_term_string\"}}],\"inLanguage\":\"en-US\"},{\"@type\":[\"Person\",\"Organization\"],\"@id\":\"https:\\\/\\\/www.joibyssusmidur.com\\\/#\\\/schema\\\/person\\\/8a757fb5de9f249e91d49840047de199\",\"name\":\"J\u00f3hann Vilhj\u00e1lmsson\",\"image\":{\"@type\":\"ImageObject\",\"inLanguage\":\"en-US\",\"@id\":\"https:\\\/\\\/secure.gravatar.com\\\/avatar\\\/752ab1088a5ce88b8c12eeb05bafe23c8611b12ccbfc8621c0e4dd63e5e440a1?s=96&d=mm&r=g\",\"url\":\"https:\\\/\\\/secure.gravatar.com\\\/avatar\\\/752ab1088a5ce88b8c12eeb05bafe23c8611b12ccbfc8621c0e4dd63e5e440a1?s=96&d=mm&r=g\",\"contentUrl\":\"https:\\\/\\\/secure.gravatar.com\\\/avatar\\\/752ab1088a5ce88b8c12eeb05bafe23c8611b12ccbfc8621c0e4dd63e5e440a1?s=96&d=mm&r=g\",\"caption\":\"J\u00f3hann Vilhj\u00e1lmsson\"},\"logo\":{\"@id\":\"https:\\\/\\\/secure.gravatar.com\\\/avatar\\\/752ab1088a5ce88b8c12eeb05bafe23c8611b12ccbfc8621c0e4dd63e5e440a1?s=96&d=mm&r=g\"},\"sameAs\":[\"https:\\\/\\\/www.joibyssusmidur.com\"]}]}<\/script>\n<!-- \/ Yoast SEO plugin. -->","yoast_head_json":{"title":"Leica ER 6.5-26x56 LRS - J\u00f3i byssusmi\u00f0ur","robots":{"index":"index","follow":"follow","max-snippet":"max-snippet:-1","max-image-preview":"max-image-preview:large","max-video-preview":"max-video-preview:-1"},"canonical":"https:\/\/www.joibyssusmidur.com\/index.php\/sjonaukar\/leica\/leica-er-6-5-26x56-lrs\/","og_locale":"en_US","og_type":"article","og_title":"Leica ER 6.5-26x56 LRS - J\u00f3i byssusmi\u00f0ur","og_description":"Leica ER 6.5-26&#215;56 LRS. \u00deessi sj\u00f3nauki er hanna\u00f0ur til \u00feess a\u00f0 nota \u00e1 l\u00f6ngum f\u00e6rum. Ver\u00f0:\u00a0 \u00deessi vara er f\u00e1anleg \u00ed s\u00e9rp\u00f6ntun og eru \u00ferj\u00e1r ger\u00f0ir af krossum \u00ed bo\u00f0i. Vi\u00f0 viljum gjarnan f\u00e1 50% af ver\u00f0i \u00ed sta\u00f0festingargjald. \u00c1 &hellip; Continue reading &rarr;","og_url":"https:\/\/www.joibyssusmidur.com\/index.php\/sjonaukar\/leica\/leica-er-6-5-26x56-lrs\/","og_site_name":"J\u00f3i byssusmi\u00f0ur","article_modified_time":"2020-05-14T16:31:33+00:00","og_image":[{"url":"https:\/\/www.joibyssusmidur.com\/wp-content\/uploads\/2019\/05\/Teaser-Leica-ER-LRS-Cinemascope_teaser-1200x470.jpg","type":"","width":"","height":""}],"twitter_card":"summary_large_image","twitter_misc":{"Est. reading time":"1 minute"},"schema":{"@context":"https:\/\/schema.org","@graph":[{"@type":"WebPage","@id":"https:\/\/www.joibyssusmidur.com\/index.php\/sjonaukar\/leica\/leica-er-6-5-26x56-lrs\/","url":"https:\/\/www.joibyssusmidur.com\/index.php\/sjonaukar\/leica\/leica-er-6-5-26x56-lrs\/","name":"Leica ER 6.5-26x56 LRS - J\u00f3i byssusmi\u00f0ur","isPartOf":{"@id":"https:\/\/www.joibyssusmidur.com\/#website"},"primaryImageOfPage":{"@id":"https:\/\/www.joibyssusmidur.com\/index.php\/sjonaukar\/leica\/leica-er-6-5-26x56-lrs\/#primaryimage"},"image":{"@id":"https:\/\/www.joibyssusmidur.com\/index.php\/sjonaukar\/leica\/leica-er-6-5-26x56-lrs\/#primaryimage"},"thumbnailUrl":"https:\/\/www.joibyssusmidur.com\/wp-content\/uploads\/2019\/05\/Teaser-Leica-ER-LRS-Cinemascope_teaser-1200x470.jpg","datePublished":"2019-05-09T17:39:02+00:00","dateModified":"2020-05-14T16:31:33+00:00","breadcrumb":{"@id":"https:\/\/www.joibyssusmidur.com\/index.php\/sjonaukar\/leica\/leica-er-6-5-26x56-lrs\/#breadcrumb"},"inLanguage":"en-US","potentialAction":[{"@type":"ReadAction","target":["https:\/\/www.joibyssusmidur.com\/index.php\/sjonaukar\/leica\/leica-er-6-5-26x56-lrs\/"]}]},{"@type":"ImageObject","inLanguage":"en-US","@id":"https:\/\/www.joibyssusmidur.com\/index.php\/sjonaukar\/leica\/leica-er-6-5-26x56-lrs\/#primaryimage","url":"https:\/\/www.joibyssusmidur.com\/wp-content\/uploads\/2019\/05\/Teaser-Leica-ER-LRS-Cinemascope_teaser-1200x470.jpg","contentUrl":"https:\/\/www.joibyssusmidur.com\/wp-content\/uploads\/2019\/05\/Teaser-Leica-ER-LRS-Cinemascope_teaser-1200x470.jpg","width":960,"height":376},{"@type":"BreadcrumbList","@id":"https:\/\/www.joibyssusmidur.com\/index.php\/sjonaukar\/leica\/leica-er-6-5-26x56-lrs\/#breadcrumb","itemListElement":[{"@type":"ListItem","position":1,"name":"Home","item":"https:\/\/www.joibyssusmidur.com\/"},{"@type":"ListItem","position":2,"name":"Sj\u00f3naukar","item":"https:\/\/www.joibyssusmidur.com\/index.php\/sjonaukar\/"},{"@type":"ListItem","position":3,"name":"Leica","item":"https:\/\/www.joibyssusmidur.com\/index.php\/sjonaukar\/leica\/"},{"@type":"ListItem","position":4,"name":"Leica ER 6.5-26&#215;56 LRS"}]},{"@type":"WebSite","@id":"https:\/\/www.joibyssusmidur.com\/#website","url":"https:\/\/www.joibyssusmidur.com\/","name":"J\u00f3i byssusmi\u00f0ur","description":"joibyssusmidur","publisher":{"@id":"https:\/\/www.joibyssusmidur.com\/#\/schema\/person\/8a757fb5de9f249e91d49840047de199"},"potentialAction":[{"@type":"SearchAction","target":{"@type":"EntryPoint","urlTemplate":"https:\/\/www.joibyssusmidur.com\/?s={search_term_string}"},"query-input":{"@type":"PropertyValueSpecification","valueRequired":true,"valueName":"search_term_string"}}],"inLanguage":"en-US"},{"@type":["Person","Organization"],"@id":"https:\/\/www.joibyssusmidur.com\/#\/schema\/person\/8a757fb5de9f249e91d49840047de199","name":"J\u00f3hann Vilhj\u00e1lmsson","image":{"@type":"ImageObject","inLanguage":"en-US","@id":"https:\/\/secure.gravatar.com\/avatar\/752ab1088a5ce88b8c12eeb05bafe23c8611b12ccbfc8621c0e4dd63e5e440a1?s=96&d=mm&r=g","url":"https:\/\/secure.gravatar.com\/avatar\/752ab1088a5ce88b8c12eeb05bafe23c8611b12ccbfc8621c0e4dd63e5e440a1?s=96&d=mm&r=g","contentUrl":"https:\/\/secure.gravatar.com\/avatar\/752ab1088a5ce88b8c12eeb05bafe23c8611b12ccbfc8621c0e4dd63e5e440a1?s=96&d=mm&r=g","caption":"J\u00f3hann Vilhj\u00e1lmsson"},"logo":{"@id":"https:\/\/secure.gravatar.com\/avatar\/752ab1088a5ce88b8c12eeb05bafe23c8611b12ccbfc8621c0e4dd63e5e440a1?s=96&d=mm&r=g"},"sameAs":["https:\/\/www.joibyssusmidur.com"]}]}},"_links":{"self":[{"href":"https:\/\/www.joibyssusmidur.com\/index.php\/wp-json\/wp\/v2\/pages\/1958","targetHints":{"allow":["GET"]}}],"collection":[{"href":"https:\/\/www.joibyssusmidur.com\/index.php\/wp-json\/wp\/v2\/pages"}],"about":[{"href":"https:\/\/www.joibyssusmidur.com\/index.php\/wp-json\/wp\/v2\/types\/page"}],"author":[{"embeddable":true,"href":"https:\/\/www.joibyssusmidur.com\/index.php\/wp-json\/wp\/v2\/users\/5"}],"replies":[{"embeddable":true,"href":"https:\/\/www.joibyssusmidur.com\/index.php\/wp-json\/wp\/v2\/comments?post=1958"}],"version-history":[{"count":3,"href":"https:\/\/www.joibyssusmidur.com\/index.php\/wp-json\/wp\/v2\/pages\/1958\/revisions"}],"predecessor-version":[{"id":2463,"href":"https:\/\/www.joibyssusmidur.com\/index.php\/wp-json\/wp\/v2\/pages\/1958\/revisions\/2463"}],"up":[{"embeddable":true,"href":"https:\/\/www.joibyssusmidur.com\/index.php\/wp-json\/wp\/v2\/pages\/1924"}],"wp:attachment":[{"href":"https:\/\/www.joibyssusmidur.com\/index.php\/wp-json\/wp\/v2\/media?parent=1958"}],"curies":[{"name":"wp","href":"https:\/\/api.w.org\/{rel}","templated":true}]}}