{"id":1933,"date":"2019-05-09T15:54:34","date_gmt":"2019-05-09T15:54:34","guid":{"rendered":"http:\/\/joibyssusmidur.com\/?page_id=1933"},"modified":"2020-07-03T15:30:21","modified_gmt":"2020-07-03T15:30:21","slug":"rangemaster-crf-2400-r","status":"publish","type":"page","link":"https:\/\/www.joibyssusmidur.com\/index.php\/sjonaukar\/leica-fjarlaegdarmaelar\/rangemaster-crf-2400-r\/","title":{"rendered":"RANGEMASTER CRF 2400-R"},"content":{"rendered":"<p>Leica RANGEMASTER CRF 2400-R.\u00a0 M\u00e6lir allt a\u00f0 2.200 metrum<\/p>\n<p>H\u00e9r m\u00e1 sj\u00e1 nanari uppl\u00fdsingar fr\u00e1 framlei\u00f0anda:\u00a0<a href=\"http:\/\/en.leica-camera.com\/Sport-Optics\/Leica-Hunting\/Rangefinders\/Leica-Rangemaster\/Range\" target=\"_blank\" rel=\"noopener noreferrer\">http:\/\/en.leica-camera.com\/Sport-Optics\/Leica-Hunting\/Rangefinders\/Leica-Rangemaster\/Range<\/a><\/p>\n<p><strong>Ver\u00f0: 95.000 kr<\/strong><\/p>\n<p><img loading=\"lazy\" decoding=\"async\" class=\"alignnone size-full wp-image-1934\" src=\"https:\/\/www.joibyssusmidur.com\/wp-content\/uploads\/2019\/05\/Leica_Rangemaster_CRF_2400-R.png\" alt=\"\" width=\"661\" height=\"576\" srcset=\"https:\/\/www.joibyssusmidur.com\/wp-content\/uploads\/2019\/05\/Leica_Rangemaster_CRF_2400-R.png 661w, https:\/\/www.joibyssusmidur.com\/wp-content\/uploads\/2019\/05\/Leica_Rangemaster_CRF_2400-R-300x261.png 300w, https:\/\/www.joibyssusmidur.com\/wp-content\/uploads\/2019\/05\/Leica_Rangemaster_CRF_2400-R-344x300.png 344w\" sizes=\"auto, (max-width: 661px) 100vw, 661px\" \/><\/p>\n<p><img loading=\"lazy\" decoding=\"async\" class=\"alignnone size-full wp-image-1941\" src=\"https:\/\/www.joibyssusmidur.com\/wp-content\/uploads\/2019\/05\/CRF-2400-spec.jpg\" alt=\"\" width=\"687\" height=\"731\" srcset=\"https:\/\/www.joibyssusmidur.com\/wp-content\/uploads\/2019\/05\/CRF-2400-spec.jpg 687w, https:\/\/www.joibyssusmidur.com\/wp-content\/uploads\/2019\/05\/CRF-2400-spec-282x300.jpg 282w\" sizes=\"auto, (max-width: 687px) 100vw, 687px\" \/><\/p>\n","protected":false},"excerpt":{"rendered":"<p>Leica RANGEMASTER CRF 2400-R.\u00a0 M\u00e6lir allt a\u00f0 2.200 metrum H\u00e9r m\u00e1 sj\u00e1 nanari uppl\u00fdsingar fr\u00e1 framlei\u00f0anda:\u00a0http:\/\/en.leica-camera.com\/Sport-Optics\/Leica-Hunting\/Rangefinders\/Leica-Rangemaster\/Range Ver\u00f0: 95.000 kr &hellip; <a class=\"more-link\" href=\"https:\/\/www.joibyssusmidur.com\/index.php\/sjonaukar\/leica-fjarlaegdarmaelar\/rangemaster-crf-2400-r\/\">Continue reading <span class=\"meta-nav\">&rarr;<\/span><\/a><\/p>\n","protected":false},"author":5,"featured_media":0,"parent":1931,"menu_order":0,"comment_status":"closed","ping_status":"closed","template":"","meta":{"footnotes":""},"class_list":["post-1933","page","type-page","status-publish","hentry"],"yoast_head":"<!-- This site is optimized with the Yoast SEO plugin v27.3 - https:\/\/yoast.com\/product\/yoast-seo-wordpress\/ -->\n<title>RANGEMASTER CRF 2400-R - J\u00f3i byssusmi\u00f0ur<\/title>\n<meta name=\"robots\" content=\"index, follow, max-snippet:-1, max-image-preview:large, max-video-preview:-1\" \/>\n<link rel=\"canonical\" href=\"https:\/\/www.joibyssusmidur.com\/index.php\/sjonaukar\/leica-fjarlaegdarmaelar\/rangemaster-crf-2400-r\/\" \/>\n<meta property=\"og:locale\" content=\"en_US\" \/>\n<meta property=\"og:type\" content=\"article\" \/>\n<meta property=\"og:title\" content=\"RANGEMASTER CRF 2400-R - J\u00f3i byssusmi\u00f0ur\" \/>\n<meta property=\"og:description\" content=\"Leica RANGEMASTER CRF 2400-R.\u00a0 M\u00e6lir allt a\u00f0 2.200 metrum H\u00e9r m\u00e1 sj\u00e1 nanari uppl\u00fdsingar fr\u00e1 framlei\u00f0anda:\u00a0http:\/\/en.leica-camera.com\/Sport-Optics\/Leica-Hunting\/Rangefinders\/Leica-Rangemaster\/Range Ver\u00f0: 95.000 kr &hellip; Continue reading &rarr;\" \/>\n<meta property=\"og:url\" content=\"https:\/\/www.joibyssusmidur.com\/index.php\/sjonaukar\/leica-fjarlaegdarmaelar\/rangemaster-crf-2400-r\/\" \/>\n<meta property=\"og:site_name\" content=\"J\u00f3i byssusmi\u00f0ur\" \/>\n<meta property=\"article:modified_time\" content=\"2020-07-03T15:30:21+00:00\" \/>\n<meta property=\"og:image\" content=\"https:\/\/www.joibyssusmidur.com\/wp-content\/uploads\/2019\/05\/Leica_Rangemaster_CRF_2400-R.png\" \/>\n<meta name=\"twitter:card\" content=\"summary_large_image\" \/>\n<script type=\"application\/ld+json\" class=\"yoast-schema-graph\">{\"@context\":\"https:\\\/\\\/schema.org\",\"@graph\":[{\"@type\":\"WebPage\",\"@id\":\"https:\\\/\\\/www.joibyssusmidur.com\\\/index.php\\\/sjonaukar\\\/leica-fjarlaegdarmaelar\\\/rangemaster-crf-2400-r\\\/\",\"url\":\"https:\\\/\\\/www.joibyssusmidur.com\\\/index.php\\\/sjonaukar\\\/leica-fjarlaegdarmaelar\\\/rangemaster-crf-2400-r\\\/\",\"name\":\"RANGEMASTER CRF 2400-R - J\u00f3i byssusmi\u00f0ur\",\"isPartOf\":{\"@id\":\"https:\\\/\\\/www.joibyssusmidur.com\\\/#website\"},\"primaryImageOfPage\":{\"@id\":\"https:\\\/\\\/www.joibyssusmidur.com\\\/index.php\\\/sjonaukar\\\/leica-fjarlaegdarmaelar\\\/rangemaster-crf-2400-r\\\/#primaryimage\"},\"image\":{\"@id\":\"https:\\\/\\\/www.joibyssusmidur.com\\\/index.php\\\/sjonaukar\\\/leica-fjarlaegdarmaelar\\\/rangemaster-crf-2400-r\\\/#primaryimage\"},\"thumbnailUrl\":\"https:\\\/\\\/www.joibyssusmidur.com\\\/wp-content\\\/uploads\\\/2019\\\/05\\\/Leica_Rangemaster_CRF_2400-R.png\",\"datePublished\":\"2019-05-09T15:54:34+00:00\",\"dateModified\":\"2020-07-03T15:30:21+00:00\",\"breadcrumb\":{\"@id\":\"https:\\\/\\\/www.joibyssusmidur.com\\\/index.php\\\/sjonaukar\\\/leica-fjarlaegdarmaelar\\\/rangemaster-crf-2400-r\\\/#breadcrumb\"},\"inLanguage\":\"en-US\",\"potentialAction\":[{\"@type\":\"ReadAction\",\"target\":[\"https:\\\/\\\/www.joibyssusmidur.com\\\/index.php\\\/sjonaukar\\\/leica-fjarlaegdarmaelar\\\/rangemaster-crf-2400-r\\\/\"]}]},{\"@type\":\"ImageObject\",\"inLanguage\":\"en-US\",\"@id\":\"https:\\\/\\\/www.joibyssusmidur.com\\\/index.php\\\/sjonaukar\\\/leica-fjarlaegdarmaelar\\\/rangemaster-crf-2400-r\\\/#primaryimage\",\"url\":\"https:\\\/\\\/www.joibyssusmidur.com\\\/wp-content\\\/uploads\\\/2019\\\/05\\\/Leica_Rangemaster_CRF_2400-R.png\",\"contentUrl\":\"https:\\\/\\\/www.joibyssusmidur.com\\\/wp-content\\\/uploads\\\/2019\\\/05\\\/Leica_Rangemaster_CRF_2400-R.png\",\"width\":661,\"height\":576},{\"@type\":\"BreadcrumbList\",\"@id\":\"https:\\\/\\\/www.joibyssusmidur.com\\\/index.php\\\/sjonaukar\\\/leica-fjarlaegdarmaelar\\\/rangemaster-crf-2400-r\\\/#breadcrumb\",\"itemListElement\":[{\"@type\":\"ListItem\",\"position\":1,\"name\":\"Home\",\"item\":\"https:\\\/\\\/www.joibyssusmidur.com\\\/\"},{\"@type\":\"ListItem\",\"position\":2,\"name\":\"Sj\u00f3naukar\",\"item\":\"https:\\\/\\\/www.joibyssusmidur.com\\\/index.php\\\/sjonaukar\\\/\"},{\"@type\":\"ListItem\",\"position\":3,\"name\":\"Leica fjarl\u00e6g\u00f0arm\u00e6lar\",\"item\":\"https:\\\/\\\/www.joibyssusmidur.com\\\/index.php\\\/sjonaukar\\\/leica-fjarlaegdarmaelar\\\/\"},{\"@type\":\"ListItem\",\"position\":4,\"name\":\"RANGEMASTER CRF 2400-R\"}]},{\"@type\":\"WebSite\",\"@id\":\"https:\\\/\\\/www.joibyssusmidur.com\\\/#website\",\"url\":\"https:\\\/\\\/www.joibyssusmidur.com\\\/\",\"name\":\"J\u00f3i byssusmi\u00f0ur\",\"description\":\"joibyssusmidur\",\"publisher\":{\"@id\":\"https:\\\/\\\/www.joibyssusmidur.com\\\/#\\\/schema\\\/person\\\/8a757fb5de9f249e91d49840047de199\"},\"potentialAction\":[{\"@type\":\"SearchAction\",\"target\":{\"@type\":\"EntryPoint\",\"urlTemplate\":\"https:\\\/\\\/www.joibyssusmidur.com\\\/?s={search_term_string}\"},\"query-input\":{\"@type\":\"PropertyValueSpecification\",\"valueRequired\":true,\"valueName\":\"search_term_string\"}}],\"inLanguage\":\"en-US\"},{\"@type\":[\"Person\",\"Organization\"],\"@id\":\"https:\\\/\\\/www.joibyssusmidur.com\\\/#\\\/schema\\\/person\\\/8a757fb5de9f249e91d49840047de199\",\"name\":\"J\u00f3hann Vilhj\u00e1lmsson\",\"image\":{\"@type\":\"ImageObject\",\"inLanguage\":\"en-US\",\"@id\":\"https:\\\/\\\/secure.gravatar.com\\\/avatar\\\/752ab1088a5ce88b8c12eeb05bafe23c8611b12ccbfc8621c0e4dd63e5e440a1?s=96&d=mm&r=g\",\"url\":\"https:\\\/\\\/secure.gravatar.com\\\/avatar\\\/752ab1088a5ce88b8c12eeb05bafe23c8611b12ccbfc8621c0e4dd63e5e440a1?s=96&d=mm&r=g\",\"contentUrl\":\"https:\\\/\\\/secure.gravatar.com\\\/avatar\\\/752ab1088a5ce88b8c12eeb05bafe23c8611b12ccbfc8621c0e4dd63e5e440a1?s=96&d=mm&r=g\",\"caption\":\"J\u00f3hann Vilhj\u00e1lmsson\"},\"logo\":{\"@id\":\"https:\\\/\\\/secure.gravatar.com\\\/avatar\\\/752ab1088a5ce88b8c12eeb05bafe23c8611b12ccbfc8621c0e4dd63e5e440a1?s=96&d=mm&r=g\"},\"sameAs\":[\"https:\\\/\\\/www.joibyssusmidur.com\"]}]}<\/script>\n<!-- \/ Yoast SEO plugin. -->","yoast_head_json":{"title":"RANGEMASTER CRF 2400-R - J\u00f3i byssusmi\u00f0ur","robots":{"index":"index","follow":"follow","max-snippet":"max-snippet:-1","max-image-preview":"max-image-preview:large","max-video-preview":"max-video-preview:-1"},"canonical":"https:\/\/www.joibyssusmidur.com\/index.php\/sjonaukar\/leica-fjarlaegdarmaelar\/rangemaster-crf-2400-r\/","og_locale":"en_US","og_type":"article","og_title":"RANGEMASTER CRF 2400-R - J\u00f3i byssusmi\u00f0ur","og_description":"Leica RANGEMASTER CRF 2400-R.\u00a0 M\u00e6lir allt a\u00f0 2.200 metrum H\u00e9r m\u00e1 sj\u00e1 nanari uppl\u00fdsingar fr\u00e1 framlei\u00f0anda:\u00a0http:\/\/en.leica-camera.com\/Sport-Optics\/Leica-Hunting\/Rangefinders\/Leica-Rangemaster\/Range Ver\u00f0: 95.000 kr &hellip; Continue reading &rarr;","og_url":"https:\/\/www.joibyssusmidur.com\/index.php\/sjonaukar\/leica-fjarlaegdarmaelar\/rangemaster-crf-2400-r\/","og_site_name":"J\u00f3i byssusmi\u00f0ur","article_modified_time":"2020-07-03T15:30:21+00:00","og_image":[{"url":"https:\/\/www.joibyssusmidur.com\/wp-content\/uploads\/2019\/05\/Leica_Rangemaster_CRF_2400-R.png","type":"","width":"","height":""}],"twitter_card":"summary_large_image","schema":{"@context":"https:\/\/schema.org","@graph":[{"@type":"WebPage","@id":"https:\/\/www.joibyssusmidur.com\/index.php\/sjonaukar\/leica-fjarlaegdarmaelar\/rangemaster-crf-2400-r\/","url":"https:\/\/www.joibyssusmidur.com\/index.php\/sjonaukar\/leica-fjarlaegdarmaelar\/rangemaster-crf-2400-r\/","name":"RANGEMASTER CRF 2400-R - J\u00f3i byssusmi\u00f0ur","isPartOf":{"@id":"https:\/\/www.joibyssusmidur.com\/#website"},"primaryImageOfPage":{"@id":"https:\/\/www.joibyssusmidur.com\/index.php\/sjonaukar\/leica-fjarlaegdarmaelar\/rangemaster-crf-2400-r\/#primaryimage"},"image":{"@id":"https:\/\/www.joibyssusmidur.com\/index.php\/sjonaukar\/leica-fjarlaegdarmaelar\/rangemaster-crf-2400-r\/#primaryimage"},"thumbnailUrl":"https:\/\/www.joibyssusmidur.com\/wp-content\/uploads\/2019\/05\/Leica_Rangemaster_CRF_2400-R.png","datePublished":"2019-05-09T15:54:34+00:00","dateModified":"2020-07-03T15:30:21+00:00","breadcrumb":{"@id":"https:\/\/www.joibyssusmidur.com\/index.php\/sjonaukar\/leica-fjarlaegdarmaelar\/rangemaster-crf-2400-r\/#breadcrumb"},"inLanguage":"en-US","potentialAction":[{"@type":"ReadAction","target":["https:\/\/www.joibyssusmidur.com\/index.php\/sjonaukar\/leica-fjarlaegdarmaelar\/rangemaster-crf-2400-r\/"]}]},{"@type":"ImageObject","inLanguage":"en-US","@id":"https:\/\/www.joibyssusmidur.com\/index.php\/sjonaukar\/leica-fjarlaegdarmaelar\/rangemaster-crf-2400-r\/#primaryimage","url":"https:\/\/www.joibyssusmidur.com\/wp-content\/uploads\/2019\/05\/Leica_Rangemaster_CRF_2400-R.png","contentUrl":"https:\/\/www.joibyssusmidur.com\/wp-content\/uploads\/2019\/05\/Leica_Rangemaster_CRF_2400-R.png","width":661,"height":576},{"@type":"BreadcrumbList","@id":"https:\/\/www.joibyssusmidur.com\/index.php\/sjonaukar\/leica-fjarlaegdarmaelar\/rangemaster-crf-2400-r\/#breadcrumb","itemListElement":[{"@type":"ListItem","position":1,"name":"Home","item":"https:\/\/www.joibyssusmidur.com\/"},{"@type":"ListItem","position":2,"name":"Sj\u00f3naukar","item":"https:\/\/www.joibyssusmidur.com\/index.php\/sjonaukar\/"},{"@type":"ListItem","position":3,"name":"Leica fjarl\u00e6g\u00f0arm\u00e6lar","item":"https:\/\/www.joibyssusmidur.com\/index.php\/sjonaukar\/leica-fjarlaegdarmaelar\/"},{"@type":"ListItem","position":4,"name":"RANGEMASTER CRF 2400-R"}]},{"@type":"WebSite","@id":"https:\/\/www.joibyssusmidur.com\/#website","url":"https:\/\/www.joibyssusmidur.com\/","name":"J\u00f3i byssusmi\u00f0ur","description":"joibyssusmidur","publisher":{"@id":"https:\/\/www.joibyssusmidur.com\/#\/schema\/person\/8a757fb5de9f249e91d49840047de199"},"potentialAction":[{"@type":"SearchAction","target":{"@type":"EntryPoint","urlTemplate":"https:\/\/www.joibyssusmidur.com\/?s={search_term_string}"},"query-input":{"@type":"PropertyValueSpecification","valueRequired":true,"valueName":"search_term_string"}}],"inLanguage":"en-US"},{"@type":["Person","Organization"],"@id":"https:\/\/www.joibyssusmidur.com\/#\/schema\/person\/8a757fb5de9f249e91d49840047de199","name":"J\u00f3hann Vilhj\u00e1lmsson","image":{"@type":"ImageObject","inLanguage":"en-US","@id":"https:\/\/secure.gravatar.com\/avatar\/752ab1088a5ce88b8c12eeb05bafe23c8611b12ccbfc8621c0e4dd63e5e440a1?s=96&d=mm&r=g","url":"https:\/\/secure.gravatar.com\/avatar\/752ab1088a5ce88b8c12eeb05bafe23c8611b12ccbfc8621c0e4dd63e5e440a1?s=96&d=mm&r=g","contentUrl":"https:\/\/secure.gravatar.com\/avatar\/752ab1088a5ce88b8c12eeb05bafe23c8611b12ccbfc8621c0e4dd63e5e440a1?s=96&d=mm&r=g","caption":"J\u00f3hann Vilhj\u00e1lmsson"},"logo":{"@id":"https:\/\/secure.gravatar.com\/avatar\/752ab1088a5ce88b8c12eeb05bafe23c8611b12ccbfc8621c0e4dd63e5e440a1?s=96&d=mm&r=g"},"sameAs":["https:\/\/www.joibyssusmidur.com"]}]}},"_links":{"self":[{"href":"https:\/\/www.joibyssusmidur.com\/index.php\/wp-json\/wp\/v2\/pages\/1933","targetHints":{"allow":["GET"]}}],"collection":[{"href":"https:\/\/www.joibyssusmidur.com\/index.php\/wp-json\/wp\/v2\/pages"}],"about":[{"href":"https:\/\/www.joibyssusmidur.com\/index.php\/wp-json\/wp\/v2\/types\/page"}],"author":[{"embeddable":true,"href":"https:\/\/www.joibyssusmidur.com\/index.php\/wp-json\/wp\/v2\/users\/5"}],"replies":[{"embeddable":true,"href":"https:\/\/www.joibyssusmidur.com\/index.php\/wp-json\/wp\/v2\/comments?post=1933"}],"version-history":[{"count":7,"href":"https:\/\/www.joibyssusmidur.com\/index.php\/wp-json\/wp\/v2\/pages\/1933\/revisions"}],"predecessor-version":[{"id":2529,"href":"https:\/\/www.joibyssusmidur.com\/index.php\/wp-json\/wp\/v2\/pages\/1933\/revisions\/2529"}],"up":[{"embeddable":true,"href":"https:\/\/www.joibyssusmidur.com\/index.php\/wp-json\/wp\/v2\/pages\/1931"}],"wp:attachment":[{"href":"https:\/\/www.joibyssusmidur.com\/index.php\/wp-json\/wp\/v2\/media?parent=1933"}],"curies":[{"name":"wp","href":"https:\/\/api.w.org\/{rel}","templated":true}]}}