{"id":1883,"date":"2019-05-02T19:41:51","date_gmt":"2019-05-02T19:41:51","guid":{"rendered":"http:\/\/joibyssusmidur.com\/?page_id=1883"},"modified":"2020-08-13T15:03:05","modified_gmt":"2020-08-13T15:03:05","slug":"bergara-taska","status":"publish","type":"page","link":"https:\/\/www.joibyssusmidur.com\/index.php\/ymsar-vorur\/toskur-byssupokar\/bergara-taska\/","title":{"rendered":"Bergara taska."},"content":{"rendered":"<p>Taska fyrir BA13 fer\u00f0ariffil<\/p>\n<p><strong>Ver\u00f0: 10.000 kr<\/strong><\/p>\n<p><img loading=\"lazy\" decoding=\"async\" class=\"alignnone size-full wp-image-1031\" src=\"https:\/\/www.joibyssusmidur.com\/wp-content\/uploads\/2018\/03\/BA-13-taska-2.jpeg\" alt=\"\" width=\"1600\" height=\"1067\" srcset=\"https:\/\/www.joibyssusmidur.com\/wp-content\/uploads\/2018\/03\/BA-13-taska-2.jpeg 1600w, https:\/\/www.joibyssusmidur.com\/wp-content\/uploads\/2018\/03\/BA-13-taska-2-300x200.jpeg 300w, https:\/\/www.joibyssusmidur.com\/wp-content\/uploads\/2018\/03\/BA-13-taska-2-768x512.jpeg 768w, https:\/\/www.joibyssusmidur.com\/wp-content\/uploads\/2018\/03\/BA-13-taska-2-1024x683.jpeg 1024w, https:\/\/www.joibyssusmidur.com\/wp-content\/uploads\/2018\/03\/BA-13-taska-2-450x300.jpeg 450w\" sizes=\"auto, (max-width: 1600px) 100vw, 1600px\" \/> <img loading=\"lazy\" decoding=\"async\" class=\"alignnone size-full wp-image-1032\" src=\"https:\/\/www.joibyssusmidur.com\/wp-content\/uploads\/2018\/03\/BA-13-taska-3.jpeg\" alt=\"\" width=\"1200\" height=\"1500\" srcset=\"https:\/\/www.joibyssusmidur.com\/wp-content\/uploads\/2018\/03\/BA-13-taska-3.jpeg 1200w, https:\/\/www.joibyssusmidur.com\/wp-content\/uploads\/2018\/03\/BA-13-taska-3-240x300.jpeg 240w, https:\/\/www.joibyssusmidur.com\/wp-content\/uploads\/2018\/03\/BA-13-taska-3-768x960.jpeg 768w, https:\/\/www.joibyssusmidur.com\/wp-content\/uploads\/2018\/03\/BA-13-taska-3-819x1024.jpeg 819w\" sizes=\"auto, (max-width: 1200px) 100vw, 1200px\" \/> <img loading=\"lazy\" decoding=\"async\" class=\"alignnone size-full wp-image-1033\" src=\"https:\/\/www.joibyssusmidur.com\/wp-content\/uploads\/2018\/03\/BA-13-taska.jpeg\" alt=\"\" width=\"1600\" height=\"1067\" srcset=\"https:\/\/www.joibyssusmidur.com\/wp-content\/uploads\/2018\/03\/BA-13-taska.jpeg 1600w, https:\/\/www.joibyssusmidur.com\/wp-content\/uploads\/2018\/03\/BA-13-taska-300x200.jpeg 300w, https:\/\/www.joibyssusmidur.com\/wp-content\/uploads\/2018\/03\/BA-13-taska-768x512.jpeg 768w, https:\/\/www.joibyssusmidur.com\/wp-content\/uploads\/2018\/03\/BA-13-taska-1024x683.jpeg 1024w, https:\/\/www.joibyssusmidur.com\/wp-content\/uploads\/2018\/03\/BA-13-taska-450x300.jpeg 450w\" sizes=\"auto, (max-width: 1600px) 100vw, 1600px\" \/><\/p>\n","protected":false},"excerpt":{"rendered":"<p>Taska fyrir BA13 fer\u00f0ariffil Ver\u00f0: 10.000 kr &hellip; <a class=\"more-link\" href=\"https:\/\/www.joibyssusmidur.com\/index.php\/ymsar-vorur\/toskur-byssupokar\/bergara-taska\/\">Continue reading <span class=\"meta-nav\">&rarr;<\/span><\/a><\/p>\n","protected":false},"author":5,"featured_media":0,"parent":461,"menu_order":0,"comment_status":"closed","ping_status":"closed","template":"","meta":{"footnotes":""},"class_list":["post-1883","page","type-page","status-publish","hentry"],"yoast_head":"<!-- This site is optimized with the Yoast SEO plugin v27.4 - https:\/\/yoast.com\/product\/yoast-seo-wordpress\/ -->\n<title>Bergara taska. - J\u00f3i byssusmi\u00f0ur<\/title>\n<meta name=\"robots\" content=\"index, follow, max-snippet:-1, max-image-preview:large, max-video-preview:-1\" \/>\n<link rel=\"canonical\" href=\"https:\/\/www.joibyssusmidur.com\/index.php\/ymsar-vorur\/toskur-byssupokar\/bergara-taska\/\" \/>\n<meta property=\"og:locale\" content=\"en_US\" \/>\n<meta property=\"og:type\" content=\"article\" \/>\n<meta property=\"og:title\" content=\"Bergara taska. - J\u00f3i byssusmi\u00f0ur\" \/>\n<meta property=\"og:description\" content=\"Taska fyrir BA13 fer\u00f0ariffil Ver\u00f0: 10.000 kr &hellip; Continue reading &rarr;\" \/>\n<meta property=\"og:url\" content=\"https:\/\/www.joibyssusmidur.com\/index.php\/ymsar-vorur\/toskur-byssupokar\/bergara-taska\/\" \/>\n<meta property=\"og:site_name\" content=\"J\u00f3i byssusmi\u00f0ur\" \/>\n<meta property=\"article:modified_time\" content=\"2020-08-13T15:03:05+00:00\" \/>\n<meta property=\"og:image\" content=\"https:\/\/www.joibyssusmidur.com\/wp-content\/uploads\/2018\/03\/BA-13-taska-2.jpeg\" \/>\n<meta name=\"twitter:card\" content=\"summary_large_image\" \/>\n<script type=\"application\/ld+json\" class=\"yoast-schema-graph\">{\"@context\":\"https:\\\/\\\/schema.org\",\"@graph\":[{\"@type\":\"WebPage\",\"@id\":\"https:\\\/\\\/www.joibyssusmidur.com\\\/index.php\\\/ymsar-vorur\\\/toskur-byssupokar\\\/bergara-taska\\\/\",\"url\":\"https:\\\/\\\/www.joibyssusmidur.com\\\/index.php\\\/ymsar-vorur\\\/toskur-byssupokar\\\/bergara-taska\\\/\",\"name\":\"Bergara taska. - J\u00f3i byssusmi\u00f0ur\",\"isPartOf\":{\"@id\":\"https:\\\/\\\/www.joibyssusmidur.com\\\/#website\"},\"primaryImageOfPage\":{\"@id\":\"https:\\\/\\\/www.joibyssusmidur.com\\\/index.php\\\/ymsar-vorur\\\/toskur-byssupokar\\\/bergara-taska\\\/#primaryimage\"},\"image\":{\"@id\":\"https:\\\/\\\/www.joibyssusmidur.com\\\/index.php\\\/ymsar-vorur\\\/toskur-byssupokar\\\/bergara-taska\\\/#primaryimage\"},\"thumbnailUrl\":\"https:\\\/\\\/www.joibyssusmidur.com\\\/wp-content\\\/uploads\\\/2018\\\/03\\\/BA-13-taska-2.jpeg\",\"datePublished\":\"2019-05-02T19:41:51+00:00\",\"dateModified\":\"2020-08-13T15:03:05+00:00\",\"breadcrumb\":{\"@id\":\"https:\\\/\\\/www.joibyssusmidur.com\\\/index.php\\\/ymsar-vorur\\\/toskur-byssupokar\\\/bergara-taska\\\/#breadcrumb\"},\"inLanguage\":\"en-US\",\"potentialAction\":[{\"@type\":\"ReadAction\",\"target\":[\"https:\\\/\\\/www.joibyssusmidur.com\\\/index.php\\\/ymsar-vorur\\\/toskur-byssupokar\\\/bergara-taska\\\/\"]}]},{\"@type\":\"ImageObject\",\"inLanguage\":\"en-US\",\"@id\":\"https:\\\/\\\/www.joibyssusmidur.com\\\/index.php\\\/ymsar-vorur\\\/toskur-byssupokar\\\/bergara-taska\\\/#primaryimage\",\"url\":\"https:\\\/\\\/www.joibyssusmidur.com\\\/wp-content\\\/uploads\\\/2018\\\/03\\\/BA-13-taska-2.jpeg\",\"contentUrl\":\"https:\\\/\\\/www.joibyssusmidur.com\\\/wp-content\\\/uploads\\\/2018\\\/03\\\/BA-13-taska-2.jpeg\",\"width\":1600,\"height\":1067},{\"@type\":\"BreadcrumbList\",\"@id\":\"https:\\\/\\\/www.joibyssusmidur.com\\\/index.php\\\/ymsar-vorur\\\/toskur-byssupokar\\\/bergara-taska\\\/#breadcrumb\",\"itemListElement\":[{\"@type\":\"ListItem\",\"position\":1,\"name\":\"Home\",\"item\":\"https:\\\/\\\/www.joibyssusmidur.com\\\/\"},{\"@type\":\"ListItem\",\"position\":2,\"name\":\"\u00ddmsar v\u00f6rur\",\"item\":\"https:\\\/\\\/www.joibyssusmidur.com\\\/index.php\\\/ymsar-vorur\\\/\"},{\"@type\":\"ListItem\",\"position\":3,\"name\":\"T\u00f6skur &#038; Byssupokar.\",\"item\":\"https:\\\/\\\/www.joibyssusmidur.com\\\/index.php\\\/ymsar-vorur\\\/toskur-byssupokar\\\/\"},{\"@type\":\"ListItem\",\"position\":4,\"name\":\"Bergara taska.\"}]},{\"@type\":\"WebSite\",\"@id\":\"https:\\\/\\\/www.joibyssusmidur.com\\\/#website\",\"url\":\"https:\\\/\\\/www.joibyssusmidur.com\\\/\",\"name\":\"J\u00f3i byssusmi\u00f0ur\",\"description\":\"joibyssusmidur\",\"publisher\":{\"@id\":\"https:\\\/\\\/www.joibyssusmidur.com\\\/#\\\/schema\\\/person\\\/8a757fb5de9f249e91d49840047de199\"},\"potentialAction\":[{\"@type\":\"SearchAction\",\"target\":{\"@type\":\"EntryPoint\",\"urlTemplate\":\"https:\\\/\\\/www.joibyssusmidur.com\\\/?s={search_term_string}\"},\"query-input\":{\"@type\":\"PropertyValueSpecification\",\"valueRequired\":true,\"valueName\":\"search_term_string\"}}],\"inLanguage\":\"en-US\"},{\"@type\":[\"Person\",\"Organization\"],\"@id\":\"https:\\\/\\\/www.joibyssusmidur.com\\\/#\\\/schema\\\/person\\\/8a757fb5de9f249e91d49840047de199\",\"name\":\"J\u00f3hann Vilhj\u00e1lmsson\",\"image\":{\"@type\":\"ImageObject\",\"inLanguage\":\"en-US\",\"@id\":\"https:\\\/\\\/secure.gravatar.com\\\/avatar\\\/752ab1088a5ce88b8c12eeb05bafe23c8611b12ccbfc8621c0e4dd63e5e440a1?s=96&d=mm&r=g\",\"url\":\"https:\\\/\\\/secure.gravatar.com\\\/avatar\\\/752ab1088a5ce88b8c12eeb05bafe23c8611b12ccbfc8621c0e4dd63e5e440a1?s=96&d=mm&r=g\",\"contentUrl\":\"https:\\\/\\\/secure.gravatar.com\\\/avatar\\\/752ab1088a5ce88b8c12eeb05bafe23c8611b12ccbfc8621c0e4dd63e5e440a1?s=96&d=mm&r=g\",\"caption\":\"J\u00f3hann Vilhj\u00e1lmsson\"},\"logo\":{\"@id\":\"https:\\\/\\\/secure.gravatar.com\\\/avatar\\\/752ab1088a5ce88b8c12eeb05bafe23c8611b12ccbfc8621c0e4dd63e5e440a1?s=96&d=mm&r=g\"},\"sameAs\":[\"https:\\\/\\\/www.joibyssusmidur.com\"]}]}<\/script>\n<!-- \/ Yoast SEO plugin. -->","yoast_head_json":{"title":"Bergara taska. - J\u00f3i byssusmi\u00f0ur","robots":{"index":"index","follow":"follow","max-snippet":"max-snippet:-1","max-image-preview":"max-image-preview:large","max-video-preview":"max-video-preview:-1"},"canonical":"https:\/\/www.joibyssusmidur.com\/index.php\/ymsar-vorur\/toskur-byssupokar\/bergara-taska\/","og_locale":"en_US","og_type":"article","og_title":"Bergara taska. - J\u00f3i byssusmi\u00f0ur","og_description":"Taska fyrir BA13 fer\u00f0ariffil Ver\u00f0: 10.000 kr &hellip; Continue reading &rarr;","og_url":"https:\/\/www.joibyssusmidur.com\/index.php\/ymsar-vorur\/toskur-byssupokar\/bergara-taska\/","og_site_name":"J\u00f3i byssusmi\u00f0ur","article_modified_time":"2020-08-13T15:03:05+00:00","og_image":[{"url":"https:\/\/www.joibyssusmidur.com\/wp-content\/uploads\/2018\/03\/BA-13-taska-2.jpeg","type":"","width":"","height":""}],"twitter_card":"summary_large_image","schema":{"@context":"https:\/\/schema.org","@graph":[{"@type":"WebPage","@id":"https:\/\/www.joibyssusmidur.com\/index.php\/ymsar-vorur\/toskur-byssupokar\/bergara-taska\/","url":"https:\/\/www.joibyssusmidur.com\/index.php\/ymsar-vorur\/toskur-byssupokar\/bergara-taska\/","name":"Bergara taska. - J\u00f3i byssusmi\u00f0ur","isPartOf":{"@id":"https:\/\/www.joibyssusmidur.com\/#website"},"primaryImageOfPage":{"@id":"https:\/\/www.joibyssusmidur.com\/index.php\/ymsar-vorur\/toskur-byssupokar\/bergara-taska\/#primaryimage"},"image":{"@id":"https:\/\/www.joibyssusmidur.com\/index.php\/ymsar-vorur\/toskur-byssupokar\/bergara-taska\/#primaryimage"},"thumbnailUrl":"https:\/\/www.joibyssusmidur.com\/wp-content\/uploads\/2018\/03\/BA-13-taska-2.jpeg","datePublished":"2019-05-02T19:41:51+00:00","dateModified":"2020-08-13T15:03:05+00:00","breadcrumb":{"@id":"https:\/\/www.joibyssusmidur.com\/index.php\/ymsar-vorur\/toskur-byssupokar\/bergara-taska\/#breadcrumb"},"inLanguage":"en-US","potentialAction":[{"@type":"ReadAction","target":["https:\/\/www.joibyssusmidur.com\/index.php\/ymsar-vorur\/toskur-byssupokar\/bergara-taska\/"]}]},{"@type":"ImageObject","inLanguage":"en-US","@id":"https:\/\/www.joibyssusmidur.com\/index.php\/ymsar-vorur\/toskur-byssupokar\/bergara-taska\/#primaryimage","url":"https:\/\/www.joibyssusmidur.com\/wp-content\/uploads\/2018\/03\/BA-13-taska-2.jpeg","contentUrl":"https:\/\/www.joibyssusmidur.com\/wp-content\/uploads\/2018\/03\/BA-13-taska-2.jpeg","width":1600,"height":1067},{"@type":"BreadcrumbList","@id":"https:\/\/www.joibyssusmidur.com\/index.php\/ymsar-vorur\/toskur-byssupokar\/bergara-taska\/#breadcrumb","itemListElement":[{"@type":"ListItem","position":1,"name":"Home","item":"https:\/\/www.joibyssusmidur.com\/"},{"@type":"ListItem","position":2,"name":"\u00ddmsar v\u00f6rur","item":"https:\/\/www.joibyssusmidur.com\/index.php\/ymsar-vorur\/"},{"@type":"ListItem","position":3,"name":"T\u00f6skur &#038; Byssupokar.","item":"https:\/\/www.joibyssusmidur.com\/index.php\/ymsar-vorur\/toskur-byssupokar\/"},{"@type":"ListItem","position":4,"name":"Bergara taska."}]},{"@type":"WebSite","@id":"https:\/\/www.joibyssusmidur.com\/#website","url":"https:\/\/www.joibyssusmidur.com\/","name":"J\u00f3i byssusmi\u00f0ur","description":"joibyssusmidur","publisher":{"@id":"https:\/\/www.joibyssusmidur.com\/#\/schema\/person\/8a757fb5de9f249e91d49840047de199"},"potentialAction":[{"@type":"SearchAction","target":{"@type":"EntryPoint","urlTemplate":"https:\/\/www.joibyssusmidur.com\/?s={search_term_string}"},"query-input":{"@type":"PropertyValueSpecification","valueRequired":true,"valueName":"search_term_string"}}],"inLanguage":"en-US"},{"@type":["Person","Organization"],"@id":"https:\/\/www.joibyssusmidur.com\/#\/schema\/person\/8a757fb5de9f249e91d49840047de199","name":"J\u00f3hann Vilhj\u00e1lmsson","image":{"@type":"ImageObject","inLanguage":"en-US","@id":"https:\/\/secure.gravatar.com\/avatar\/752ab1088a5ce88b8c12eeb05bafe23c8611b12ccbfc8621c0e4dd63e5e440a1?s=96&d=mm&r=g","url":"https:\/\/secure.gravatar.com\/avatar\/752ab1088a5ce88b8c12eeb05bafe23c8611b12ccbfc8621c0e4dd63e5e440a1?s=96&d=mm&r=g","contentUrl":"https:\/\/secure.gravatar.com\/avatar\/752ab1088a5ce88b8c12eeb05bafe23c8611b12ccbfc8621c0e4dd63e5e440a1?s=96&d=mm&r=g","caption":"J\u00f3hann Vilhj\u00e1lmsson"},"logo":{"@id":"https:\/\/secure.gravatar.com\/avatar\/752ab1088a5ce88b8c12eeb05bafe23c8611b12ccbfc8621c0e4dd63e5e440a1?s=96&d=mm&r=g"},"sameAs":["https:\/\/www.joibyssusmidur.com"]}]}},"_links":{"self":[{"href":"https:\/\/www.joibyssusmidur.com\/index.php\/wp-json\/wp\/v2\/pages\/1883","targetHints":{"allow":["GET"]}}],"collection":[{"href":"https:\/\/www.joibyssusmidur.com\/index.php\/wp-json\/wp\/v2\/pages"}],"about":[{"href":"https:\/\/www.joibyssusmidur.com\/index.php\/wp-json\/wp\/v2\/types\/page"}],"author":[{"embeddable":true,"href":"https:\/\/www.joibyssusmidur.com\/index.php\/wp-json\/wp\/v2\/users\/5"}],"replies":[{"embeddable":true,"href":"https:\/\/www.joibyssusmidur.com\/index.php\/wp-json\/wp\/v2\/comments?post=1883"}],"version-history":[{"count":2,"href":"https:\/\/www.joibyssusmidur.com\/index.php\/wp-json\/wp\/v2\/pages\/1883\/revisions"}],"predecessor-version":[{"id":2589,"href":"https:\/\/www.joibyssusmidur.com\/index.php\/wp-json\/wp\/v2\/pages\/1883\/revisions\/2589"}],"up":[{"embeddable":true,"href":"https:\/\/www.joibyssusmidur.com\/index.php\/wp-json\/wp\/v2\/pages\/461"}],"wp:attachment":[{"href":"https:\/\/www.joibyssusmidur.com\/index.php\/wp-json\/wp\/v2\/media?parent=1883"}],"curies":[{"name":"wp","href":"https:\/\/api.w.org\/{rel}","templated":true}]}}