{"id":186,"date":"2018-01-04T23:27:49","date_gmt":"2018-01-04T23:27:49","guid":{"rendered":"http:\/\/joibyssusmidur.com.w8.x.is\/?page_id=186"},"modified":"2020-11-27T11:07:35","modified_gmt":"2020-11-27T11:07:35","slug":"mauser-m98","status":"publish","type":"page","link":"https:\/\/www.joibyssusmidur.com\/index.php\/byssur-2\/mauser\/mauser-m98\/","title":{"rendered":"M98"},"content":{"rendered":"<p>Mauser M98 er f\u00e1anlegur hvort heldur Standard e\u00f0a Magnum. Valin h\u00e1g\u00e6\u00f0a vi\u00f0ur \u00ed skeftum og \u00de\u00fdsk n\u00e1kv\u00e6mni \u00ed sm\u00ed\u00f0i.<\/p>\n<p>ATH M98 er f\u00e1anlegur \u00ed s\u00e9rp\u00f6ntun J\u00f3i byssusmi\u00f0ur veitir n\u00e1nari uppl\u00fdsingar.<img loading=\"lazy\" decoding=\"async\" class=\"alignnone wp-image-187 size-full\" src=\"https:\/\/www.joibyssusmidur.com.w8.x.is\/wp-content\/uploads\/2018\/01\/csm_M98-Magnum_USP-4-doppelte-Querverschraubung_2a8ba60a92.jpg\" alt=\"\" width=\"800\" height=\"800\" srcset=\"https:\/\/www.joibyssusmidur.com\/wp-content\/uploads\/2018\/01\/csm_M98-Magnum_USP-4-doppelte-Querverschraubung_2a8ba60a92.jpg 800w, https:\/\/www.joibyssusmidur.com\/wp-content\/uploads\/2018\/01\/csm_M98-Magnum_USP-4-doppelte-Querverschraubung_2a8ba60a92-150x150.jpg 150w, https:\/\/www.joibyssusmidur.com\/wp-content\/uploads\/2018\/01\/csm_M98-Magnum_USP-4-doppelte-Querverschraubung_2a8ba60a92-300x300.jpg 300w, https:\/\/www.joibyssusmidur.com\/wp-content\/uploads\/2018\/01\/csm_M98-Magnum_USP-4-doppelte-Querverschraubung_2a8ba60a92-768x768.jpg 768w\" sizes=\"auto, (max-width: 800px) 100vw, 800px\" \/> <img loading=\"lazy\" decoding=\"async\" class=\"alignnone wp-image-188 size-full\" src=\"https:\/\/www.joibyssusmidur.com.w8.x.is\/wp-content\/uploads\/2018\/01\/csm_M98-Plasmanitriert_61b447f689.jpg\" alt=\"\" width=\"800\" height=\"800\" srcset=\"https:\/\/www.joibyssusmidur.com\/wp-content\/uploads\/2018\/01\/csm_M98-Plasmanitriert_61b447f689.jpg 800w, https:\/\/www.joibyssusmidur.com\/wp-content\/uploads\/2018\/01\/csm_M98-Plasmanitriert_61b447f689-150x150.jpg 150w, https:\/\/www.joibyssusmidur.com\/wp-content\/uploads\/2018\/01\/csm_M98-Plasmanitriert_61b447f689-300x300.jpg 300w, https:\/\/www.joibyssusmidur.com\/wp-content\/uploads\/2018\/01\/csm_M98-Plasmanitriert_61b447f689-768x768.jpg 768w\" sizes=\"auto, (max-width: 800px) 100vw, 800px\" \/> <img loading=\"lazy\" decoding=\"async\" class=\"alignnone wp-image-189 size-full\" src=\"https:\/\/www.joibyssusmidur.com.w8.x.is\/wp-content\/uploads\/2018\/01\/csm_M98-Standard_Expert_USP-1-ultrarobustes-Mauser-98er-System_56a98b0952.jpg\" alt=\"\" width=\"800\" height=\"800\" srcset=\"https:\/\/www.joibyssusmidur.com\/wp-content\/uploads\/2018\/01\/csm_M98-Standard_Expert_USP-1-ultrarobustes-Mauser-98er-System_56a98b0952.jpg 800w, https:\/\/www.joibyssusmidur.com\/wp-content\/uploads\/2018\/01\/csm_M98-Standard_Expert_USP-1-ultrarobustes-Mauser-98er-System_56a98b0952-150x150.jpg 150w, https:\/\/www.joibyssusmidur.com\/wp-content\/uploads\/2018\/01\/csm_M98-Standard_Expert_USP-1-ultrarobustes-Mauser-98er-System_56a98b0952-300x300.jpg 300w, https:\/\/www.joibyssusmidur.com\/wp-content\/uploads\/2018\/01\/csm_M98-Standard_Expert_USP-1-ultrarobustes-Mauser-98er-System_56a98b0952-768x768.jpg 768w\" sizes=\"auto, (max-width: 800px) 100vw, 800px\" \/> <img loading=\"lazy\" decoding=\"async\" class=\"alignnone wp-image-190 size-full\" src=\"https:\/\/www.joibyssusmidur.com.w8.x.is\/wp-content\/uploads\/2018\/01\/csm_M98-Standard_Expert_USP-2-3-Stellungs-Sicherung_db9cb8ced4.jpg\" alt=\"\" width=\"800\" height=\"800\" srcset=\"https:\/\/www.joibyssusmidur.com\/wp-content\/uploads\/2018\/01\/csm_M98-Standard_Expert_USP-2-3-Stellungs-Sicherung_db9cb8ced4.jpg 800w, https:\/\/www.joibyssusmidur.com\/wp-content\/uploads\/2018\/01\/csm_M98-Standard_Expert_USP-2-3-Stellungs-Sicherung_db9cb8ced4-150x150.jpg 150w, https:\/\/www.joibyssusmidur.com\/wp-content\/uploads\/2018\/01\/csm_M98-Standard_Expert_USP-2-3-Stellungs-Sicherung_db9cb8ced4-300x300.jpg 300w, https:\/\/www.joibyssusmidur.com\/wp-content\/uploads\/2018\/01\/csm_M98-Standard_Expert_USP-2-3-Stellungs-Sicherung_db9cb8ced4-768x768.jpg 768w\" sizes=\"auto, (max-width: 800px) 100vw, 800px\" \/> <img loading=\"lazy\" decoding=\"async\" class=\"alignnone wp-image-191 size-full\" src=\"https:\/\/www.joibyssusmidur.com.w8.x.is\/wp-content\/uploads\/2018\/01\/csm_M98-Standard_Expert_USP-3-Klappdeckelmagazin-mit-Stahlboden_c7e2bcfff0.jpg\" alt=\"\" width=\"800\" height=\"800\" srcset=\"https:\/\/www.joibyssusmidur.com\/wp-content\/uploads\/2018\/01\/csm_M98-Standard_Expert_USP-3-Klappdeckelmagazin-mit-Stahlboden_c7e2bcfff0.jpg 800w, https:\/\/www.joibyssusmidur.com\/wp-content\/uploads\/2018\/01\/csm_M98-Standard_Expert_USP-3-Klappdeckelmagazin-mit-Stahlboden_c7e2bcfff0-150x150.jpg 150w, https:\/\/www.joibyssusmidur.com\/wp-content\/uploads\/2018\/01\/csm_M98-Standard_Expert_USP-3-Klappdeckelmagazin-mit-Stahlboden_c7e2bcfff0-300x300.jpg 300w, https:\/\/www.joibyssusmidur.com\/wp-content\/uploads\/2018\/01\/csm_M98-Standard_Expert_USP-3-Klappdeckelmagazin-mit-Stahlboden_c7e2bcfff0-768x768.jpg 768w\" sizes=\"auto, (max-width: 800px) 100vw, 800px\" \/> <img loading=\"lazy\" decoding=\"async\" class=\"alignnone wp-image-192 size-full\" src=\"https:\/\/www.joibyssusmidur.com.w8.x.is\/wp-content\/uploads\/2018\/01\/csm_M98-Standard_Expert_USP-5-Classic-Sporter-Schaft-Holzklasse5-Nussbaumholz_e724bb1fdc.jpg\" alt=\"\" width=\"800\" height=\"800\" srcset=\"https:\/\/www.joibyssusmidur.com\/wp-content\/uploads\/2018\/01\/csm_M98-Standard_Expert_USP-5-Classic-Sporter-Schaft-Holzklasse5-Nussbaumholz_e724bb1fdc.jpg 800w, https:\/\/www.joibyssusmidur.com\/wp-content\/uploads\/2018\/01\/csm_M98-Standard_Expert_USP-5-Classic-Sporter-Schaft-Holzklasse5-Nussbaumholz_e724bb1fdc-150x150.jpg 150w, https:\/\/www.joibyssusmidur.com\/wp-content\/uploads\/2018\/01\/csm_M98-Standard_Expert_USP-5-Classic-Sporter-Schaft-Holzklasse5-Nussbaumholz_e724bb1fdc-300x300.jpg 300w, https:\/\/www.joibyssusmidur.com\/wp-content\/uploads\/2018\/01\/csm_M98-Standard_Expert_USP-5-Classic-Sporter-Schaft-Holzklasse5-Nussbaumholz_e724bb1fdc-768x768.jpg 768w\" sizes=\"auto, (max-width: 800px) 100vw, 800px\" \/> <img loading=\"lazy\" decoding=\"async\" class=\"alignnone wp-image-193 size-full\" src=\"https:\/\/www.joibyssusmidur.com.w8.x.is\/wp-content\/uploads\/2018\/01\/csm_Mauser_M98_Diplomat-li_26e0449f49.jpg\" alt=\"\" width=\"800\" height=\"134\" srcset=\"https:\/\/www.joibyssusmidur.com\/wp-content\/uploads\/2018\/01\/csm_Mauser_M98_Diplomat-li_26e0449f49.jpg 800w, https:\/\/www.joibyssusmidur.com\/wp-content\/uploads\/2018\/01\/csm_Mauser_M98_Diplomat-li_26e0449f49-300x50.jpg 300w, https:\/\/www.joibyssusmidur.com\/wp-content\/uploads\/2018\/01\/csm_Mauser_M98_Diplomat-li_26e0449f49-768x129.jpg 768w, https:\/\/www.joibyssusmidur.com\/wp-content\/uploads\/2018\/01\/csm_Mauser_M98_Diplomat-li_26e0449f49-500x84.jpg 500w\" sizes=\"auto, (max-width: 800px) 100vw, 800px\" \/> <img loading=\"lazy\" decoding=\"async\" class=\"alignnone wp-image-194 size-full\" src=\"https:\/\/www.joibyssusmidur.com.w8.x.is\/wp-content\/uploads\/2018\/01\/csm_Mauser_M98_Expert-li_e4dac0c31e.jpg\" alt=\"\" width=\"800\" height=\"130\" srcset=\"https:\/\/www.joibyssusmidur.com\/wp-content\/uploads\/2018\/01\/csm_Mauser_M98_Expert-li_e4dac0c31e.jpg 800w, https:\/\/www.joibyssusmidur.com\/wp-content\/uploads\/2018\/01\/csm_Mauser_M98_Expert-li_e4dac0c31e-300x49.jpg 300w, https:\/\/www.joibyssusmidur.com\/wp-content\/uploads\/2018\/01\/csm_Mauser_M98_Expert-li_e4dac0c31e-768x125.jpg 768w, https:\/\/www.joibyssusmidur.com\/wp-content\/uploads\/2018\/01\/csm_Mauser_M98_Expert-li_e4dac0c31e-500x81.jpg 500w\" sizes=\"auto, (max-width: 800px) 100vw, 800px\" \/> <img loading=\"lazy\" decoding=\"async\" class=\"alignnone wp-image-195 size-full\" src=\"https:\/\/www.joibyssusmidur.com.w8.x.is\/wp-content\/uploads\/2018\/01\/csm_Mauser_M98_Expert-re_eb0914c0d6.jpg\" alt=\"\" width=\"800\" height=\"134\" srcset=\"https:\/\/www.joibyssusmidur.com\/wp-content\/uploads\/2018\/01\/csm_Mauser_M98_Expert-re_eb0914c0d6.jpg 800w, https:\/\/www.joibyssusmidur.com\/wp-content\/uploads\/2018\/01\/csm_Mauser_M98_Expert-re_eb0914c0d6-300x50.jpg 300w, https:\/\/www.joibyssusmidur.com\/wp-content\/uploads\/2018\/01\/csm_Mauser_M98_Expert-re_eb0914c0d6-768x129.jpg 768w, https:\/\/www.joibyssusmidur.com\/wp-content\/uploads\/2018\/01\/csm_Mauser_M98_Expert-re_eb0914c0d6-500x84.jpg 500w\" sizes=\"auto, (max-width: 800px) 100vw, 800px\" \/> <img loading=\"lazy\" decoding=\"async\" class=\"alignnone wp-image-196 size-full\" src=\"https:\/\/www.joibyssusmidur.com.w8.x.is\/wp-content\/uploads\/2018\/01\/csm_Mauser_M98_Magnum-re_8b3cf78732.jpg\" alt=\"\" width=\"800\" height=\"133\" srcset=\"https:\/\/www.joibyssusmidur.com\/wp-content\/uploads\/2018\/01\/csm_Mauser_M98_Magnum-re_8b3cf78732.jpg 800w, https:\/\/www.joibyssusmidur.com\/wp-content\/uploads\/2018\/01\/csm_Mauser_M98_Magnum-re_8b3cf78732-300x50.jpg 300w, https:\/\/www.joibyssusmidur.com\/wp-content\/uploads\/2018\/01\/csm_Mauser_M98_Magnum-re_8b3cf78732-768x128.jpg 768w, https:\/\/www.joibyssusmidur.com\/wp-content\/uploads\/2018\/01\/csm_Mauser_M98_Magnum-re_8b3cf78732-500x83.jpg 500w\" sizes=\"auto, (max-width: 800px) 100vw, 800px\" \/><\/p>\n","protected":false},"excerpt":{"rendered":"<p>Mauser M98 er f\u00e1anlegur hvort heldur Standard e\u00f0a Magnum. Valin h\u00e1g\u00e6\u00f0a vi\u00f0ur \u00ed skeftum og \u00de\u00fdsk n\u00e1kv\u00e6mni \u00ed sm\u00ed\u00f0i. ATH M98 er f\u00e1anlegur \u00ed s\u00e9rp\u00f6ntun J\u00f3i byssusmi\u00f0ur veitir n\u00e1nari uppl\u00fdsingar. &hellip; <a class=\"more-link\" href=\"https:\/\/www.joibyssusmidur.com\/index.php\/byssur-2\/mauser\/mauser-m98\/\">Continue reading <span class=\"meta-nav\">&rarr;<\/span><\/a><\/p>\n","protected":false},"author":5,"featured_media":0,"parent":79,"menu_order":0,"comment_status":"closed","ping_status":"closed","template":"","meta":{"footnotes":""},"class_list":["post-186","page","type-page","status-publish","hentry"],"yoast_head":"<!-- This site is optimized with the Yoast SEO plugin v27.3 - https:\/\/yoast.com\/product\/yoast-seo-wordpress\/ -->\n<title>M98 - J\u00f3i byssusmi\u00f0ur<\/title>\n<meta name=\"robots\" content=\"index, follow, max-snippet:-1, max-image-preview:large, max-video-preview:-1\" \/>\n<link rel=\"canonical\" href=\"https:\/\/www.joibyssusmidur.com\/index.php\/byssur-2\/mauser\/mauser-m98\/\" \/>\n<meta property=\"og:locale\" content=\"en_US\" \/>\n<meta property=\"og:type\" content=\"article\" \/>\n<meta property=\"og:title\" content=\"M98 - J\u00f3i byssusmi\u00f0ur\" \/>\n<meta property=\"og:description\" content=\"Mauser M98 er f\u00e1anlegur hvort heldur Standard e\u00f0a Magnum. Valin h\u00e1g\u00e6\u00f0a vi\u00f0ur \u00ed skeftum og \u00de\u00fdsk n\u00e1kv\u00e6mni \u00ed sm\u00ed\u00f0i. ATH M98 er f\u00e1anlegur \u00ed s\u00e9rp\u00f6ntun J\u00f3i byssusmi\u00f0ur veitir n\u00e1nari uppl\u00fdsingar. &hellip; Continue reading &rarr;\" \/>\n<meta property=\"og:url\" content=\"https:\/\/www.joibyssusmidur.com\/index.php\/byssur-2\/mauser\/mauser-m98\/\" \/>\n<meta property=\"og:site_name\" content=\"J\u00f3i byssusmi\u00f0ur\" \/>\n<meta property=\"article:modified_time\" content=\"2020-11-27T11:07:35+00:00\" \/>\n<meta property=\"og:image\" content=\"https:\/\/www.joibyssusmidur.com.w8.x.is\/wp-content\/uploads\/2018\/01\/csm_M98-Magnum_USP-4-doppelte-Querverschraubung_2a8ba60a92.jpg\" \/>\n<meta name=\"twitter:card\" content=\"summary_large_image\" \/>\n<script type=\"application\/ld+json\" class=\"yoast-schema-graph\">{\"@context\":\"https:\\\/\\\/schema.org\",\"@graph\":[{\"@type\":\"WebPage\",\"@id\":\"https:\\\/\\\/www.joibyssusmidur.com\\\/index.php\\\/byssur-2\\\/mauser\\\/mauser-m98\\\/\",\"url\":\"https:\\\/\\\/www.joibyssusmidur.com\\\/index.php\\\/byssur-2\\\/mauser\\\/mauser-m98\\\/\",\"name\":\"M98 - J\u00f3i byssusmi\u00f0ur\",\"isPartOf\":{\"@id\":\"https:\\\/\\\/www.joibyssusmidur.com\\\/#website\"},\"primaryImageOfPage\":{\"@id\":\"https:\\\/\\\/www.joibyssusmidur.com\\\/index.php\\\/byssur-2\\\/mauser\\\/mauser-m98\\\/#primaryimage\"},\"image\":{\"@id\":\"https:\\\/\\\/www.joibyssusmidur.com\\\/index.php\\\/byssur-2\\\/mauser\\\/mauser-m98\\\/#primaryimage\"},\"thumbnailUrl\":\"https:\\\/\\\/www.joibyssusmidur.com.w8.x.is\\\/wp-content\\\/uploads\\\/2018\\\/01\\\/csm_M98-Magnum_USP-4-doppelte-Querverschraubung_2a8ba60a92.jpg\",\"datePublished\":\"2018-01-04T23:27:49+00:00\",\"dateModified\":\"2020-11-27T11:07:35+00:00\",\"breadcrumb\":{\"@id\":\"https:\\\/\\\/www.joibyssusmidur.com\\\/index.php\\\/byssur-2\\\/mauser\\\/mauser-m98\\\/#breadcrumb\"},\"inLanguage\":\"en-US\",\"potentialAction\":[{\"@type\":\"ReadAction\",\"target\":[\"https:\\\/\\\/www.joibyssusmidur.com\\\/index.php\\\/byssur-2\\\/mauser\\\/mauser-m98\\\/\"]}]},{\"@type\":\"ImageObject\",\"inLanguage\":\"en-US\",\"@id\":\"https:\\\/\\\/www.joibyssusmidur.com\\\/index.php\\\/byssur-2\\\/mauser\\\/mauser-m98\\\/#primaryimage\",\"url\":\"https:\\\/\\\/www.joibyssusmidur.com.w8.x.is\\\/wp-content\\\/uploads\\\/2018\\\/01\\\/csm_M98-Magnum_USP-4-doppelte-Querverschraubung_2a8ba60a92.jpg\",\"contentUrl\":\"https:\\\/\\\/www.joibyssusmidur.com.w8.x.is\\\/wp-content\\\/uploads\\\/2018\\\/01\\\/csm_M98-Magnum_USP-4-doppelte-Querverschraubung_2a8ba60a92.jpg\"},{\"@type\":\"BreadcrumbList\",\"@id\":\"https:\\\/\\\/www.joibyssusmidur.com\\\/index.php\\\/byssur-2\\\/mauser\\\/mauser-m98\\\/#breadcrumb\",\"itemListElement\":[{\"@type\":\"ListItem\",\"position\":1,\"name\":\"Home\",\"item\":\"https:\\\/\\\/www.joibyssusmidur.com\\\/\"},{\"@type\":\"ListItem\",\"position\":2,\"name\":\"Byssur\",\"item\":\"https:\\\/\\\/www.joibyssusmidur.com\\\/index.php\\\/byssur-2\\\/\"},{\"@type\":\"ListItem\",\"position\":3,\"name\":\"Mauser\",\"item\":\"https:\\\/\\\/www.joibyssusmidur.com\\\/index.php\\\/byssur-2\\\/mauser\\\/\"},{\"@type\":\"ListItem\",\"position\":4,\"name\":\"M98\"}]},{\"@type\":\"WebSite\",\"@id\":\"https:\\\/\\\/www.joibyssusmidur.com\\\/#website\",\"url\":\"https:\\\/\\\/www.joibyssusmidur.com\\\/\",\"name\":\"J\u00f3i byssusmi\u00f0ur\",\"description\":\"joibyssusmidur\",\"publisher\":{\"@id\":\"https:\\\/\\\/www.joibyssusmidur.com\\\/#\\\/schema\\\/person\\\/8a757fb5de9f249e91d49840047de199\"},\"potentialAction\":[{\"@type\":\"SearchAction\",\"target\":{\"@type\":\"EntryPoint\",\"urlTemplate\":\"https:\\\/\\\/www.joibyssusmidur.com\\\/?s={search_term_string}\"},\"query-input\":{\"@type\":\"PropertyValueSpecification\",\"valueRequired\":true,\"valueName\":\"search_term_string\"}}],\"inLanguage\":\"en-US\"},{\"@type\":[\"Person\",\"Organization\"],\"@id\":\"https:\\\/\\\/www.joibyssusmidur.com\\\/#\\\/schema\\\/person\\\/8a757fb5de9f249e91d49840047de199\",\"name\":\"J\u00f3hann Vilhj\u00e1lmsson\",\"image\":{\"@type\":\"ImageObject\",\"inLanguage\":\"en-US\",\"@id\":\"https:\\\/\\\/secure.gravatar.com\\\/avatar\\\/752ab1088a5ce88b8c12eeb05bafe23c8611b12ccbfc8621c0e4dd63e5e440a1?s=96&d=mm&r=g\",\"url\":\"https:\\\/\\\/secure.gravatar.com\\\/avatar\\\/752ab1088a5ce88b8c12eeb05bafe23c8611b12ccbfc8621c0e4dd63e5e440a1?s=96&d=mm&r=g\",\"contentUrl\":\"https:\\\/\\\/secure.gravatar.com\\\/avatar\\\/752ab1088a5ce88b8c12eeb05bafe23c8611b12ccbfc8621c0e4dd63e5e440a1?s=96&d=mm&r=g\",\"caption\":\"J\u00f3hann Vilhj\u00e1lmsson\"},\"logo\":{\"@id\":\"https:\\\/\\\/secure.gravatar.com\\\/avatar\\\/752ab1088a5ce88b8c12eeb05bafe23c8611b12ccbfc8621c0e4dd63e5e440a1?s=96&d=mm&r=g\"},\"sameAs\":[\"https:\\\/\\\/www.joibyssusmidur.com\"]}]}<\/script>\n<!-- \/ Yoast SEO plugin. -->","yoast_head_json":{"title":"M98 - J\u00f3i byssusmi\u00f0ur","robots":{"index":"index","follow":"follow","max-snippet":"max-snippet:-1","max-image-preview":"max-image-preview:large","max-video-preview":"max-video-preview:-1"},"canonical":"https:\/\/www.joibyssusmidur.com\/index.php\/byssur-2\/mauser\/mauser-m98\/","og_locale":"en_US","og_type":"article","og_title":"M98 - J\u00f3i byssusmi\u00f0ur","og_description":"Mauser M98 er f\u00e1anlegur hvort heldur Standard e\u00f0a Magnum. Valin h\u00e1g\u00e6\u00f0a vi\u00f0ur \u00ed skeftum og \u00de\u00fdsk n\u00e1kv\u00e6mni \u00ed sm\u00ed\u00f0i. ATH M98 er f\u00e1anlegur \u00ed s\u00e9rp\u00f6ntun J\u00f3i byssusmi\u00f0ur veitir n\u00e1nari uppl\u00fdsingar. &hellip; Continue reading &rarr;","og_url":"https:\/\/www.joibyssusmidur.com\/index.php\/byssur-2\/mauser\/mauser-m98\/","og_site_name":"J\u00f3i byssusmi\u00f0ur","article_modified_time":"2020-11-27T11:07:35+00:00","og_image":[{"url":"https:\/\/www.joibyssusmidur.com.w8.x.is\/wp-content\/uploads\/2018\/01\/csm_M98-Magnum_USP-4-doppelte-Querverschraubung_2a8ba60a92.jpg","type":"","width":"","height":""}],"twitter_card":"summary_large_image","schema":{"@context":"https:\/\/schema.org","@graph":[{"@type":"WebPage","@id":"https:\/\/www.joibyssusmidur.com\/index.php\/byssur-2\/mauser\/mauser-m98\/","url":"https:\/\/www.joibyssusmidur.com\/index.php\/byssur-2\/mauser\/mauser-m98\/","name":"M98 - J\u00f3i byssusmi\u00f0ur","isPartOf":{"@id":"https:\/\/www.joibyssusmidur.com\/#website"},"primaryImageOfPage":{"@id":"https:\/\/www.joibyssusmidur.com\/index.php\/byssur-2\/mauser\/mauser-m98\/#primaryimage"},"image":{"@id":"https:\/\/www.joibyssusmidur.com\/index.php\/byssur-2\/mauser\/mauser-m98\/#primaryimage"},"thumbnailUrl":"https:\/\/www.joibyssusmidur.com.w8.x.is\/wp-content\/uploads\/2018\/01\/csm_M98-Magnum_USP-4-doppelte-Querverschraubung_2a8ba60a92.jpg","datePublished":"2018-01-04T23:27:49+00:00","dateModified":"2020-11-27T11:07:35+00:00","breadcrumb":{"@id":"https:\/\/www.joibyssusmidur.com\/index.php\/byssur-2\/mauser\/mauser-m98\/#breadcrumb"},"inLanguage":"en-US","potentialAction":[{"@type":"ReadAction","target":["https:\/\/www.joibyssusmidur.com\/index.php\/byssur-2\/mauser\/mauser-m98\/"]}]},{"@type":"ImageObject","inLanguage":"en-US","@id":"https:\/\/www.joibyssusmidur.com\/index.php\/byssur-2\/mauser\/mauser-m98\/#primaryimage","url":"https:\/\/www.joibyssusmidur.com.w8.x.is\/wp-content\/uploads\/2018\/01\/csm_M98-Magnum_USP-4-doppelte-Querverschraubung_2a8ba60a92.jpg","contentUrl":"https:\/\/www.joibyssusmidur.com.w8.x.is\/wp-content\/uploads\/2018\/01\/csm_M98-Magnum_USP-4-doppelte-Querverschraubung_2a8ba60a92.jpg"},{"@type":"BreadcrumbList","@id":"https:\/\/www.joibyssusmidur.com\/index.php\/byssur-2\/mauser\/mauser-m98\/#breadcrumb","itemListElement":[{"@type":"ListItem","position":1,"name":"Home","item":"https:\/\/www.joibyssusmidur.com\/"},{"@type":"ListItem","position":2,"name":"Byssur","item":"https:\/\/www.joibyssusmidur.com\/index.php\/byssur-2\/"},{"@type":"ListItem","position":3,"name":"Mauser","item":"https:\/\/www.joibyssusmidur.com\/index.php\/byssur-2\/mauser\/"},{"@type":"ListItem","position":4,"name":"M98"}]},{"@type":"WebSite","@id":"https:\/\/www.joibyssusmidur.com\/#website","url":"https:\/\/www.joibyssusmidur.com\/","name":"J\u00f3i byssusmi\u00f0ur","description":"joibyssusmidur","publisher":{"@id":"https:\/\/www.joibyssusmidur.com\/#\/schema\/person\/8a757fb5de9f249e91d49840047de199"},"potentialAction":[{"@type":"SearchAction","target":{"@type":"EntryPoint","urlTemplate":"https:\/\/www.joibyssusmidur.com\/?s={search_term_string}"},"query-input":{"@type":"PropertyValueSpecification","valueRequired":true,"valueName":"search_term_string"}}],"inLanguage":"en-US"},{"@type":["Person","Organization"],"@id":"https:\/\/www.joibyssusmidur.com\/#\/schema\/person\/8a757fb5de9f249e91d49840047de199","name":"J\u00f3hann Vilhj\u00e1lmsson","image":{"@type":"ImageObject","inLanguage":"en-US","@id":"https:\/\/secure.gravatar.com\/avatar\/752ab1088a5ce88b8c12eeb05bafe23c8611b12ccbfc8621c0e4dd63e5e440a1?s=96&d=mm&r=g","url":"https:\/\/secure.gravatar.com\/avatar\/752ab1088a5ce88b8c12eeb05bafe23c8611b12ccbfc8621c0e4dd63e5e440a1?s=96&d=mm&r=g","contentUrl":"https:\/\/secure.gravatar.com\/avatar\/752ab1088a5ce88b8c12eeb05bafe23c8611b12ccbfc8621c0e4dd63e5e440a1?s=96&d=mm&r=g","caption":"J\u00f3hann Vilhj\u00e1lmsson"},"logo":{"@id":"https:\/\/secure.gravatar.com\/avatar\/752ab1088a5ce88b8c12eeb05bafe23c8611b12ccbfc8621c0e4dd63e5e440a1?s=96&d=mm&r=g"},"sameAs":["https:\/\/www.joibyssusmidur.com"]}]}},"_links":{"self":[{"href":"https:\/\/www.joibyssusmidur.com\/index.php\/wp-json\/wp\/v2\/pages\/186","targetHints":{"allow":["GET"]}}],"collection":[{"href":"https:\/\/www.joibyssusmidur.com\/index.php\/wp-json\/wp\/v2\/pages"}],"about":[{"href":"https:\/\/www.joibyssusmidur.com\/index.php\/wp-json\/wp\/v2\/types\/page"}],"author":[{"embeddable":true,"href":"https:\/\/www.joibyssusmidur.com\/index.php\/wp-json\/wp\/v2\/users\/5"}],"replies":[{"embeddable":true,"href":"https:\/\/www.joibyssusmidur.com\/index.php\/wp-json\/wp\/v2\/comments?post=186"}],"version-history":[{"count":5,"href":"https:\/\/www.joibyssusmidur.com\/index.php\/wp-json\/wp\/v2\/pages\/186\/revisions"}],"predecessor-version":[{"id":2867,"href":"https:\/\/www.joibyssusmidur.com\/index.php\/wp-json\/wp\/v2\/pages\/186\/revisions\/2867"}],"up":[{"embeddable":true,"href":"https:\/\/www.joibyssusmidur.com\/index.php\/wp-json\/wp\/v2\/pages\/79"}],"wp:attachment":[{"href":"https:\/\/www.joibyssusmidur.com\/index.php\/wp-json\/wp\/v2\/media?parent=186"}],"curies":[{"name":"wp","href":"https:\/\/api.w.org\/{rel}","templated":true}]}}