{"id":1805,"date":"2019-04-09T20:25:38","date_gmt":"2019-04-09T20:25:38","guid":{"rendered":"http:\/\/joibyssusmidur.com\/?page_id=1805"},"modified":"2019-04-09T21:14:00","modified_gmt":"2019-04-09T21:14:00","slug":"aya-einhleypa","status":"publish","type":"page","link":"https:\/\/www.joibyssusmidur.com\/index.php\/notadar-byssur\/notadar-haglabyssur\/aya-einhleypa\/","title":{"rendered":"AYA einhleypa"},"content":{"rendered":"<p>AYA einhleypa. Byssa yfirfarin af J\u00f3a byssusmi\u00f0 og \u00ed lagi.<\/p>\n<p><strong>Ver\u00f0: 30.000 kr<\/strong><\/p>\n<p><img loading=\"lazy\" decoding=\"async\" class=\"alignnone size-full wp-image-1821\" src=\"https:\/\/www.joibyssusmidur.com\/wp-content\/uploads\/2019\/04\/20190408_155448.jpg\" alt=\"\" width=\"1425\" height=\"369\" srcset=\"https:\/\/www.joibyssusmidur.com\/wp-content\/uploads\/2019\/04\/20190408_155448.jpg 1425w, https:\/\/www.joibyssusmidur.com\/wp-content\/uploads\/2019\/04\/20190408_155448-300x78.jpg 300w, https:\/\/www.joibyssusmidur.com\/wp-content\/uploads\/2019\/04\/20190408_155448-768x199.jpg 768w, https:\/\/www.joibyssusmidur.com\/wp-content\/uploads\/2019\/04\/20190408_155448-1024x265.jpg 1024w, https:\/\/www.joibyssusmidur.com\/wp-content\/uploads\/2019\/04\/20190408_155448-500x129.jpg 500w\" sizes=\"auto, (max-width: 1425px) 100vw, 1425px\" \/><\/p>\n<p><img loading=\"lazy\" decoding=\"async\" class=\"alignnone size-full wp-image-1806\" src=\"https:\/\/www.joibyssusmidur.com\/wp-content\/uploads\/2019\/04\/20190408_155305.jpg\" alt=\"\" width=\"368\" height=\"757\" srcset=\"https:\/\/www.joibyssusmidur.com\/wp-content\/uploads\/2019\/04\/20190408_155305.jpg 368w, https:\/\/www.joibyssusmidur.com\/wp-content\/uploads\/2019\/04\/20190408_155305-146x300.jpg 146w\" sizes=\"auto, (max-width: 368px) 100vw, 368px\" \/> <img loading=\"lazy\" decoding=\"async\" class=\"alignnone size-full wp-image-1807\" src=\"https:\/\/www.joibyssusmidur.com\/wp-content\/uploads\/2019\/04\/20190408_155339.jpg\" alt=\"\" width=\"344\" height=\"708\" srcset=\"https:\/\/www.joibyssusmidur.com\/wp-content\/uploads\/2019\/04\/20190408_155339.jpg 344w, https:\/\/www.joibyssusmidur.com\/wp-content\/uploads\/2019\/04\/20190408_155339-146x300.jpg 146w\" sizes=\"auto, (max-width: 344px) 100vw, 344px\" \/> <img loading=\"lazy\" decoding=\"async\" class=\"alignnone size-full wp-image-1808\" src=\"https:\/\/www.joibyssusmidur.com\/wp-content\/uploads\/2019\/04\/20190408_155346.jpg\" alt=\"\" width=\"344\" height=\"708\" srcset=\"https:\/\/www.joibyssusmidur.com\/wp-content\/uploads\/2019\/04\/20190408_155346.jpg 344w, https:\/\/www.joibyssusmidur.com\/wp-content\/uploads\/2019\/04\/20190408_155346-146x300.jpg 146w\" sizes=\"auto, (max-width: 344px) 100vw, 344px\" \/><\/p>\n<p>&nbsp;<\/p>\n","protected":false},"excerpt":{"rendered":"<p>AYA einhleypa. Byssa yfirfarin af J\u00f3a byssusmi\u00f0 og \u00ed lagi. Ver\u00f0: 30.000 kr &nbsp; &hellip; <a class=\"more-link\" href=\"https:\/\/www.joibyssusmidur.com\/index.php\/notadar-byssur\/notadar-haglabyssur\/aya-einhleypa\/\">Continue reading <span class=\"meta-nav\">&rarr;<\/span><\/a><\/p>\n","protected":false},"author":5,"featured_media":0,"parent":400,"menu_order":0,"comment_status":"closed","ping_status":"closed","template":"","meta":{"footnotes":""},"class_list":["post-1805","page","type-page","status-publish","hentry"],"yoast_head":"<!-- This site is optimized with the Yoast SEO plugin v27.3 - https:\/\/yoast.com\/product\/yoast-seo-wordpress\/ -->\n<title>AYA einhleypa - J\u00f3i byssusmi\u00f0ur<\/title>\n<meta name=\"robots\" content=\"index, follow, max-snippet:-1, max-image-preview:large, max-video-preview:-1\" \/>\n<link rel=\"canonical\" href=\"https:\/\/www.joibyssusmidur.com\/index.php\/notadar-byssur\/notadar-haglabyssur\/aya-einhleypa\/\" \/>\n<meta property=\"og:locale\" content=\"en_US\" \/>\n<meta property=\"og:type\" content=\"article\" \/>\n<meta property=\"og:title\" content=\"AYA einhleypa - J\u00f3i byssusmi\u00f0ur\" \/>\n<meta property=\"og:description\" content=\"AYA einhleypa. Byssa yfirfarin af J\u00f3a byssusmi\u00f0 og \u00ed lagi. Ver\u00f0: 30.000 kr &nbsp; &hellip; Continue reading &rarr;\" \/>\n<meta property=\"og:url\" content=\"https:\/\/www.joibyssusmidur.com\/index.php\/notadar-byssur\/notadar-haglabyssur\/aya-einhleypa\/\" \/>\n<meta property=\"og:site_name\" content=\"J\u00f3i byssusmi\u00f0ur\" \/>\n<meta property=\"article:modified_time\" content=\"2019-04-09T21:14:00+00:00\" \/>\n<meta property=\"og:image\" content=\"https:\/\/www.joibyssusmidur.com\/wp-content\/uploads\/2019\/04\/20190408_155448.jpg\" \/>\n<meta name=\"twitter:card\" content=\"summary_large_image\" \/>\n<script type=\"application\/ld+json\" class=\"yoast-schema-graph\">{\"@context\":\"https:\\\/\\\/schema.org\",\"@graph\":[{\"@type\":\"WebPage\",\"@id\":\"https:\\\/\\\/www.joibyssusmidur.com\\\/index.php\\\/notadar-byssur\\\/notadar-haglabyssur\\\/aya-einhleypa\\\/\",\"url\":\"https:\\\/\\\/www.joibyssusmidur.com\\\/index.php\\\/notadar-byssur\\\/notadar-haglabyssur\\\/aya-einhleypa\\\/\",\"name\":\"AYA einhleypa - J\u00f3i byssusmi\u00f0ur\",\"isPartOf\":{\"@id\":\"https:\\\/\\\/www.joibyssusmidur.com\\\/#website\"},\"primaryImageOfPage\":{\"@id\":\"https:\\\/\\\/www.joibyssusmidur.com\\\/index.php\\\/notadar-byssur\\\/notadar-haglabyssur\\\/aya-einhleypa\\\/#primaryimage\"},\"image\":{\"@id\":\"https:\\\/\\\/www.joibyssusmidur.com\\\/index.php\\\/notadar-byssur\\\/notadar-haglabyssur\\\/aya-einhleypa\\\/#primaryimage\"},\"thumbnailUrl\":\"https:\\\/\\\/www.joibyssusmidur.com\\\/wp-content\\\/uploads\\\/2019\\\/04\\\/20190408_155448.jpg\",\"datePublished\":\"2019-04-09T20:25:38+00:00\",\"dateModified\":\"2019-04-09T21:14:00+00:00\",\"breadcrumb\":{\"@id\":\"https:\\\/\\\/www.joibyssusmidur.com\\\/index.php\\\/notadar-byssur\\\/notadar-haglabyssur\\\/aya-einhleypa\\\/#breadcrumb\"},\"inLanguage\":\"en-US\",\"potentialAction\":[{\"@type\":\"ReadAction\",\"target\":[\"https:\\\/\\\/www.joibyssusmidur.com\\\/index.php\\\/notadar-byssur\\\/notadar-haglabyssur\\\/aya-einhleypa\\\/\"]}]},{\"@type\":\"ImageObject\",\"inLanguage\":\"en-US\",\"@id\":\"https:\\\/\\\/www.joibyssusmidur.com\\\/index.php\\\/notadar-byssur\\\/notadar-haglabyssur\\\/aya-einhleypa\\\/#primaryimage\",\"url\":\"https:\\\/\\\/www.joibyssusmidur.com\\\/wp-content\\\/uploads\\\/2019\\\/04\\\/20190408_155448.jpg\",\"contentUrl\":\"https:\\\/\\\/www.joibyssusmidur.com\\\/wp-content\\\/uploads\\\/2019\\\/04\\\/20190408_155448.jpg\",\"width\":1425,\"height\":369},{\"@type\":\"BreadcrumbList\",\"@id\":\"https:\\\/\\\/www.joibyssusmidur.com\\\/index.php\\\/notadar-byssur\\\/notadar-haglabyssur\\\/aya-einhleypa\\\/#breadcrumb\",\"itemListElement\":[{\"@type\":\"ListItem\",\"position\":1,\"name\":\"Home\",\"item\":\"https:\\\/\\\/www.joibyssusmidur.com\\\/\"},{\"@type\":\"ListItem\",\"position\":2,\"name\":\"Nota\u00f0ar byssur\",\"item\":\"https:\\\/\\\/www.joibyssusmidur.com\\\/index.php\\\/notadar-byssur\\\/\"},{\"@type\":\"ListItem\",\"position\":3,\"name\":\"Nota\u00f0ar haglabyssur\",\"item\":\"https:\\\/\\\/www.joibyssusmidur.com\\\/index.php\\\/notadar-byssur\\\/notadar-haglabyssur\\\/\"},{\"@type\":\"ListItem\",\"position\":4,\"name\":\"AYA einhleypa\"}]},{\"@type\":\"WebSite\",\"@id\":\"https:\\\/\\\/www.joibyssusmidur.com\\\/#website\",\"url\":\"https:\\\/\\\/www.joibyssusmidur.com\\\/\",\"name\":\"J\u00f3i byssusmi\u00f0ur\",\"description\":\"joibyssusmidur\",\"publisher\":{\"@id\":\"https:\\\/\\\/www.joibyssusmidur.com\\\/#\\\/schema\\\/person\\\/8a757fb5de9f249e91d49840047de199\"},\"potentialAction\":[{\"@type\":\"SearchAction\",\"target\":{\"@type\":\"EntryPoint\",\"urlTemplate\":\"https:\\\/\\\/www.joibyssusmidur.com\\\/?s={search_term_string}\"},\"query-input\":{\"@type\":\"PropertyValueSpecification\",\"valueRequired\":true,\"valueName\":\"search_term_string\"}}],\"inLanguage\":\"en-US\"},{\"@type\":[\"Person\",\"Organization\"],\"@id\":\"https:\\\/\\\/www.joibyssusmidur.com\\\/#\\\/schema\\\/person\\\/8a757fb5de9f249e91d49840047de199\",\"name\":\"J\u00f3hann Vilhj\u00e1lmsson\",\"image\":{\"@type\":\"ImageObject\",\"inLanguage\":\"en-US\",\"@id\":\"https:\\\/\\\/secure.gravatar.com\\\/avatar\\\/752ab1088a5ce88b8c12eeb05bafe23c8611b12ccbfc8621c0e4dd63e5e440a1?s=96&d=mm&r=g\",\"url\":\"https:\\\/\\\/secure.gravatar.com\\\/avatar\\\/752ab1088a5ce88b8c12eeb05bafe23c8611b12ccbfc8621c0e4dd63e5e440a1?s=96&d=mm&r=g\",\"contentUrl\":\"https:\\\/\\\/secure.gravatar.com\\\/avatar\\\/752ab1088a5ce88b8c12eeb05bafe23c8611b12ccbfc8621c0e4dd63e5e440a1?s=96&d=mm&r=g\",\"caption\":\"J\u00f3hann Vilhj\u00e1lmsson\"},\"logo\":{\"@id\":\"https:\\\/\\\/secure.gravatar.com\\\/avatar\\\/752ab1088a5ce88b8c12eeb05bafe23c8611b12ccbfc8621c0e4dd63e5e440a1?s=96&d=mm&r=g\"},\"sameAs\":[\"https:\\\/\\\/www.joibyssusmidur.com\"]}]}<\/script>\n<!-- \/ Yoast SEO plugin. -->","yoast_head_json":{"title":"AYA einhleypa - J\u00f3i byssusmi\u00f0ur","robots":{"index":"index","follow":"follow","max-snippet":"max-snippet:-1","max-image-preview":"max-image-preview:large","max-video-preview":"max-video-preview:-1"},"canonical":"https:\/\/www.joibyssusmidur.com\/index.php\/notadar-byssur\/notadar-haglabyssur\/aya-einhleypa\/","og_locale":"en_US","og_type":"article","og_title":"AYA einhleypa - J\u00f3i byssusmi\u00f0ur","og_description":"AYA einhleypa. Byssa yfirfarin af J\u00f3a byssusmi\u00f0 og \u00ed lagi. Ver\u00f0: 30.000 kr &nbsp; &hellip; Continue reading &rarr;","og_url":"https:\/\/www.joibyssusmidur.com\/index.php\/notadar-byssur\/notadar-haglabyssur\/aya-einhleypa\/","og_site_name":"J\u00f3i byssusmi\u00f0ur","article_modified_time":"2019-04-09T21:14:00+00:00","og_image":[{"url":"https:\/\/www.joibyssusmidur.com\/wp-content\/uploads\/2019\/04\/20190408_155448.jpg","type":"","width":"","height":""}],"twitter_card":"summary_large_image","schema":{"@context":"https:\/\/schema.org","@graph":[{"@type":"WebPage","@id":"https:\/\/www.joibyssusmidur.com\/index.php\/notadar-byssur\/notadar-haglabyssur\/aya-einhleypa\/","url":"https:\/\/www.joibyssusmidur.com\/index.php\/notadar-byssur\/notadar-haglabyssur\/aya-einhleypa\/","name":"AYA einhleypa - J\u00f3i byssusmi\u00f0ur","isPartOf":{"@id":"https:\/\/www.joibyssusmidur.com\/#website"},"primaryImageOfPage":{"@id":"https:\/\/www.joibyssusmidur.com\/index.php\/notadar-byssur\/notadar-haglabyssur\/aya-einhleypa\/#primaryimage"},"image":{"@id":"https:\/\/www.joibyssusmidur.com\/index.php\/notadar-byssur\/notadar-haglabyssur\/aya-einhleypa\/#primaryimage"},"thumbnailUrl":"https:\/\/www.joibyssusmidur.com\/wp-content\/uploads\/2019\/04\/20190408_155448.jpg","datePublished":"2019-04-09T20:25:38+00:00","dateModified":"2019-04-09T21:14:00+00:00","breadcrumb":{"@id":"https:\/\/www.joibyssusmidur.com\/index.php\/notadar-byssur\/notadar-haglabyssur\/aya-einhleypa\/#breadcrumb"},"inLanguage":"en-US","potentialAction":[{"@type":"ReadAction","target":["https:\/\/www.joibyssusmidur.com\/index.php\/notadar-byssur\/notadar-haglabyssur\/aya-einhleypa\/"]}]},{"@type":"ImageObject","inLanguage":"en-US","@id":"https:\/\/www.joibyssusmidur.com\/index.php\/notadar-byssur\/notadar-haglabyssur\/aya-einhleypa\/#primaryimage","url":"https:\/\/www.joibyssusmidur.com\/wp-content\/uploads\/2019\/04\/20190408_155448.jpg","contentUrl":"https:\/\/www.joibyssusmidur.com\/wp-content\/uploads\/2019\/04\/20190408_155448.jpg","width":1425,"height":369},{"@type":"BreadcrumbList","@id":"https:\/\/www.joibyssusmidur.com\/index.php\/notadar-byssur\/notadar-haglabyssur\/aya-einhleypa\/#breadcrumb","itemListElement":[{"@type":"ListItem","position":1,"name":"Home","item":"https:\/\/www.joibyssusmidur.com\/"},{"@type":"ListItem","position":2,"name":"Nota\u00f0ar byssur","item":"https:\/\/www.joibyssusmidur.com\/index.php\/notadar-byssur\/"},{"@type":"ListItem","position":3,"name":"Nota\u00f0ar haglabyssur","item":"https:\/\/www.joibyssusmidur.com\/index.php\/notadar-byssur\/notadar-haglabyssur\/"},{"@type":"ListItem","position":4,"name":"AYA einhleypa"}]},{"@type":"WebSite","@id":"https:\/\/www.joibyssusmidur.com\/#website","url":"https:\/\/www.joibyssusmidur.com\/","name":"J\u00f3i byssusmi\u00f0ur","description":"joibyssusmidur","publisher":{"@id":"https:\/\/www.joibyssusmidur.com\/#\/schema\/person\/8a757fb5de9f249e91d49840047de199"},"potentialAction":[{"@type":"SearchAction","target":{"@type":"EntryPoint","urlTemplate":"https:\/\/www.joibyssusmidur.com\/?s={search_term_string}"},"query-input":{"@type":"PropertyValueSpecification","valueRequired":true,"valueName":"search_term_string"}}],"inLanguage":"en-US"},{"@type":["Person","Organization"],"@id":"https:\/\/www.joibyssusmidur.com\/#\/schema\/person\/8a757fb5de9f249e91d49840047de199","name":"J\u00f3hann Vilhj\u00e1lmsson","image":{"@type":"ImageObject","inLanguage":"en-US","@id":"https:\/\/secure.gravatar.com\/avatar\/752ab1088a5ce88b8c12eeb05bafe23c8611b12ccbfc8621c0e4dd63e5e440a1?s=96&d=mm&r=g","url":"https:\/\/secure.gravatar.com\/avatar\/752ab1088a5ce88b8c12eeb05bafe23c8611b12ccbfc8621c0e4dd63e5e440a1?s=96&d=mm&r=g","contentUrl":"https:\/\/secure.gravatar.com\/avatar\/752ab1088a5ce88b8c12eeb05bafe23c8611b12ccbfc8621c0e4dd63e5e440a1?s=96&d=mm&r=g","caption":"J\u00f3hann Vilhj\u00e1lmsson"},"logo":{"@id":"https:\/\/secure.gravatar.com\/avatar\/752ab1088a5ce88b8c12eeb05bafe23c8611b12ccbfc8621c0e4dd63e5e440a1?s=96&d=mm&r=g"},"sameAs":["https:\/\/www.joibyssusmidur.com"]}]}},"_links":{"self":[{"href":"https:\/\/www.joibyssusmidur.com\/index.php\/wp-json\/wp\/v2\/pages\/1805","targetHints":{"allow":["GET"]}}],"collection":[{"href":"https:\/\/www.joibyssusmidur.com\/index.php\/wp-json\/wp\/v2\/pages"}],"about":[{"href":"https:\/\/www.joibyssusmidur.com\/index.php\/wp-json\/wp\/v2\/types\/page"}],"author":[{"embeddable":true,"href":"https:\/\/www.joibyssusmidur.com\/index.php\/wp-json\/wp\/v2\/users\/5"}],"replies":[{"embeddable":true,"href":"https:\/\/www.joibyssusmidur.com\/index.php\/wp-json\/wp\/v2\/comments?post=1805"}],"version-history":[{"count":3,"href":"https:\/\/www.joibyssusmidur.com\/index.php\/wp-json\/wp\/v2\/pages\/1805\/revisions"}],"predecessor-version":[{"id":1823,"href":"https:\/\/www.joibyssusmidur.com\/index.php\/wp-json\/wp\/v2\/pages\/1805\/revisions\/1823"}],"up":[{"embeddable":true,"href":"https:\/\/www.joibyssusmidur.com\/index.php\/wp-json\/wp\/v2\/pages\/400"}],"wp:attachment":[{"href":"https:\/\/www.joibyssusmidur.com\/index.php\/wp-json\/wp\/v2\/media?parent=1805"}],"curies":[{"name":"wp","href":"https:\/\/api.w.org\/{rel}","templated":true}]}}