{"id":1669,"date":"2018-12-12T16:49:04","date_gmt":"2018-12-12T16:49:04","guid":{"rendered":"http:\/\/joibyssusmidur.com\/?page_id=1669"},"modified":"2023-12-05T17:33:53","modified_gmt":"2023-12-05T17:33:53","slug":"bergara-b14-ridge","status":"publish","type":"page","link":"https:\/\/www.joibyssusmidur.com\/index.php\/sjonaukar\/leica\/bergara-b14-ridge\/","title":{"rendered":"Leica Amplus 6 3-18x44i"},"content":{"rendered":"<p><img loading=\"lazy\" decoding=\"async\" class=\"aligncenter size-full wp-image-3105\" src=\"https:\/\/www.joibyssusmidur.com\/wp-content\/uploads\/2021\/12\/Leica-Amplus-6-3-18-x-44-i.jpg\" alt=\"\" width=\"680\" height=\"220\" srcset=\"https:\/\/www.joibyssusmidur.com\/wp-content\/uploads\/2021\/12\/Leica-Amplus-6-3-18-x-44-i.jpg 680w, https:\/\/www.joibyssusmidur.com\/wp-content\/uploads\/2021\/12\/Leica-Amplus-6-3-18-x-44-i-300x97.jpg 300w, https:\/\/www.joibyssusmidur.com\/wp-content\/uploads\/2021\/12\/Leica-Amplus-6-3-18-x-44-i-500x162.jpg 500w\" sizes=\"auto, (max-width: 680px) 100vw, 680px\" \/><\/p>\n<p>N\u00fdr \u00ed Leica fj\u00f6lskylduni Amplus 6\u00a0 3-18i<\/p>\n<p>Ver\u00f0 295.000 kr<\/p>\n<p><strong>Leica AMPLUS 6 3-18x44i L-Ballistic BDC MOA<\/strong><\/p>\n<p>For all practice-oriented hunters, the new Leica riflescope series Amplus 6 is the attractive entry into the premium class.\u00a0The balanced optics at an above-average high level are characterized by the extremely sharp illuminated dot, the 6x zoom, the large exit pupil and the wide field of view.\u00a0The robust construction predestines the Leica Amplus 6 for uncompromising use in any terrain &#8211; even in the most adverse weather conditions.\u00a0The high-quality feel of the functional elements ensures safe and flexible handling at the crucial moment.<\/p>\n<h4>The essentials:<\/h4>\n<ul>\n<li>6x zoom for flexible use in several hunting situation<\/li>\n<li>Up to 41 yards field of view<\/li>\n<li>Very large exit pupil up to 12mm<\/li>\n<li>High magnification range 3x &#8211; 18x<\/li>\n<li>New L-Ballistic reticle with hold over and windage marks for quick bullet drop correction.<\/li>\n<li>80 MOA elevation adjustment &#8211; 23 mrad total adjustment range<\/li>\n<li>90% light transmission<\/li>\n<li>Extremely rugged &#8211; all parts from high performance metal<\/li>\n<\/ul>\n<p>&nbsp;<\/p>\n","protected":false},"excerpt":{"rendered":"<p>N\u00fdr \u00ed Leica fj\u00f6lskylduni Amplus 6\u00a0 3-18i Ver\u00f0 295.000 kr Leica AMPLUS 6 3-18x44i L-Ballistic BDC MOA For all practice-oriented hunters, the new Leica riflescope series Amplus 6 is the attractive entry into the premium class.\u00a0The balanced optics at an &hellip; <a class=\"more-link\" href=\"https:\/\/www.joibyssusmidur.com\/index.php\/sjonaukar\/leica\/bergara-b14-ridge\/\">Continue reading <span class=\"meta-nav\">&rarr;<\/span><\/a><\/p>\n","protected":false},"author":5,"featured_media":0,"parent":1924,"menu_order":0,"comment_status":"closed","ping_status":"closed","template":"","meta":{"footnotes":""},"class_list":["post-1669","page","type-page","status-publish","hentry"],"yoast_head":"<!-- This site is optimized with the Yoast SEO plugin v27.3 - https:\/\/yoast.com\/product\/yoast-seo-wordpress\/ -->\n<title>Leica Amplus 6 3-18x44i - J\u00f3i byssusmi\u00f0ur<\/title>\n<meta name=\"robots\" content=\"index, follow, max-snippet:-1, max-image-preview:large, max-video-preview:-1\" \/>\n<link rel=\"canonical\" href=\"https:\/\/www.joibyssusmidur.com\/index.php\/sjonaukar\/leica\/bergara-b14-ridge\/\" \/>\n<meta property=\"og:locale\" content=\"en_US\" \/>\n<meta property=\"og:type\" content=\"article\" \/>\n<meta property=\"og:title\" content=\"Leica Amplus 6 3-18x44i - J\u00f3i byssusmi\u00f0ur\" \/>\n<meta property=\"og:description\" content=\"N\u00fdr \u00ed Leica fj\u00f6lskylduni Amplus 6\u00a0 3-18i Ver\u00f0 295.000 kr Leica AMPLUS 6 3-18x44i L-Ballistic BDC MOA For all practice-oriented hunters, the new Leica riflescope series Amplus 6 is the attractive entry into the premium class.\u00a0The balanced optics at an &hellip; Continue reading &rarr;\" \/>\n<meta property=\"og:url\" content=\"https:\/\/www.joibyssusmidur.com\/index.php\/sjonaukar\/leica\/bergara-b14-ridge\/\" \/>\n<meta property=\"og:site_name\" content=\"J\u00f3i byssusmi\u00f0ur\" \/>\n<meta property=\"article:modified_time\" content=\"2023-12-05T17:33:53+00:00\" \/>\n<meta property=\"og:image\" content=\"https:\/\/www.joibyssusmidur.com\/wp-content\/uploads\/2021\/12\/Leica-Amplus-6-3-18-x-44-i.jpg\" \/>\n<meta name=\"twitter:card\" content=\"summary_large_image\" \/>\n<meta name=\"twitter:label1\" content=\"Est. reading time\" \/>\n\t<meta name=\"twitter:data1\" content=\"1 minute\" \/>\n<script type=\"application\/ld+json\" class=\"yoast-schema-graph\">{\"@context\":\"https:\\\/\\\/schema.org\",\"@graph\":[{\"@type\":\"WebPage\",\"@id\":\"https:\\\/\\\/www.joibyssusmidur.com\\\/index.php\\\/sjonaukar\\\/leica\\\/bergara-b14-ridge\\\/\",\"url\":\"https:\\\/\\\/www.joibyssusmidur.com\\\/index.php\\\/sjonaukar\\\/leica\\\/bergara-b14-ridge\\\/\",\"name\":\"Leica Amplus 6 3-18x44i - J\u00f3i byssusmi\u00f0ur\",\"isPartOf\":{\"@id\":\"https:\\\/\\\/www.joibyssusmidur.com\\\/#website\"},\"primaryImageOfPage\":{\"@id\":\"https:\\\/\\\/www.joibyssusmidur.com\\\/index.php\\\/sjonaukar\\\/leica\\\/bergara-b14-ridge\\\/#primaryimage\"},\"image\":{\"@id\":\"https:\\\/\\\/www.joibyssusmidur.com\\\/index.php\\\/sjonaukar\\\/leica\\\/bergara-b14-ridge\\\/#primaryimage\"},\"thumbnailUrl\":\"https:\\\/\\\/www.joibyssusmidur.com\\\/wp-content\\\/uploads\\\/2021\\\/12\\\/Leica-Amplus-6-3-18-x-44-i.jpg\",\"datePublished\":\"2018-12-12T16:49:04+00:00\",\"dateModified\":\"2023-12-05T17:33:53+00:00\",\"breadcrumb\":{\"@id\":\"https:\\\/\\\/www.joibyssusmidur.com\\\/index.php\\\/sjonaukar\\\/leica\\\/bergara-b14-ridge\\\/#breadcrumb\"},\"inLanguage\":\"en-US\",\"potentialAction\":[{\"@type\":\"ReadAction\",\"target\":[\"https:\\\/\\\/www.joibyssusmidur.com\\\/index.php\\\/sjonaukar\\\/leica\\\/bergara-b14-ridge\\\/\"]}]},{\"@type\":\"ImageObject\",\"inLanguage\":\"en-US\",\"@id\":\"https:\\\/\\\/www.joibyssusmidur.com\\\/index.php\\\/sjonaukar\\\/leica\\\/bergara-b14-ridge\\\/#primaryimage\",\"url\":\"https:\\\/\\\/www.joibyssusmidur.com\\\/wp-content\\\/uploads\\\/2021\\\/12\\\/Leica-Amplus-6-3-18-x-44-i.jpg\",\"contentUrl\":\"https:\\\/\\\/www.joibyssusmidur.com\\\/wp-content\\\/uploads\\\/2021\\\/12\\\/Leica-Amplus-6-3-18-x-44-i.jpg\",\"width\":680,\"height\":220},{\"@type\":\"BreadcrumbList\",\"@id\":\"https:\\\/\\\/www.joibyssusmidur.com\\\/index.php\\\/sjonaukar\\\/leica\\\/bergara-b14-ridge\\\/#breadcrumb\",\"itemListElement\":[{\"@type\":\"ListItem\",\"position\":1,\"name\":\"Home\",\"item\":\"https:\\\/\\\/www.joibyssusmidur.com\\\/\"},{\"@type\":\"ListItem\",\"position\":2,\"name\":\"Sj\u00f3naukar\",\"item\":\"https:\\\/\\\/www.joibyssusmidur.com\\\/index.php\\\/sjonaukar\\\/\"},{\"@type\":\"ListItem\",\"position\":3,\"name\":\"Leica\",\"item\":\"https:\\\/\\\/www.joibyssusmidur.com\\\/index.php\\\/sjonaukar\\\/leica\\\/\"},{\"@type\":\"ListItem\",\"position\":4,\"name\":\"Leica Amplus 6 3-18x44i\"}]},{\"@type\":\"WebSite\",\"@id\":\"https:\\\/\\\/www.joibyssusmidur.com\\\/#website\",\"url\":\"https:\\\/\\\/www.joibyssusmidur.com\\\/\",\"name\":\"J\u00f3i byssusmi\u00f0ur\",\"description\":\"joibyssusmidur\",\"publisher\":{\"@id\":\"https:\\\/\\\/www.joibyssusmidur.com\\\/#\\\/schema\\\/person\\\/8a757fb5de9f249e91d49840047de199\"},\"potentialAction\":[{\"@type\":\"SearchAction\",\"target\":{\"@type\":\"EntryPoint\",\"urlTemplate\":\"https:\\\/\\\/www.joibyssusmidur.com\\\/?s={search_term_string}\"},\"query-input\":{\"@type\":\"PropertyValueSpecification\",\"valueRequired\":true,\"valueName\":\"search_term_string\"}}],\"inLanguage\":\"en-US\"},{\"@type\":[\"Person\",\"Organization\"],\"@id\":\"https:\\\/\\\/www.joibyssusmidur.com\\\/#\\\/schema\\\/person\\\/8a757fb5de9f249e91d49840047de199\",\"name\":\"J\u00f3hann Vilhj\u00e1lmsson\",\"image\":{\"@type\":\"ImageObject\",\"inLanguage\":\"en-US\",\"@id\":\"https:\\\/\\\/secure.gravatar.com\\\/avatar\\\/752ab1088a5ce88b8c12eeb05bafe23c8611b12ccbfc8621c0e4dd63e5e440a1?s=96&d=mm&r=g\",\"url\":\"https:\\\/\\\/secure.gravatar.com\\\/avatar\\\/752ab1088a5ce88b8c12eeb05bafe23c8611b12ccbfc8621c0e4dd63e5e440a1?s=96&d=mm&r=g\",\"contentUrl\":\"https:\\\/\\\/secure.gravatar.com\\\/avatar\\\/752ab1088a5ce88b8c12eeb05bafe23c8611b12ccbfc8621c0e4dd63e5e440a1?s=96&d=mm&r=g\",\"caption\":\"J\u00f3hann Vilhj\u00e1lmsson\"},\"logo\":{\"@id\":\"https:\\\/\\\/secure.gravatar.com\\\/avatar\\\/752ab1088a5ce88b8c12eeb05bafe23c8611b12ccbfc8621c0e4dd63e5e440a1?s=96&d=mm&r=g\"},\"sameAs\":[\"https:\\\/\\\/www.joibyssusmidur.com\"]}]}<\/script>\n<!-- \/ Yoast SEO plugin. -->","yoast_head_json":{"title":"Leica Amplus 6 3-18x44i - J\u00f3i byssusmi\u00f0ur","robots":{"index":"index","follow":"follow","max-snippet":"max-snippet:-1","max-image-preview":"max-image-preview:large","max-video-preview":"max-video-preview:-1"},"canonical":"https:\/\/www.joibyssusmidur.com\/index.php\/sjonaukar\/leica\/bergara-b14-ridge\/","og_locale":"en_US","og_type":"article","og_title":"Leica Amplus 6 3-18x44i - J\u00f3i byssusmi\u00f0ur","og_description":"N\u00fdr \u00ed Leica fj\u00f6lskylduni Amplus 6\u00a0 3-18i Ver\u00f0 295.000 kr Leica AMPLUS 6 3-18x44i L-Ballistic BDC MOA For all practice-oriented hunters, the new Leica riflescope series Amplus 6 is the attractive entry into the premium class.\u00a0The balanced optics at an &hellip; Continue reading &rarr;","og_url":"https:\/\/www.joibyssusmidur.com\/index.php\/sjonaukar\/leica\/bergara-b14-ridge\/","og_site_name":"J\u00f3i byssusmi\u00f0ur","article_modified_time":"2023-12-05T17:33:53+00:00","og_image":[{"url":"https:\/\/www.joibyssusmidur.com\/wp-content\/uploads\/2021\/12\/Leica-Amplus-6-3-18-x-44-i.jpg","type":"","width":"","height":""}],"twitter_card":"summary_large_image","twitter_misc":{"Est. reading time":"1 minute"},"schema":{"@context":"https:\/\/schema.org","@graph":[{"@type":"WebPage","@id":"https:\/\/www.joibyssusmidur.com\/index.php\/sjonaukar\/leica\/bergara-b14-ridge\/","url":"https:\/\/www.joibyssusmidur.com\/index.php\/sjonaukar\/leica\/bergara-b14-ridge\/","name":"Leica Amplus 6 3-18x44i - J\u00f3i byssusmi\u00f0ur","isPartOf":{"@id":"https:\/\/www.joibyssusmidur.com\/#website"},"primaryImageOfPage":{"@id":"https:\/\/www.joibyssusmidur.com\/index.php\/sjonaukar\/leica\/bergara-b14-ridge\/#primaryimage"},"image":{"@id":"https:\/\/www.joibyssusmidur.com\/index.php\/sjonaukar\/leica\/bergara-b14-ridge\/#primaryimage"},"thumbnailUrl":"https:\/\/www.joibyssusmidur.com\/wp-content\/uploads\/2021\/12\/Leica-Amplus-6-3-18-x-44-i.jpg","datePublished":"2018-12-12T16:49:04+00:00","dateModified":"2023-12-05T17:33:53+00:00","breadcrumb":{"@id":"https:\/\/www.joibyssusmidur.com\/index.php\/sjonaukar\/leica\/bergara-b14-ridge\/#breadcrumb"},"inLanguage":"en-US","potentialAction":[{"@type":"ReadAction","target":["https:\/\/www.joibyssusmidur.com\/index.php\/sjonaukar\/leica\/bergara-b14-ridge\/"]}]},{"@type":"ImageObject","inLanguage":"en-US","@id":"https:\/\/www.joibyssusmidur.com\/index.php\/sjonaukar\/leica\/bergara-b14-ridge\/#primaryimage","url":"https:\/\/www.joibyssusmidur.com\/wp-content\/uploads\/2021\/12\/Leica-Amplus-6-3-18-x-44-i.jpg","contentUrl":"https:\/\/www.joibyssusmidur.com\/wp-content\/uploads\/2021\/12\/Leica-Amplus-6-3-18-x-44-i.jpg","width":680,"height":220},{"@type":"BreadcrumbList","@id":"https:\/\/www.joibyssusmidur.com\/index.php\/sjonaukar\/leica\/bergara-b14-ridge\/#breadcrumb","itemListElement":[{"@type":"ListItem","position":1,"name":"Home","item":"https:\/\/www.joibyssusmidur.com\/"},{"@type":"ListItem","position":2,"name":"Sj\u00f3naukar","item":"https:\/\/www.joibyssusmidur.com\/index.php\/sjonaukar\/"},{"@type":"ListItem","position":3,"name":"Leica","item":"https:\/\/www.joibyssusmidur.com\/index.php\/sjonaukar\/leica\/"},{"@type":"ListItem","position":4,"name":"Leica Amplus 6 3-18x44i"}]},{"@type":"WebSite","@id":"https:\/\/www.joibyssusmidur.com\/#website","url":"https:\/\/www.joibyssusmidur.com\/","name":"J\u00f3i byssusmi\u00f0ur","description":"joibyssusmidur","publisher":{"@id":"https:\/\/www.joibyssusmidur.com\/#\/schema\/person\/8a757fb5de9f249e91d49840047de199"},"potentialAction":[{"@type":"SearchAction","target":{"@type":"EntryPoint","urlTemplate":"https:\/\/www.joibyssusmidur.com\/?s={search_term_string}"},"query-input":{"@type":"PropertyValueSpecification","valueRequired":true,"valueName":"search_term_string"}}],"inLanguage":"en-US"},{"@type":["Person","Organization"],"@id":"https:\/\/www.joibyssusmidur.com\/#\/schema\/person\/8a757fb5de9f249e91d49840047de199","name":"J\u00f3hann Vilhj\u00e1lmsson","image":{"@type":"ImageObject","inLanguage":"en-US","@id":"https:\/\/secure.gravatar.com\/avatar\/752ab1088a5ce88b8c12eeb05bafe23c8611b12ccbfc8621c0e4dd63e5e440a1?s=96&d=mm&r=g","url":"https:\/\/secure.gravatar.com\/avatar\/752ab1088a5ce88b8c12eeb05bafe23c8611b12ccbfc8621c0e4dd63e5e440a1?s=96&d=mm&r=g","contentUrl":"https:\/\/secure.gravatar.com\/avatar\/752ab1088a5ce88b8c12eeb05bafe23c8611b12ccbfc8621c0e4dd63e5e440a1?s=96&d=mm&r=g","caption":"J\u00f3hann Vilhj\u00e1lmsson"},"logo":{"@id":"https:\/\/secure.gravatar.com\/avatar\/752ab1088a5ce88b8c12eeb05bafe23c8611b12ccbfc8621c0e4dd63e5e440a1?s=96&d=mm&r=g"},"sameAs":["https:\/\/www.joibyssusmidur.com"]}]}},"_links":{"self":[{"href":"https:\/\/www.joibyssusmidur.com\/index.php\/wp-json\/wp\/v2\/pages\/1669","targetHints":{"allow":["GET"]}}],"collection":[{"href":"https:\/\/www.joibyssusmidur.com\/index.php\/wp-json\/wp\/v2\/pages"}],"about":[{"href":"https:\/\/www.joibyssusmidur.com\/index.php\/wp-json\/wp\/v2\/types\/page"}],"author":[{"embeddable":true,"href":"https:\/\/www.joibyssusmidur.com\/index.php\/wp-json\/wp\/v2\/users\/5"}],"replies":[{"embeddable":true,"href":"https:\/\/www.joibyssusmidur.com\/index.php\/wp-json\/wp\/v2\/comments?post=1669"}],"version-history":[{"count":8,"href":"https:\/\/www.joibyssusmidur.com\/index.php\/wp-json\/wp\/v2\/pages\/1669\/revisions"}],"predecessor-version":[{"id":3526,"href":"https:\/\/www.joibyssusmidur.com\/index.php\/wp-json\/wp\/v2\/pages\/1669\/revisions\/3526"}],"up":[{"embeddable":true,"href":"https:\/\/www.joibyssusmidur.com\/index.php\/wp-json\/wp\/v2\/pages\/1924"}],"wp:attachment":[{"href":"https:\/\/www.joibyssusmidur.com\/index.php\/wp-json\/wp\/v2\/media?parent=1669"}],"curies":[{"name":"wp","href":"https:\/\/api.w.org\/{rel}","templated":true}]}}